{"id":627,"date":"2024-01-15T12:23:08","date_gmt":"2024-01-15T15:23:08","guid":{"rendered":"https:\/\/www.ufmg.br\/procult\/?page_id=627"},"modified":"2024-12-12T10:11:41","modified_gmt":"2024-12-12T13:11:41","slug":"circuito-cultural-ufmg","status":"publish","type":"page","link":"https:\/\/www.ufmg.br\/procult\/programacao\/circuito-cultural-ufmg\/","title":{"rendered":"Circuito Cultural UFMG"},"content":{"rendered":"<p>&nbsp;<\/p>\n<p><a href=\"https:\/\/bsky.app\/intent\/compose?text=https:\/\/www.ufmg.br\/procult\/circuito-cultural-ufmg\/\" target=\"_blank\" rel=\"noopener\"><img loading=\"lazy\" decoding=\"async\" class=\"alignnone size-full wp-image-2079\" src=\"https:\/\/www.ufmg.br\/procult\/wp-content\/uploads\/2024\/09\/bluesky-butterfly-logo-05.png\" alt=\"\" width=\"24\" height=\"21\" \/><\/a><a href=\"https:\/\/www.facebook.com\/sharer\/sharer.php?u=https:\/\/www.ufmg.br\/procult\/circuito-cultural-ufmg\/\" target=\"_blank\" rel=\"noopener\"><img loading=\"lazy\" decoding=\"async\" class=\"alignnone size-full wp-image-1892\" src=\"https:\/\/www.ufmg.br\/procult\/wp-content\/uploads\/2024\/08\/facebook-app-round-icon.png\" alt=\"\" width=\"24\" height=\"24\" \/><\/a><a href=\"https:\/\/twitter.com\/intent\/tweet?text=https:\/\/www.ufmg.br\/procult\/circuito-cultural-ufmg\/\" target=\"_blank\" rel=\"noopener\"><img loading=\"lazy\" decoding=\"async\" class=\"alignnone size-full wp-image-1893\" src=\"https:\/\/www.ufmg.br\/procult\/wp-content\/uploads\/2024\/08\/x-social-media-black-icon-1.png\" alt=\"\" width=\"24\" height=\"24\" \/><\/a><a href=\"https:\/\/www.linkedin.com\/sharing\/share-offsite\/?url=https:\/\/www.ufmg.br\/procult\/circuito-cultural-ufmg\/\" target=\"_blank\" rel=\"noopener\"><img loading=\"lazy\" decoding=\"async\" class=\"alignnone size-full wp-image-1894\" src=\"https:\/\/www.ufmg.br\/procult\/wp-content\/uploads\/2024\/08\/linkedin-square-icon.png\" alt=\"\" width=\"24\" height=\"24\" \/><\/a><a href=\"https:\/\/api.whatsapp.com\/send?text=https:\/\/www.ufmg.br\/procult\/circuito-cultural-ufmg\/\" target=\"_blank\" rel=\"noopener\"><img loading=\"lazy\" decoding=\"async\" class=\"alignnone size-full wp-image-1895\" src=\"https:\/\/www.ufmg.br\/procult\/wp-content\/uploads\/2024\/08\/whatsapp-icon.png\" alt=\"\" width=\"24\" height=\"24\" \/><\/a><a href=\"https:\/\/telegram.me\/share\/url?url=https:\/\/www.ufmg.br\/procult\/circuito-cultural-ufmg\/\" target=\"_blank\" rel=\"noopener\"><img loading=\"lazy\" decoding=\"async\" class=\"alignnone size-full wp-image-1896\" src=\"https:\/\/www.ufmg.br\/procult\/wp-content\/uploads\/2024\/08\/telegram-black-icon.png\" alt=\"\" width=\"24\" height=\"24\" \/><\/a><a href=\"mailto:?subject=https:\/\/www.ufmg.br\/procult\/circuito-cultural-ufmg\/\"><img loading=\"lazy\" decoding=\"async\" class=\"alignnone size-full wp-image-1891\" src=\"https:\/\/www.ufmg.br\/procult\/wp-content\/uploads\/2024\/08\/envelope-line-icon.png\" alt=\"\" width=\"24\" height=\"24\" \/><\/a><\/p>\n<div id=\"attachment_1405\" style=\"width: 761px\" class=\"wp-caption alignnone\"><img loading=\"lazy\" decoding=\"async\" aria-describedby=\"caption-attachment-1405\" class=\" wp-image-1405\" src=\"https:\/\/www.ufmg.br\/procult\/wp-content\/uploads\/2024\/02\/\u00a9Lucas_Braga-21072018-8569-espetaculo-jacinta-50FI-ufmg-300x200.jpg\" alt=\"\" width=\"751\" height=\"500\" srcset=\"https:\/\/www.ufmg.br\/procult\/wp-content\/uploads\/2024\/02\/\u00a9Lucas_Braga-21072018-8569-espetaculo-jacinta-50FI-ufmg-300x200.jpg 300w, https:\/\/www.ufmg.br\/procult\/wp-content\/uploads\/2024\/02\/\u00a9Lucas_Braga-21072018-8569-espetaculo-jacinta-50FI-ufmg-1024x683.jpg 1024w, https:\/\/www.ufmg.br\/procult\/wp-content\/uploads\/2024\/02\/\u00a9Lucas_Braga-21072018-8569-espetaculo-jacinta-50FI-ufmg-768x512.jpg 768w, https:\/\/www.ufmg.br\/procult\/wp-content\/uploads\/2024\/02\/\u00a9Lucas_Braga-21072018-8569-espetaculo-jacinta-50FI-ufmg-1536x1024.jpg 1536w, https:\/\/www.ufmg.br\/procult\/wp-content\/uploads\/2024\/02\/\u00a9Lucas_Braga-21072018-8569-espetaculo-jacinta-50FI-ufmg-2048x1366.jpg 2048w\" sizes=\"auto, (max-width: 751px) 100vw, 751px\" \/><p id=\"caption-attachment-1405\" class=\"wp-caption-text\">Espet\u00e1culo Jacinta. Foto Lucas Braga\/UFMG<\/p><\/div>\n<p>O Circuito Cultural UFMG promove apresenta\u00e7\u00f5es de artistas locais, regionais, e de relev\u00e2ncia nacional e internacional, para a comunidade.<\/p>\n<p>Por meio do projeto ocorre a articula\u00e7\u00e3o, intera\u00e7\u00e3o e interlocu\u00e7\u00e3o entre os espa\u00e7os culturais vinculados \u00e0 Pr\u00f3-reitoria de Cultura, potencializando a integra\u00e7\u00e3o das a\u00e7\u00f5es art\u00edstico-culturais da Universidade.<\/p>\n<p>&nbsp;<\/p>\n<h4><span style=\"color: #00ccff;\">Programa\u00e7\u00e3o<\/span><\/h4>\n<p>&nbsp;<\/p>\n<p>A programa\u00e7\u00e3o, diversificada e de qualidade, \u00e9 apresentada em forma de circuito em diversas unidades da UFMG. A ideia \u00e9 promover o interc\u00e2mbio das express\u00f5es culturais locais e regionais com a comunidade art\u00edstica e acad\u00eamica.<\/p>\n<p>Diferentes linguagens art\u00edsticas como teatro, dan\u00e7a, m\u00fasica, poesia, performances e interven\u00e7\u00f5es s\u00e3o contempladas no Circuito Cultural.<\/p>\n<p>Todas as atividades s\u00e3o <strong>gratuitas<\/strong> e abertas para a comunidade externa.<\/p>\n<p><strong>Como seguir a agenda<\/strong><\/p>\n<p>Saiba quando acontecem as atra\u00e7\u00f5es e acompanhe a programa\u00e7\u00e3o:<\/p>\n<p><i class=\"wp-svg-bullhorn bullhorn\"><\/i> \u00a0 \u00a0<span style=\"color: #333333;\"><a style=\"color: #333333;\" href=\"https:\/\/www.ufmg.br\/procult\/comunicacao\/noticias\/\">P\u00e1gina de not\u00edcias<\/a><\/span><br \/>\n<i class=\"wp-svg-calendar-2 calendar-2\"><\/i>\u00a0 \u00a0 <span style=\"color: #333333;\"><a style=\"color: #333333;\" href=\"https:\/\/www.ufmg.br\/procult\/programacao\/calendario\/\">Agenda de eventos<\/a><br \/>\n<i class=\"wp-svg-thumbs-up thumbs-up\"><\/i>\u00a0 \u00a0 <a style=\"color: #333333;\" href=\"https:\/\/www.ufmg.br\/procult\/comunicacao\/redes-sociais\/\">M\u00eddias sociais<\/a><br \/>\n<b class=\"wp-svg-google google\"><\/b>\u00a0 \u00a0 <span style=\"color: #000000;\"><a style=\"color: #000000;\" href=\"https:\/\/www.google.com\/search?q=%22cultura+ufmg%22&amp;sca_esv=861bfe30a48f43f8&amp;sca_upv=1&amp;rlz=1C1GCEU_pt-BRBR1083BR1083&amp;biw=1920&amp;bih=953&amp;tbm=nws&amp;ei=gX_MZoLTONjN1sQP4deHyQY&amp;ved=0ahUKEwjCl_Gk3pKIAxXYppUCHeHrIWkQ4dUDCA0&amp;uact=5&amp;oq=%22cultura+ufmg%22&amp;gs_lp=Egxnd3Mtd2l6LW5ld3MiDiJjdWx0dXJhIHVmbWciMgYQABgWGB4yBhAAGBYYHjIIEAAYgAQYogQyCBAAGIAEGKIESKwtUPMNWIIncAB4AJABAJgBbaABvgKqAQMwLjO4AQPIAQD4AQGYAgOgAtcCwgIFEAAYgATCAgYQABgHGB6YAwCIBgGSBwMwLjOgB4oM&amp;sclient=gws-wiz-news\" target=\"_blank\" rel=\"noopener\">Procult no Google News<\/a><\/span><\/span><\/p>\n<p>&nbsp;<\/p>\n<h4><span style=\"color: #00ccff;\">Locais e projetos<\/span><\/h4>\n<p>&nbsp;<\/p>\n<h5>Belo Horizonte<\/h5>\n<p>&nbsp;<\/p>\n<p><span style=\"color: #999999;\"><strong>Campus Pampulha UFMG<\/strong><\/span><\/p>\n<p>&nbsp;<\/p>\n<p><img loading=\"lazy\" decoding=\"async\" class=\" wp-image-1585 alignleft\" src=\"https:\/\/www.ufmg.br\/procult\/wp-content\/uploads\/2024\/07\/quarta-doze-trinta-1.png\" alt=\"\" width=\"350\" height=\"230\" srcset=\"https:\/\/www.ufmg.br\/procult\/wp-content\/uploads\/2024\/07\/quarta-doze-trinta-1.png 1644w, https:\/\/www.ufmg.br\/procult\/wp-content\/uploads\/2024\/07\/quarta-doze-trinta-1-300x197.png 300w, https:\/\/www.ufmg.br\/procult\/wp-content\/uploads\/2024\/07\/quarta-doze-trinta-1-1024x673.png 1024w, https:\/\/www.ufmg.br\/procult\/wp-content\/uploads\/2024\/07\/quarta-doze-trinta-1-768x505.png 768w, https:\/\/www.ufmg.br\/procult\/wp-content\/uploads\/2024\/07\/quarta-doze-trinta-1-1536x1010.png 1536w\" sizes=\"auto, (max-width: 350px) 100vw, 350px\" \/><\/p>\n<p>Programe-se! Toda quarta-feira, \u00e0s 12h30, durante o per\u00edodo letivo, a hora de almo\u00e7o tem um toque cultural no <span style=\"color: #333333;\"><a style=\"color: #333333;\" href=\"https:\/\/www.google.com.br\/maps\/dir\/\/Av.+Pres.+Ant%C3%B4nio+Carlos,+6.280+-+Pampulha,+Belo+Horizonte+-+MG,+31270-122\/@-19.8671725,-43.9971196,13z\/data=!4m9!4m8!1m0!1m5!1m1!1s0xa690627b8cc0af:0x63ec648d3e42a625!2m2!1d-43.95592!2d-19.867258!3e0?entry=ttu\">Campus Pampulha<\/a><\/span>. Na Pra\u00e7a de Servi\u00e7os ou no audit\u00f3rio da Reitoria o p\u00fablico poder\u00e1 apreciar, gratuitamente, espet\u00e1culos de m\u00fasica, dan\u00e7a, teatro e outras express\u00f5es art\u00edsticas. O projeto Quarta Doze e Trinta abre espa\u00e7o para artistas iniciantes e consagrados.<\/p>\n<p>&nbsp;<\/p>\n<p>&nbsp;<\/p>\n<p><img loading=\"lazy\" decoding=\"async\" class=\" wp-image-1586 alignleft\" src=\"https:\/\/www.ufmg.br\/procult\/wp-content\/uploads\/2024\/07\/ao-cair-da-tarde.png\" alt=\"\" width=\"350\" height=\"230\" srcset=\"https:\/\/www.ufmg.br\/procult\/wp-content\/uploads\/2024\/07\/ao-cair-da-tarde.png 1644w, https:\/\/www.ufmg.br\/procult\/wp-content\/uploads\/2024\/07\/ao-cair-da-tarde-300x197.png 300w, https:\/\/www.ufmg.br\/procult\/wp-content\/uploads\/2024\/07\/ao-cair-da-tarde-1024x673.png 1024w, https:\/\/www.ufmg.br\/procult\/wp-content\/uploads\/2024\/07\/ao-cair-da-tarde-768x505.png 768w, https:\/\/www.ufmg.br\/procult\/wp-content\/uploads\/2024\/07\/ao-cair-da-tarde-1536x1010.png 1536w\" sizes=\"auto, (max-width: 350px) 100vw, 350px\" \/>Ao Cair da Tarde, voc\u00ea pode ver espet\u00e1culos de m\u00fasica, dan\u00e7a, teatro e outras express\u00f5es art\u00edsticas no <span style=\"color: #333333;\"><a style=\"color: #333333;\" href=\"https:\/\/www.google.com.br\/maps\/dir\/\/Av.+Pres.+Ant%C3%B4nio+Carlos,+6.280+-+Pampulha,+Belo+Horizonte+-+MG,+31270-122\/@-19.8671725,-43.9971196,13z\/data=!4m9!4m8!1m0!1m5!1m1!1s0xa690627b8cc0af:0x63ec648d3e42a625!2m2!1d-43.95592!2d-19.867258!3e0?entry=ttu\">Campus Pampulha da UFMG<\/a><\/span>. O projeto acontece uma vez por m\u00eas, sempre numa quinta-feira, \u00e0s 17h30. N\u00e3o perca a oportunidade de assistir a um show gratuito antes da aula!<\/p>\n<p>&nbsp;<\/p>\n<p><span style=\"color: #999999;\"><strong>Campus Sa\u00fade UFMG<\/strong><\/span><\/p>\n<p>&nbsp;<\/p>\n<p><img loading=\"lazy\" decoding=\"async\" class=\"wp-image-1587 alignleft\" src=\"https:\/\/www.ufmg.br\/procult\/wp-content\/uploads\/2024\/07\/quinta-cultural.png\" alt=\"\" width=\"350\" height=\"230\" srcset=\"https:\/\/www.ufmg.br\/procult\/wp-content\/uploads\/2024\/07\/quinta-cultural.png 1643w, https:\/\/www.ufmg.br\/procult\/wp-content\/uploads\/2024\/07\/quinta-cultural-300x197.png 300w, https:\/\/www.ufmg.br\/procult\/wp-content\/uploads\/2024\/07\/quinta-cultural-1024x674.png 1024w, https:\/\/www.ufmg.br\/procult\/wp-content\/uploads\/2024\/07\/quinta-cultural-768x505.png 768w, https:\/\/www.ufmg.br\/procult\/wp-content\/uploads\/2024\/07\/quinta-cultural-1536x1011.png 1536w\" sizes=\"auto, (max-width: 350px) 100vw, 350px\" \/><\/p>\n<p>Se voc\u00ea estiver passando pela regi\u00e3o hospitalar na terceira quinta-feira de cada m\u00eas, aproveite o hor\u00e1rio de almo\u00e7o para um momento cultural de qualidade no <span style=\"color: #333333;\"><a style=\"color: #333333;\" href=\"https:\/\/www.google.com.br\/maps\/dir\/\/Universidade+Federal+de+Minas+Gerais+-+Campus+sa%C3%BAde+-+Santa+Efig%C3%AAnia,+Belo+Horizonte+-+MG\/@-19.9246807,-43.970873,13z\/data=!4m9!4m8!1m0!1m5!1m1!1s0xa699edd8bc43ff:0x18c47d2fcb0d2c56!2m2!1d-43.9296734!2d-19.9247661!3e0?entry=ttu\">Campus Sa\u00fade UFMG<\/a><\/span>. \u00c0s 12h30, ao lado do restaurante universit\u00e1rio da Faculdade de Medicina, um bom espet\u00e1culo de m\u00fasica, de dan\u00e7a ou de teatro pode ser visto por qualquer pessoa interessada. O projeto Quinta Cultural tem entrada franca. Entre e participe!<\/p>\n<p>&nbsp;<\/p>\n<p><span style=\"color: #999999;\"><strong>Espa\u00e7os culturais Procult<\/strong><\/span><\/p>\n<p>&nbsp;<\/p>\n<p><img loading=\"lazy\" decoding=\"async\" class=\" wp-image-1589 alignleft\" src=\"https:\/\/www.ufmg.br\/procult\/wp-content\/uploads\/2024\/07\/baixo-centro-encena.png\" alt=\"\" width=\"350\" height=\"230\" srcset=\"https:\/\/www.ufmg.br\/procult\/wp-content\/uploads\/2024\/07\/baixo-centro-encena.png 1644w, https:\/\/www.ufmg.br\/procult\/wp-content\/uploads\/2024\/07\/baixo-centro-encena-300x197.png 300w, https:\/\/www.ufmg.br\/procult\/wp-content\/uploads\/2024\/07\/baixo-centro-encena-1024x673.png 1024w, https:\/\/www.ufmg.br\/procult\/wp-content\/uploads\/2024\/07\/baixo-centro-encena-768x505.png 768w, https:\/\/www.ufmg.br\/procult\/wp-content\/uploads\/2024\/07\/baixo-centro-encena-1536x1010.png 1536w\" sizes=\"auto, (max-width: 350px) 100vw, 350px\" \/><\/p>\n<p>No centro de Belo Horizonte, ao lado das esta\u00e7\u00f5es do Move da Avenida Santos Dumont, o <span style=\"color: #333333;\"><a style=\"color: #333333;\" href=\"https:\/\/www.google.com.br\/maps\/dir\/\/Av.+Santos+Dumont,+174+-+Centro,+Belo+Horizonte+-+MG,+30111-040\/@-19.9170546,-43.9360151,17z\/data=!4m9!4m8!1m0!1m5!1m1!1s0xa699fbd5aaae01:0xab4780c129fa0883!2m2!1d-43.9353846!2d-19.916266!3e0?entry=ttu\">Centro Cultural UFMG<\/a><\/span> oferece uma rica programa\u00e7\u00e3o de atividades culturais com diversas tem\u00e1ticas durante o ano inteiro. Uma das atra\u00e7\u00f5es \u00e9 o projeto Baixo Centro En[Cena], realizado na \u00faltima sexta-feira do m\u00eas.<\/p>\n<p>&nbsp;<\/p>\n<p><img loading=\"lazy\" decoding=\"async\" class=\" wp-image-1591 alignleft\" src=\"https:\/\/www.ufmg.br\/procult\/wp-content\/uploads\/2024\/07\/multiverso.png\" alt=\"\" width=\"344\" height=\"226\" srcset=\"https:\/\/www.ufmg.br\/procult\/wp-content\/uploads\/2024\/07\/multiverso.png 1643w, https:\/\/www.ufmg.br\/procult\/wp-content\/uploads\/2024\/07\/multiverso-300x197.png 300w, https:\/\/www.ufmg.br\/procult\/wp-content\/uploads\/2024\/07\/multiverso-1024x674.png 1024w, https:\/\/www.ufmg.br\/procult\/wp-content\/uploads\/2024\/07\/multiverso-768x505.png 768w, https:\/\/www.ufmg.br\/procult\/wp-content\/uploads\/2024\/07\/multiverso-1536x1011.png 1536w\" sizes=\"auto, (max-width: 344px) 100vw, 344px\" \/><\/p>\n<p>Dentre as diversas op\u00e7\u00f5es culturais da Pra\u00e7a da Liberdade, o <span style=\"color: #333333;\"><a style=\"color: #333333;\" href=\"https:\/\/www.google.com.br\/maps\/dir\/\/Espa%C3%A7o+do+Conhecimento+UFMG+-+Pra%C3%A7a+da+Liberdade+-+Funcion%C3%A1rios,+Belo+Horizonte+-+MG\/@-19.9318701,-43.98012,13z\/data=!3m1!4b1!4m9!4m8!1m0!1m5!1m1!1s0xa699dc2a30fd55:0xf458840f17330880!2m2!1d-43.9389204!2d-19.9319555!3e0?entry=ttu\">Espa\u00e7o do Conhecimento UFMG<\/a><\/span> \u00e9 lugar certo de atividades culturais acess\u00edveis e interessantes. O projeto Multiverso \u00e9 uma dessas atra\u00e7\u00f5es, e contempla express\u00f5es culturais de diversas esp\u00e9cies, valorizando a produ\u00e7\u00e3o art\u00edstica local. Os espet\u00e1culos do Multiverso ocorrem uma vez por m\u00eas, \u00e0s 17h.<\/p>\n<p>&nbsp;<\/p>\n<p><img loading=\"lazy\" decoding=\"async\" class=\" wp-image-1593 alignleft\" src=\"https:\/\/www.ufmg.br\/procult\/wp-content\/uploads\/2024\/07\/perspectiva.png\" alt=\"\" width=\"347\" height=\"228\" srcset=\"https:\/\/www.ufmg.br\/procult\/wp-content\/uploads\/2024\/07\/perspectiva.png 1644w, https:\/\/www.ufmg.br\/procult\/wp-content\/uploads\/2024\/07\/perspectiva-300x197.png 300w, https:\/\/www.ufmg.br\/procult\/wp-content\/uploads\/2024\/07\/perspectiva-1024x673.png 1024w, https:\/\/www.ufmg.br\/procult\/wp-content\/uploads\/2024\/07\/perspectiva-768x505.png 768w, https:\/\/www.ufmg.br\/procult\/wp-content\/uploads\/2024\/07\/perspectiva-1536x1010.png 1536w\" sizes=\"auto, (max-width: 347px) 100vw, 347px\" \/><\/p>\n<p>Localizado na Avenida Afonso Pena, o <span style=\"color: #333333;\"><a style=\"color: #333333;\" href=\"https:\/\/www.google.com.br\/maps\/dir\/\/Conservat%C3%B3rio+UFMG+-+Avenida+Afonso+Pena+-+Centro,+Belo+Horizonte+-+MG\/@-19.9261582,-43.9756655,13z\/data=!3m2!4b1!5s0xa699e4483e1237:0x1b10a84130056e45!4m9!4m8!1m0!1m5!1m1!1s0xa699e606fea01f:0x949d463cc83c4dcf!2m2!1d-43.9344659!2d-19.9262436!3e0?entry=ttu\">Conservat\u00f3rio UFMG<\/a><\/span> oferece cursos, ateli\u00eas e espet\u00e1culos musicais. Por meio do Projeto Perspectiva, o \u00f3rg\u00e3o, difunde a produ\u00e7\u00e3o local de grupos de teatro, dan\u00e7a, m\u00fasica, literatura e artes visuais por meio de performances, interven\u00e7\u00f5es e instala\u00e7\u00f5es. Marque em sua agenda toda terceira sexta-feira do m\u00eas, sempre \u00e0s 19h30, uma nova atra\u00e7\u00e3o cultural gratuita.<\/p>\n<p>&nbsp;<\/p>\n<h5>Montes Claros<\/h5>\n<p>&nbsp;<\/p>\n<p><img loading=\"lazy\" decoding=\"async\" class=\" wp-image-1595 alignleft\" src=\"https:\/\/www.ufmg.br\/procult\/wp-content\/uploads\/2024\/07\/intervalo-cultural.png\" alt=\"\" width=\"350\" height=\"230\" srcset=\"https:\/\/www.ufmg.br\/procult\/wp-content\/uploads\/2024\/07\/intervalo-cultural.png 1644w, https:\/\/www.ufmg.br\/procult\/wp-content\/uploads\/2024\/07\/intervalo-cultural-300x197.png 300w, https:\/\/www.ufmg.br\/procult\/wp-content\/uploads\/2024\/07\/intervalo-cultural-1024x673.png 1024w, https:\/\/www.ufmg.br\/procult\/wp-content\/uploads\/2024\/07\/intervalo-cultural-768x505.png 768w, https:\/\/www.ufmg.br\/procult\/wp-content\/uploads\/2024\/07\/intervalo-cultural-1536x1010.png 1536w\" sizes=\"auto, (max-width: 350px) 100vw, 350px\" \/><\/p>\n<p>Na \u00faltima quarta-feira dos meses letivos, \u00e0s 12h, o gramado central do <span style=\"color: #333333;\"><a style=\"color: #333333;\" href=\"https:\/\/www.google.com.br\/maps\/dir\/\/Instituto+de+Ci%C3%AAncias+Agr%C3%A1rias+-+UFMG+-+Avenida+Universit%C3%A1ria+-+Universit%C3%A1rio,+Montes+Claros+-+MG\/@-16.6855492,-43.8880688,13z\/data=!3m1!5s0xa699e4483e1237:0x1b10a84130056e45!4m9!4m8!1m0!1m5!1m1!1s0x754aba52410468b:0xab30d8b2850a4112!2m2!1d-43.8468692!2d-16.6856355!3e0?entry=ttu\">Instituto de Ci\u00eancias Agr\u00e1rias da UFMG<\/a><\/span> transforma-se em palco para artistas das mais diferentes manifesta\u00e7\u00f5es culturais. Seja com teatro, m\u00fasica, stand up, ou outra express\u00e3o art\u00edstica, o Intervalo Cultural \u00e9 uma pausa para apreciar e destacar a identidade cultural da cidade, sem perder de vista a produ\u00e7\u00e3o que vem de fora.<\/p>\n<p>&nbsp;<\/p>\n<h5>Tiradentes<\/h5>\n<p>&nbsp;<\/p>\n<p><img loading=\"lazy\" decoding=\"async\" class=\"wp-image-1597 alignleft\" src=\"https:\/\/www.ufmg.br\/procult\/wp-content\/uploads\/2024\/07\/poente-cultural.png\" alt=\"\" width=\"350\" height=\"230\" srcset=\"https:\/\/www.ufmg.br\/procult\/wp-content\/uploads\/2024\/07\/poente-cultural.png 1644w, https:\/\/www.ufmg.br\/procult\/wp-content\/uploads\/2024\/07\/poente-cultural-300x197.png 300w, https:\/\/www.ufmg.br\/procult\/wp-content\/uploads\/2024\/07\/poente-cultural-1024x673.png 1024w, https:\/\/www.ufmg.br\/procult\/wp-content\/uploads\/2024\/07\/poente-cultural-768x505.png 768w, https:\/\/www.ufmg.br\/procult\/wp-content\/uploads\/2024\/07\/poente-cultural-1536x1010.png 1536w\" sizes=\"auto, (max-width: 350px) 100vw, 350px\" \/><\/p>\n<p>Uma vez por m\u00eas, no final da tarde, o Poente Cultural convida o p\u00fablico de Tiradentes e regi\u00e3o a ocupar o museu e outros espa\u00e7os do <span style=\"color: #333333;\"><a style=\"color: #333333;\" href=\"https:\/\/www.google.com.br\/maps\/dir\/\/Quatro+Cantos+Espa%C3%A7o+Cultural,+R.+Direita,+5+-+Tiradentes,+MG,+36325-000\/@-21.1090019,-44.2184347,13z\/data=!3m1!4b1!4m9!4m8!1m0!1m5!1m1!1s0xa1b952b5b368c3:0xd6ca96a39842804c!2m2!1d-44.1772165!2d-21.1090643!3e0?entry=ttu\">Campus Cultural UFMG em Tiradentes<\/a><\/span> para uma programa\u00e7\u00e3o fora do comum. S\u00e3o shows, conta\u00e7\u00e3o de hist\u00f3rias, performances teatrais e outras atra\u00e7\u00f5es art\u00edsticas, que privilegiam a produ\u00e7\u00e3o de artistas do Campo das Vertentes. Mensalmente, \u00e0s 18h.<\/p>\n<p>&nbsp;<\/p>\n<p>&nbsp;<\/p>\n<p>&nbsp;<\/p>\n<p>&nbsp;<\/p>\n","protected":false},"excerpt":{"rendered":"<p>&nbsp; O Circuito Cultural UFMG promove apresenta\u00e7\u00f5es de artistas locais, [&hellip;]<\/p>\n","protected":false},"author":1,"featured_media":0,"parent":529,"menu_order":0,"comment_status":"closed","ping_status":"closed","template":"","meta":{"_acf_changed":false,"footnotes":""},"tags":[136,144,84,78,82,146,142,140,148,80,25,138],"class_list":["post-627","page","type-page","status-publish","hentry","tag-ao-cair-da-tarde","tag-baixo-centro-encena","tag-calendario","tag-circuito-cultural","tag-eventos","tag-intervalo-cultural","tag-mutiverso","tag-perspectiva","tag-poente-cultural-ufmg","tag-programacao","tag-quarta-doze-e-trinta","tag-quinta-cultural"],"acf":[],"_links":{"self":[{"href":"https:\/\/www.ufmg.br\/procult\/wp-json\/wp\/v2\/pages\/627","targetHints":{"allow":["GET"]}}],"collection":[{"href":"https:\/\/www.ufmg.br\/procult\/wp-json\/wp\/v2\/pages"}],"about":[{"href":"https:\/\/www.ufmg.br\/procult\/wp-json\/wp\/v2\/types\/page"}],"author":[{"embeddable":true,"href":"https:\/\/www.ufmg.br\/procult\/wp-json\/wp\/v2\/users\/1"}],"replies":[{"embeddable":true,"href":"https:\/\/www.ufmg.br\/procult\/wp-json\/wp\/v2\/comments?post=627"}],"version-history":[{"count":47,"href":"https:\/\/www.ufmg.br\/procult\/wp-json\/wp\/v2\/pages\/627\/revisions"}],"predecessor-version":[{"id":2177,"href":"https:\/\/www.ufmg.br\/procult\/wp-json\/wp\/v2\/pages\/627\/revisions\/2177"}],"up":[{"embeddable":true,"href":"https:\/\/www.ufmg.br\/procult\/wp-json\/wp\/v2\/pages\/529"}],"wp:attachment":[{"href":"https:\/\/www.ufmg.br\/procult\/wp-json\/wp\/v2\/media?parent=627"}],"wp:term":[{"taxonomy":"post_tag","embeddable":true,"href":"https:\/\/www.ufmg.br\/procult\/wp-json\/wp\/v2\/tags?post=627"}],"curies":[{"name":"wp","href":"https:\/\/api.w.org\/{rel}","templated":true}]}}