{"id":738,"date":"2024-01-16T09:55:54","date_gmt":"2024-01-16T12:55:54","guid":{"rendered":"https:\/\/www.ufmg.br\/procult\/?page_id=738"},"modified":"2024-09-30T14:07:02","modified_gmt":"2024-09-30T17:07:02","slug":"visitas-mediadas","status":"publish","type":"page","link":"https:\/\/www.ufmg.br\/procult\/programacao\/visitas-mediadas\/","title":{"rendered":"Visitas mediadas"},"content":{"rendered":"<p>&nbsp;<\/p>\n<p><a href=\"https:\/\/bsky.app\/intent\/compose?text=https:\/\/www.ufmg.br\/procult\/programacao\/visitas-mediadas\/\" target=\"_blank\" rel=\"noopener\"><img loading=\"lazy\" decoding=\"async\" class=\"alignnone size-full wp-image-2079\" src=\"https:\/\/www.ufmg.br\/procult\/wp-content\/uploads\/2024\/09\/bluesky-butterfly-logo-05.png\" alt=\"\" width=\"24\" height=\"21\" \/><\/a><a href=\"https:\/\/www.facebook.com\/sharer\/sharer.php?u=https:\/\/www.ufmg.br\/procult\/programacao\/visitas-mediadas\/\" target=\"_blank\" rel=\"noopener\"><img loading=\"lazy\" decoding=\"async\" class=\"alignnone size-full wp-image-1892\" src=\"https:\/\/www.ufmg.br\/procult\/wp-content\/uploads\/2024\/08\/facebook-app-round-icon.png\" alt=\"\" width=\"24\" height=\"24\" \/><\/a><a href=\"https:\/\/twitter.com\/intent\/tweet?text=https:\/\/www.ufmg.br\/procult\/programacao\/visitas-mediadas\/\" target=\"_blank\" rel=\"noopener\"><img loading=\"lazy\" decoding=\"async\" class=\"alignnone size-full wp-image-1893\" src=\"https:\/\/www.ufmg.br\/procult\/wp-content\/uploads\/2024\/08\/x-social-media-black-icon-1.png\" alt=\"\" width=\"24\" height=\"24\" \/><\/a><a href=\"https:\/\/www.linkedin.com\/sharing\/share-offsite\/?url=https:\/\/www.ufmg.br\/procult\/programacao\/visitas-mediadas\/\" target=\"_blank\" rel=\"noopener\"><img loading=\"lazy\" decoding=\"async\" class=\"alignnone size-full wp-image-1894\" src=\"https:\/\/www.ufmg.br\/procult\/wp-content\/uploads\/2024\/08\/linkedin-square-icon.png\" alt=\"\" width=\"24\" height=\"24\" \/><\/a><a href=\"https:\/\/api.whatsapp.com\/send?text=https:\/\/www.ufmg.br\/procult\/programacao\/visitas-mediadas\/\" target=\"_blank\" rel=\"noopener\"><img loading=\"lazy\" decoding=\"async\" class=\"alignnone size-full wp-image-1895\" src=\"https:\/\/www.ufmg.br\/procult\/wp-content\/uploads\/2024\/08\/whatsapp-icon.png\" alt=\"\" width=\"24\" height=\"24\" \/><\/a><a href=\"https:\/\/telegram.me\/share\/url?url=https:\/\/www.ufmg.br\/procult\/programacao\/visitas-mediadas\/\" target=\"_blank\" rel=\"noopener\"><img loading=\"lazy\" decoding=\"async\" class=\"alignnone size-full wp-image-1896\" src=\"https:\/\/www.ufmg.br\/procult\/wp-content\/uploads\/2024\/08\/telegram-black-icon.png\" alt=\"\" width=\"24\" height=\"24\" \/><\/a><a href=\"mailto:?subject=https:\/\/www.ufmg.br\/procult\/programacao\/visitas-mediadas\/\"><img loading=\"lazy\" decoding=\"async\" class=\"alignnone size-full wp-image-1891\" src=\"https:\/\/www.ufmg.br\/procult\/wp-content\/uploads\/2024\/08\/envelope-line-icon.png\" alt=\"\" width=\"24\" height=\"24\" \/><\/a><\/p>\n<div id=\"attachment_1881\" style=\"width: 761px\" class=\"wp-caption alignnone\"><img loading=\"lazy\" decoding=\"async\" aria-describedby=\"caption-attachment-1881\" class=\" wp-image-1881\" src=\"https:\/\/www.ufmg.br\/procult\/wp-content\/uploads\/2024\/08\/visita-guiada-expo-poemateria-joao-diniz-ccult-acervo-1.jpg\" alt=\"\" width=\"751\" height=\"640\" srcset=\"https:\/\/www.ufmg.br\/procult\/wp-content\/uploads\/2024\/08\/visita-guiada-expo-poemateria-joao-diniz-ccult-acervo-1.jpg 1199w, https:\/\/www.ufmg.br\/procult\/wp-content\/uploads\/2024\/08\/visita-guiada-expo-poemateria-joao-diniz-ccult-acervo-1-300x256.jpg 300w, https:\/\/www.ufmg.br\/procult\/wp-content\/uploads\/2024\/08\/visita-guiada-expo-poemateria-joao-diniz-ccult-acervo-1-1024x873.jpg 1024w, https:\/\/www.ufmg.br\/procult\/wp-content\/uploads\/2024\/08\/visita-guiada-expo-poemateria-joao-diniz-ccult-acervo-1-768x655.jpg 768w\" sizes=\"auto, (max-width: 751px) 100vw, 751px\" \/><p id=\"caption-attachment-1881\" class=\"wp-caption-text\">Visita mediada \u00e0 exposi\u00e7\u00e3o Poemat\u00e9ria, de Jo\u00e3o Diniz, no Centro Cultural UFMG, 2023. Acervo CCult<\/p><\/div>\n<p>&nbsp;<\/p>\n<h4><span style=\"color: #00ccff;\">Campus Cultural UFMG em Tiradentes<\/span><\/h4>\n<p>&nbsp;<\/p>\n<p>O Museu Casa Padre Toledo, do Campus Cultural, oferece visitas mediadas para escolas p\u00fablicas e privadas, organiza\u00e7\u00f5es n\u00e3o governamentais, funda\u00e7\u00f5es e outras institui\u00e7\u00f5es.<\/p>\n<p>A visita aborda diversos temas como: aspectos da hist\u00f3ria de Minas Gerais e da Inconfid\u00eancia Mineira, arquitetura colonial, patrim\u00f4nio cultural, dentre outros.<\/p>\n<p><b class=\"wp-svg-info info\"><\/b>\u00a0 \u00a0 <span style=\"color: #000000;\"><a style=\"color: #000000;\" href=\"https:\/\/www.ufmg.br\/campustiradentes\/nossos-espacos\/museu-casa-padre-toledo\/agendamentos\" target=\"_blank\" rel=\"noopener\">Acesse aqui informa\u00e7\u00f5es adicionais<\/a><\/span><\/p>\n<p>&nbsp;<\/p>\n<h4><span style=\"color: #00ccff;\">Centro Cultural UFMG<\/span><\/h4>\n<p>&nbsp;<\/p>\n<p>O Educativo do Centro Cultural UFMG oferece programas com visita mediada para institui\u00e7\u00f5es p\u00fablicas e privadas de ensino, institui\u00e7\u00f5es para idosos, empresas, organiza\u00e7\u00f5es n\u00e3o governamentais e outros grupos vinculados ou n\u00e3o a uma institui\u00e7\u00e3o.<\/p>\n<p><b class=\"wp-svg-info info\"><\/b>\u00a0 \u00a0 <span style=\"color: #000000;\"><a style=\"color: #000000;\" href=\"https:\/\/www.ufmg.br\/centrocultural\/educativo\" target=\"_blank\" rel=\"noopener\">Acesse aqui informa\u00e7\u00f5es adicionais<\/a><\/span><\/p>\n<p>&nbsp;<\/p>\n<h4><span style=\"color: #00ccff;\">Espa\u00e7o do Conhecimento UFMG<\/span><\/h4>\n<p>&nbsp;<\/p>\n<p>O Espa\u00e7o do Conhecimento UFMG oferece visitas mediadas para escolas p\u00fablicas e privadas, organiza\u00e7\u00f5es n\u00e3o governamentais, funda\u00e7\u00f5es e outras institui\u00e7\u00f5es.<\/p>\n<p>Os grupos podem ter acesso \u00e0 exposi\u00e7\u00e3o Demasiado humano, \u00e0s exposi\u00e7\u00f5es tempor\u00e1rias e sess\u00f5es no Planet\u00e1rio.<\/p>\n<p><b class=\"wp-svg-info info\"><\/b>\u00a0 \u00a0 <span style=\"color: #000000;\"><a style=\"color: #000000;\" href=\"https:\/\/www.ufmg.br\/espacodoconhecimento\/explore\/agendamento-de-visitas\" target=\"_blank\" rel=\"noopener\">Acesse aqui informa\u00e7\u00f5es adicionais<\/a><\/span><\/p>\n<p>&nbsp;<\/p>\n<p>&nbsp;<\/p>\n","protected":false},"excerpt":{"rendered":"<p>&nbsp; &nbsp; Campus Cultural UFMG em Tiradentes &nbsp; O Museu [&hellip;]<\/p>\n","protected":false},"author":1,"featured_media":0,"parent":529,"menu_order":0,"comment_status":"closed","ping_status":"closed","template":"","meta":{"_acf_changed":false,"footnotes":""},"tags":[184,59,80,182],"class_list":["post-738","page","type-page","status-publish","hentry","tag-agendamento-de-visitas","tag-espacos-de-cultura","tag-programacao","tag-visitas-mediadas"],"acf":[],"_links":{"self":[{"href":"https:\/\/www.ufmg.br\/procult\/wp-json\/wp\/v2\/pages\/738","targetHints":{"allow":["GET"]}}],"collection":[{"href":"https:\/\/www.ufmg.br\/procult\/wp-json\/wp\/v2\/pages"}],"about":[{"href":"https:\/\/www.ufmg.br\/procult\/wp-json\/wp\/v2\/types\/page"}],"author":[{"embeddable":true,"href":"https:\/\/www.ufmg.br\/procult\/wp-json\/wp\/v2\/users\/1"}],"replies":[{"embeddable":true,"href":"https:\/\/www.ufmg.br\/procult\/wp-json\/wp\/v2\/comments?post=738"}],"version-history":[{"count":14,"href":"https:\/\/www.ufmg.br\/procult\/wp-json\/wp\/v2\/pages\/738\/revisions"}],"predecessor-version":[{"id":2512,"href":"https:\/\/www.ufmg.br\/procult\/wp-json\/wp\/v2\/pages\/738\/revisions\/2512"}],"up":[{"embeddable":true,"href":"https:\/\/www.ufmg.br\/procult\/wp-json\/wp\/v2\/pages\/529"}],"wp:attachment":[{"href":"https:\/\/www.ufmg.br\/procult\/wp-json\/wp\/v2\/media?parent=738"}],"wp:term":[{"taxonomy":"post_tag","embeddable":true,"href":"https:\/\/www.ufmg.br\/procult\/wp-json\/wp\/v2\/tags?post=738"}],"curies":[{"name":"wp","href":"https:\/\/api.w.org\/{rel}","templated":true}]}}