{"id":1162,"date":"2025-10-08T15:12:47","date_gmt":"2025-10-08T18:12:47","guid":{"rendered":"https:\/\/www.ufmg.br\/proex\/cridh\/?page_id=1162"},"modified":"2025-12-10T08:24:23","modified_gmt":"2025-12-10T11:24:23","slug":"somos","status":"publish","type":"page","link":"https:\/\/www.ufmg.br\/proex\/cridh\/somos\/","title":{"rendered":"Somos"},"content":{"rendered":"\n<div class=\"wp-block-uagb-container uagb-block-dec38507 alignwide uagb-is-root-container\">\n<div class=\"wp-block-uagb-advanced-heading uagb-block-f0fa8649\"><h1 class=\"uagb-heading-text\">O CRIDH<\/h1><div class=\"uagb-separator\"><\/div><\/div>\n<\/div>\n\n\n\n<div class=\"wp-block-uagb-container uagb-block-04656de8 alignwide uagb-is-root-container\">\n<p>O Portal do CRIDH est\u00e1 sendo desenvolvido como uma plataforma online, um site voltado \u00e0 sistematiza\u00e7\u00e3o, organiza\u00e7\u00e3o e dissemina\u00e7\u00e3o de informa\u00e7\u00f5es, materiais, tecnologias sociais e produ\u00e7\u00f5es acad\u00eamicas que possam subsidiar a\u00e7\u00f5es de extens\u00e3o e processos formativos em direitos humanos.<\/p>\n\n\n\n<p>De forma geral, a ideia \u00e9 que o Portal atue como um Centro de Refer\u00eancia, conforme seu pr\u00f3prio nome sugere. Isso se justifica pela grande quantidade de material sobre direitos humanos disperso em diferentes plataformas. Assim, o objetivo principal \u00e9 reunir essas informa\u00e7\u00f5es em um \u00fanico espa\u00e7o, sem a pretens\u00e3o de ser exaustivo, sempre referenciando portais, sites e plataformas j\u00e1 consolidadas na \u00e1rea. A prioridade ser\u00e1 direcionar sempre para fontes oficiais, como:<\/p>\n\n\n\n<div class=\"wp-block-uagb-container uagb-block-a0f81912\">\n<div class=\"wp-block-uagb-info-box uagb-block-6d527ec2 uagb-infobox__content-wrap  uagb-infobox-icon-above-title uagb-infobox-image-valign-top\"><div class=\"uagb-ifb-content\"><div class=\"uagb-ifb-icon-wrap\"><svg xmlns=\"https:\/\/www.w3.org\/2000\/svg\" viewBox=\"0 0 512 512\"><path d=\"M64 496C64 504.8 56.75 512 48 512h-32C7.25 512 0 504.8 0 496V32c0-17.75 14.25-32 32-32s32 14.25 32 32V496zM476.3 0c-6.365 0-13.01 1.35-19.34 4.233c-45.69 20.86-79.56 27.94-107.8 27.94c-59.96 0-94.81-31.86-163.9-31.87C160.9 .3055 131.6 4.867 96 15.75v350.5c32-9.984 59.87-14.1 84.85-14.1c73.63 0 124.9 31.78 198.6 31.78c31.91 0 68.02-5.971 111.1-23.09C504.1 355.9 512 344.4 512 332.1V30.73C512 11.1 495.3 0 476.3 0z\"><\/path><\/svg><\/div><div class=\"uagb-ifb-title-wrap\"><h3 class=\"uagb-ifb-title\"><strong>Miss\u00e3o \/ Objetivo Central<\/strong><\/h3><\/div><p class=\"uagb-ifb-desc\"><strong>Fortalecer a pol\u00edtica institucional de direitos humanos na UFMG.<\/strong><br><strong>Contribuir para a constru\u00e7\u00e3o de uma cultura de direitos humanos, dentro e fora da universidade.<\/strong><br><strong>Atuar como uma plataforma online (Portal) para sistematiza\u00e7\u00e3o, organiza\u00e7\u00e3o e dissemina\u00e7\u00e3o de informa\u00e7\u00f5es, materiais, tecnologias sociais e produ\u00e7\u00f5es acad\u00eamicas.<\/strong><br><strong>Destaque Estrat\u00e9gico: A cria\u00e7\u00e3o do CRIDH est\u00e1 entre os objetivos centrais do Plano de Desenvolvimento Institucional de Interioriza\u00e7\u00e3o da Extens\u00e3o da UFMG (2025\u20132029), promovendo cidadania e DH em di\u00e1logo com governos, conselhos e movimentos sociais de Minas Gerais.<\/strong><br><strong>Hist\u00f3rico:<\/strong><br><strong>In\u00edcio em 2021 (Gest\u00e3o Prof. Maria Aparecida Moura).<\/strong><br><strong>Retomada em 2024 (Coordena\u00e7\u00e3o Prof. Maria Guiomar Frota).<\/strong><\/p><\/div><\/div>\n<\/div>\n\n\n\n<div class=\"wp-block-uagb-advanced-heading uagb-block-67733dcf\"><h3 class=\"uagb-heading-text\">Exemplos locais e estaduais<\/h3><\/div>\n\n\n\n<p>Observat\u00f3rio de Direitos Humanos da Prefeitura de Belo Horizonte: <a href=\"http:\/\/prefeitura.pbh.gov.br\" data-type=\"link\" data-id=\"prefeitura.pbh.gov.br\">prefeitura.pbh.gov.br<\/a><\/p>\n\n\n\n<p>Observat\u00f3rio PopRua (UFMG): <a href=\"http:\/\/obpoprua.direito.ufmg.br\" data-type=\"link\" data-id=\"obpoprua.direito.ufmg.br\">obpoprua.direito.ufmg.br<\/a><\/p>\n\n\n\n<p>ObservaLEI e Cl\u00ednica de Direitos Humanos (UFMG): <a href=\"http:\/\/observalei.direito.ufmg.br\" data-type=\"link\" data-id=\"observalei.direito.ufmg.br\">observalei.direito.ufmg.br<\/a><\/p>\n\n\n\n<p>Subsecretaria de Direitos Humanos do Governo de Minas Gerais: <a href=\"http:\/\/social.mg.gov.br\" data-type=\"link\" data-id=\"social.mg.gov.br\">social.mg.gov.br<\/a><\/p>\n\n\n\n<p>ObservaMinas: <a href=\"http:\/\/observaminas.social.mg.gov.br\" data-type=\"link\" data-id=\"observaminas.social.mg.gov.br\">observaminas.social.mg.gov.br<\/a><\/p>\n\n\n\n<p>SERDH (Secretaria de Estado de Desenvolvimento Social &#8211; MG): <a href=\"http:\/\/serdh.mg.gov.br\" data-type=\"link\" data-id=\"serdh.mg.gov.br\">serdh.mg.gov.br<\/a><\/p>\n\n\n\n<div class=\"wp-block-uagb-advanced-heading uagb-block-ddb8e0ec\"><h3 class=\"uagb-heading-text\">\u00c2mbito nacional<\/h3><\/div>\n\n\n\n<p>Observat\u00f3rio Nacional de Direitos Humanos: <a href=\"http:\/\/observadh.mdh.gov.br\" data-type=\"link\" data-id=\"observadh.mdh.gov.br\">observadh.mdh.gov.br<\/a><\/p>\n\n\n\n<p>Observat\u00f3rio dos Direitos Humanos do Poder Judici\u00e1rio (CNJ): <a href=\"http:\/\/cnj.jus.br\" data-type=\"link\" data-id=\"cnj.jus.br\">cnj.jus.br<\/a><\/p>\n\n\n\n<p>Esses exemplos s\u00e3o apenas ilustrativos; n\u00e3o nos limitamos a eles. O foco principal \u00e9 priorizar iniciativas desenvolvidas no Estado de Minas Gerais, mas, sempre que poss\u00edvel, tamb\u00e9m buscamos expandir para a\u00e7\u00f5es e refer\u00eancias de outros locais do Brasil.<\/p>\n\n\n\n<div class=\"wp-block-uagb-advanced-heading uagb-block-5be4bc0d\"><h3 class=\"uagb-heading-text\"><strong>Principais objetivos do Portal CRIDH<\/strong><\/h3><\/div>\n\n\n\n<ul class=\"wp-block-list\">\n<li>Sistematizar e disponibilizar informa\u00e7\u00f5es georreferenciadas para apoiar atividades de extens\u00e3o e parcerias com governos e movimentos sociais;<\/li>\n\n\n\n<li>Organizar cole\u00e7\u00f5es tem\u00e1ticas regulares, com destaque para temas em pauta na agenda nacional de direitos humanos. A proposta \u00e9 lan\u00e7ar cole\u00e7\u00f5es mensais e, ao final do ano, uma cole\u00e7\u00e3o geral sobre direitos humanos;<\/li>\n\n\n\n<li>Repertoriar e integrar produ\u00e7\u00f5es acad\u00eamicas da comunidade da UFMG e de seus parceiros, no eixo tem\u00e1tico dos direitos humanos, conforme a tem\u00e1tica de cada cole\u00e7\u00e3o;<\/li>\n\n\n\n<li>Registrar e difundir informa\u00e7\u00f5es sobre institui\u00e7\u00f5es e organiza\u00e7\u00f5es de promo\u00e7\u00e3o e defesa dos direitos humanos em Minas Gerais;<\/li>\n\n\n\n<li>Estrutura organizacional e equipe<\/li>\n<\/ul>\n<\/div>\n\n\n\n<p><\/p>\n","protected":false},"excerpt":{"rendered":"<p>O CRIDH O Portal do CRIDH est\u00e1 sendo desenvolvido como uma plataforma online, um site voltado \u00e0 sistematiza\u00e7\u00e3o, organiza\u00e7\u00e3o e [&hellip;]<\/p>\n","protected":false},"author":3,"featured_media":0,"parent":0,"menu_order":0,"comment_status":"closed","ping_status":"closed","template":"","meta":{"_eb_attr":"","_uag_custom_page_level_css":"","site-sidebar-layout":"default","site-content-layout":"","ast-site-content-layout":"default","site-content-style":"default","site-sidebar-style":"default","ast-global-header-display":"","ast-banner-title-visibility":"","ast-main-header-display":"","ast-hfb-above-header-display":"","ast-hfb-below-header-display":"","ast-hfb-mobile-header-display":"","site-post-title":"disabled","ast-breadcrumbs-content":"","ast-featured-img":"","footer-sml-layout":"","ast-disable-related-posts":"","theme-transparent-header-meta":"","adv-header-id-meta":"","stick-header-meta":"","header-above-stick-meta":"","header-main-stick-meta":"","header-below-stick-meta":"","astra-migrate-meta-layouts":"default","ast-page-background-enabled":"default","ast-page-background-meta":{"desktop":{"background-color":"var(--ast-global-color-5)","background-image":"","background-repeat":"repeat","background-position":"center center","background-size":"auto","background-attachment":"scroll","background-type":"","background-media":"","overlay-type":"","overlay-color":"","overlay-opacity":"","overlay-gradient":""},"tablet":{"background-color":"","background-image":"","background-repeat":"repeat","background-position":"center center","background-size":"auto","background-attachment":"scroll","background-type":"","background-media":"","overlay-type":"","overlay-color":"","overlay-opacity":"","overlay-gradient":""},"mobile":{"background-color":"","background-image":"","background-repeat":"repeat","background-position":"center center","background-size":"auto","background-attachment":"scroll","background-type":"","background-media":"","overlay-type":"","overlay-color":"","overlay-opacity":"","overlay-gradient":""}},"ast-content-background-meta":{"desktop":{"background-color":"var(--ast-global-color-4)","background-image":"","background-repeat":"repeat","background-position":"center center","background-size":"auto","background-attachment":"scroll","background-type":"","background-media":"","overlay-type":"","overlay-color":"","overlay-opacity":"","overlay-gradient":""},"tablet":{"background-color":"var(--ast-global-color-4)","background-image":"","background-repeat":"repeat","background-position":"center center","background-size":"auto","background-attachment":"scroll","background-type":"","background-media":"","overlay-type":"","overlay-color":"","overlay-opacity":"","overlay-gradient":""},"mobile":{"background-color":"var(--ast-global-color-4)","background-image":"","background-repeat":"repeat","background-position":"center center","background-size":"auto","background-attachment":"scroll","background-type":"","background-media":"","overlay-type":"","overlay-color":"","overlay-opacity":"","overlay-gradient":""}},"footnotes":""},"class_list":["post-1162","page","type-page","status-publish","hentry"],"uagb_featured_image_src":{"full":false,"thumbnail":false,"medium":false,"medium_large":false,"large":false,"1536x1536":false,"2048x2048":false,"tainacan-small":false,"tainacan-medium":false,"tainacan-medium-full":false,"tainacan-large-full":false},"uagb_author_info":{"display_name":"Ada Lopes","author_link":"https:\/\/www.ufmg.br\/proex\/cridh\/author\/ada\/"},"uagb_comment_info":0,"uagb_excerpt":"O CRIDH O Portal do CRIDH est\u00e1 sendo desenvolvido como uma plataforma online, um site voltado \u00e0 sistematiza\u00e7\u00e3o, organiza\u00e7\u00e3o e [&hellip;]","_links":{"self":[{"href":"https:\/\/www.ufmg.br\/proex\/cridh\/wp-json\/wp\/v2\/pages\/1162","targetHints":{"allow":["GET"]}}],"collection":[{"href":"https:\/\/www.ufmg.br\/proex\/cridh\/wp-json\/wp\/v2\/pages"}],"about":[{"href":"https:\/\/www.ufmg.br\/proex\/cridh\/wp-json\/wp\/v2\/types\/page"}],"author":[{"embeddable":true,"href":"https:\/\/www.ufmg.br\/proex\/cridh\/wp-json\/wp\/v2\/users\/3"}],"replies":[{"embeddable":true,"href":"https:\/\/www.ufmg.br\/proex\/cridh\/wp-json\/wp\/v2\/comments?post=1162"}],"version-history":[{"count":11,"href":"https:\/\/www.ufmg.br\/proex\/cridh\/wp-json\/wp\/v2\/pages\/1162\/revisions"}],"predecessor-version":[{"id":8929,"href":"https:\/\/www.ufmg.br\/proex\/cridh\/wp-json\/wp\/v2\/pages\/1162\/revisions\/8929"}],"wp:attachment":[{"href":"https:\/\/www.ufmg.br\/proex\/cridh\/wp-json\/wp\/v2\/media?parent=1162"}],"curies":[{"name":"wp","href":"https:\/\/api.w.org\/{rel}","templated":true}]}}