{"id":153,"date":"2024-08-02T15:16:52","date_gmt":"2024-08-02T18:16:52","guid":{"rendered":"https:\/\/www.ufmg.br\/proex\/cridh\/?page_id=153"},"modified":"2025-09-18T19:20:35","modified_gmt":"2025-09-18T22:20:35","slug":"apresentacao","status":"publish","type":"page","link":"https:\/\/www.ufmg.br\/proex\/cridh\/apresentacao\/","title":{"rendered":"Apresenta\u00e7\u00e3o"},"content":{"rendered":"\n<p>O Centro de Refer\u00eancia e Informa\u00e7\u00e3o em Direitos Humanos (CRIDH), uma iniciativa da Universidade dos Direitos Humanos (UDH), diretoria vinculada \u00e0 Pr\u00f3-Reitoria de Extens\u00e3o, criada em 2021 na UFMG.<\/p>\n\n\n\n<p>O CRIDH prop\u00f5e integrar o eixo \u201cdireitos humanos, comunica\u00e7\u00e3o e informa\u00e7\u00e3o\u201d, partindo de uma l\u00f3gica de institucionaliza\u00e7\u00e3o e interioriza\u00e7\u00e3o da extens\u00e3o, visando a disponibilizar informa\u00e7\u00f5es no campo dos direitos humanos, fundamentadas a partir dos di\u00e1logos e articula\u00e7\u00f5es entre a UFMG e seus parceiros, conselhos, movimentos sociais e redes sociais de defesa e de promo\u00e7\u00e3o de direitos.<\/p>\n\n\n\n<p>Trata-se de uma plataforma digital desenvolvida para promover o acesso amplo e qualificado a informa\u00e7\u00f5es sobre direitos humanos, atuando como um elo entre a UFMG e diversos atores sociais, como conselhos, movimentos e redes de defesa de direitos. Com base na l\u00f3gica da institucionaliza\u00e7\u00e3o e interioriza\u00e7\u00e3o da extens\u00e3o universit\u00e1ria, o portal difunde conte\u00fados formativos, materiais pedag\u00f3gicos e a\u00e7\u00f5es extensionistas, articulando saberes acad\u00eamicos e populares. Ao faz\u00ea-lo, fortalece o papel da universidade p\u00fablica como agente de transforma\u00e7\u00e3o social e contribui para a constru\u00e7\u00e3o de uma cultura de direitos pautada no di\u00e1logo, na participa\u00e7\u00e3o e na justi\u00e7a social.<\/p>\n\n\n\n<p><\/p>\n","protected":false},"excerpt":{"rendered":"<p>O Centro de Refer\u00eancia e Informa\u00e7\u00e3o em Direitos Humanos (CRIDH), uma iniciativa da Universidade dos Direitos Humanos (UDH), diretoria vinculada [&hellip;]<\/p>\n","protected":false},"author":1,"featured_media":0,"parent":0,"menu_order":0,"comment_status":"closed","ping_status":"closed","template":"","meta":{"_eb_attr":"","_uag_custom_page_level_css":"","site-sidebar-layout":"default","site-content-layout":"","ast-site-content-layout":"default","site-content-style":"default","site-sidebar-style":"default","ast-global-header-display":"","ast-banner-title-visibility":"","ast-main-header-display":"","ast-hfb-above-header-display":"","ast-hfb-below-header-display":"","ast-hfb-mobile-header-display":"","site-post-title":"","ast-breadcrumbs-content":"","ast-featured-img":"","footer-sml-layout":"","ast-disable-related-posts":"","theme-transparent-header-meta":"","adv-header-id-meta":"","stick-header-meta":"","header-above-stick-meta":"","header-main-stick-meta":"","header-below-stick-meta":"","astra-migrate-meta-layouts":"default","ast-page-background-enabled":"default","ast-page-background-meta":{"desktop":{"background-color":"var(--ast-global-color-5)","background-image":"","background-repeat":"repeat","background-position":"center center","background-size":"auto","background-attachment":"scroll","background-type":"","background-media":"","overlay-type":"","overlay-color":"","overlay-opacity":"","overlay-gradient":""},"tablet":{"background-color":"","background-image":"","background-repeat":"repeat","background-position":"center center","background-size":"auto","background-attachment":"scroll","background-type":"","background-media":"","overlay-type":"","overlay-color":"","overlay-opacity":"","overlay-gradient":""},"mobile":{"background-color":"","background-image":"","background-repeat":"repeat","background-position":"center center","background-size":"auto","background-attachment":"scroll","background-type":"","background-media":"","overlay-type":"","overlay-color":"","overlay-opacity":"","overlay-gradient":""}},"ast-content-background-meta":{"desktop":{"background-color":"var(--ast-global-color-4)","background-image":"","background-repeat":"repeat","background-position":"center center","background-size":"auto","background-attachment":"scroll","background-type":"","background-media":"","overlay-type":"","overlay-color":"","overlay-opacity":"","overlay-gradient":""},"tablet":{"background-color":"var(--ast-global-color-4)","background-image":"","background-repeat":"repeat","background-position":"center center","background-size":"auto","background-attachment":"scroll","background-type":"","background-media":"","overlay-type":"","overlay-color":"","overlay-opacity":"","overlay-gradient":""},"mobile":{"background-color":"var(--ast-global-color-4)","background-image":"","background-repeat":"repeat","background-position":"center center","background-size":"auto","background-attachment":"scroll","background-type":"","background-media":"","overlay-type":"","overlay-color":"","overlay-opacity":"","overlay-gradient":""}},"footnotes":""},"class_list":["post-153","page","type-page","status-publish","hentry"],"uagb_featured_image_src":{"full":false,"thumbnail":false,"medium":false,"medium_large":false,"large":false,"1536x1536":false,"2048x2048":false,"tainacan-small":false,"tainacan-medium":false,"tainacan-medium-full":false,"tainacan-large-full":false},"uagb_author_info":{"display_name":"cridh@cedecomweb.br","author_link":"https:\/\/www.ufmg.br\/proex\/cridh\/author\/cridhcedecomweb-br\/"},"uagb_comment_info":0,"uagb_excerpt":"O Centro de Refer\u00eancia e Informa\u00e7\u00e3o em Direitos Humanos (CRIDH), uma iniciativa da Universidade dos Direitos Humanos (UDH), diretoria vinculada [&hellip;]","_links":{"self":[{"href":"https:\/\/www.ufmg.br\/proex\/cridh\/wp-json\/wp\/v2\/pages\/153","targetHints":{"allow":["GET"]}}],"collection":[{"href":"https:\/\/www.ufmg.br\/proex\/cridh\/wp-json\/wp\/v2\/pages"}],"about":[{"href":"https:\/\/www.ufmg.br\/proex\/cridh\/wp-json\/wp\/v2\/types\/page"}],"author":[{"embeddable":true,"href":"https:\/\/www.ufmg.br\/proex\/cridh\/wp-json\/wp\/v2\/users\/1"}],"replies":[{"embeddable":true,"href":"https:\/\/www.ufmg.br\/proex\/cridh\/wp-json\/wp\/v2\/comments?post=153"}],"version-history":[{"count":5,"href":"https:\/\/www.ufmg.br\/proex\/cridh\/wp-json\/wp\/v2\/pages\/153\/revisions"}],"predecessor-version":[{"id":328,"href":"https:\/\/www.ufmg.br\/proex\/cridh\/wp-json\/wp\/v2\/pages\/153\/revisions\/328"}],"wp:attachment":[{"href":"https:\/\/www.ufmg.br\/proex\/cridh\/wp-json\/wp\/v2\/media?parent=153"}],"curies":[{"name":"wp","href":"https:\/\/api.w.org\/{rel}","templated":true}]}}