{"id":223,"date":"2025-09-18T16:53:36","date_gmt":"2025-09-18T19:53:36","guid":{"rendered":"https:\/\/www.ufmg.br\/proex\/cridh\/?page_id=223"},"modified":"2025-12-09T21:20:47","modified_gmt":"2025-12-10T00:20:47","slug":"equipe","status":"publish","type":"page","link":"https:\/\/www.ufmg.br\/proex\/cridh\/equipe\/","title":{"rendered":"Equipe"},"content":{"rendered":"\n<div class=\"wp-block-uagb-container uagb-block-dec38507 alignwide uagb-is-root-container\">\n<div class=\"wp-block-uagb-advanced-heading uagb-block-f0fa8649\"><h1 class=\"uagb-heading-text\">Equipe<\/h1><div class=\"uagb-separator\"><\/div><\/div>\n<\/div>\n\n\n\n<div class=\"wp-block-uagb-container uagb-block-24d85653 alignwide uagb-is-root-container\">\n<div class=\"wp-block-uagb-advanced-heading uagb-block-511f32c3\"><h2 class=\"uagb-heading-text\">Colaboradores<\/h2><div class=\"uagb-separator\"><\/div><\/div>\n\n\n\n<div class=\"wp-block-uagb-team uagb-team__image-position-left uagb-team__align-left uagb-team__stack-tablet uagb-block-8842e72e\"><img decoding=\"async\" class=\"uagb-team__image-crop-circle\" src=\"https:\/\/www.ufmg.br\/proex\/cridh\/wp-content\/uploads\/2025\/12\/Maria-Guiomar-Frota-150x150.jpg\" alt=\"\" height=\"100\" width=\"100\" loading=\"lazy\"\/><div class=\"uagb-team__content\"><h3 class=\"uagb-team__title\">Maria Guiomar Frota<\/h3><span class=\"uagb-team__prefix\">Professora Titular<\/span><p class=\"uagb-team__desc\">Maria Guiomar Frota \u00e9 professora Titular da Universidade Federal de Minas Gerais \/ Escola de Ci\u00eancia da Informa\u00e7\u00e3o. Atualmente exerce o cargo de Diretoria da Universidade dos Direitos Humanos(UFMG\/PROEX). Em termos de titula\u00e7\u00e3o \u00e9 doutora em Sociologia pelo IUPERJ (2004), mestre em Sociologia pela Universidade Federal de Minas Gerais (1995) e graduada em Hist\u00f3ria pela Pontif\u00edcia Universidade Cat\u00f3lica de Minas Gerais(1988) . No Programa de P\u00f3s-gradua\u00e7\u00e3o em Ci\u00eancia da Informa\u00e7\u00e3o (PPGCI\/UFMG) \u00e9 filiada a linha de pesquisa Mem\u00f3ria social, patrim\u00f4nio e produ\u00e7\u00e3o do conhecimento, Desenvolve trabalhos de pesquisa nos seguintes temas: Informa\u00e7\u00e3o e Direitos humanos; Mem\u00f3ria da repress\u00e3o e da resist\u00eancia nos pa\u00edses do Cone Sul. No campo da extens\u00e3o coordena os Projetos R\u00e1dio Janela e Voz e Voto. Entre as publica\u00e7\u00f5es recentes destacam-se:FROTA, MARIA G. da C.; HOFFMAN, F. E. ; GOMES, PABLO. Documentation des commissions r\u00e9gionales de v\u00e9rit\u00e9 au Br\u00e9sil : potentiel de recherche dans le domaine de la m\u00e9diation informationnelle. \u00e9tudes de communication, v. 57, p. 75-94, 2021.; FROTA, MARIA G. da Cunha. Pesquisa em Ci\u00eancia da Informa\u00e7\u00e3o: teorias, m\u00e9todos e modelos. In: SILVEIRA, Fabr\u00edcio; FROTA, Maria Guiomar da C.; MARQUES, Rodrigo M.. (Org.). Informa\u00e7\u00e3o, media\u00e7\u00e3o e cultura: teorias e m\u00e9todos. 1ed.Belo Horizonte: Letramento, 2022, v. 1, p. 23-40., Neder Meyer, Emilio Peluso; Guiomar Frota, Maria. Digital Resources: Brazilian Legal History. Oxford Research Encyclopedia of Latin American History. 1ed.Oxford: Oxford University Press, 2021.<br><\/p><\/div><\/div>\n\n\n\n<div class=\"wp-block-uagb-team uagb-team__image-position-right uagb-team__align-left uagb-team__stack-tablet uagb-block-a24ead64\"><div class=\"uagb-team__content\"><h3 class=\"uagb-team__title\">Lorena Tavares<\/h3><span class=\"uagb-team__prefix\">Professora Adjunta<\/span><p class=\"uagb-team__desc\">Lorena Tavares \u00e9 professora Adjunta da Escola de Ci\u00eancia da Informa\u00e7\u00e3o da UFMG. Doutora e mestre em Ci\u00eancia da Informa\u00e7\u00e3o pelo PPGCI\/UFMG. Desenvolve projetos de pesquisa sobre Fontes e Recursos de Informa\u00e7\u00e3o no contexto da p\u00f3s modernidade, coordenadora do Observat\u00f3rio Fake News. Tem atua\u00e7\u00e3o profissional com desenvolvimento de Curadoria Digital informacional em Reposit\u00f3rios, Bibliotecas Digitais e Cole\u00e7\u00f5es Virtuais. Atua\u00e7\u00e3o docente em disciplinas relacionadas \u00e0 Fontes e Recursos de Informa\u00e7\u00e3o; Comunica\u00e7\u00e3o e Divulga\u00e7\u00e3o Cient\u00edfica; Forma\u00e7\u00e3o e Desenvolvimento de Cole\u00e7\u00f5es; Inclus\u00e3o Digital e informacional; Bibliotecas, Arquivos e Museus Digitais.<br>.<br><\/p><\/div><img decoding=\"async\" class=\"uagb-team__image-crop-circle\" src=\"https:\/\/www.ufmg.br\/proex\/cridh\/wp-content\/uploads\/2025\/12\/Lorena-Tavares-150x150.jpg\" alt=\"\" height=\"100\" width=\"100\" loading=\"lazy\"\/><\/div>\n\n\n\n<div class=\"wp-block-uagb-team uagb-team__image-position-left uagb-team__align-left uagb-team__stack-tablet uagb-block-8b516fba\"><img decoding=\"async\" class=\"uagb-team__image-crop-circle\" src=\"https:\/\/www.ufmg.br\/proex\/cridh\/wp-content\/uploads\/2025\/12\/Pablo-Gomes-150x150.jpg\" alt=\"\" height=\"100\" width=\"100\" loading=\"lazy\"\/><div class=\"uagb-team__content\"><h3 class=\"uagb-team__title\">Pablo Gomes<\/h3><span class=\"uagb-team__prefix\">Professor<\/span><p class=\"uagb-team__desc\">Pablo Gomes \u00e9 Doutor e mestre em Ci\u00eancia da Informa\u00e7\u00e3o pela Universidade Federal de Minas Gerais. Especialista em Design Instrucional para EaD (FACEL) e Doc\u00eancia em Biblioteconomia (UnyLeya). Graduado em Biblioteconomia pela Universidade Federal do Cear\u00e1 &#8211; UFC (2016) e Administra\u00e7\u00e3o de Empresas pela Faculdade JK &#8211; Anhanguera (2010). Professor do Ensino B\u00e1sico, T\u00e9cnico e Tecnol\u00f3gico na \u00e1rea de Administra\u00e7\u00e3o no Instituto Federal do Maranh\u00e3o e professor colaborador do Programa de P\u00f3s-Gradua\u00e7\u00e3o em Ci\u00eancia da Informa\u00e7\u00e3o da UFMG. Membro do N\u00facleo de Estudos Afro-Brasileiros e Ind\u00edgenas (NEABI) do IFMA &#8211; Campus Graja\u00fa e do Grupo de Estudos e Pesquisa em Ra\u00e7a, Desigualdades e Pol\u00edticas P\u00fablicas (GEPERPP), linha de pesquisa Organiza\u00e7\u00e3o Social do Conhecimento. Assessor T\u00e9cnico no Minist\u00e9rio dos Direitos Humanos e Cidadania, Secretaria Nacional dos Direitos das Pessoas LGBTQIA+<br><\/p><\/div><\/div>\n\n\n\n<div class=\"wp-block-uagb-team uagb-team__image-position-right uagb-team__align-left uagb-team__stack-tablet uagb-block-b5c491e1\"><div class=\"uagb-team__content\"><h3 class=\"uagb-team__title\">Ada Lopes<\/h3><span class=\"uagb-team__prefix\">Assistente Social<\/span><p class=\"uagb-team__desc\">Docente do Departamento de Servi\u00e7o Social da Pontif\u00edcia Universidade Cat\u00f3lica de Minas Gerais (PUC Minas). Doutora em Pol\u00edtica Social pela Universidade de Bras\u00edlia (UnB). Mestra em Servi\u00e7o Social pela Universidade Federal do Rio Grande do Norte (UFRN). Graduada em Servi\u00e7o Social pela Universidade Federal do Piau\u00ed (UFPI). \u00c9 Assistente Social da Universidade dos Direitos Humanos na Pr\u00f3-reitoria de Extens\u00e3o da Universidade Federal de Minas Gerais. Foi bolsista no Programa Nacional de Coopera\u00e7\u00e3o Acad\u00eamica &#8211; PROCAD\/CAPES pelo projeto &#8220;Crise do capital e fundo p\u00fablico: implica\u00e7\u00f5es para o trabalho, os direitos e a pol\u00edtica social&#8221; (UFRN\/UnB\/UERJ). \u00c9 integrante do N\u00facleo Docente Estruturante (NDE\/PUC Minas) e da Comiss\u00e3o Coordenadora da Forma\u00e7\u00e3o Transversal em Direitos Humanos (UFMG). Coordenadora do Grupo de estudo Marxismo e Forma\u00e7\u00e3o Social Brasileira. \u00c1reas de interesse e de pesquisa: Cr\u00edtica da Economia Pol\u00edtica, Teoria Marxista da Depend\u00eancia, Produ\u00e7\u00e3o do Espa\u00e7o, Quest\u00e3o Urbana, Quest\u00e3o Regional, Quest\u00e3o Ambiental, Forma\u00e7\u00e3o Social Brasileira e Servi\u00e7o Social.<br>.<br><\/p><\/div><img decoding=\"async\" class=\"uagb-team__image-crop-circle\" src=\"https:\/\/www.ufmg.br\/proex\/cridh\/wp-content\/uploads\/2025\/12\/Ada-Lopes-150x150.jpg\" alt=\"\" height=\"100\" width=\"100\" loading=\"lazy\"\/><\/div>\n\n\n\n<div class=\"wp-block-uagb-advanced-heading uagb-block-edded157\"><h2 class=\"uagb-heading-text\">Bolsistas P\u00f3s Gradua\u00e7\u00e3o<\/h2><div class=\"uagb-separator\"><\/div><\/div>\n\n\n\n<div class=\"wp-block-uagb-team uagb-team__image-position-left uagb-team__align-left uagb-team__stack-tablet uagb-block-e721f6f1\"><img decoding=\"async\" class=\"uagb-team__image-crop-circle\" src=\"https:\/\/www.ufmg.br\/proex\/cridh\/wp-content\/uploads\/2025\/11\/A-150x150.jpg\" alt=\"\" height=\"100\" width=\"100\" loading=\"lazy\"\/><div class=\"uagb-team__content\"><h3 class=\"uagb-team__title\">Nat\u00e1lia Pinto<\/h3><span class=\"uagb-team__prefix\">P\u00f3s Gradua\u00e7\u00e3o<\/span><p class=\"uagb-team__desc\">Nat\u00e1lia Pinto \u00e9 doutoranda em Ci\u00eancia Pol\u00edtica pela Universidade de Minas Gerais (UFMG). Mestra em Ci\u00eancia Pol\u00edtica pela Universidade Federal do Par\u00e1(UFPA). P\u00f3s Graduada em Direito e Processo Penal- Centro Universit\u00e1rio Unichristus (2020). Graduada em Direito pela Universidade de Fortaleza. Integrante do Grupo de Pesquisa Executives, presidents and cabinet politics (PEX), Institui\u00e7\u00f5es: Processos Legislativo e Controle\/UFPA e COVIO-UECE. Bolsista de P\u00f3s Gradua\u00e7\u00e3o do CRIDH.<br><\/p><\/div><\/div>\n\n\n\n<div class=\"wp-block-uagb-advanced-heading uagb-block-ddd80e2d\"><h2 class=\"uagb-heading-text\">Bolsistas Gradua\u00e7\u00e3o<\/h2><div class=\"uagb-separator\"><\/div><\/div>\n\n\n\n<div class=\"wp-block-uagb-team uagb-team__image-position-left uagb-team__align-left uagb-team__stack-tablet uagb-block-65aba153\"><img decoding=\"async\" class=\"uagb-team__image-crop-circle\" src=\"https:\/\/www.ufmg.br\/proex\/cridh\/wp-content\/uploads\/2025\/12\/Livia-Campbell-150x150.jpg\" alt=\"\" height=\"100\" width=\"100\" loading=\"lazy\"\/><div class=\"uagb-team__content\"><h3 class=\"uagb-team__title\">Livia Campbell<\/h3><span class=\"uagb-team__prefix\">Gradua\u00e7\u00e3o<\/span><p class=\"uagb-team__desc\">Livia Campbell \u00e9 graduanda em Arqueologia pela Universidade Federal de Minas Gerais (UFMG). No segundo semestre de 2024, foi aluna intercambista no curso de Sociologia e Antropologia da University of Tyumen, em Tyumen, R\u00fassia. Durante a gradua\u00e7\u00e3o, tem se especializado nas \u00e1reas de Arqueologia Hist\u00f3rica, Arqueologia Contempor\u00e2nea e Arqueologia P\u00fablica. \u00c9 integrante do Laborat\u00f3rio de Arqueologia da Fafich\/UFMG onde participa do projeto &#8220;Quintais: Arqueologia e Hist\u00f3ria&#8221;, voltado ao estudo do potencial hist\u00f3rico-arqueol\u00f3gico de quintais urbanos da Cidade Hist\u00f3ria de Tiradentes\/MG. Atualmente, \u00e9 bolsista na Universidade de Direitos Humanos (UDH). Para sua monografia de gradua\u00e7\u00e3o, mapeia as pr\u00e1ticas de Arqueologia P\u00fablica desenvolvidas no Brasil.<\/p><\/div><\/div>\n\n\n\n<div class=\"wp-block-uagb-team uagb-team__image-position-right uagb-team__align-left uagb-team__stack-tablet uagb-block-26d1136e\"><div class=\"uagb-team__content\"><h3 class=\"uagb-team__title\">L\u00edvia Freitas<\/h3><span class=\"uagb-team__prefix\">Gradua\u00e7\u00e3o<\/span><p class=\"uagb-team__desc\">L\u00edvia Freitas \u00e9 graduanda em Rela\u00e7\u00f5es Econ\u00f4micas Internacionais pela Universidade Federal de Minas Gerais (UFMG) e atualmente \u00e9 bolsista na Universidade dos Direitos Humanos (UDH\/UFMG). Desde o in\u00edcio de sua forma\u00e7\u00e3o demonstrou engajamento em projetos de impacto social, tendo atuado em pesquisa volunt\u00e1ria sobre o impacto da COVID-19 nas migra\u00e7\u00f5es e integrado o projeto de extens\u00e3o FACE Acontecer, que oferecia consultoria gratuita para organiza\u00e7\u00f5es do terceiro setor. Possui interesse nas \u00e1reas de migra\u00e7\u00e3o, direitos humanos e desenvolvimento sustent\u00e1vel.<\/p><\/div><img decoding=\"async\" class=\"uagb-team__image-crop-circle\" src=\"https:\/\/www.ufmg.br\/proex\/cridh\/wp-content\/uploads\/2025\/11\/Livia-Freitas-150x150.jpg\" alt=\"\" height=\"100\" width=\"100\" loading=\"lazy\"\/><\/div>\n\n\n\n<div class=\"wp-block-uagb-team uagb-team__image-position-left uagb-team__align-left uagb-team__stack-tablet uagb-block-40710923\"><img decoding=\"async\" class=\"uagb-team__image-crop-circle\" src=\"https:\/\/www.ufmg.br\/proex\/cridh\/wp-content\/uploads\/2025\/11\/Taiane-Figueiredo-150x150.jpg\" alt=\"\" height=\"100\" width=\"100\" loading=\"lazy\"\/><div class=\"uagb-team__content\"><h3 class=\"uagb-team__title\">Taiane Figueiredo<\/h3><span class=\"uagb-team__prefix\">Gradua\u00e7\u00e3o<\/span><p class=\"uagb-team__desc\">Taiane Figueiredo \u00e9 formada em Log\u00edstica pela Universidade Paulista (UNIP) e atualmente \u00e9 graduanda em Rela\u00e7\u00f5es Econ\u00f4micas Internacionais pela Universidade Federal de Minas Gerais (UFMG) e atualmente \u00e9 bolsista na Universidade dos Direitos Humanos (UDH\/UFMG). Desde o in\u00edcio de sua forma\u00e7\u00e3o, demonstrou engajamento em iniciativas de impacto social, tendo atuado como volunt\u00e1ria na Cruz Vermelha de Belo Horizonte. Seus principais interesses acad\u00eamicos envolvem migra\u00e7\u00e3o, direitos humanos, demografia e desenvolvimento sustent\u00e1vel.<\/p><\/div><\/div>\n\n\n\n<div class=\"wp-block-uagb-team uagb-team__image-position-right uagb-team__align-left uagb-team__stack-tablet uagb-block-1b5deca0\"><div class=\"uagb-team__content\"><h3 class=\"uagb-team__title\">Ana Victoria Nunes<\/h3><span class=\"uagb-team__prefix\">Gradua\u00e7\u00e3o<\/span><p class=\"uagb-team__desc\">Ana Victoria Nunes \u00e9 graduanda em Letras pela Universidade Federal de Minas Gerais (UFMG) e atualmente \u00e9 bolsista na Universidade de Direitos Humanos (UDH\/UFMG).<br>Desde o in\u00edcio de sua gradua\u00e7\u00e3o demonstrou engajamento em pautas sociais e educativas, tendo atuado como professora particular social e volunt\u00e1ria em semin\u00e1rios da Pr\u00f3-reitoria de Extens\u00e3o (PROEX\/UFMG). Possui interesse na \u00e1rea de educa\u00e7\u00e3o, migra\u00e7\u00e3o e direitos humanos.<\/p><\/div><img decoding=\"async\" class=\"uagb-team__image-crop-circle\" src=\"https:\/\/www.ufmg.br\/proex\/cridh\/wp-content\/uploads\/2025\/12\/Ana-Victoria-Nunes-150x150.jpg\" alt=\"\" height=\"100\" width=\"100\" loading=\"lazy\"\/><\/div>\n<\/div>\n","protected":false},"excerpt":{"rendered":"<p>Equipe Colaboradores Bolsistas P\u00f3s Gradua\u00e7\u00e3o Bolsistas Gradua\u00e7\u00e3o<\/p>\n","protected":false},"author":2,"featured_media":0,"parent":0,"menu_order":0,"comment_status":"closed","ping_status":"closed","template":"","meta":{"_eb_attr":"","_uag_custom_page_level_css":"","site-sidebar-layout":"default","site-content-layout":"","ast-site-content-layout":"default","site-content-style":"default","site-sidebar-style":"default","ast-global-header-display":"","ast-banner-title-visibility":"","ast-main-header-display":"","ast-hfb-above-header-display":"","ast-hfb-below-header-display":"","ast-hfb-mobile-header-display":"","site-post-title":"disabled","ast-breadcrumbs-content":"","ast-featured-img":"","footer-sml-layout":"","ast-disable-related-posts":"","theme-transparent-header-meta":"","adv-header-id-meta":"","stick-header-meta":"","header-above-stick-meta":"","header-main-stick-meta":"","header-below-stick-meta":"","astra-migrate-meta-layouts":"default","ast-page-background-enabled":"default","ast-page-background-meta":{"desktop":{"background-color":"var(--ast-global-color-5)","background-image":"","background-repeat":"repeat","background-position":"center center","background-size":"auto","background-attachment":"scroll","background-type":"","background-media":"","overlay-type":"","overlay-color":"","overlay-opacity":"","overlay-gradient":""},"tablet":{"background-color":"","background-image":"","background-repeat":"repeat","background-position":"center center","background-size":"auto","background-attachment":"scroll","background-type":"","background-media":"","overlay-type":"","overlay-color":"","overlay-opacity":"","overlay-gradient":""},"mobile":{"background-color":"","background-image":"","background-repeat":"repeat","background-position":"center center","background-size":"auto","background-attachment":"scroll","background-type":"","background-media":"","overlay-type":"","overlay-color":"","overlay-opacity":"","overlay-gradient":""}},"ast-content-background-meta":{"desktop":{"background-color":"var(--ast-global-color-4)","background-image":"","background-repeat":"repeat","background-position":"center center","background-size":"auto","background-attachment":"scroll","background-type":"","background-media":"","overlay-type":"","overlay-color":"","overlay-opacity":"","overlay-gradient":""},"tablet":{"background-color":"var(--ast-global-color-4)","background-image":"","background-repeat":"repeat","background-position":"center center","background-size":"auto","background-attachment":"scroll","background-type":"","background-media":"","overlay-type":"","overlay-color":"","overlay-opacity":"","overlay-gradient":""},"mobile":{"background-color":"var(--ast-global-color-4)","background-image":"","background-repeat":"repeat","background-position":"center center","background-size":"auto","background-attachment":"scroll","background-type":"","background-media":"","overlay-type":"","overlay-color":"","overlay-opacity":"","overlay-gradient":""}},"footnotes":""},"class_list":["post-223","page","type-page","status-publish","hentry"],"uagb_featured_image_src":{"full":false,"thumbnail":false,"medium":false,"medium_large":false,"large":false,"1536x1536":false,"2048x2048":false,"tainacan-small":false,"tainacan-medium":false,"tainacan-medium-full":false,"tainacan-large-full":false},"uagb_author_info":{"display_name":"Lorena Tavares de Paula","author_link":"https:\/\/www.ufmg.br\/proex\/cridh\/author\/lorena-ltpgmail-com\/"},"uagb_comment_info":0,"uagb_excerpt":"Equipe Colaboradores Bolsistas P\u00f3s Gradua\u00e7\u00e3o Bolsistas Gradua\u00e7\u00e3o","_links":{"self":[{"href":"https:\/\/www.ufmg.br\/proex\/cridh\/wp-json\/wp\/v2\/pages\/223","targetHints":{"allow":["GET"]}}],"collection":[{"href":"https:\/\/www.ufmg.br\/proex\/cridh\/wp-json\/wp\/v2\/pages"}],"about":[{"href":"https:\/\/www.ufmg.br\/proex\/cridh\/wp-json\/wp\/v2\/types\/page"}],"author":[{"embeddable":true,"href":"https:\/\/www.ufmg.br\/proex\/cridh\/wp-json\/wp\/v2\/users\/2"}],"replies":[{"embeddable":true,"href":"https:\/\/www.ufmg.br\/proex\/cridh\/wp-json\/wp\/v2\/comments?post=223"}],"version-history":[{"count":7,"href":"https:\/\/www.ufmg.br\/proex\/cridh\/wp-json\/wp\/v2\/pages\/223\/revisions"}],"predecessor-version":[{"id":8918,"href":"https:\/\/www.ufmg.br\/proex\/cridh\/wp-json\/wp\/v2\/pages\/223\/revisions\/8918"}],"wp:attachment":[{"href":"https:\/\/www.ufmg.br\/proex\/cridh\/wp-json\/wp\/v2\/media?parent=223"}],"curies":[{"name":"wp","href":"https:\/\/api.w.org\/{rel}","templated":true}]}}