{"id":225,"date":"2025-09-18T16:56:51","date_gmt":"2025-09-18T19:56:51","guid":{"rendered":"https:\/\/www.ufmg.br\/proex\/cridh\/?page_id=225"},"modified":"2025-09-18T17:33:08","modified_gmt":"2025-09-18T20:33:08","slug":"glossario","status":"publish","type":"page","link":"https:\/\/www.ufmg.br\/proex\/cridh\/glossario\/","title":{"rendered":"Gloss\u00e1rio"},"content":{"rendered":"<a name='name_directory_position2'><\/a><h3 class='name_directory_title'>Gloss\u00e1rio - Direitos Humanos<\/h3><div class=\"name_directory_index\"><a class=\"name_directory_startswith\" href=\"https:\/\/www.ufmg.br\/proex\/cridh\/glossario\/?dir=2&name_directory_startswith=#name_directory_position2\">All<\/a> | <a class=\"name_directory_startswith\" href=\"https:\/\/www.ufmg.br\/proex\/cridh\/glossario\/?dir=2&name_directory_startswith=latest#name_directory_position2\">Latest<\/a> | <a class=\"name_directory_startswith  name_directory_empty\" href=\"https:\/\/www.ufmg.br\/proex\/cridh\/glossario\/?dir=2&name_directory_startswith=%23#name_directory_position2\">#<\/a>  <a class=\"name_directory_startswith \" href=\"https:\/\/www.ufmg.br\/proex\/cridh\/glossario\/?dir=2&name_directory_startswith=A#name_directory_position2\">A<\/a>  <a class=\"name_directory_startswith  name_directory_empty\" href=\"https:\/\/www.ufmg.br\/proex\/cridh\/glossario\/?dir=2&name_directory_startswith=B#name_directory_position2\">B<\/a>  <a class=\"name_directory_startswith \" href=\"https:\/\/www.ufmg.br\/proex\/cridh\/glossario\/?dir=2&name_directory_startswith=C#name_directory_position2\">C<\/a>  <a class=\"name_directory_startswith \" href=\"https:\/\/www.ufmg.br\/proex\/cridh\/glossario\/?dir=2&name_directory_startswith=D#name_directory_position2\">D<\/a>  <a class=\"name_directory_startswith  name_directory_empty\" href=\"https:\/\/www.ufmg.br\/proex\/cridh\/glossario\/?dir=2&name_directory_startswith=E#name_directory_position2\">E<\/a>  <a class=\"name_directory_startswith  name_directory_empty\" href=\"https:\/\/www.ufmg.br\/proex\/cridh\/glossario\/?dir=2&name_directory_startswith=F#name_directory_position2\">F<\/a>  <a class=\"name_directory_startswith  name_directory_empty\" href=\"https:\/\/www.ufmg.br\/proex\/cridh\/glossario\/?dir=2&name_directory_startswith=G#name_directory_position2\">G<\/a>  <a class=\"name_directory_startswith  name_directory_empty\" href=\"https:\/\/www.ufmg.br\/proex\/cridh\/glossario\/?dir=2&name_directory_startswith=H#name_directory_position2\">H<\/a>  <a class=\"name_directory_startswith  name_directory_empty\" href=\"https:\/\/www.ufmg.br\/proex\/cridh\/glossario\/?dir=2&name_directory_startswith=I#name_directory_position2\">I<\/a>  <a class=\"name_directory_startswith  name_directory_empty\" href=\"https:\/\/www.ufmg.br\/proex\/cridh\/glossario\/?dir=2&name_directory_startswith=J#name_directory_position2\">J<\/a>  <a class=\"name_directory_startswith  name_directory_empty\" href=\"https:\/\/www.ufmg.br\/proex\/cridh\/glossario\/?dir=2&name_directory_startswith=K#name_directory_position2\">K<\/a>  <a class=\"name_directory_startswith  name_directory_empty\" href=\"https:\/\/www.ufmg.br\/proex\/cridh\/glossario\/?dir=2&name_directory_startswith=L#name_directory_position2\">L<\/a>  <a class=\"name_directory_startswith \" href=\"https:\/\/www.ufmg.br\/proex\/cridh\/glossario\/?dir=2&name_directory_startswith=M#name_directory_position2\">M<\/a>  <a class=\"name_directory_startswith  name_directory_empty\" href=\"https:\/\/www.ufmg.br\/proex\/cridh\/glossario\/?dir=2&name_directory_startswith=N#name_directory_position2\">N<\/a>  <a class=\"name_directory_startswith  name_directory_empty\" href=\"https:\/\/www.ufmg.br\/proex\/cridh\/glossario\/?dir=2&name_directory_startswith=O#name_directory_position2\">O<\/a>  <a class=\"name_directory_startswith  name_directory_empty\" href=\"https:\/\/www.ufmg.br\/proex\/cridh\/glossario\/?dir=2&name_directory_startswith=P#name_directory_position2\">P<\/a>  <a class=\"name_directory_startswith  name_directory_empty\" href=\"https:\/\/www.ufmg.br\/proex\/cridh\/glossario\/?dir=2&name_directory_startswith=Q#name_directory_position2\">Q<\/a>  <a class=\"name_directory_startswith  name_directory_empty\" href=\"https:\/\/www.ufmg.br\/proex\/cridh\/glossario\/?dir=2&name_directory_startswith=R#name_directory_position2\">R<\/a>  <a class=\"name_directory_startswith  name_directory_empty\" href=\"https:\/\/www.ufmg.br\/proex\/cridh\/glossario\/?dir=2&name_directory_startswith=S#name_directory_position2\">S<\/a>  <a class=\"name_directory_startswith  name_directory_empty\" href=\"https:\/\/www.ufmg.br\/proex\/cridh\/glossario\/?dir=2&name_directory_startswith=T#name_directory_position2\">T<\/a>  <a class=\"name_directory_startswith  name_directory_empty\" href=\"https:\/\/www.ufmg.br\/proex\/cridh\/glossario\/?dir=2&name_directory_startswith=U#name_directory_position2\">U<\/a>  <a class=\"name_directory_startswith  name_directory_empty\" href=\"https:\/\/www.ufmg.br\/proex\/cridh\/glossario\/?dir=2&name_directory_startswith=V#name_directory_position2\">V<\/a>  <a class=\"name_directory_startswith  name_directory_empty\" href=\"https:\/\/www.ufmg.br\/proex\/cridh\/glossario\/?dir=2&name_directory_startswith=W#name_directory_position2\">W<\/a>  <a class=\"name_directory_startswith  name_directory_empty\" href=\"https:\/\/www.ufmg.br\/proex\/cridh\/glossario\/?dir=2&name_directory_startswith=X#name_directory_position2\">X<\/a>  <a class=\"name_directory_startswith  name_directory_empty\" href=\"https:\/\/www.ufmg.br\/proex\/cridh\/glossario\/?dir=2&name_directory_startswith=Y#name_directory_position2\">Y<\/a>  <a class=\"name_directory_startswith  name_directory_empty\" href=\"https:\/\/www.ufmg.br\/proex\/cridh\/glossario\/?dir=2&name_directory_startswith=Z#name_directory_position2\">Z<\/a> <br \/><form role='search' method='get' action='#name_directory_position2'><input type='search' autocomplete='off' aria-description='Directory names below will match your searchcriteria after submit' name='name-directory-search-value' id='name-directory-search-input-box' placeholder='Search for...' \/><input type='hidden' name='dir' value='2' \/><input type='submit' id='name-directory-search-input-button' value='Search' \/><\/form><\/div><div class=\"name_directory_total\">There are currently 4 names in this directory.<\/div><div class=\"name_directory_names\"><div class=\"name_directory_column name_directory_nr1\"><div class=\"name_directory_character_header\">A<\/div><hr \/><div class=\"name_directory_name_box\"><a name=\"namedirectory_AcolhidahumanitriaVistohumanitrio\"><\/a><strong role=\"term\">Acolhida humanit\u00e1ria\/Visto humanit\u00e1rio<\/strong><br><div role=\"definition\">O visto humanit\u00e1rio serve para facilitar o ingresso e regulariza\u00e7\u00e3o migrat\u00f3ria de pessoas vindas de qualquer pa\u00eds em situa\u00e7\u00e3o de grave ou iminente instabilidade institucional, de conflito armado, de calamidade de grande propor\u00e7\u00e3o, de desastre ambiental ou de grave viola\u00e7\u00e3o de direitos humanos ou de direito internacional humanit\u00e1rio.<\/div><\/div><hr \/><div class=\"name_directory_character_header\">C<\/div><hr \/><div class=\"name_directory_name_box\"><a name=\"namedirectory_Conflitoarmado\"><\/a><strong role=\"term\">Conflito armado<\/strong><br><div role=\"definition\">Um conflito em que h\u00e1 recurso \u00e0 for\u00e7a armada entre Estados ou viol\u00eancia armada prolongada entre governos, autoridades e grupos armados organizados ou entre esses grupos dentro de um Estado.<\/div><\/div><hr \/><div class=\"name_directory_character_header\">D<\/div><hr \/><div class=\"name_directory_name_box\"><a name=\"namedirectory_DireitosHumanos\"><\/a><strong role=\"term\">Direitos Humanos<\/strong><br><div role=\"definition\">Os direitos humanos s\u00e3o normas que reconhecem e protegem a dignidade de todos os seres humanos. Os direitos humanos regem o modo como os seres humanos individualmente vivem em sociedade e entre si, bem como sua rela\u00e7\u00e3o com o Estado e as obriga\u00e7\u00f5es que o Estado tem em rela\u00e7\u00e3o a eles.\r\nA lei dos direitos humanos obriga os governos a fazer algumas coisas e os impede de fazer outras. Os indiv\u00edduos tamb\u00e9m t\u00eam responsabilidades: usufruindo dos seus direitos humanos, devem respeitar os direitos dos outros. Nenhum governo, grupo ou indiv\u00edduo tem o direito de fazer qualquer coisa que viole os direitos de outra pessoa.<\/div><\/div><hr \/><div class=\"name_directory_character_header\">M<\/div><hr \/><div class=\"name_directory_name_box\"><a name=\"namedirectory_Migrao\"><\/a><strong role=\"term\">Migra\u00e7\u00e3o<\/strong><br><div role=\"definition\">O movimento de pessoas para longe de seu lugar de resid\u00eancia habitual, seja atrav\u00e9s de uma fronteira internacional ou dentro de um Estado.<\/div><\/div><\/div><\/div><style>\r\n        .name_directory_readmore_state ~ .name_directory_readmore_trigger:before {\r\n            content: '... Show more';\r\n        }\r\n       \r\n        .name_directory_readmore_state:checked ~ .name_directory_readmore_trigger:before {\r\n            content: 'Show less';\r\n        }\r\n        <\/style>\n","protected":false},"excerpt":{"rendered":"","protected":false},"author":2,"featured_media":0,"parent":0,"menu_order":0,"comment_status":"closed","ping_status":"closed","template":"","meta":{"_eb_attr":"","_uag_custom_page_level_css":"","site-sidebar-layout":"default","site-content-layout":"","ast-site-content-layout":"default","site-content-style":"default","site-sidebar-style":"default","ast-global-header-display":"","ast-banner-title-visibility":"","ast-main-header-display":"","ast-hfb-above-header-display":"","ast-hfb-below-header-display":"","ast-hfb-mobile-header-display":"","site-post-title":"","ast-breadcrumbs-content":"","ast-featured-img":"","footer-sml-layout":"","ast-disable-related-posts":"","theme-transparent-header-meta":"","adv-header-id-meta":"","stick-header-meta":"","header-above-stick-meta":"","header-main-stick-meta":"","header-below-stick-meta":"","astra-migrate-meta-layouts":"default","ast-page-background-enabled":"default","ast-page-background-meta":{"desktop":{"background-color":"var(--ast-global-color-5)","background-image":"","background-repeat":"repeat","background-position":"center center","background-size":"auto","background-attachment":"scroll","background-type":"","background-media":"","overlay-type":"","overlay-color":"","overlay-opacity":"","overlay-gradient":""},"tablet":{"background-color":"","background-image":"","background-repeat":"repeat","background-position":"center center","background-size":"auto","background-attachment":"scroll","background-type":"","background-media":"","overlay-type":"","overlay-color":"","overlay-opacity":"","overlay-gradient":""},"mobile":{"background-color":"","background-image":"","background-repeat":"repeat","background-position":"center center","background-size":"auto","background-attachment":"scroll","background-type":"","background-media":"","overlay-type":"","overlay-color":"","overlay-opacity":"","overlay-gradient":""}},"ast-content-background-meta":{"desktop":{"background-color":"var(--ast-global-color-4)","background-image":"","background-repeat":"repeat","background-position":"center center","background-size":"auto","background-attachment":"scroll","background-type":"","background-media":"","overlay-type":"","overlay-color":"","overlay-opacity":"","overlay-gradient":""},"tablet":{"background-color":"var(--ast-global-color-4)","background-image":"","background-repeat":"repeat","background-position":"center center","background-size":"auto","background-attachment":"scroll","background-type":"","background-media":"","overlay-type":"","overlay-color":"","overlay-opacity":"","overlay-gradient":""},"mobile":{"background-color":"var(--ast-global-color-4)","background-image":"","background-repeat":"repeat","background-position":"center center","background-size":"auto","background-attachment":"scroll","background-type":"","background-media":"","overlay-type":"","overlay-color":"","overlay-opacity":"","overlay-gradient":""}},"footnotes":""},"class_list":["post-225","page","type-page","status-publish","hentry"],"uagb_featured_image_src":{"full":false,"thumbnail":false,"medium":false,"medium_large":false,"large":false,"1536x1536":false,"2048x2048":false,"tainacan-small":false,"tainacan-medium":false,"tainacan-medium-full":false,"tainacan-large-full":false},"uagb_author_info":{"display_name":"Lorena Tavares de Paula","author_link":"https:\/\/www.ufmg.br\/proex\/cridh\/author\/lorena-ltpgmail-com\/"},"uagb_comment_info":0,"uagb_excerpt":null,"_links":{"self":[{"href":"https:\/\/www.ufmg.br\/proex\/cridh\/wp-json\/wp\/v2\/pages\/225","targetHints":{"allow":["GET"]}}],"collection":[{"href":"https:\/\/www.ufmg.br\/proex\/cridh\/wp-json\/wp\/v2\/pages"}],"about":[{"href":"https:\/\/www.ufmg.br\/proex\/cridh\/wp-json\/wp\/v2\/types\/page"}],"author":[{"embeddable":true,"href":"https:\/\/www.ufmg.br\/proex\/cridh\/wp-json\/wp\/v2\/users\/2"}],"replies":[{"embeddable":true,"href":"https:\/\/www.ufmg.br\/proex\/cridh\/wp-json\/wp\/v2\/comments?post=225"}],"version-history":[{"count":3,"href":"https:\/\/www.ufmg.br\/proex\/cridh\/wp-json\/wp\/v2\/pages\/225\/revisions"}],"predecessor-version":[{"id":254,"href":"https:\/\/www.ufmg.br\/proex\/cridh\/wp-json\/wp\/v2\/pages\/225\/revisions\/254"}],"wp:attachment":[{"href":"https:\/\/www.ufmg.br\/proex\/cridh\/wp-json\/wp\/v2\/media?parent=225"}],"curies":[{"name":"wp","href":"https:\/\/api.w.org\/{rel}","templated":true}]}}