{"id":561,"date":"2025-09-30T10:52:41","date_gmt":"2025-09-30T13:52:41","guid":{"rendered":"https:\/\/www.ufmg.br\/proex\/cridh\/?page_id=561"},"modified":"2025-09-30T11:01:47","modified_gmt":"2025-09-30T14:01:47","slug":"editorial","status":"publish","type":"page","link":"https:\/\/www.ufmg.br\/proex\/cridh\/editorial\/","title":{"rendered":"Editorial &#8211; abril 2025"},"content":{"rendered":"\n<h3 class=\"wp-block-heading\"><strong>Um marco in\u00e9dito: a cria\u00e7\u00e3o do Minist\u00e9rio dos Povos Ind\u00edgenas<\/strong><\/h3>\n\n\n\n<p>Pela primeira vez na hist\u00f3ria do Brasil, o pa\u00eds conta com um minist\u00e9rio dedicado exclusivamente \u00e0 pauta ind\u00edgena. O Minist\u00e9rio dos Povos Ind\u00edgenas foi criado no in\u00edcio do terceiro mandato do presidente Luiz In\u00e1cio Lula da Silva, em janeiro de 2023, como parte do esfor\u00e7o de reconstru\u00e7\u00e3o institucional e fortalecimento da agenda de direitos humanos e justi\u00e7a social.<\/p>\n\n\n\n<p>A cria\u00e7\u00e3o da nova pasta j\u00e1 constava como prioridade no <strong>Relat\u00f3rio Final do Gabinete de Transi\u00e7\u00e3o Governamental<\/strong>, publicado em dezembro de 2022. O documento indicava a necessidade urgente de reparar o abandono das pol\u00edticas indigenistas e retomar o di\u00e1logo com os povos origin\u00e1rios, especialmente diante do avan\u00e7o de atividades ilegais, da viol\u00eancia nos territ\u00f3rios e do desmonte de \u00f3rg\u00e3os respons\u00e1veis pela prote\u00e7\u00e3o dos direitos ind\u00edgenas.<\/p>\n\n\n\n<p>Ao assumir o novo minist\u00e9rio, <strong>Sonia Guajajara<\/strong>, lideran\u00e7a do povo Guajajara do Maranh\u00e3o e reconhecida internacionalmente por sua atua\u00e7\u00e3o em defesa dos povos origin\u00e1rios, tornou-se a <strong>primeira ind\u00edgena a chefiar um minist\u00e9rio no Brasil<\/strong>. Sua nomea\u00e7\u00e3o representa n\u00e3o apenas um gesto simb\u00f3lico de reconhecimento, mas tamb\u00e9m um passo concreto na constru\u00e7\u00e3o de uma pol\u00edtica p\u00fablica com protagonismo ind\u00edgena na formula\u00e7\u00e3o, gest\u00e3o e implementa\u00e7\u00e3o das a\u00e7\u00f5es que os afetam diretamente.<\/p>\n\n\n\n<p>Entre as atribui\u00e7\u00f5es do Minist\u00e9rio dos Povos Ind\u00edgenas est\u00e3o a articula\u00e7\u00e3o com outras pastas governamentais, a formula\u00e7\u00e3o de pol\u00edticas espec\u00edficas para os povos ind\u00edgenas, a coordena\u00e7\u00e3o de a\u00e7\u00f5es de demarca\u00e7\u00e3o e prote\u00e7\u00e3o dos territ\u00f3rios tradicionais e a promo\u00e7\u00e3o da valoriza\u00e7\u00e3o cultural e da autonomia dos povos origin\u00e1rios.<\/p>\n\n\n\n<p>A cria\u00e7\u00e3o do minist\u00e9rio representa um avan\u00e7o institucional e democr\u00e1tico. \u00c9 o reconhecimento de que os povos ind\u00edgenas n\u00e3o s\u00e3o apenas benefici\u00e1rios de pol\u00edticas p\u00fablicas, mas sujeitos de direitos, com saberes, culturas e modos de vida que devem ser respeitados, protegidos e fortalecidos.<\/p>\n\n\n\n<p><a href=\"https:\/\/static.poder360.com.br\/2022\/12\/Relatorio-final-da-transicao-de-Lula.pdf-\">https:\/\/static.poder360.com.br\/2022\/12\/Relatorio-final-da-transicao-de-Lula.pdf-<\/a><\/p>\n\n\n\n<div class=\"wp-block-essential-blocks-advanced-image  root-eb-advanced-image-wuzhv\"><div class=\"eb-parent-wrapper eb-parent-eb-advanced-image-wuzhv \"><figure class=\"eb-advanced-image-wrapper eb-advanced-image-wuzhv no-effect\" data-id=\"eb-advanced-image-wuzhv\"><div class=\"eb-image-wrapper\"><div class=\"eb-image-wrapper-inner eb-img-style-rounded\"><img decoding=\"async\" src=\"https:\/\/www.ufmg.br\/proex\/cridh\/wp-content\/uploads\/2025\/09\/sonia-guajajara-brasilia-750x410-1.jpg\" alt=\"\"\/><\/div><\/div><\/figure><\/div><\/div>\n\n\n\n<p class=\"has-text-align-center\">Foto: APIB<\/p>\n\n\n\n<p><\/p>\n","protected":false},"excerpt":{"rendered":"<p>Um marco in\u00e9dito: a cria\u00e7\u00e3o do Minist\u00e9rio dos Povos Ind\u00edgenas Pela primeira vez na hist\u00f3ria do Brasil, o pa\u00eds conta [&hellip;]<\/p>\n","protected":false},"author":4,"featured_media":0,"parent":0,"menu_order":0,"comment_status":"closed","ping_status":"closed","template":"","meta":{"_eb_attr":"","_uag_custom_page_level_css":"","site-sidebar-layout":"default","site-content-layout":"","ast-site-content-layout":"default","site-content-style":"default","site-sidebar-style":"default","ast-global-header-display":"","ast-banner-title-visibility":"","ast-main-header-display":"","ast-hfb-above-header-display":"","ast-hfb-below-header-display":"","ast-hfb-mobile-header-display":"","site-post-title":"","ast-breadcrumbs-content":"","ast-featured-img":"","footer-sml-layout":"","ast-disable-related-posts":"","theme-transparent-header-meta":"","adv-header-id-meta":"","stick-header-meta":"","header-above-stick-meta":"","header-main-stick-meta":"","header-below-stick-meta":"","astra-migrate-meta-layouts":"default","ast-page-background-enabled":"default","ast-page-background-meta":{"desktop":{"background-color":"var(--ast-global-color-5)","background-image":"","background-repeat":"repeat","background-position":"center center","background-size":"auto","background-attachment":"scroll","background-type":"","background-media":"","overlay-type":"","overlay-color":"","overlay-opacity":"","overlay-gradient":""},"tablet":{"background-color":"","background-image":"","background-repeat":"repeat","background-position":"center center","background-size":"auto","background-attachment":"scroll","background-type":"","background-media":"","overlay-type":"","overlay-color":"","overlay-opacity":"","overlay-gradient":""},"mobile":{"background-color":"","background-image":"","background-repeat":"repeat","background-position":"center center","background-size":"auto","background-attachment":"scroll","background-type":"","background-media":"","overlay-type":"","overlay-color":"","overlay-opacity":"","overlay-gradient":""}},"ast-content-background-meta":{"desktop":{"background-color":"var(--ast-global-color-4)","background-image":"","background-repeat":"repeat","background-position":"center center","background-size":"auto","background-attachment":"scroll","background-type":"","background-media":"","overlay-type":"","overlay-color":"","overlay-opacity":"","overlay-gradient":""},"tablet":{"background-color":"var(--ast-global-color-4)","background-image":"","background-repeat":"repeat","background-position":"center center","background-size":"auto","background-attachment":"scroll","background-type":"","background-media":"","overlay-type":"","overlay-color":"","overlay-opacity":"","overlay-gradient":""},"mobile":{"background-color":"var(--ast-global-color-4)","background-image":"","background-repeat":"repeat","background-position":"center center","background-size":"auto","background-attachment":"scroll","background-type":"","background-media":"","overlay-type":"","overlay-color":"","overlay-opacity":"","overlay-gradient":""}},"footnotes":""},"class_list":["post-561","page","type-page","status-publish","hentry"],"uagb_featured_image_src":{"full":false,"thumbnail":false,"medium":false,"medium_large":false,"large":false,"1536x1536":false,"2048x2048":false,"tainacan-small":false,"tainacan-medium":false,"tainacan-medium-full":false,"tainacan-large-full":false},"uagb_author_info":{"display_name":"Natalia Pinto","author_link":"https:\/\/www.ufmg.br\/proex\/cridh\/author\/natalia\/"},"uagb_comment_info":0,"uagb_excerpt":"Um marco in\u00e9dito: a cria\u00e7\u00e3o do Minist\u00e9rio dos Povos Ind\u00edgenas Pela primeira vez na hist\u00f3ria do Brasil, o pa\u00eds conta [&hellip;]","_links":{"self":[{"href":"https:\/\/www.ufmg.br\/proex\/cridh\/wp-json\/wp\/v2\/pages\/561","targetHints":{"allow":["GET"]}}],"collection":[{"href":"https:\/\/www.ufmg.br\/proex\/cridh\/wp-json\/wp\/v2\/pages"}],"about":[{"href":"https:\/\/www.ufmg.br\/proex\/cridh\/wp-json\/wp\/v2\/types\/page"}],"author":[{"embeddable":true,"href":"https:\/\/www.ufmg.br\/proex\/cridh\/wp-json\/wp\/v2\/users\/4"}],"replies":[{"embeddable":true,"href":"https:\/\/www.ufmg.br\/proex\/cridh\/wp-json\/wp\/v2\/comments?post=561"}],"version-history":[{"count":3,"href":"https:\/\/www.ufmg.br\/proex\/cridh\/wp-json\/wp\/v2\/pages\/561\/revisions"}],"predecessor-version":[{"id":627,"href":"https:\/\/www.ufmg.br\/proex\/cridh\/wp-json\/wp\/v2\/pages\/561\/revisions\/627"}],"wp:attachment":[{"href":"https:\/\/www.ufmg.br\/proex\/cridh\/wp-json\/wp\/v2\/media?parent=561"}],"curies":[{"name":"wp","href":"https:\/\/api.w.org\/{rel}","templated":true}]}}