{"id":584,"date":"2022-11-07T11:59:38","date_gmt":"2022-11-07T14:59:38","guid":{"rendered":"https:\/\/www.ufmg.br\/proex\/jornadadh\/?page_id=584"},"modified":"2025-12-03T16:55:06","modified_gmt":"2025-12-03T19:55:06","slug":"programacao","status":"publish","type":"page","link":"https:\/\/www.ufmg.br\/proex\/jornadadh\/programacao\/","title":{"rendered":"Programa\u00e7\u00e3o"},"content":{"rendered":"<h3><strong>DIA 10 de Dezembro<\/strong><\/h3>\n<p><b>15h \u00e0s 15h30: <\/b><span style=\"font-weight: 400;\">Mesa de Abertura\u00a0<\/span><\/p>\n<p><b>15h30 \u00e0s 16h: <\/b><span style=\"font-weight: 400;\">Lan\u00e7amento do site do Centro de Refer\u00eancia e Informa\u00e7\u00e3o em Direitos Humanos (CRIDH)<\/span><\/p>\n<p><strong>Debatedoras<\/strong>: Lorena Tavares e Nat\u00e1lia Pinto<\/p>\n<p><b>16h \u00e0s 17h: <\/b><span style=\"font-weight: 400;\">Lan\u00e7amento do livro &#8220;Educa\u00e7\u00e3o para os direitos humanos: perspectivas contempor\u00e2neas&#8221; (Editora UFMG)<\/span><\/p>\n<p><strong>17h<b>\u00e0s<\/b> 18h: <\/strong>Exibi\u00e7\u00e3o do filme<strong> &#8220;Verter&#8221;\u00a0<\/strong><\/p>\n<p><strong>18h:<\/strong> Caf\u00e9 e visita livre as exposi\u00e7\u00f5es do Centro Cultural<\/p>\n<p><strong>LOCAL<br \/>\nCentro Cultural da UFMG. Centro. Av. Santos Dumont 174,<br \/>\n10 de dezembro de 2025, de 15:00 \u00e0s 19:00 horas.<\/strong><\/p>\n","protected":false},"excerpt":{"rendered":"<p>DIA 10 de Dezembro 15h \u00e0s 15h30: Mesa de Abertura\u00a0 [&hellip;]<\/p>\n","protected":false},"author":2,"featured_media":0,"parent":0,"menu_order":0,"comment_status":"closed","ping_status":"closed","template":"","meta":[],"acf":[],"_links":{"self":[{"href":"https:\/\/www.ufmg.br\/proex\/jornadadh\/wp-json\/wp\/v2\/pages\/584"}],"collection":[{"href":"https:\/\/www.ufmg.br\/proex\/jornadadh\/wp-json\/wp\/v2\/pages"}],"about":[{"href":"https:\/\/www.ufmg.br\/proex\/jornadadh\/wp-json\/wp\/v2\/types\/page"}],"author":[{"embeddable":true,"href":"https:\/\/www.ufmg.br\/proex\/jornadadh\/wp-json\/wp\/v2\/users\/2"}],"replies":[{"embeddable":true,"href":"https:\/\/www.ufmg.br\/proex\/jornadadh\/wp-json\/wp\/v2\/comments?post=584"}],"version-history":[{"count":24,"href":"https:\/\/www.ufmg.br\/proex\/jornadadh\/wp-json\/wp\/v2\/pages\/584\/revisions"}],"predecessor-version":[{"id":714,"href":"https:\/\/www.ufmg.br\/proex\/jornadadh\/wp-json\/wp\/v2\/pages\/584\/revisions\/714"}],"wp:attachment":[{"href":"https:\/\/www.ufmg.br\/proex\/jornadadh\/wp-json\/wp\/v2\/media?parent=584"}],"curies":[{"name":"wp","href":"https:\/\/api.w.org\/{rel}","templated":true}]}}