{"id":1002,"date":"2021-08-19T18:34:40","date_gmt":"2021-08-19T21:34:40","guid":{"rendered":"https:\/\/www.ufmg.br\/proex\/?page_id=1002"},"modified":"2021-08-24T11:17:00","modified_gmt":"2021-08-24T14:17:00","slug":"1002-2","status":"publish","type":"page","link":"https:\/\/www.ufmg.br\/proex\/1002-2\/","title":{"rendered":"Carro-biblioteca atende comunidades da Regi\u00e3o Metropolitana de BH"},"content":{"rendered":"<div id=\"attachment_1006\" style=\"width: 1035px\" class=\"wp-caption alignnone\"><img aria-describedby=\"caption-attachment-1006\" loading=\"lazy\" class=\"wp-image-1006\" title=\"Carro-biblioteca atua desde 1973 nas comunidades | Lucas Senra UFMG\" src=\"https:\/\/www.ufmg.br\/proex\/wp-content\/uploads\/2021\/08\/Carro-biblioteca-atende-tres-comunidades-na-RMBH-Lucas-Senra-UFMG-300x200.png\" alt=\"\" width=\"1025\" height=\"682\" srcset=\"https:\/\/www.ufmg.br\/proex\/wp-content\/uploads\/2021\/08\/Carro-biblioteca-atende-tres-comunidades-na-RMBH-Lucas-Senra-UFMG-300x200.png 300w, https:\/\/www.ufmg.br\/proex\/wp-content\/uploads\/2021\/08\/Carro-biblioteca-atende-tres-comunidades-na-RMBH-Lucas-Senra-UFMG.png 712w\" sizes=\"(max-width: 1025px) 100vw, 1025px\" \/><p id=\"caption-attachment-1006\" class=\"wp-caption-text\">Programa da ECI atua desde 1973 nas comunidades | Lucas Senra UFMG<\/p><\/div>\n<p>O Carro-biblioteca \u00e9 o segundo mais antigo programa de extens\u00e3o da UFMG. Ele \u00e9 desenvolvido pelo Centro de Extens\u00e3o da Escola de Ci\u00eancia da Informa\u00e7\u00e3o (Cenex\/ECI) desde 1973.<\/p>\n<p>O objetivo \u00e9 democratizar a informa\u00e7\u00e3o e a leitura junto \u00e0s grupos socialmente vulner\u00e1veis e promover a\u00e7\u00f5es culturais e educativas, al\u00e9m de proporcionar o desdobramento de v\u00e1rios outros projetos acad\u00eamicos, de pesquisa e de extens\u00e3o e oferecer bolsas de est\u00e1gio (aperfei\u00e7oamento) para os alunos, que t\u00eam a possibilidade de ampliar os conhecimentos acad\u00eamicos e conhecer as realidades das comunidades.<\/p>\n<p>Cada local recebe a visita do ve\u00edculo do Carro-biblioteca uma vez por semana (devido \u00e0 pandemia, as visitas foram temporariamente suspensas).\u00a0 O Carro-Biblioteca tem geralemente um ponto fixo, permanecendo ali por um per\u00edodo de duas horas aproximadamente. Crian\u00e7as, jovens e at\u00e9 adultos chegam e encontram um pouco sobre a hist\u00f3ria desse programa, bem como informa\u00e7\u00f5es sobre o dia a dia do Carro-Biblioteca.<\/p>\n<p>Al\u00e9m da disposi\u00e7\u00e3o das obras no ve\u00edculo, o programa tem desenvolvido pr\u00e1ticas ampliadas para estimular a rela\u00e7\u00e3o com os livros, como rodas de leitura, conta\u00e7\u00e3o de hist\u00f3rias e atividades multim\u00eddia.<\/p>\n<p>Atualmente, s\u00e3o principalmente atendidas tr\u00eas comunidades da grande BH: Jardim Encantado, em S\u00e3o Jos\u00e9 da Lapa, Nossa Senhora de F\u00e1tima, em Sabar\u00e1, e S\u00e3o Jo\u00e3o de Deus, no distrito de Justin\u00f3polis, em Ribeir\u00e3o das Neves.<\/p>\n<p><strong>&#8220;L\u00e1 vem a R\u00e1dio Janela&#8221;<\/strong><\/p>\n<p>Durante o isolamento social imposto pela covid-19, o programa n\u00e3o parou. S\u00e3o levadas conta\u00e7\u00e3o de hist\u00f3rias e informa\u00e7\u00f5es \u00fateis sobre o novo coronav\u00edrus \u00e0s localidades tradicionalmente atendidas. Devido \u00e0 dificuldade de muitas delas n\u00e3o contar com conex\u00e3o \u00e0 internet, foi lan\u00e7ando o<a href=\"https:\/\/www2.ufmg.br\/proex\/Noticias\/Noticias\/Radio-Janela-musica-cultura-e-informacao-para-comunidades-perifericas\"> projeto R\u00e1dio Janela, <\/a>que passa pelas ruas levando \u00e0 informa\u00e7\u00e3o, cultura e entretenimento \u00e0 popula\u00e7\u00e3o.<\/p>\n<p>\u201cA r\u00e1dio surgiu de uma demanda das pr\u00f3prias comunidades. Em sua maioria pessoas carentes e sem acesso \u00e0s redes sociais, por exemplo. Elas encontram na R\u00e1dio Janela uma maneira de ter acesso \u00e0 informa\u00e7\u00e3o de qualidade, cultura e lazer\u201d, afirma a estudante e participante da a\u00e7\u00e3o, Luana Bozi, que \u00e9 discente do curso de Biblioteconomia da UFMG.<\/p>\n<p>Acompanhe as novidades do Carro-biblioteca no <a href=\"http:\/\/carrobib.eci.ufmg.br\/\">site<\/a> e <a href=\"https:\/\/www.instagram.com\/carrobiblioteca\/\">redes sociais<\/a> do programa.<\/p>\n<p>&nbsp;<\/p>\n<p>&nbsp;<\/p>\n<p>&nbsp;<\/p>\n<p>&nbsp;<\/p>\n<p>&nbsp;<\/p>\n<p>&nbsp;<\/p>\n<p>&nbsp;<\/p>\n<p>&nbsp;<\/p>\n","protected":false},"excerpt":{"rendered":"<p>O Carro-biblioteca \u00e9 o segundo mais antigo programa de extens\u00e3o [&hellip;]<\/p>\n","protected":false},"author":2,"featured_media":0,"parent":0,"menu_order":0,"comment_status":"closed","ping_status":"closed","template":"","meta":[],"tags":[49,51,489,135,493,23,25,29,491,4],"_links":{"self":[{"href":"https:\/\/www.ufmg.br\/proex\/wp-json\/wp\/v2\/pages\/1002"}],"collection":[{"href":"https:\/\/www.ufmg.br\/proex\/wp-json\/wp\/v2\/pages"}],"about":[{"href":"https:\/\/www.ufmg.br\/proex\/wp-json\/wp\/v2\/types\/page"}],"author":[{"embeddable":true,"href":"https:\/\/www.ufmg.br\/proex\/wp-json\/wp\/v2\/users\/2"}],"replies":[{"embeddable":true,"href":"https:\/\/www.ufmg.br\/proex\/wp-json\/wp\/v2\/comments?post=1002"}],"version-history":[{"count":16,"href":"https:\/\/www.ufmg.br\/proex\/wp-json\/wp\/v2\/pages\/1002\/revisions"}],"predecessor-version":[{"id":1194,"href":"https:\/\/www.ufmg.br\/proex\/wp-json\/wp\/v2\/pages\/1002\/revisions\/1194"}],"wp:attachment":[{"href":"https:\/\/www.ufmg.br\/proex\/wp-json\/wp\/v2\/media?parent=1002"}],"wp:term":[{"taxonomy":"post_tag","embeddable":true,"href":"https:\/\/www.ufmg.br\/proex\/wp-json\/wp\/v2\/tags?post=1002"}],"curies":[{"name":"wp","href":"https:\/\/api.w.org\/{rel}","templated":true}]}}