{"id":10178,"date":"2023-09-21T13:20:23","date_gmt":"2023-09-21T16:20:23","guid":{"rendered":"https:\/\/www.ufmg.br\/proex\/?page_id=10178"},"modified":"2025-01-21T11:39:48","modified_gmt":"2025-01-21T14:39:48","slug":"cenex-face","status":"publish","type":"page","link":"https:\/\/www.ufmg.br\/proex\/cenex-face\/","title":{"rendered":"Cenex FACE"},"content":{"rendered":"<p>O Centro de Extens\u00e3o (Cenex) \u00e9 o \u00f3rg\u00e3o colegiado da Faculdade de Ci\u00eancias Econ\u00f4micas (Face\/UFMG) respons\u00e1vel pelo apoio a assuntos referentes \u00e0s atividades de extens\u00e3o universit\u00e1ria na unidade.<\/p>\n<p>A Face tem atua\u00e7\u00e3o nas \u00e1reas de Administra\u00e7\u00e3o, Ci\u00eancias Cont\u00e1beis, Controladoria e Finan\u00e7as, Ci\u00eancias Econ\u00f4micas e Rela\u00e7\u00f5es Econ\u00f4micas Internacionais.<\/p>\n<p>Cursos, cl\u00ednica financeira, cursinho preparat\u00f3rio popular, eventos e feiras est\u00e3o entre as atividades de extens\u00e3o desenvolvidas. Confira abaixo.<\/p>\n<h3><strong>Projetos de extens\u00e3o<\/strong><\/h3>\n<p>&nbsp;<\/p>\n<p><a href=\"https:\/\/www.instagram.com\/economicthought_\" target=\"_blank\" rel=\"noopener\">Economic thought:<\/a><a href=\"https:\/\/www.instagram.com\/economicthought_\" target=\"_blank\" rel=\"noopener\"> difus\u00e3o cient\u00edfica em hist\u00f3ria do pensamento econ\u00f4mico e metodologia da economia<\/a><br \/>\nEsse projeto visa compartilhar not\u00edcias sobre a hist\u00f3ria da economia e pensamentos sobre a filosofia da economia.<\/p>\n<p><a href=\"https:\/\/www.instagram.com\/ufmgcolmeia\/\" target=\"_blank\" rel=\"noopener\">Grupo de estudos, pesquisa e extens\u00e3o em economia popular e solid\u00e1ria (Colmeia)<\/a><\/p>\n<div id=\"attachment_10382\" style=\"width: 810px\" class=\"wp-caption alignnone\"><img aria-describedby=\"caption-attachment-10382\" loading=\"lazy\" class=\"wp-image-10382\" src=\"https:\/\/www.ufmg.br\/proex\/wp-content\/uploads\/2023\/09\/Feira-de-Economia-Popular-e-Solidaria-da-Face-Foto-Colmeia-UFMG-300x249.jpg\" alt=\"Feira de Economia Popular e Solid\u00e1ria da Face Foto Colmeia UFMG\" width=\"800\" height=\"663\" srcset=\"https:\/\/www.ufmg.br\/proex\/wp-content\/uploads\/2023\/09\/Feira-de-Economia-Popular-e-Solidaria-da-Face-Foto-Colmeia-UFMG-300x249.jpg 300w, https:\/\/www.ufmg.br\/proex\/wp-content\/uploads\/2023\/09\/Feira-de-Economia-Popular-e-Solidaria-da-Face-Foto-Colmeia-UFMG-1024x849.jpg 1024w, https:\/\/www.ufmg.br\/proex\/wp-content\/uploads\/2023\/09\/Feira-de-Economia-Popular-e-Solidaria-da-Face-Foto-Colmeia-UFMG-768x637.jpg 768w, https:\/\/www.ufmg.br\/proex\/wp-content\/uploads\/2023\/09\/Feira-de-Economia-Popular-e-Solidaria-da-Face-Foto-Colmeia-UFMG.jpg 1029w\" sizes=\"(max-width: 800px) 100vw, 800px\" \/><p id=\"caption-attachment-10382\" class=\"wp-caption-text\">Feira de Economia Popular e Solid\u00e1ria da Face | Foto: Colmeia UFMG<\/p><\/div>\n<p>O grupo Colmeia surgiu em 2014 com o objetivo de construir estrat\u00e9gias de pesquisa e extens\u00e3o em conjunto com os atores da economia popular e solid\u00e1ria de Belo Horizonte e regi\u00e3o metropolitana.<\/p>\n<p>O grupo realiza a Feira de Economia Popular e Solid\u00e1ria, no campus Pampulha. Grupos de produtores associados \u00e0 tem\u00e1tica da economia popular e solid\u00e1ria, da agroecologia, da produ\u00e7\u00e3o org\u00e2nica, do consumo respons\u00e1vel, da reciclagem e do com\u00e9rcio justo exp\u00f5em seus produtos na Universidade.<\/p>\n<p><a href=\"https:\/\/www.instagram.com\/faceacontecer\/\" target=\"_blank\" rel=\"noopener\">FACE Acontecer<\/a><br \/>\n<span class=\"stk-highlight\">Projeto de extens\u00e3o multidisciplinar que oferece <\/span><span style=\"font-weight: 400;\">consultoria gratuita para o Terceiro Setor e neg\u00f3cios sociais<\/span><span class=\"stk-highlight\">. A iniciativa conta com o suporte de professores das \u00e1reas gerenciais, como Administra\u00e7\u00e3o, Contabilidade e Economia. <\/span><span class=\"stk-highlight\">O contato direto com as organiza\u00e7\u00f5es atendidas possibilita que os alunos coloquem em pr\u00e1tica os princ\u00edpios, normas e conceitos aprendidos em sala de aula e tenham uma vis\u00e3o ampla do contexto social, econ\u00f4mico e cultural no qual essas organiza\u00e7\u00f5es est\u00e3o inseridas.<\/span><\/p>\n<p><a href=\"https:\/\/www.instagram.com\/lili.literaturalivre\/\" target=\"_blank\" rel=\"noopener\">Lili &#8211; Literatura Livre<\/a>:<a href=\"https:\/\/www.instagram.com\/lili.literaturalivre\/\" target=\"_blank\" rel=\"noopener\"> Remi\u00e7\u00e3o de Pena por meio da Literatura<\/a><br \/>\nA iniciativa tem como objetivo mediar leituras de escritoras mulheres junto a mulheres privadas de liberdade. Visa-se incentivar reflex\u00f5es e di\u00e1logos e contribuir para a forma\u00e7\u00e3o de novas leitoras e ser uma a\u00e7\u00e3o socioeducativa para a remi\u00e7\u00e3o da pena. Encontros acontecem, mensalmente, \u00e0s quintas-feiras, com mulheres do Centro de Refer\u00eancia \u00e0 Gestante Privada de Liberdade, de Vespasiano, Regi\u00e3o Metropolitana de Belo Horizonte.<\/p>\n<p><a href=\"https:\/\/www.instagram.com\/sentidosdonascer\/\" target=\"_blank\" rel=\"noopener\">Sentidos do Nascer<\/a><br \/>\nExposi\u00e7\u00e3o &#8220;Sentidos do Nascer&#8221; pretende contribuir para uma mudan\u00e7a cultural acerca da percep\u00e7\u00e3o sobre o nascimento no Brasil, incentivando o parto normal para a redu\u00e7\u00e3o da cesariana desnecess\u00e1ria e propondo a amplia\u00e7\u00e3o do debate sobre quest\u00f5es relacionadas ao nascimento, ao bem-estar e aos direitos da mulher e da crian\u00e7a no momento do parto e nascimento.<\/p>\n<p><a href=\"https:\/\/www.instagram.com\/faceduca\/\" target=\"_blank\" rel=\"noopener\">FACE Educa<\/a><br \/>\nO projeto tem a miss\u00e3o de contribuir com a democratiza\u00e7\u00e3o do acesso ao ensino superior no Brasil, preparando jovens e adultos para o Exame Nacional do Ensino M\u00e9dio (Enem). Os professores e monitores s\u00e3o alunos em forma\u00e7\u00e3o e formados pela UFMG na gradua\u00e7\u00e3o ou p\u00f3s-gradua\u00e7\u00e3o. A equipe tem tamb\u00e9m gestores internos distribu\u00eddos nas \u00e1reas pedag\u00f3gica, financeira, de recursos humanos, marketing e parcerias.<\/p>\n<p><a href=\"https:\/\/www.instagram.com\/cfu.ufmg\/\" target=\"_blank\" rel=\"noopener\">Cl\u00ednica Financeira Universit\u00e1ria<\/a><br \/>\nDesenvolvido por alunos da Face, o projeto Cl\u00ednica Financeira Universit\u00e1ria oferece orienta\u00e7\u00e3o financeira de forma direcionada e descomplicada.<\/p>\n<h3><strong>Cursos de extens\u00e3o<\/strong><\/h3>\n<p>&nbsp;<\/p>\n<ul>\n<li>Atualiza\u00e7\u00e3o para a Educa\u00e7\u00e3o Executiva em Contabilidade;<\/li>\n<li>Avalia\u00e7\u00e3o de Pol\u00edticas Sociais na Pr\u00e1tica;<\/li>\n<li>Indicadores Sociais com o uso do Excel: Constru\u00e7\u00e3o, Sele\u00e7\u00e3o e Aplicabilidade;<\/li>\n<li>Elabora\u00e7\u00e3o de Projetos Sociais a Dist\u00e2ncia;<\/li>\n<li>Auditoria Cont\u00e1bil e Gest\u00e3o de Riscos;<\/li>\n<li>An\u00e1lises das Demonstra\u00e7\u00f5es Financeiras;<\/li>\n<li>An\u00e1lise Financeira e de Investimentos;<\/li>\n<li>Contabilidade para n\u00e3o contadores.<\/li>\n<\/ul>\n<p>Confira as ofertas relativas aos cursos no <a href=\"https:\/\/ipead.conveniar.com.br\/Eventos\/\" target=\"_blank\" rel=\"noopener\">site do Ipead\/Face\/UFMG<\/a> ou <a href=\"https:\/\/www.instagram.com\/cecapsufmg\/\" target=\"_blank\" rel=\"noopener\">Instagram do Centro de Capacita\u00e7\u00e3o e Pesquisas em Pol\u00edticas Sociais.<\/a><\/p>\n<p>Conhe\u00e7a mais sobre a extens\u00e3o da Face no <a href=\"https:\/\/www.face.ufmg.br\/extensao\/apresentacao.html\" target=\"_blank\" rel=\"noopener\">site da unidade.<\/a><\/p>\n<p>Acesse tamb\u00e9m o\u00a0<a href=\"https:\/\/sistemas.ufmg.br\/siex\/PrepararPesquisarAcaoExtensao.do?clean=1\" target=\"_blank\" rel=\"noopener\">Siex\/UFMG<\/a> \u2013 Sistema de Informa\u00e7\u00e3o da Extens\u00e3o (utilize os campos de pesquisa para encontrar atividades e informa\u00e7\u00f5es desejadas).<\/p>\n","protected":false},"excerpt":{"rendered":"<p>O Centro de Extens\u00e3o (Cenex) \u00e9 o \u00f3rg\u00e3o colegiado da [&hellip;]<\/p>\n","protected":false},"author":2,"featured_media":0,"parent":0,"menu_order":0,"comment_status":"closed","ping_status":"closed","template":"","meta":[],"tags":[],"_links":{"self":[{"href":"https:\/\/www.ufmg.br\/proex\/wp-json\/wp\/v2\/pages\/10178"}],"collection":[{"href":"https:\/\/www.ufmg.br\/proex\/wp-json\/wp\/v2\/pages"}],"about":[{"href":"https:\/\/www.ufmg.br\/proex\/wp-json\/wp\/v2\/types\/page"}],"author":[{"embeddable":true,"href":"https:\/\/www.ufmg.br\/proex\/wp-json\/wp\/v2\/users\/2"}],"replies":[{"embeddable":true,"href":"https:\/\/www.ufmg.br\/proex\/wp-json\/wp\/v2\/comments?post=10178"}],"version-history":[{"count":53,"href":"https:\/\/www.ufmg.br\/proex\/wp-json\/wp\/v2\/pages\/10178\/revisions"}],"predecessor-version":[{"id":14323,"href":"https:\/\/www.ufmg.br\/proex\/wp-json\/wp\/v2\/pages\/10178\/revisions\/14323"}],"wp:attachment":[{"href":"https:\/\/www.ufmg.br\/proex\/wp-json\/wp\/v2\/media?parent=10178"}],"wp:term":[{"taxonomy":"post_tag","embeddable":true,"href":"https:\/\/www.ufmg.br\/proex\/wp-json\/wp\/v2\/tags?post=10178"}],"curies":[{"name":"wp","href":"https:\/\/api.w.org\/{rel}","templated":true}]}}