{"id":10193,"date":"2023-09-21T10:43:00","date_gmt":"2023-09-21T13:43:00","guid":{"rendered":"https:\/\/www.ufmg.br\/proex\/?page_id=10193"},"modified":"2023-09-21T11:08:32","modified_gmt":"2023-09-21T14:08:32","slug":"cenex-fale","status":"publish","type":"page","link":"https:\/\/www.ufmg.br\/proex\/cenex-fale\/","title":{"rendered":"Cenex FALE"},"content":{"rendered":"<p>O Centro de Extens\u00e3o (Cenex) da Faculdade de Letras (Fale\/UFMG) \u00e9 o \u00f3rg\u00e3o colegiado da unidade respons\u00e1vel pelo apoio a assuntos referentes \u00e0s atividades de extens\u00e3o universit\u00e1ria.<\/p>\n<p>A extens\u00e3o da Fale \u00e9 tradicionalmente referenciada na oferta de cursos de idiomas, revis\u00e3o de textos, exames de profici\u00eancia, apresenta\u00e7\u00f5es teatrais, entre outras atividades.<\/p>\n<h3><strong>Cursos de extens\u00e3o<\/strong><\/h3>\n<p><strong><br \/>\nModalidades<\/strong><\/p>\n<ul>\n<li><u>Presencial<\/u><br \/>\nEssa modalidade \u00e9 aberta \u00e0 participa\u00e7\u00e3o de todos (professor e alunos), de forma presencial, nos dias e hor\u00e1rios das turmas;<\/li>\n<li><u>Virtuais S\u00edncronos<\/u><strong><br \/>\n<\/strong>Nesta modalidade, temos a participa\u00e7\u00e3o de todos (professor e alunos), em tempo real, nos dias e hor\u00e1rios da turma. As aulas acontecem em uma plataforma eletr\u00f4nica de confer\u00eancia, com a utiliza\u00e7\u00e3o complementar de recursos extras para o trabalho pedag\u00f3gico.<\/li>\n<li><u>On-line Ass\u00edncronos<\/u><br \/>\nCursos criados para oferecer ao aluno a autonomia para escolher os melhores dias e hor\u00e1rios para se dedicar ao estudo da l\u00edngua. Com conte\u00fado pr\u00f3prio, criado por professores da Faculdade de Letras da UFMG, os cursos apresentam trilhas de aprendizagem com atividades baseadas em textos multim\u00eddia aut\u00eanticos (orais e escritos), articulando as quatro habilidades da l\u00edngua. As atividades de compreens\u00e3o t\u00eam feedback autom\u00e1tico e o pr\u00f3prio sistema checa as respostas e apresenta orienta\u00e7\u00f5es. Outras atividades, que demandam a produ\u00e7\u00e3o escrita e oral, s\u00e3o avaliadas por um tutor, que tamb\u00e9m \u00e9 respons\u00e1vel por acompanhar o aluno ao longo do semestre letivo. Os cursos nessa modalidade s\u00e3o oferecidos em um ambiente virtual pr\u00f3prio e o aluno pode contar com suporte t\u00e9cnico quando necess\u00e1rio. Vale destacar que, para fins avaliativos, embora o estudante tenha flexibilidade para escolher o momento de estudo, as atividades de cada unidade devem ser conclu\u00eddas e finalizadas de acordo com o cronograma apresentado no in\u00edcio do curso.<\/li>\n<\/ul>\n<p><strong>L\u00ednguas modernas<\/strong><\/p>\n<ul>\n<li>Alem\u00e3o;<\/li>\n<li>Espanhol;<\/li>\n<li>Franc\u00eas;<\/li>\n<li>Ingl\u00eas;<\/li>\n<li>Italiano;<\/li>\n<li>Portugu\u00eas para estrangeiros.<\/li>\n<\/ul>\n<p><strong>L\u00ednguas cl\u00e1ssicas<\/strong><\/p>\n<ul>\n<li>Grego;<\/li>\n<li>Latim<\/li>\n<\/ul>\n<p><strong>Cursos especiais<\/strong><\/p>\n<ul>\n<li>Libras;<\/li>\n<li>Portugu\u00eas;<\/li>\n<li>Recep\u00e7\u00e3o Teatral e Estudos do Espet\u00e1culo;<\/li>\n<li>Russo.<\/li>\n<\/ul>\n<p><strong>Instituto Conf\u00facio<\/strong><\/p>\n<ul>\n<li>Mandarim<\/li>\n<\/ul>\n<h3><strong>Exames de Profici\u00eancia<\/strong><\/h3>\n<p>&nbsp;<\/p>\n<ul>\n<li><a href=\"https:\/\/cenex.letras.ufmg.br\/2-uncategorised\/6-exames-de-proficiencia-em-lingua-estrangeira-para-processos-seletivos-de-programas-de-pos-graduacao\" target=\"_blank\" rel=\"noopener\">Exames de Profici\u00eancia em L\u00edngua Estrangeira para Processos Seletivos de Programas de P\u00f3s-Gradua\u00e7\u00e3o<\/a><\/li>\n<li><a href=\"https:\/\/cenex.letras.ufmg.br\/2-uncategorised\/7-exames-de-proficiencia-em-lingua-estrangeira-para-programas-de-mobilidade-internacional\" target=\"_blank\" rel=\"noopener\">Exames de Profici\u00eancia em L\u00edngua Estrangeira para Programas de Mobilidade Internacional\u00a0(intercambio)<\/a><\/li>\n<\/ul>\n<h3><strong>Tradu\u00e7\u00e3o, Revis\u00e3o, Vers\u00e3o e Transcri\u00e7\u00e3o<\/strong><\/h3>\n<p>&nbsp;<\/p>\n<p>O CENEX\/FALE oferece ainda a tradu\u00e7\u00e3o e vers\u00e3o de documentos para alunos da UFMG e para o p\u00fablico externo. Al\u00e9m disso, presta os servi\u00e7os de revis\u00e3o ortogr\u00e1fica e gramatical, revis\u00e3o de coer\u00eancia e formata\u00e7\u00e3o de textos acad\u00eamico-cient\u00edficos, textos liter\u00e1rios. Para saber mais informa\u00e7\u00f5es, envie e-mail para <a href=\"mailto:traducaocenexfale@gmail.com\" target=\"_blank\" rel=\"noopener\">traducaocenexfale@gmail.com<\/a><\/p>\n<h3><strong>Programas de extens\u00e3o de destaque<\/strong><\/h3>\n<p>&nbsp;<\/p>\n<p><a href=\"https:\/\/contosdemitologia.wordpress.com\/\" target=\"_blank\" rel=\"noopener\">Letras e Textos em A\u00e7\u00e3o<\/a><br \/>\nObjetivo: proporcionar \u00e0 comunidade em geral atividades para uma educa\u00e7\u00e3o continuada nas \u00e1reas de letras (literatura oral, ret\u00f3rica, argumenta\u00e7\u00e3o) filosofia (mitologia, \u00e9tica e moral), teatro (performance, improvisa\u00e7\u00e3o e dramaturgia), m\u00fasica e dan\u00e7a, promovendo um interc\u00e2mbio eficaz e pr\u00e1tico entre as \u00e1reas mencionadas, e oferecendo produtos culturais e art\u00edsticos acess\u00edveis \u00e0 popula\u00e7\u00e3o da Grande BH.<\/p>\n<p><a href=\"http:\/\/www.letras.ufmg.br\/interfaces\/\" target=\"_blank\" rel=\"noopener\">Interfaces da Forma\u00e7\u00e3o em L\u00ednguas Estrangeiras<\/a><br \/>\nObjetivo: oferecer oportunidades de forma\u00e7\u00e3o continuada e forma\u00e7\u00e3o inicial; contribuir para um maior envolvimento dos graduandos em Letras e p\u00f3s-graduandos em Estudos Lingu\u00edsticos com a realidade educacional fora dos muros da universidade; manter o v\u00ednculo universidade\/sociedade, para o fomento e a atualiza\u00e7\u00e3o dos objetivos de forma\u00e7\u00e3o da pr\u00f3pria universidade.<\/p>\n<p><a href=\"https:\/\/www.institutoconfucio.ufmg.br\/\" target=\"_blank\" rel=\"noopener\">Programa de Ensino de L\u00edngua e Cultura Chinesa<\/a><br \/>\nObjetivo: contribuir para a promo\u00e7\u00e3o do mandarim e da cultura chinesa no Brasil, bem como para parcerias cient\u00edficas entre Brasil e China.<\/p>\n<p><a href=\"https:\/\/www.instagram.com\/mirante.programa\/\" target=\"_blank\" rel=\"noopener\">Mirante: recep\u00e7\u00e3o e expecta\u00e7\u00e3o teatral<br \/>\n<\/a>Objetivo: contribuir para a forma\u00e7\u00e3o e qualifica\u00e7\u00e3o de plateias para as artes c\u00eanicas; Colaborar para tornar o acesso ao teatro e a percep\u00e7\u00e3o das linguagens teatrais a\u00e7\u00f5es democr\u00e1ticas; Realizar atividades de media\u00e7\u00e3o teatral dentro e fora da UFMG; Estimular a reflex\u00e3o coletiva sobre espet\u00e1culos criados no \u00e2mbito da UFMG, Belo Horizonte e outras localidades; Capacitar discentes da UFMG para a atividades de cr\u00edtica e media\u00e7\u00e3o teatral; Contribuir com a produ\u00e7\u00e3o e circula\u00e7\u00e3o de pensamento cr\u00edtico no contexto da frui\u00e7\u00e3o art\u00edstica; Forjar um espa\u00e7o comunit\u00e1rio para a reflex\u00e3o livre e coletiva sobre o teatro; Favorecer o encontro e a comunica\u00e7\u00e3o direta entre espectadores e artistas; Estimular o desenvolvimento e aprofundamento de pesquisas e debates vinculados aos campos da media\u00e7\u00e3o, recep\u00e7\u00e3o e cr\u00edtica em \u00e2mbito brasileiro.<\/p>\n<p>Outras informa\u00e7\u00f5es sobre a extens\u00e3o da Faculdade de Letras podem ser encontradas no <a href=\"https:\/\/cenex.letras.ufmg.br\/\" target=\"_blank\" rel=\"noopener\">site da unidade<\/a> e <a href=\"https:\/\/www.instagram.com\/cenexfale\/\" target=\"_blank\" rel=\"noopener\">redes sociais.<\/a><\/p>\n<p>Acesse tamb\u00e9m o <a href=\"https:\/\/sistemas.ufmg.br\/siex\/PrepararPesquisarAcaoExtensao.do?clean=1\" target=\"_blank\" rel=\"noopener\">Siex\/UFMG<\/a> \u2013 Sistema de Informa\u00e7\u00e3o da Extens\u00e3o\u00a0 (utilize os campos de pesquisa para encontrar atividades e informa\u00e7\u00f5es desejadas).<\/p>\n<p>&nbsp;<\/p>\n<p>&nbsp;<\/p>\n","protected":false},"excerpt":{"rendered":"<p>O Centro de Extens\u00e3o (Cenex) da Faculdade de Letras (Fale\/UFMG) [&hellip;]<\/p>\n","protected":false},"author":2,"featured_media":0,"parent":0,"menu_order":0,"comment_status":"closed","ping_status":"closed","template":"","meta":[],"tags":[767,769,23],"_links":{"self":[{"href":"https:\/\/www.ufmg.br\/proex\/wp-json\/wp\/v2\/pages\/10193"}],"collection":[{"href":"https:\/\/www.ufmg.br\/proex\/wp-json\/wp\/v2\/pages"}],"about":[{"href":"https:\/\/www.ufmg.br\/proex\/wp-json\/wp\/v2\/types\/page"}],"author":[{"embeddable":true,"href":"https:\/\/www.ufmg.br\/proex\/wp-json\/wp\/v2\/users\/2"}],"replies":[{"embeddable":true,"href":"https:\/\/www.ufmg.br\/proex\/wp-json\/wp\/v2\/comments?post=10193"}],"version-history":[{"count":33,"href":"https:\/\/www.ufmg.br\/proex\/wp-json\/wp\/v2\/pages\/10193\/revisions"}],"predecessor-version":[{"id":10344,"href":"https:\/\/www.ufmg.br\/proex\/wp-json\/wp\/v2\/pages\/10193\/revisions\/10344"}],"wp:attachment":[{"href":"https:\/\/www.ufmg.br\/proex\/wp-json\/wp\/v2\/media?parent=10193"}],"wp:term":[{"taxonomy":"post_tag","embeddable":true,"href":"https:\/\/www.ufmg.br\/proex\/wp-json\/wp\/v2\/tags?post=10193"}],"curies":[{"name":"wp","href":"https:\/\/api.w.org\/{rel}","templated":true}]}}