{"id":10202,"date":"2023-09-21T16:35:14","date_gmt":"2023-09-21T19:35:14","guid":{"rendered":"https:\/\/www.ufmg.br\/proex\/?page_id=10202"},"modified":"2023-09-22T07:26:04","modified_gmt":"2023-09-22T10:26:04","slug":"cenex-eeffto","status":"publish","type":"page","link":"https:\/\/www.ufmg.br\/proex\/cenex-eeffto\/","title":{"rendered":"Cenex EEFFTO"},"content":{"rendered":"<p>O Centro de Extens\u00e3o (Cenex) \u00e9 o \u00f3rg\u00e3o colegiado da Escola de Educa\u00e7\u00e3o F\u00edsica, Fisioterapia e Terapia Ocupacional (EEFFTO\/UFMG) respons\u00e1vel pelo apoio e gest\u00e3o das atividades de extens\u00e3o universit\u00e1ria na unidade.<\/p>\n<p>Atividades de dan\u00e7as, gin\u00e1sticas, nata\u00e7\u00e3o, muscula\u00e7\u00e3o e hidrogin\u00e1stica est\u00e3o entre as mais procuradas pela comunidade interna e externa. As modalidades s\u00e3o acess\u00edveis a todos aqueles que tenham interesse em pratic\u00e1-las.<\/p>\n<p><a href=\"http:\/\/envelhecimentoativoufmg.com.br\/\" target=\"_blank\" rel=\"noopener\">Programa Envelhecimento Ativo<\/a><br \/>\nEsse programa atende ao p\u00fablico acima de 45 anos nos espa\u00e7os da Escola e da Assufemg, no campus Pampulha, e da Igreja Batista do bairro Barro Preto. S\u00e3o oferecidas atividades como<\/p>\n<ul>\n<li>Dan\u00e7as;<\/li>\n<li>Gin\u00e1sticas;<\/li>\n<li>Nata\u00e7\u00e3o;<\/li>\n<li>Hidrogin\u00e1stica; e<\/li>\n<li>Atividades para mem\u00f3ria.<\/li>\n<\/ul>\n<p>O programa Envelhecimento Ativo \u00e9 tamb\u00e9m espa\u00e7o de ensino e pesquisa, apoiando, por exemplo, atividades de estudantes de gradua\u00e7\u00e3o e p\u00f3s-gradua\u00e7\u00e3o. A iniciativa oferece est\u00e1gios para alunos da UFMG e de universidades parceiras.<\/p>\n<p><strong>Pilates UFMG\u00a0<\/strong><br \/>\nO projeto combina metodologias tradicionais com metodologias mais modernas para melhorar o bem-estar f\u00edsico e mental. S\u00e3o ofertadas duas modalidades: Pilates Solo e Pilates em Aparelhos. Entre no <a href=\"https:\/\/www.pilatesufmg.com\/\" target=\"_blank\" rel=\"noopener\">site do projeto<\/a> para se informar sobre formas de matr\u00edcula, hor\u00e1rio de aulas e outras informa\u00e7\u00f5es.<\/p>\n<p><strong>Gin\u00e1stica Art\u00edstica<br \/>\n<\/strong>Podem participar crian\u00e7as, jovens e adultos da comunidade em geral na faixa et\u00e1ria a partir de quatro anos de ambos os sexos. Os interessados podem se inscrever nos per\u00edodos da <a href=\"http:\/\/projetos2.eeffto.ufmg.br\/cenex\/extensao\/atividades-fisicas\/artistica\/gacompetitiva\/\" target=\"_blank\" rel=\"noopener\">manh\u00e3 <\/a>ou <a href=\"http:\/\/projetos2.eeffto.ufmg.br\/cenex\/extensao\/atividades-fisicas\/artistica\/ginastica-artistica-ivana-montandon\/\" target=\"_blank\" rel=\"noopener\">tarde e noite.\u00a0<\/a><\/p>\n<p><strong>Muscula\u00e7\u00e3o<br \/>\n<\/strong>As vagas s\u00e3o abertas todo dia 1\u00ba\u00a0 dia \u00fatil de cada m\u00eas, \u00e0s 8 horas da manh\u00e3, e s\u00e3o limitadas. A inscri\u00e7\u00e3o \u00e9 feita neste <a href=\"http:\/\/conveniar.fepmvz.com.br\/eventos\/Forms\/Servicos\/EventoDados.aspx?action=780\" target=\"_blank\" rel=\"noopener\">site.<\/a><strong><br \/>\n<\/strong><\/p>\n<p>Conhe\u00e7a <a href=\"http:\/\/projetos2.eeffto.ufmg.br\/cenex\/extensao\/atividades-fisicas\/\" target=\"_blank\" rel=\"noopener\">outras atividades f\u00edsicas<\/a> oferecidas pela EEFFTO.<\/p>\n<p>Visite tamb\u00e9m o\u00a0<a href=\"https:\/\/sistemas.ufmg.br\/siex\/PrepararPesquisarAcaoExtensao.do?clean=1\" target=\"_blank\" rel=\"noopener\">Siex<\/a> \u2013 Sistema de Informa\u00e7\u00e3o da Extens\u00e3o da UFMG (utilize os campos de pesquisa para encontrar informa\u00e7\u00f5es desejadas).<\/p>\n<p>&nbsp;<\/p>\n<p>&nbsp;<\/p>\n","protected":false},"excerpt":{"rendered":"<p>O Centro de Extens\u00e3o (Cenex) \u00e9 o \u00f3rg\u00e3o colegiado da [&hellip;]<\/p>\n","protected":false},"author":2,"featured_media":0,"parent":0,"menu_order":0,"comment_status":"closed","ping_status":"closed","template":"","meta":[],"tags":[771,23],"_links":{"self":[{"href":"https:\/\/www.ufmg.br\/proex\/wp-json\/wp\/v2\/pages\/10202"}],"collection":[{"href":"https:\/\/www.ufmg.br\/proex\/wp-json\/wp\/v2\/pages"}],"about":[{"href":"https:\/\/www.ufmg.br\/proex\/wp-json\/wp\/v2\/types\/page"}],"author":[{"embeddable":true,"href":"https:\/\/www.ufmg.br\/proex\/wp-json\/wp\/v2\/users\/2"}],"replies":[{"embeddable":true,"href":"https:\/\/www.ufmg.br\/proex\/wp-json\/wp\/v2\/comments?post=10202"}],"version-history":[{"count":30,"href":"https:\/\/www.ufmg.br\/proex\/wp-json\/wp\/v2\/pages\/10202\/revisions"}],"predecessor-version":[{"id":10451,"href":"https:\/\/www.ufmg.br\/proex\/wp-json\/wp\/v2\/pages\/10202\/revisions\/10451"}],"wp:attachment":[{"href":"https:\/\/www.ufmg.br\/proex\/wp-json\/wp\/v2\/media?parent=10202"}],"wp:term":[{"taxonomy":"post_tag","embeddable":true,"href":"https:\/\/www.ufmg.br\/proex\/wp-json\/wp\/v2\/tags?post=10202"}],"curies":[{"name":"wp","href":"https:\/\/api.w.org\/{rel}","templated":true}]}}