{"id":10213,"date":"2023-11-03T14:02:13","date_gmt":"2023-11-03T17:02:13","guid":{"rendered":"https:\/\/www.ufmg.br\/proex\/?page_id=10213"},"modified":"2023-11-03T15:13:50","modified_gmt":"2023-11-03T18:13:50","slug":"cenex-icb","status":"publish","type":"page","link":"https:\/\/www.ufmg.br\/proex\/cenex-icb\/","title":{"rendered":"Cenex ICB"},"content":{"rendered":"<p>O Centro de Extens\u00e3o (Cenex) \u00e9 o \u00f3rg\u00e3o colegiado do Instituto de Ci\u00eancias Biol\u00f3gicas (ICB\/UFMG) respons\u00e1vel pelo apoio a assuntos referentes \u00e0s atividades de extens\u00e3o universit\u00e1ria na unidade.<\/p>\n<p>Vinculado \u00e0 diretoria do Instituto, o Cenex\/ICB foi fundado em 12 de maio de 1980. Em 2020, tornou-se \u00f3rg\u00e3o colegiado de gest\u00e3o acad\u00eamica e administrativa ap\u00f3s a publica\u00e7\u00e3o da Resolu\u00e7\u00e3o Complementar n\u00ba 05\/2020 e da Resolu\u00e7\u00e3o Complementar n\u00ba 06\/2020. A resolu\u00e7\u00e3o com a nova composi\u00e7\u00e3o do Cenex\/ICB foi aprovada pela Congrega\u00e7\u00e3o da unidade em 06 de agosto de 2021.<\/p>\n<p>O \u00f3rg\u00e3o atua como um elemento articulador entre o ICB e a Pr\u00f3-reitoria de Extens\u00e3o (Proex) e conta com a seguinte estrutura: secretaria, coordena\u00e7\u00e3o e colegiado integrado por representantes docentes de todos os departamentos, t\u00e9cnicos e discentes.<\/p>\n<p>Confira compet\u00eancias e atribui\u00e7\u00f5es no <a href=\"https:\/\/www.icb.ufmg.br\/images\/CENEX\/Regulamento-do-CENEX-ICB-atualizado-21-01-2022.pdf\" target=\"_blank\" rel=\"noopener\">Regulamento do Centro de Extens\u00e3o do Instituto de Ci\u00eancias Biol\u00f3gicas.<\/a><\/p>\n<p><strong>Atividades\u00a0<\/strong><\/p>\n<p>Atualmente, todos os departamentos do ICB est\u00e3o envolvidos em atividades extensionistas em \u00e1reas como sa\u00fade, veterin\u00e1ria, biologia, divulga\u00e7\u00e3o cient\u00edfica e outras.<\/p>\n<p>Um das atividades \u00e9 o projeto <em>Uso do pequi Caryocar brasiliense como alternativa de renda para a comunidade remanescente do Quilombo de Pontinha \u2013 Paraopeba \u2013 Minas Gerais<\/em>. Entre as distin\u00e7\u00f5es recebidas por esse projeto, est\u00e1 o pr\u00eamio de <em>Destaque de Extens\u00e3o<\/em> no 25\u00ba Encontro de Extens\u00e3o na Semana do Conhecimento de 2022.<\/p>\n<div class=\"video-container\"><iframe loading=\"lazy\" title=\"Projeto Minhocu\u00e7u &amp; Projeto Pequi\" width=\"500\" height=\"281\" src=\"https:\/\/www.youtube.com\/embed\/cPEC88zOTIA?feature=oembed\" frameborder=\"0\" allow=\"accelerometer; autoplay; clipboard-write; encrypted-media; gyroscope; picture-in-picture; web-share\" allowfullscreen><\/iframe><\/div>\n<p>A participa\u00e7\u00e3o crescente dos professores em extens\u00e3o universit\u00e1ria vem indicando um caminho promissor para a dimens\u00e3o acad\u00eamica dentro do ICB, cujas atividades t\u00eam sido contempladas com muitas bolsas em editais de fomento da Proex e financiamentos externos. As oportunidades de bolsas s\u00e3o divulgadas no <a href=\"https:\/\/www.icb.ufmg.br\/extensao\/edital-extensao\/oportunidades-de-bolsa-de-extensao-pbext\" target=\"_blank\" rel=\"noopener\">site do Instituto<\/a> e <a href=\"https:\/\/www.instagram.com\/cenex.icb.ufmg\/\" target=\"_blank\" rel=\"noopener\">Instagram<\/a>.<\/p>\n<p>As iniciativas de extens\u00e3o do ICB est\u00e3o registradas no <a href=\"https:\/\/sistemas.ufmg.br\/siex\/PrincipalVisitante.do\" target=\"_blank\" rel=\"noopener\">Sistema de Informa\u00e7\u00e3o de Extens\u00e3o (SIEX\/UFMG<\/a>), por meio do qual os (as) interessados (as) podem conhecer todas as atividades desenvolvidas (utilize os campos de pesquisa da plataforma para encontrar informa\u00e7\u00f5es desejadas).<\/p>\n<p>Outras informa\u00e7\u00f5es sobre a extens\u00e3o da unidade podem ser encontradas nesta <a href=\"https:\/\/www.icb.ufmg.br\/extensao\/cenex\" target=\"_blank\" rel=\"noopener\">p\u00e1gina<\/a>.<\/p>\n<p>&nbsp;<\/p>\n<p>&nbsp;<\/p>\n","protected":false},"excerpt":{"rendered":"<p>O Centro de Extens\u00e3o (Cenex) \u00e9 o \u00f3rg\u00e3o colegiado do [&hellip;]<\/p>\n","protected":false},"author":2,"featured_media":0,"parent":0,"menu_order":0,"comment_status":"closed","ping_status":"closed","template":"","meta":[],"tags":[773,23],"_links":{"self":[{"href":"https:\/\/www.ufmg.br\/proex\/wp-json\/wp\/v2\/pages\/10213"}],"collection":[{"href":"https:\/\/www.ufmg.br\/proex\/wp-json\/wp\/v2\/pages"}],"about":[{"href":"https:\/\/www.ufmg.br\/proex\/wp-json\/wp\/v2\/types\/page"}],"author":[{"embeddable":true,"href":"https:\/\/www.ufmg.br\/proex\/wp-json\/wp\/v2\/users\/2"}],"replies":[{"embeddable":true,"href":"https:\/\/www.ufmg.br\/proex\/wp-json\/wp\/v2\/comments?post=10213"}],"version-history":[{"count":45,"href":"https:\/\/www.ufmg.br\/proex\/wp-json\/wp\/v2\/pages\/10213\/revisions"}],"predecessor-version":[{"id":10842,"href":"https:\/\/www.ufmg.br\/proex\/wp-json\/wp\/v2\/pages\/10213\/revisions\/10842"}],"wp:attachment":[{"href":"https:\/\/www.ufmg.br\/proex\/wp-json\/wp\/v2\/media?parent=10213"}],"wp:term":[{"taxonomy":"post_tag","embeddable":true,"href":"https:\/\/www.ufmg.br\/proex\/wp-json\/wp\/v2\/tags?post=10213"}],"curies":[{"name":"wp","href":"https:\/\/api.w.org\/{rel}","templated":true}]}}