{"id":10569,"date":"2023-11-14T14:28:27","date_gmt":"2023-11-14T17:28:27","guid":{"rendered":"https:\/\/www.ufmg.br\/proex\/?page_id=10569"},"modified":"2025-01-30T11:39:22","modified_gmt":"2025-01-30T14:39:22","slug":"cenex-medicina","status":"publish","type":"page","link":"https:\/\/www.ufmg.br\/proex\/cenex-medicina\/","title":{"rendered":"Cenex Medicina"},"content":{"rendered":"<p>Em 20 de maio de 1976, foi aprovado, pela Congrega\u00e7\u00e3o da Faculdade de Medicina da UFMG, o projeto de autoria dos professores Cl\u00f3vis Salgado e Ant\u00f4nio Dilson Lemos Fernandes que criou o Centro de Extens\u00e3o da unidade (Cefamed) e disciplinou seu funcionamento.<\/p>\n<p>Atualmente, como \u00f3rg\u00e3o colegiado, o Centro de Extens\u00e3o da Medicina possui um Regimento interno aprovado, em 2021, pela Congrega\u00e7\u00e3o (<a href=\"https:\/\/www.medicina.ufmg.br\/wp-content\/uploads\/sites\/7\/2021\/03\/RESOLU%C3%87%C3%83O-N%C2%BA-2-2021-Regimento-Interno-CENEX-04-03-2021.pdf\" target=\"_blank\" rel=\"noopener\">Resolu\u00e7\u00e3o 2, de 3 de mar\u00e7o de 2021<\/a>).<\/p>\n<p>A Faculdade de Medicina \u00e9 a unidade que possui o maior n\u00famero de atividades de extens\u00e3o da Universidade. Essas a\u00e7\u00f5es contam com a participa\u00e7\u00e3o m\u00e9dia de 1.500 estudantes de gradua\u00e7\u00e3o e p\u00f3s-gradua\u00e7\u00e3o, sendo 90% volunt\u00e1rios e 10% bolsistas.<\/p>\n<p>Em m\u00e9dia, todos anos, participam das atividades 400 docentes e 80 servidores t\u00e9cnico-administrativos, de acordo com dados do Siex\/UFMG (Sistema de Informa\u00e7\u00e3o da Extens\u00e3o).<\/p>\n<p>Conhe\u00e7a algumas atividades.<\/p>\n<h3><strong>Programas\u00a0<\/strong><\/h3>\n<p>&nbsp;<\/p>\n<p><a href=\"https:\/\/www.medicina.ufmg.br\/observaped\/\" target=\"_blank\" rel=\"noopener\">ObservaPED &#8211; <span style=\"font-weight: 400;\">Observat\u00f3rio da Sa\u00fade da Crian\u00e7a e do Adolescente<\/span><\/a><\/p>\n<p><a href=\"https:\/\/www.nupad.medicina.ufmg.br\/programa-e-acoes\/programa-de-triagem-neonatal-de-minas-gerais\/\" target=\"_blank\" rel=\"noopener\">Programa Amplia\u00e7\u00e3o da Triagem Neonatal Biol\u00f3gica para Dist\u00farbios Gen\u00e9ticos e Cong\u00eanitos com Monitoramento do Cuidado<\/a><\/p>\n<p><a href=\"https:\/\/www.instagram.com\/proepsi_ufmg\/\" target=\"_blank\" rel=\"noopener\">Programa de Extens\u00e3o em Psiquiatria e Psicologia de Idosos<\/a><\/p>\n<p><a href=\"https:\/\/www.instagram.com\/lupusufmg\/\" target=\"_blank\" rel=\"noopener\">Programa de Atendimento de Pacientes com L\u00fapus Eritematoso Sist\u00eamico e Seus Familiares<\/a><\/p>\n<p><a href=\"https:\/\/cogneuroufmg.org\/pt\/pagina-inicial\/\" target=\"_blank\" rel=\"noopener\">Programa de Atendimento a Pacientes com Comprometimento Cognitivo e Comportamental no Ambulat\u00f3rio de Neurologia Cognitiva do Hospital das Cl\u00ednicas da UFMG<\/a><\/p>\n<p><a href=\"https:\/\/manuelzao.ufmg.br\/\" target=\"_blank\" rel=\"noopener\">Programa Manuelz\u00e3o<\/a><\/p>\n<p><a href=\"https:\/\/www.instagram.com\/diabetesjuvenilufmg\/\" target=\"_blank\" rel=\"noopener\">Programa de Assist\u00eancia Ambulatorial \u00e0s Crian\u00e7as e Adolescentes Diab\u00e9ticos do Hospital Das Cl\u00ednicas da UFMG (Paacad)<\/a><\/p>\n<p><a href=\"https:\/\/www.instagram.com\/liascufmg\/?hl=pt\" target=\"_blank\" rel=\"noopener\">Programa de A\u00e7\u00f5es de Extens\u00e3o da Liga Acad\u00eamica de Sa\u00fade Coletiva UFMG (Liasc-UFMG)<\/a><\/p>\n<p><a href=\"https:\/\/crr.medicina.ufmg.br\/\" target=\"_blank\" rel=\"noopener\">Programa Centro Regional de Refer\u00eancia para Forma\u00e7\u00e3o Permanente de Profissionais Ligados a Assist\u00eancia de Familiares e Usu\u00e1rios de Crack e Outras Drogas<\/a><\/p>\n<p><a href=\"https:\/\/observavoz.medicina.ufmg.br\/\" target=\"_blank\" rel=\"noopener\">Programa Voz para Todos<\/a><\/p>\n<p><a href=\"https:\/\/www.instagram.com\/unidospelalibras.ufmg\/?hl=pt\" target=\"_blank\" rel=\"noopener\">Programa Audi\u00e7\u00e3o em Foco<\/a><\/p>\n<p><a href=\"https:\/\/www.instagram.com\/gastropedufmg\/?hl=pt\" target=\"_blank\" rel=\"noopener\">Programa Aten\u00e7\u00e3o Integral \u00e0 Sa\u00fade de Crian\u00e7as e Adolescentes com Dist\u00farbios Gastrointestinais<\/a><\/p>\n<p><a href=\"https:\/\/www.instagram.com\/janeladaescuta\" target=\"_blank\" rel=\"noopener\">Programa Janela da Escuta<\/a><\/p>\n<p><a href=\"https:\/\/sistemas.ufmg.br\/siex\/VerIdentificacao.do?id=85873&amp;tipo=Programa\" target=\"_blank\" rel=\"noopener\">Programa &#8211; Inform\u00e1tica e Sa\u00fade<\/a><\/p>\n<h3><strong>Projetos<\/strong><\/h3>\n<p>&nbsp;<\/p>\n<p><a href=\"https:\/\/www.instagram.com\/bexigaped\/\" target=\"_blank\" rel=\"noopener\">Programa Organiza\u00e7\u00e3o de Centro de Refer\u00eancia para Informa\u00e7\u00e3o e Atendimento das Disfun\u00e7\u00f5es do Trato Urin\u00e1rio Inferior na Inf\u00e2ncia e Adolesc\u00eancia\u00a0.<\/a><\/p>\n<p><a href=\"https:\/\/www.instagram.com\/laf.ufmg?igshid=YmMyMTA2M2Y\" target=\"_blank\" rel=\"noopener\">Projeto A\u00e7\u00e3o de Extens\u00e3o de Feridas da UFMG<\/a><\/p>\n<p><a href=\"https:\/\/www.instagram.com\/encantarte\/?hl=pt\" target=\"_blank\" rel=\"noopener\">Encantarte<\/a><\/p>\n<p><a href=\"https:\/\/www.instagram.com\/ensinodermatologia\/?hl=pt\" target=\"_blank\" rel=\"noopener\">Ensino de Dermatologia Atrav\u00e9s da Plataforma Instagram<\/a><\/p>\n<p><a href=\"https:\/\/www.medicina.ufmg.br\/nucleops\/\" target=\"_blank\" rel=\"noopener\">Aten\u00e7\u00e3o \u00e0 Mulher em Situa\u00e7\u00e3o de Viol\u00eancia: Parceria Entre o \u201cPrograma Para Elas, Por Elas, Por Eles, Por N\u00f3s\u201d e a Secretaria Municipal de Seguran\u00e7a P\u00fablica de Belo Horizonte.<\/a><\/p>\n<h3><strong>Cursos<\/strong><\/h3>\n<p>&nbsp;<\/p>\n<p>A Faculdade de Medicina oferta cursos de extens\u00e3o pagos e gratuitos. As forma\u00e7\u00f5es s\u00e3o voltadas \u00e0 participa\u00e7\u00e3o da comunidade externa e interna da UFMG. Cada uma delas possui datas de inscri\u00e7\u00e3o e de realiza\u00e7\u00e3o diferentes.<\/p>\n<p>Alguns cursos oferecidos:<\/p>\n<ul>\n<li><span style=\"font-weight: 400;\">Curso de Aperfei\u00e7oamento: Cuidado Paliativo em Aten\u00e7\u00e3o Domiciliar<\/span><\/li>\n<li><span style=\"font-weight: 400;\">Curso de Aperfei\u00e7oamento em Psicologia M\u00e9dica<\/span><\/li>\n<li><span style=\"font-weight: 400;\"><a href=\"https:\/\/www.instagram.com\/tanatoufmg\/\" target=\"_blank\" rel=\"noopener\">Curso Tanatopraxia:<\/a> Bases Anatomofisiol\u00f3gicas das T\u00e9cnicas para Conserva\u00e7\u00e3o do Cad\u00e1ver 2.0<\/span><\/li>\n<li><span style=\"font-weight: 400;\">Curso de Atualiza\u00e7\u00e3o na Cl\u00ednica Da Anorexia e da Bulimia<\/span><\/li>\n<li><span style=\"font-weight: 400;\">Curso Modulares de Capacita\u00e7\u00e3o em Simula\u00e7\u00e3o Em Sa\u00fade<\/span><\/li>\n<li><span style=\"font-weight: 400;\">Curso Sa\u00fade Mental e Trabalho<\/span><\/li>\n<\/ul>\n<p>Outras informa\u00e7\u00f5es sobre a extens\u00e3o desenvolvida pela Faculdade de Medicina podem ser encontradas no <a href=\"https:\/\/www.medicina.ufmg.br\/cenex\/\" target=\"_blank\" rel=\"noopener\">site<\/a> e <a href=\"https:\/\/www.instagram.com\/facmedicinaufmg\/\" target=\"_blank\" rel=\"noopener\">redes sociais.<\/a><\/p>\n<p>Veja tamb\u00e9m as atividades da Medicina registradas no <a href=\"https:\/\/sistemas.ufmg.br\/siex\/PrepararPesquisarAcaoExtensao.do?clean=1\" target=\"_blank\" rel=\"noopener\">Siex\/UFMG<\/a> \u2013 utilize os campos de pesquisa para encontrar atividades e informa\u00e7\u00f5es desejadas.<\/p>\n<p>&nbsp;<\/p>\n<p>&nbsp;<\/p>\n<p>&nbsp;<\/p>\n<p>&nbsp;<\/p>\n<p>&nbsp;<\/p>\n","protected":false},"excerpt":{"rendered":"<p>Em 20 de maio de 1976, foi aprovado, pela Congrega\u00e7\u00e3o [&hellip;]<\/p>\n","protected":false},"author":2,"featured_media":0,"parent":0,"menu_order":0,"comment_status":"closed","ping_status":"closed","template":"","meta":[],"tags":[785,783,23,781],"_links":{"self":[{"href":"https:\/\/www.ufmg.br\/proex\/wp-json\/wp\/v2\/pages\/10569"}],"collection":[{"href":"https:\/\/www.ufmg.br\/proex\/wp-json\/wp\/v2\/pages"}],"about":[{"href":"https:\/\/www.ufmg.br\/proex\/wp-json\/wp\/v2\/types\/page"}],"author":[{"embeddable":true,"href":"https:\/\/www.ufmg.br\/proex\/wp-json\/wp\/v2\/users\/2"}],"replies":[{"embeddable":true,"href":"https:\/\/www.ufmg.br\/proex\/wp-json\/wp\/v2\/comments?post=10569"}],"version-history":[{"count":64,"href":"https:\/\/www.ufmg.br\/proex\/wp-json\/wp\/v2\/pages\/10569\/revisions"}],"predecessor-version":[{"id":14395,"href":"https:\/\/www.ufmg.br\/proex\/wp-json\/wp\/v2\/pages\/10569\/revisions\/14395"}],"wp:attachment":[{"href":"https:\/\/www.ufmg.br\/proex\/wp-json\/wp\/v2\/media?parent=10569"}],"wp:term":[{"taxonomy":"post_tag","embeddable":true,"href":"https:\/\/www.ufmg.br\/proex\/wp-json\/wp\/v2\/tags?post=10569"}],"curies":[{"name":"wp","href":"https:\/\/api.w.org\/{rel}","templated":true}]}}