{"id":10660,"date":"2023-10-16T11:52:08","date_gmt":"2023-10-16T14:52:08","guid":{"rendered":"https:\/\/www.ufmg.br\/proex\/?page_id=10660"},"modified":"2023-10-16T11:54:26","modified_gmt":"2023-10-16T14:54:26","slug":"comunicacao-procult","status":"publish","type":"page","link":"https:\/\/www.ufmg.br\/proex\/comunicacao-procult\/","title":{"rendered":"Comunica\u00e7\u00e3o Pr\u00f3-Reitoria de Cultura"},"content":{"rendered":"<div class=\"\" data-block=\"true\" data-editor=\"b29uv\" data-offset-key=\"6ch5s-0-0\">\n<div class=\"_1mf _1mj\" data-offset-key=\"6ch5s-0-0\">Est\u00e3o abertas, <strong>at\u00e9 o dia 26 de outubro<\/strong>, as inscri\u00e7\u00f5es para uma vaga de bolsa de extens\u00e3o em comunica\u00e7\u00e3o na Pr\u00f3-Reitoria de Cultura.<\/div>\n<\/div>\n<div class=\"\" data-block=\"true\" data-editor=\"b29uv\" data-offset-key=\"d4aoc-0-0\">\n<div class=\"_1mf _1mj\" data-offset-key=\"d4aoc-0-0\"><span data-offset-key=\"d4aoc-0-0\">\u00a0<\/span><\/div>\n<\/div>\n<div class=\"\" data-block=\"true\" data-editor=\"b29uv\" data-offset-key=\"6dfhb-0-0\">\n<div class=\"_1mf _1mj\" data-offset-key=\"6dfhb-0-0\"><strong>Requisitos:<\/strong><\/div>\n<div data-offset-key=\"6dfhb-0-0\"><\/div>\n<\/div>\n<div class=\"\" data-block=\"true\" data-editor=\"b29uv\" data-offset-key=\"3plsf-0-0\">\n<div class=\"_1mf _1mj\" data-offset-key=\"3plsf-0-0\"><span data-offset-key=\"3plsf-0-0\">Ser aluno(a) regularmente matriculado(a), a partir do <strong>5\u00ba per\u00edodo do curso de <\/strong><\/span><strong>Comunica\u00e7\u00e3o Social<\/strong>, com habilidade na cria\u00e7\u00e3o de conte\u00fado relevante para redes sociais (Facebook, Instagram, Twitter e YouTube), boa reda\u00e7\u00e3o, desenvoltura para contatos e proatividade. Conhecimento de ferramentas de edi\u00e7\u00e3o gr\u00e1fica \u00e9 um <strong>diferencial<\/strong>.<\/div>\n<\/div>\n<div class=\"\" data-block=\"true\" data-editor=\"b29uv\" data-offset-key=\"7th83-0-0\">\n<div class=\"_1mf _1mj\" data-offset-key=\"7th83-0-0\"><span data-offset-key=\"7th83-0-0\">\u00a0<\/span><\/div>\n<\/div>\n<div class=\"\" data-block=\"true\" data-editor=\"b29uv\" data-offset-key=\"92bhl-0-0\">\n<div class=\"_1mf _1mj\" data-offset-key=\"92bhl-0-0\"><span data-offset-key=\"92bhl-0-0\">Para se inscrever, basta enviar um e-mail para <a href=\"mailto:comunicacao@procult.ufmg.br\" target=\"_blank\" rel=\"noopener\"><strong>comunicacao@procult.ufmg.br<\/strong><\/a> com os seguintes documentos:<\/span><\/div>\n<\/div>\n<div class=\"\" data-block=\"true\" data-editor=\"b29uv\" data-offset-key=\"6k1nn-0-0\">\n<ul>\n<li class=\"_1mf _1mj\" data-offset-key=\"6k1nn-0-0\"><span data-offset-key=\"6k1nn-0-0\">Curriculum vitae (em que conste telefone e e-mail de contato);<\/span><\/li>\n<li class=\"_1mf _1mj\" data-offset-key=\"6k1nn-0-0\">Comprovante de matr\u00edcula (2023\/2);<\/li>\n<li class=\"_1mf _1mj\" data-offset-key=\"6k1nn-0-0\">Portf\u00f3lio (se houver)<\/li>\n<\/ul>\n<p><span data-offset-key=\"cmirs-0-0\">A sele\u00e7\u00e3o constar\u00e1 de an\u00e1lise de curr\u00edculo, prova de habilidades e entrevista. As(os) candidatas(os) selecionadas(os) na an\u00e1lise de curr\u00edculo ser\u00e3o convocados por e-mail para entrevista e avalia\u00e7\u00e3o escrita, que ser\u00e3o realizadas nos dias <strong>30 e 31 de outubro<\/strong> de 2023.<\/span><\/p>\n<p><span data-offset-key=\"d7b4j-0-0\">A bolsa \u00e9 no valor de R$700,00 com carga hor\u00e1ria de 20 horas semanais.<\/span><\/p>\n<\/div>\n<div class=\"\" data-block=\"true\" data-editor=\"b29uv\" data-offset-key=\"d7b4j-0-0\">\n<div class=\"_1mf _1mj\" data-offset-key=\"d7b4j-0-0\">Para mais informa\u00e7\u00f5es, acesse o <a href=\"https:\/\/www.ufmg.br\/proex\/wp-content\/uploads\/2023\/10\/CHAMADA-DE-SELECAO-PROCULT-No-003-2023.pdf\" target=\"_blank\" rel=\"noopener\">edital<\/a>.<\/div>\n<\/div>\n<div class=\"\" data-block=\"true\" data-editor=\"b29uv\" data-offset-key=\"466p3-0-0\"><\/div>\n","protected":false},"excerpt":{"rendered":"<p>Est\u00e3o abertas, at\u00e9 o dia 26 de outubro, as inscri\u00e7\u00f5es [&hellip;]<\/p>\n","protected":false},"author":2,"featured_media":0,"parent":0,"menu_order":0,"comment_status":"closed","ping_status":"closed","template":"","meta":[],"tags":[],"_links":{"self":[{"href":"https:\/\/www.ufmg.br\/proex\/wp-json\/wp\/v2\/pages\/10660"}],"collection":[{"href":"https:\/\/www.ufmg.br\/proex\/wp-json\/wp\/v2\/pages"}],"about":[{"href":"https:\/\/www.ufmg.br\/proex\/wp-json\/wp\/v2\/types\/page"}],"author":[{"embeddable":true,"href":"https:\/\/www.ufmg.br\/proex\/wp-json\/wp\/v2\/users\/2"}],"replies":[{"embeddable":true,"href":"https:\/\/www.ufmg.br\/proex\/wp-json\/wp\/v2\/comments?post=10660"}],"version-history":[{"count":6,"href":"https:\/\/www.ufmg.br\/proex\/wp-json\/wp\/v2\/pages\/10660\/revisions"}],"predecessor-version":[{"id":10667,"href":"https:\/\/www.ufmg.br\/proex\/wp-json\/wp\/v2\/pages\/10660\/revisions\/10667"}],"wp:attachment":[{"href":"https:\/\/www.ufmg.br\/proex\/wp-json\/wp\/v2\/media?parent=10660"}],"wp:term":[{"taxonomy":"post_tag","embeddable":true,"href":"https:\/\/www.ufmg.br\/proex\/wp-json\/wp\/v2\/tags?post=10660"}],"curies":[{"name":"wp","href":"https:\/\/api.w.org\/{rel}","templated":true}]}}