{"id":10937,"date":"2023-11-07T13:31:27","date_gmt":"2023-11-07T15:31:27","guid":{"rendered":"https:\/\/www.ufmg.br\/proex\/?page_id=10937"},"modified":"2024-03-15T09:29:20","modified_gmt":"2024-03-15T12:29:20","slug":"cenex-engenharia","status":"publish","type":"page","link":"https:\/\/www.ufmg.br\/proex\/cenex-engenharia\/","title":{"rendered":"Cenex Engenharia"},"content":{"rendered":"<p>O Centro de Extens\u00e3o da Escola de Engenharia (Cenex\/EE) \u00e9 o \u00f3rg\u00e3o colegiado respons\u00e1vel pela gest\u00e3o da pol\u00edtica de extens\u00e3o na Escola de Engenharia da UFMG, em conson\u00e2ncia com a pol\u00edtica geral de extens\u00e3o universit\u00e1ria.<\/p>\n<p>Em colabora\u00e7\u00e3o com a Pr\u00f3-Reitoria de Extens\u00e3o (Proex) da UFMG, o Cenex\/EE tem como objetivo induzir e articular as a\u00e7\u00f5es de extens\u00e3o desenvolvidas no \u00e2mbito da unidade acad\u00eamica.<\/p>\n<p>Apresentamos a seguir as principais a\u00e7\u00f5es desenvolvidas na Engenharia com a participa\u00e7\u00e3o das comunidades acad\u00eamica e externa da Universidade.<\/p>\n<h3><strong>Atividades de extens\u00e3o<\/strong><\/h3>\n<p>&nbsp;<\/p>\n<div id=\"attachment_10938\" style=\"width: 660px\" class=\"wp-caption alignnone\"><img aria-describedby=\"caption-attachment-10938\" loading=\"lazy\" class=\"wp-image-10938\" title=\"Cipmoi \u00e9 o projeto de extens\u00e3o mais antigo da UFMG; a\u00e7\u00e3o envolve, anualmente, mais de 200 alunos da comunidade externa e 20 instrutores de cursos de gradua\u00e7\u00e3o da \u00e1rea de Engenharia | Foto: Cenex\/EE\" src=\"https:\/\/www.ufmg.br\/proex\/wp-content\/uploads\/2023\/11\/Cipmoi-tem-mais-de-66-anos-de-historia-e-envolve-anualmente-mais-de-200-alunos-da-comunidade-externa-e-20-instrutores-dos-nossos-cursos-de-graduacao.-Foto-Cenex-EE-300x226.png\" alt=\"\" width=\"650\" height=\"490\" srcset=\"https:\/\/www.ufmg.br\/proex\/wp-content\/uploads\/2023\/11\/Cipmoi-tem-mais-de-66-anos-de-historia-e-envolve-anualmente-mais-de-200-alunos-da-comunidade-externa-e-20-instrutores-dos-nossos-cursos-de-graduacao.-Foto-Cenex-EE-300x226.png 300w, https:\/\/www.ufmg.br\/proex\/wp-content\/uploads\/2023\/11\/Cipmoi-tem-mais-de-66-anos-de-historia-e-envolve-anualmente-mais-de-200-alunos-da-comunidade-externa-e-20-instrutores-dos-nossos-cursos-de-graduacao.-Foto-Cenex-EE-1024x772.png 1024w, https:\/\/www.ufmg.br\/proex\/wp-content\/uploads\/2023\/11\/Cipmoi-tem-mais-de-66-anos-de-historia-e-envolve-anualmente-mais-de-200-alunos-da-comunidade-externa-e-20-instrutores-dos-nossos-cursos-de-graduacao.-Foto-Cenex-EE-768x579.png 768w, https:\/\/www.ufmg.br\/proex\/wp-content\/uploads\/2023\/11\/Cipmoi-tem-mais-de-66-anos-de-historia-e-envolve-anualmente-mais-de-200-alunos-da-comunidade-externa-e-20-instrutores-dos-nossos-cursos-de-graduacao.-Foto-Cenex-EE.png 1294w\" sizes=\"(max-width: 650px) 100vw, 650px\" \/><p id=\"caption-attachment-10938\" class=\"wp-caption-text\">Cipmoi \u00e9 o projeto de extens\u00e3o mais antigo da UFMG; a a\u00e7\u00e3o envolve, anualmente, mais de 200 alunos da comunidade externa e 20 instrutores de cursos de gradua\u00e7\u00e3o da \u00e1rea de Engenharia | Foto: Cenex\/EE<\/p><\/div>\n<p><a href=\"http:\/\/www.cipmoi.eng.ufmg.br\/\" target=\"_blank\" rel=\"noopener\">CIPMOI<\/a> <strong>(Curso Intensivo de Prepara\u00e7\u00e3o de M\u00e3o de Obra Industrial)<\/strong><\/p>\n<p>O Curso Intensivo de Prepara\u00e7\u00e3o de M\u00e3o de Obra Industrial (Cipmoi) \u00e9 o projeto de extens\u00e3o mais antigo da Universidade, fundado em 1957 por alunos da gradua\u00e7\u00e3o da Escola.<\/p>\n<p>Seu objetivo \u00e9 aproximar a comunidade externa e capacitar, de forma gratuita, trabalhadores das \u00e1reas de constru\u00e7\u00e3o civil, el\u00e9trica e mec\u00e2nica para o mercado de trabalho. Isso \u00e9 feito por meio da associa\u00e7\u00e3o do conhecimento t\u00e9cnico e te\u00f3rico da Universidade (por meio dos alunos) ao conhecimento pr\u00e1tico de trabalhadores e alunos do CIPMOI.<\/p>\n<p><a href=\"https:\/\/www.facebook.com\/ufmgselex\/?locale=pt_BR\" target=\"_blank\" rel=\"noopener\">Selex<\/a> <strong>(Sistemas El\u00e9tricos Experimentais)<\/strong><\/p>\n<p>Sistemas El\u00e9tricos Experimentais (Selex) \u00e9 um projeto de extens\u00e3o interdisciplinar desenvolvido em parceria com a Prefeitura de Belo Horizonte. Ele promove a conviv\u00eancia entre estudantes de diversas \u00e1reas da UFMG e jovens que est\u00e3o cumprindo medida socioeducativa.<\/p>\n<p>Todos desenvolvem juntos oficinas em diversos temas, entre eles: eletrot\u00e9cnica, arte, m\u00fasica e comunica\u00e7\u00e3o. Busca-se criar reflex\u00f5es sobre quest\u00f5es que envolvem a juventude, conectando-as a cen\u00e1rios <span style=\"font-weight: 400;\">pol\u00edtico-socioculturais<\/span> brasileiros e buscando com que tais reflex\u00f5es possam al\u00e7ar campos disciplinares e discursivos com os quais o Selex est\u00e1 em interface.<\/p>\n<p><strong>Cursinho Popular Equalizar<\/strong><\/p>\n<div id=\"attachment_10286\" style=\"width: 760px\" class=\"wp-caption alignnone\"><img aria-describedby=\"caption-attachment-10286\" loading=\"lazy\" class=\"wp-image-10286\" title=\"Estudantes volunt\u00e1rios do cursinho popular Equalizar da Escola de Engenharia| Foto: Cenex EE\" src=\"https:\/\/www.ufmg.br\/proex\/wp-content\/uploads\/2023\/09\/076e5350-bbed-4c1e-9484-29eaf1093c40-e1695238096174-300x198.jpg\" alt=\"Estudantes participantes do projeto equalizar da Engenharia \/ Foto: Divulga\u00e7\u00e3o Equalizar\" width=\"750\" height=\"496\" srcset=\"https:\/\/www.ufmg.br\/proex\/wp-content\/uploads\/2023\/09\/076e5350-bbed-4c1e-9484-29eaf1093c40-e1695238096174-300x198.jpg 300w, https:\/\/www.ufmg.br\/proex\/wp-content\/uploads\/2023\/09\/076e5350-bbed-4c1e-9484-29eaf1093c40-e1695238096174-1024x677.jpg 1024w, https:\/\/www.ufmg.br\/proex\/wp-content\/uploads\/2023\/09\/076e5350-bbed-4c1e-9484-29eaf1093c40-e1695238096174-768x508.jpg 768w, https:\/\/www.ufmg.br\/proex\/wp-content\/uploads\/2023\/09\/076e5350-bbed-4c1e-9484-29eaf1093c40-e1695238096174.jpg 1216w\" sizes=\"(max-width: 750px) 100vw, 750px\" \/><p id=\"caption-attachment-10286\" class=\"wp-caption-text\">Estudantes volunt\u00e1rios do cursinho popular Equalizar da Escola de Engenharia| Foto: Cenex EE<\/p><\/div>\n<p>O Equalizar \u00e9 um cursinho popular sem fins lucrativos que visa transformar a sociedade por meio da educa\u00e7\u00e3o e do voluntariado. Estudantes da Universidade oferecem aulas preparat\u00f3rias para o Enem e ensino t\u00e9cnico a alunos das redes municipal e estadual de ensino de Belo Horizonte e regi\u00e3o metropolitana.<\/p>\n<p>O projeto de extens\u00e3o tamb\u00e9m oferece aos volunt\u00e1rios um laborat\u00f3rio de ensino para o desenvolvimento de atividades did\u00e1ticas por estudantes da Licenciatura e de outros cursos da UFMG que t\u00eam interesse na doc\u00eancia (siga as redes sociais do projeto: <a href=\"https:\/\/www.instagram.com\/cpequalizar\/\" target=\"_blank\" rel=\"noopener\">Instagram<\/a>, <a href=\"https:\/\/www.facebook.com\/cpequalizar\" target=\"_blank\" rel=\"noopener\">Facebook<\/a> e <a href=\"https:\/\/www.linkedin.com\/company\/equalizar\/\" target=\"_blank\" rel=\"noopener\">Linkedin<\/a>).<\/p>\n<p><a href=\"https:\/\/www.facebook.com\/PARAMEC\" target=\"_blank\" rel=\"noopener\">Grupo Paramec<\/a><\/p>\n<p>Este grupo atua no sentido de projetar solu\u00e7\u00f5es que atendam \u00e0s pessoas com defici\u00eancia em suas atividades cotidianas.<\/p>\n<div id=\"attachment_10949\" style=\"width: 760px\" class=\"wp-caption aligncenter\"><img aria-describedby=\"caption-attachment-10949\" loading=\"lazy\" class=\"wp-image-10949\" src=\"https:\/\/www.ufmg.br\/proex\/wp-content\/uploads\/2023\/11\/Prototipo-de-transferidor-de-pessoas-com-deficiencia-projetado-e-construido-pelo-Grupo-Paramec-foto-Cenex-EE-300x225.jpeg\" alt=\"Prot\u00f3tipo de transferidor de pessoas com defici\u00eancia projetado e constru\u00eddo pelo Grupo Paramec foto - Cenex EE\" width=\"750\" height=\"563\" srcset=\"https:\/\/www.ufmg.br\/proex\/wp-content\/uploads\/2023\/11\/Prototipo-de-transferidor-de-pessoas-com-deficiencia-projetado-e-construido-pelo-Grupo-Paramec-foto-Cenex-EE-300x225.jpeg 300w, https:\/\/www.ufmg.br\/proex\/wp-content\/uploads\/2023\/11\/Prototipo-de-transferidor-de-pessoas-com-deficiencia-projetado-e-construido-pelo-Grupo-Paramec-foto-Cenex-EE-1024x768.jpeg 1024w, https:\/\/www.ufmg.br\/proex\/wp-content\/uploads\/2023\/11\/Prototipo-de-transferidor-de-pessoas-com-deficiencia-projetado-e-construido-pelo-Grupo-Paramec-foto-Cenex-EE-768x576.jpeg 768w, https:\/\/www.ufmg.br\/proex\/wp-content\/uploads\/2023\/11\/Prototipo-de-transferidor-de-pessoas-com-deficiencia-projetado-e-construido-pelo-Grupo-Paramec-foto-Cenex-EE-1536x1152.jpeg 1536w, https:\/\/www.ufmg.br\/proex\/wp-content\/uploads\/2023\/11\/Prototipo-de-transferidor-de-pessoas-com-deficiencia-projetado-e-construido-pelo-Grupo-Paramec-foto-Cenex-EE.jpeg 1600w\" sizes=\"(max-width: 750px) 100vw, 750px\" \/><p id=\"caption-attachment-10949\" class=\"wp-caption-text\">Prot\u00f3tipo de transferidor de pessoas com defici\u00eancia projetado e constru\u00eddo pelo Grupo Paramec | Foto: Cenex EE<\/p><\/div>\n<p>Em 2007, o Grupo Paramec decidiu direcionar suas atividades ao segmento da inclus\u00e3o escolar, iniciando o projeto <em>Tecnologia Assistiva para Educa\u00e7\u00e3o Especial (TAEE),<\/em> em parceria com a Escola de Educa\u00e7\u00e3o Especial do N\u00facleo Assistencial Caminhos para Jesus. S\u00e3o projetados e constru\u00eddos diversos dispositivos de tecnologia assistiva. O projeto tem tamb\u00e9m parcerias com o Laborat\u00f3rio de Musicoterapia da Escola de M\u00fasica da UFMG e o N\u00facleo de Acessibilidade e Inclus\u00e3o (NAI\/UFMG).<\/p>\n<p><strong>Programa de Internato Curricular da Escola de Engenharia \u2013 Engenharia P\u00fablica<\/strong><\/p>\n<p>O PIC (Programa de Internato Curricular) visar apoiar os munic\u00edpios de Minas Gerais na elabora\u00e7\u00e3o de trabalhos e estudos t\u00e9cnicos, como diagn\u00f3stico para planos diretores, planos urban\u00edsticos e planos diretores, planejamento de transporte p\u00fablico e tr\u00e2nsito, projetos vi\u00e1rios e de estradas vicinais, estudos de impactos ambientais e programas de capacita\u00e7\u00e3o.<\/p>\n<p>Em formato de disciplina curricular, o PIC permite que os estudantes do curso de Engenharia Civil enrique\u00e7am sua forma\u00e7\u00e3o por meio do exerc\u00edcio de um aprendizado dirigido para uma realidade n\u00e3o simulada, interligando atividades de ensino e de pesquisa com as demandas da sociedade.<\/p>\n<p>Informa\u00e7\u00f5es adicionais sobre a extens\u00e3o da Escola de Engenharia da UFMG podem ser encontradas no <a href=\"https:\/\/cenex.eng.ufmg.br\/\" target=\"_blank\" rel=\"noopener\">site da unidade<\/a>.<\/p>\n<p>Consulte as atividades da unidade registradas no <a href=\"https:\/\/sistemas.ufmg.br\/siex\/PrepararPesquisarAcaoExtensao.do?clean=1\" target=\"_blank\" rel=\"noopener\">Siex<\/a> \u2013 Sistema de Informa\u00e7\u00e3o da Extens\u00e3o da UFMG (utilize os campos de pesquisa da plataforma para encontrar atividades e informa\u00e7\u00f5es desejadas).<\/p>\n<p>&nbsp;<\/p>\n<p>&nbsp;<\/p>\n<p>&nbsp;<\/p>\n","protected":false},"excerpt":{"rendered":"<p>O Centro de Extens\u00e3o da Escola de Engenharia (Cenex\/EE) \u00e9 [&hellip;]<\/p>\n","protected":false},"author":2,"featured_media":0,"parent":0,"menu_order":0,"comment_status":"closed","ping_status":"closed","template":"","meta":[],"tags":[779,23],"_links":{"self":[{"href":"https:\/\/www.ufmg.br\/proex\/wp-json\/wp\/v2\/pages\/10937"}],"collection":[{"href":"https:\/\/www.ufmg.br\/proex\/wp-json\/wp\/v2\/pages"}],"about":[{"href":"https:\/\/www.ufmg.br\/proex\/wp-json\/wp\/v2\/types\/page"}],"author":[{"embeddable":true,"href":"https:\/\/www.ufmg.br\/proex\/wp-json\/wp\/v2\/users\/2"}],"replies":[{"embeddable":true,"href":"https:\/\/www.ufmg.br\/proex\/wp-json\/wp\/v2\/comments?post=10937"}],"version-history":[{"count":28,"href":"https:\/\/www.ufmg.br\/proex\/wp-json\/wp\/v2\/pages\/10937\/revisions"}],"predecessor-version":[{"id":12127,"href":"https:\/\/www.ufmg.br\/proex\/wp-json\/wp\/v2\/pages\/10937\/revisions\/12127"}],"wp:attachment":[{"href":"https:\/\/www.ufmg.br\/proex\/wp-json\/wp\/v2\/media?parent=10937"}],"wp:term":[{"taxonomy":"post_tag","embeddable":true,"href":"https:\/\/www.ufmg.br\/proex\/wp-json\/wp\/v2\/tags?post=10937"}],"curies":[{"name":"wp","href":"https:\/\/api.w.org\/{rel}","templated":true}]}}