{"id":1132,"date":"2021-08-22T15:48:46","date_gmt":"2021-08-22T18:48:46","guid":{"rendered":"https:\/\/www.ufmg.br\/proex\/?page_id=1132"},"modified":"2021-12-06T10:08:22","modified_gmt":"2021-12-06T13:08:22","slug":"projeto-estruturacao-do-sistema-de-gestao-do-artesanato-brasileiro-seleciona-auxiliar-de-pesquisa","status":"publish","type":"page","link":"https:\/\/www.ufmg.br\/proex\/projeto-estruturacao-do-sistema-de-gestao-do-artesanato-brasileiro-seleciona-auxiliar-de-pesquisa\/","title":{"rendered":"Projeto Estrutura\u00e7\u00e3o do Sistema de Gest\u00e3o do Artesanato Brasileiro seleciona auxiliar de pesquisa"},"content":{"rendered":"<p>De 16 a 23 de agosto de 2021, est\u00e3o abertas as inscri\u00e7\u00f5es para 3 (tr\u00eas) vagas de bolsas de extens\u00e3o na modalidade bolsa de Apoio ao\u00a0<a href=\"https:\/\/sistemas.ufmg.br\/siex\/AuditarProjeto.do?id=70590\" target=\"_self\" rel=\"noopener\">projeto estrutura\u00e7\u00e3o do sistema de gest\u00e3o do artesanato brasileiro: diagn\u00f3stico e planejamento estrat\u00e9gico<\/a>.<\/p>\n<p>As vagas s\u00e3o para auxiliar de pesquisa, conforme esta distribui\u00e7\u00e3o:<\/p>\n<p>I \u2013\u00a0Discentes da gradua\u00e7\u00e3o da UFMG: 2 (duas) vagas.<\/p>\n<p>Podem concorrer alunos\/as, a partir do 4\u00ba per\u00edodo, dos cursos de Ci\u00eancias Econ\u00f4micas, Rela\u00e7\u00f5es Econ\u00f4micas Internacionais ou\u00a0Gest\u00e3o P\u00fablica.<\/p>\n<p>II \u2013 Discentes da p\u00f3s-gradua\u00e7\u00e3o da UFMG: 1 (uma) vaga.<\/p>\n<p>Podem concorrer alunos\/as regularmente matriculados como estudante de doutorado no curso de Economia do Cedeplar\/UFMG<\/p>\n<p>Os candidatos devem ter disponibilidade de 20 horas semanais para se dedicar \u00e0s atividades.<\/p>\n<p>As inscri\u00e7\u00f5es ser\u00e3o recebidas pelo e-mail:<a href=\"mailto:secretaria@redeartesanatobrasil.com.br\" target=\"_self\" rel=\"noopener\">secretaria@redeartesanatobrasil.com.br<\/a>\u00a0(identificar no campo assunto \u201cAvalia\u00e7\u00e3o de pol\u00edticas p\u00fablicas\u201d).<\/p>\n<p>O interessado dever\u00e1 enviar os seguintes documentos digitalizados:<\/p>\n<p><b>a)\u00a0\u00a0\u00a0\u00a0\u00a0\u00a0<\/b>Curriculum lattes, em formato PDF;<\/p>\n<p><b>b)\u00a0\u00a0\u00a0\u00a0\u00a0\u00a0<\/b>Hist\u00f3rico Escolar (ser\u00e1 aceita a vers\u00e3o do hist\u00f3rico dispon\u00edvel na intranet);<\/p>\n<p><b>c)\u00a0\u00a0\u00a0\u00a0\u00a0\u00a0<\/b>Texto contendo uma exposi\u00e7\u00e3o dos motivos que levam o\/a estudante a pleitear sua participa\u00e7\u00e3o no projeto, em uma lauda, com fonte Arial 12 e espa\u00e7amento entre linhas de 1,5.<\/p>\n<p><b>d)\u00a0\u00a0\u00a0\u00a0\u00a0\u00a0<\/b>Portf\u00f3lio de projetos realizados com link do reposit\u00f3rio.<\/p>\n<p><b>e)\u00a0\u00a0\u00a0\u00a0\u00a0\u00a0<\/b>Documento de identifica\u00e7\u00e3o com foto (pdf ou jpg);<\/p>\n<p><b>f)\u00a0\u00a0\u00a0\u00a0\u00a0\u00a0\u00a0<\/b>Declara\u00e7\u00e3o de disponibilidade de carga hor\u00e1ria (pdf);<\/p>\n<p><b>g)\u00a0 \u00a0 \u00a0\u00a0<\/b>Declara\u00e7\u00e3o de acesso \u00e0 internet e disponibilidade computador\/notebook (pdf);<\/p>\n<p>O processo de sele\u00e7\u00e3o contar\u00e1 com duas etapas: an\u00e1lise de documenta\u00e7\u00e3o do candidato e entrevista on-line.<\/p>\n<p>O resultado est\u00e1 previsto para 6 de setembro de 2021.<\/p>\n<p>Para as demais informa\u00e7\u00f5es acerca desta oportunidade, \u00e9 imprescind\u00edvel a consulta ao\u00a0<a href=\"https:\/\/www.ufmg.br\/proex\/wp-content\/uploads\/2021\/12\/EDITAL-PROEX-Equipe-de-Avaliacao-de-Politicas-Publicas-1.pdf\" target=\"_blank\" rel=\"noopener\">Edital para Sele\u00e7\u00e3o de Bolsistas.<\/a><\/p>\n<p>&nbsp;<\/p>\n<p>&nbsp;<\/p>\n<p>&nbsp;<\/p>\n<p>&nbsp;<\/p>\n","protected":false},"excerpt":{"rendered":"<p>De 16 a 23 de agosto de 2021, est\u00e3o abertas [&hellip;]<\/p>\n","protected":false},"author":2,"featured_media":0,"parent":0,"menu_order":0,"comment_status":"closed","ping_status":"closed","template":"","meta":[],"tags":[459,185,133,461,463,109,465,457],"_links":{"self":[{"href":"https:\/\/www.ufmg.br\/proex\/wp-json\/wp\/v2\/pages\/1132"}],"collection":[{"href":"https:\/\/www.ufmg.br\/proex\/wp-json\/wp\/v2\/pages"}],"about":[{"href":"https:\/\/www.ufmg.br\/proex\/wp-json\/wp\/v2\/types\/page"}],"author":[{"embeddable":true,"href":"https:\/\/www.ufmg.br\/proex\/wp-json\/wp\/v2\/users\/2"}],"replies":[{"embeddable":true,"href":"https:\/\/www.ufmg.br\/proex\/wp-json\/wp\/v2\/comments?post=1132"}],"version-history":[{"count":4,"href":"https:\/\/www.ufmg.br\/proex\/wp-json\/wp\/v2\/pages\/1132\/revisions"}],"predecessor-version":[{"id":3847,"href":"https:\/\/www.ufmg.br\/proex\/wp-json\/wp\/v2\/pages\/1132\/revisions\/3847"}],"wp:attachment":[{"href":"https:\/\/www.ufmg.br\/proex\/wp-json\/wp\/v2\/media?parent=1132"}],"wp:term":[{"taxonomy":"post_tag","embeddable":true,"href":"https:\/\/www.ufmg.br\/proex\/wp-json\/wp\/v2\/tags?post=1132"}],"curies":[{"name":"wp","href":"https:\/\/api.w.org\/{rel}","templated":true}]}}