{"id":11356,"date":"2024-01-17T11:33:10","date_gmt":"2024-01-17T13:33:10","guid":{"rendered":"https:\/\/www.ufmg.br\/proex\/?page_id=11356"},"modified":"2024-01-17T11:36:19","modified_gmt":"2024-01-17T13:36:19","slug":"programa-de-assistencia-odontologica-a-pacientes-de-transplante","status":"publish","type":"page","link":"https:\/\/www.ufmg.br\/proex\/programa-de-assistencia-odontologica-a-pacientes-de-transplante\/","title":{"rendered":"Programa de Assist\u00eancia Odontol\u00f3gica a Pacientes de Transplante"},"content":{"rendered":"<p>Est\u00e3o abertas, <strong>at\u00e9 23 de janeiro de 2024,<\/strong> as inscri\u00e7\u00f5es para bolsa no Programa de Assist\u00eancia Odontol\u00f3gica a Pacientes de Transplante, vinculado \u00e0 Faculdade de Odontologia (FAO) da UFMG.<\/p>\n<p>S\u00e3o oferecidas cinco vagas \u2013 uma PBEXT e quatro PBEXT A\u00e7\u00e3o Afirmativa. Podem concorrer \u00e0s vagas alunos e alunas a partir do 2\u00ba per\u00edodo do curso de curso de Odontologia da UFMG.<\/p>\n<p>Estudantes interessados (as) devem se inscrever no Centro de Extens\u00e3o (Cenex\/FAO) e preencher, previamente, <a href=\"https:\/\/forms.gle\/FGW6hZ4YV2CfjPSq5\" target=\"_blank\" rel=\"noopener\">formul\u00e1rio eletr\u00f4nico<\/a>.<\/p>\n<p><strong>Documentos\/pr\u00e9-requisitos<br \/>\n<\/strong>Disponibilidade para cumprir presencialmente 20 horas semanais;<strong><br \/>\n<\/strong>Hist\u00f3rico Escolar;<br \/>\nRendimento Semestral Global;<br \/>\nDeclara\u00e7\u00e3o experi\u00eancias extracurriculares; e<br \/>\nDeclara\u00e7\u00e3o da FUMP ou documento que comprova ter ingressado pelo sistema de cotas (A\u00e7\u00e3o Afirmativa).<\/p>\n<p>As demais informa\u00e7\u00f5es devem ser consultadas no <a href=\"https:\/\/www.ufmg.br\/proex\/wp-content\/uploads\/2024\/01\/Edital-012024-PAOPT.pdf\">edital de sele\u00e7\u00e3o 01\/2024.<\/a><\/p>\n","protected":false},"excerpt":{"rendered":"<p>Est\u00e3o abertas, at\u00e9 23 de janeiro de 2024, as inscri\u00e7\u00f5es [&hellip;]<\/p>\n","protected":false},"author":2,"featured_media":0,"parent":0,"menu_order":0,"comment_status":"closed","ping_status":"closed","template":"","meta":[],"tags":[129,765,23],"_links":{"self":[{"href":"https:\/\/www.ufmg.br\/proex\/wp-json\/wp\/v2\/pages\/11356"}],"collection":[{"href":"https:\/\/www.ufmg.br\/proex\/wp-json\/wp\/v2\/pages"}],"about":[{"href":"https:\/\/www.ufmg.br\/proex\/wp-json\/wp\/v2\/types\/page"}],"author":[{"embeddable":true,"href":"https:\/\/www.ufmg.br\/proex\/wp-json\/wp\/v2\/users\/2"}],"replies":[{"embeddable":true,"href":"https:\/\/www.ufmg.br\/proex\/wp-json\/wp\/v2\/comments?post=11356"}],"version-history":[{"count":6,"href":"https:\/\/www.ufmg.br\/proex\/wp-json\/wp\/v2\/pages\/11356\/revisions"}],"predecessor-version":[{"id":11365,"href":"https:\/\/www.ufmg.br\/proex\/wp-json\/wp\/v2\/pages\/11356\/revisions\/11365"}],"wp:attachment":[{"href":"https:\/\/www.ufmg.br\/proex\/wp-json\/wp\/v2\/media?parent=11356"}],"wp:term":[{"taxonomy":"post_tag","embeddable":true,"href":"https:\/\/www.ufmg.br\/proex\/wp-json\/wp\/v2\/tags?post=11356"}],"curies":[{"name":"wp","href":"https:\/\/api.w.org\/{rel}","templated":true}]}}