{"id":1143,"date":"2021-08-22T16:01:38","date_gmt":"2021-08-22T19:01:38","guid":{"rendered":"https:\/\/www.ufmg.br\/proex\/?page_id=1143"},"modified":"2021-12-06T10:09:56","modified_gmt":"2021-12-06T13:09:56","slug":"oportunidade-para-bolsista-de-comunicacao-e-relacionamento-com-a-comunidade","status":"publish","type":"page","link":"https:\/\/www.ufmg.br\/proex\/oportunidade-para-bolsista-de-comunicacao-e-relacionamento-com-a-comunidade\/","title":{"rendered":"Oportunidade para bolsista de Comunica\u00e7\u00e3o e Relacionamento com a Comunidade"},"content":{"rendered":"<p>O Instituto de Ci\u00eancias Agr\u00e1rias (ICA), campus regional da UFMG em Montes Claros, est\u00e1 com uma vaga de bolsista.<\/p>\n<p>O objetivo da bolsa \u00e9 apoiar as a\u00e7\u00f5es de comunica\u00e7\u00e3o do Cedecom Montes Claros e o relacionamento com a comunidade acad\u00eamica do ICA\/UFMG.<\/p>\n<p>Podem se candidatar\u00a0estudantes de gradua\u00e7\u00e3o da Universidade ou de de outras institui\u00e7\u00f5es de ensino superior.<\/p>\n<p>Per\u00edodo de inscri\u00e7\u00f5es: de 30\/7\/2021 a 6\/8\/2021<br \/>\nCarga Hor\u00e1ria: 6h\/dia (30h\/semana)<br \/>\nBolsa: Funda\u00e7\u00e3o de Desenvolvimento da Pesquisa (Fundep), no valor mensal de R$800,00 (oitocentos reais)<\/p>\n<p>Para efetivar sua inscri\u00e7\u00e3o, ser\u00e1 necess\u00e1rio preencher\u00a0<a href=\"https:\/\/docs.google.com\/forms\/d\/e\/1FAIpQLSfOGTGsXPEuGLvnBsatnCFR_Qn9pqeQ6CFa_c15UfUtJJaA5w\/viewform\" target=\"_blank\" rel=\"noopener\">formul\u00e1rio eletr\u00f4nico<\/a>\u00a0e enviar por e-mail os documentos (listados a seguir) para o endere\u00e7o\u00a0<a href=\"mailto:comunica@ica.ufmg.br\" target=\"_self\" rel=\"noopener\">comunica@ica.ufmg.br<\/a>, com o assunto: Sele\u00e7\u00e3o de bolsista em comunica\u00e7\u00e3o e relacionamento com a comunidade \u2013 2021. No corpo do e-mail, devem constar informa\u00e7\u00f5es pessoais (nome completo, curso de gradua\u00e7\u00e3o, Institui\u00e7\u00e3o de N\u00edvel Superior na qual est\u00e1 matriculado, se possui conta banc\u00e1ria e nome da institui\u00e7\u00e3o banc\u00e1ria, caso positivo). Em anexo, devem constar:<br \/>\n&#8211; Curr\u00edculo completo e atualizado com atividades de ensino, pesquisa e extens\u00e3o, devidamente comprovadas (n\u00e3o \u00e9 necess\u00e1rio que seja no modelo Lattes, j\u00e1 que a plataforma est\u00e1 fora do ar);<br \/>\n&#8211; C\u00f3pia da carteira de identidade e CPF;<br \/>\n&#8211; Portf\u00f3lio ou descri\u00e7\u00e3o organizada com imagens e\/ou links de atividades j\u00e1 realizadas na \u00e1rea de comunica\u00e7\u00e3o (n\u00e3o obrigat\u00f3rio).<\/p>\n<p>Apenas os(as) candidatos(as) selecionados(as) ser\u00e3o convocados(as) para a pr\u00f3xima etapa do processo seletivo, por meio do endere\u00e7o de e-mail informado no formul\u00e1rio de inscri\u00e7\u00e3o.<\/p>\n<p>Os requisitos de inscri\u00e7\u00e3o e demais informa\u00e7\u00f5es sobre a vaga est\u00e3o divulgados no edital dispon\u00edvel no\u00a0<a href=\"https:\/\/www.ica.ufmg.br\/?noticias=ica-seleciona-bolsista-para-comunicacao-e-relacionamento-com-a-comunidade\" target=\"_blank\" rel=\"noopener\">site institucional<\/a>.<\/p>\n<p>E-mail para contato, no caso de d\u00favidas:\u00a0<a href=\"mailto:comunica@ica.ufmg.br\" target=\"_self\" rel=\"noopener\">comunica@ica.ufmg.br<\/a><\/p>\n<p>&nbsp;<\/p>\n<p>&nbsp;<\/p>\n","protected":false},"excerpt":{"rendered":"<p>O Instituto de Ci\u00eancias Agr\u00e1rias (ICA), campus regional da UFMG [&hellip;]<\/p>\n","protected":false},"author":2,"featured_media":0,"parent":0,"menu_order":0,"comment_status":"closed","ping_status":"closed","template":"","meta":[],"tags":[471,79,341,133,143,469,25,109],"_links":{"self":[{"href":"https:\/\/www.ufmg.br\/proex\/wp-json\/wp\/v2\/pages\/1143"}],"collection":[{"href":"https:\/\/www.ufmg.br\/proex\/wp-json\/wp\/v2\/pages"}],"about":[{"href":"https:\/\/www.ufmg.br\/proex\/wp-json\/wp\/v2\/types\/page"}],"author":[{"embeddable":true,"href":"https:\/\/www.ufmg.br\/proex\/wp-json\/wp\/v2\/users\/2"}],"replies":[{"embeddable":true,"href":"https:\/\/www.ufmg.br\/proex\/wp-json\/wp\/v2\/comments?post=1143"}],"version-history":[{"count":4,"href":"https:\/\/www.ufmg.br\/proex\/wp-json\/wp\/v2\/pages\/1143\/revisions"}],"predecessor-version":[{"id":1302,"href":"https:\/\/www.ufmg.br\/proex\/wp-json\/wp\/v2\/pages\/1143\/revisions\/1302"}],"wp:attachment":[{"href":"https:\/\/www.ufmg.br\/proex\/wp-json\/wp\/v2\/media?parent=1143"}],"wp:term":[{"taxonomy":"post_tag","embeddable":true,"href":"https:\/\/www.ufmg.br\/proex\/wp-json\/wp\/v2\/tags?post=1143"}],"curies":[{"name":"wp","href":"https:\/\/api.w.org\/{rel}","templated":true}]}}