{"id":11475,"date":"2024-01-31T16:59:58","date_gmt":"2024-01-31T18:59:58","guid":{"rendered":"https:\/\/www.ufmg.br\/proex\/?page_id=11475"},"modified":"2024-01-31T17:01:40","modified_gmt":"2024-01-31T19:01:40","slug":"projeto-solos-na-escola","status":"publish","type":"page","link":"https:\/\/www.ufmg.br\/proex\/projeto-solos-na-escola\/","title":{"rendered":"Projeto Solos na Escola"},"content":{"rendered":"<p>Est\u00e3o abertas, <strong>at\u00e9 o dia 23 de fevereiro<\/strong>, as inscri\u00e7\u00f5es para sele\u00e7\u00e3o de bolsista para o projeto de extens\u00e3o Solos na Escola.<\/p>\n<p>A bolsa ter\u00e1 vig\u00eancia de mar\u00e7o de 2024 a fevereiro de 2025. O(a) bolsista dever\u00e1 cumprir 20 horas semanais. O(a) selecionado(a) ir\u00e1 atuar na organiza\u00e7\u00e3o de oficinas e cursos para estudantes do ensino fundamental e m\u00e9dio de escolas p\u00fablicas de Montes Claros, o que lhe permitir\u00e1 aprimorar sua forma\u00e7\u00e3o e conhecimentos na \u00e1rea de solos e desenvolver metodologias de ensino.<\/p>\n<p>Podem se inscrever acad\u00eamicos dos cursos de Agronomia, Engenharia Agr\u00edcola e Ambiental ou Engenharia Florestal da UFMG, e n\u00e3o ser benefici\u00e1rio de qualquer outro tipo de bolsa de ensino, pesquisa ou extens\u00e3o. O(a) candidato(a) matriculado(a) a partir do 5\u00ba semestre do curso e ter obrigatoriamente cursado a disciplina Pedologia.<\/p>\n<p>Os(as) interessados(as) devem enviar a documenta\u00e7\u00e3o prevista no edital at\u00e9 o dia 23 de fevereiro de 2024 para o e-mail: <a href=\"mailto:lafrazao@ica.ufmg.br\" target=\"_blank\" rel=\"noopener\">lafrazao@ica.ufmg.br<\/a><\/p>\n<p><strong>Sele\u00e7\u00e3o e resultado<\/strong><br \/>\nOs candidatos ser\u00e3o selecionados por uma comiss\u00e3o a ser institu\u00edda pela Dire\u00e7\u00e3o do ICA\/UFMG.<br \/>\nA sele\u00e7\u00e3o ser\u00e1 composta por quatro etapas:<br \/>\na. Avalia\u00e7\u00e3o de Conhecimentos (70%);<br \/>\nb. Hist\u00f3rico Escolar contendo obrigatoriamente o rendimento semestral global (RSG) (20%);<br \/>\nc. Experi\u00eancia em atividades de ensino, pesquisa e extens\u00e3o (comprovadas por meio do<br \/>\ncurr\u00edculo apresentado) (10%).<\/p>\n<p>A avalia\u00e7\u00e3o de conhecimentos ser\u00e1 aplicada no dia 27 de fevereiro de 2024 \u00e0s 14h00, por meio eletr\u00f4nico (Formul\u00e1rio Google), e o link de acesso ser\u00e1 disponibilizado no dia 26 de fevereiro de 2024 a todos os candidatos inscritos, via e-mail.<\/p>\n<p>O resultado ser\u00e1 divulgado at\u00e9 as 18:00 do dia 04 de mar\u00e7o de 2024.<\/p>\n<p>Acesse o edital completo\u00a0<a href=\"https:\/\/www.ica.ufmg.br\/wp-content\/uploads\/2024\/01\/Edital-Solos-na-Escola-2024-01-1.pdf\" target=\"_blank\" rel=\"noopener\">aqui<\/a>.<\/p>\n<p>&nbsp;<\/p>\n<p>&nbsp;<\/p>\n","protected":false},"excerpt":{"rendered":"<p>Est\u00e3o abertas, at\u00e9 o dia 23 de fevereiro, as inscri\u00e7\u00f5es [&hellip;]<\/p>\n","protected":false},"author":2,"featured_media":0,"parent":0,"menu_order":0,"comment_status":"closed","ping_status":"closed","template":"","meta":[],"tags":[191,23,795,793],"_links":{"self":[{"href":"https:\/\/www.ufmg.br\/proex\/wp-json\/wp\/v2\/pages\/11475"}],"collection":[{"href":"https:\/\/www.ufmg.br\/proex\/wp-json\/wp\/v2\/pages"}],"about":[{"href":"https:\/\/www.ufmg.br\/proex\/wp-json\/wp\/v2\/types\/page"}],"author":[{"embeddable":true,"href":"https:\/\/www.ufmg.br\/proex\/wp-json\/wp\/v2\/users\/2"}],"replies":[{"embeddable":true,"href":"https:\/\/www.ufmg.br\/proex\/wp-json\/wp\/v2\/comments?post=11475"}],"version-history":[{"count":4,"href":"https:\/\/www.ufmg.br\/proex\/wp-json\/wp\/v2\/pages\/11475\/revisions"}],"predecessor-version":[{"id":11479,"href":"https:\/\/www.ufmg.br\/proex\/wp-json\/wp\/v2\/pages\/11475\/revisions\/11479"}],"wp:attachment":[{"href":"https:\/\/www.ufmg.br\/proex\/wp-json\/wp\/v2\/media?parent=11475"}],"wp:term":[{"taxonomy":"post_tag","embeddable":true,"href":"https:\/\/www.ufmg.br\/proex\/wp-json\/wp\/v2\/tags?post=11475"}],"curies":[{"name":"wp","href":"https:\/\/api.w.org\/{rel}","templated":true}]}}