{"id":1148,"date":"2022-09-22T16:18:00","date_gmt":"2022-09-22T19:18:00","guid":{"rendered":"https:\/\/www.ufmg.br\/proex\/?page_id=1148"},"modified":"2026-03-05T15:54:27","modified_gmt":"2026-03-05T18:54:27","slug":"udh-bolsa","status":"publish","type":"page","link":"https:\/\/www.ufmg.br\/proex\/udh-bolsa\/","title":{"rendered":"Universidade dos Direitos Humanos (UDH)"},"content":{"rendered":"<p><a href=\"https:\/\/www.ufmg.br\/proex\/wp-content\/uploads\/2026\/03\/PRO_assinado.pdf\" target=\"_blank\" rel=\"noopener\">Resultado final (05\/03\/2026)<\/a><br \/>\n<a href=\"https:\/\/www.ufmg.br\/proex\/wp-content\/uploads\/2026\/03\/APEX-2026-1-ETAPA-SELECIONADOS.pdf\" target=\"_blank\" rel=\"noopener\">Resultado 1\u00aa etapa (03\/03\/2026)<\/a><\/p>\n<p>A Universidade dos Direitos Humanos (UDH), diretoria vinculada \u00e0 Pr\u00f3-reitoria de Extens\u00e3o (Proex), oferece <strong>tr\u00eas bolsas de extens\u00e3o<\/strong> na modalidade APEX (Apoio ao aprimoramento da gest\u00e3o e da pol\u00edtica de extens\u00e3o da UFMG).<\/p>\n<p>Podem se inscrever no processo seletivo estudantes de gradua\u00e7\u00e3o da UFMG <strong>preferencialmente de cursos das \u00e1reas de ci\u00eancias humanas e ci\u00eancias sociais aplicadas.<\/strong><\/p>\n<p data-start=\"60\" data-end=\"355\">Entre as atividades desenvolvidas est\u00e3o a participa\u00e7\u00e3o em eventos, em redes interdisciplinares e em reuni\u00f5es de equipe e com parceiros internos e externos, al\u00e9m do planejamento e da divulga\u00e7\u00e3o de a\u00e7\u00f5es, bem como do apoio ao desenvolvimento de atividades administrativas e pedag\u00f3gicas da UDH.<\/p>\n<p><strong>Inscri\u00e7\u00f5es<br \/>\n<\/strong>As inscri\u00e7\u00f5es s\u00e3o recebidas, exclusivamente, por meio do e-mail <a href=\"udh@proex.ufmg.br\" target=\"_blank\" rel=\"noopener\">udh@proex.ufmg.br<\/a> (identificar no campo assunto \u201cInscri\u00e7\u00e3o para Bolsa APEX\u201d).<\/p>\n<p>Prazo: <strong>21\/02 a 01\/03\/2026\u00a0 (inscri\u00e7\u00f5es encerradas)<\/strong><\/p>\n<p>O(a) estudante interessado(a) deve enviar os seguintes documentos:<\/p>\n<ul>\n<li>Formul\u00e1rio de inscri\u00e7\u00e3o (dispon\u00edvel no anexo II do edital)<\/li>\n<li>Curriculum lattes, em formato PDF<\/li>\n<li>Hist\u00f3rico escolar atualizado<\/li>\n<li>Texto contendo uma exposi\u00e7\u00e3o dos motivos que levam o aluno a pleitear sua participa\u00e7\u00e3o em atividades extensionistas no \u00e2mbito dos direitos humanos, em pdf.<\/li>\n<\/ul>\n<p>A sele\u00e7\u00e3o compreender\u00e1 duas etapas: an\u00e1lise da documenta\u00e7\u00e3o e entrevista a ser realizada em dia e hor\u00e1rio agendados e informados por e-mail.<\/p>\n<p>As informa\u00e7\u00f5es completas est\u00e3o no <a href=\"https:\/\/www.ufmg.br\/proex\/wp-content\/uploads\/2026\/02\/SEI_4962082_Edital_331.pdf\" target=\"_blank\" rel=\"noopener\">edital 331\/2026.<\/a><\/p>\n<p>&nbsp;<\/p>\n<p>&nbsp;<\/p>\n","protected":false},"excerpt":{"rendered":"<p>Resultado final (05\/03\/2026) Resultado 1\u00aa etapa (03\/03\/2026) A Universidade dos [&hellip;]<\/p>\n","protected":false},"author":2,"featured_media":0,"parent":0,"menu_order":0,"comment_status":"closed","ping_status":"closed","template":"","meta":[],"tags":[191,23,365],"_links":{"self":[{"href":"https:\/\/www.ufmg.br\/proex\/wp-json\/wp\/v2\/pages\/1148"}],"collection":[{"href":"https:\/\/www.ufmg.br\/proex\/wp-json\/wp\/v2\/pages"}],"about":[{"href":"https:\/\/www.ufmg.br\/proex\/wp-json\/wp\/v2\/types\/page"}],"author":[{"embeddable":true,"href":"https:\/\/www.ufmg.br\/proex\/wp-json\/wp\/v2\/users\/2"}],"replies":[{"embeddable":true,"href":"https:\/\/www.ufmg.br\/proex\/wp-json\/wp\/v2\/comments?post=1148"}],"version-history":[{"count":61,"href":"https:\/\/www.ufmg.br\/proex\/wp-json\/wp\/v2\/pages\/1148\/revisions"}],"predecessor-version":[{"id":17265,"href":"https:\/\/www.ufmg.br\/proex\/wp-json\/wp\/v2\/pages\/1148\/revisions\/17265"}],"wp:attachment":[{"href":"https:\/\/www.ufmg.br\/proex\/wp-json\/wp\/v2\/media?parent=1148"}],"wp:term":[{"taxonomy":"post_tag","embeddable":true,"href":"https:\/\/www.ufmg.br\/proex\/wp-json\/wp\/v2\/tags?post=1148"}],"curies":[{"name":"wp","href":"https:\/\/api.w.org\/{rel}","templated":true}]}}