{"id":11520,"date":"2024-02-06T12:51:43","date_gmt":"2024-02-06T14:51:43","guid":{"rendered":"https:\/\/www.ufmg.br\/proex\/?page_id=11520"},"modified":"2024-02-06T12:52:09","modified_gmt":"2024-02-06T14:52:09","slug":"circulos-de-cultura","status":"publish","type":"page","link":"https:\/\/www.ufmg.br\/proex\/circulos-de-cultura\/","title":{"rendered":"C\u00edrculos de cultura"},"content":{"rendered":"<p>Est\u00e3o abertas, <strong>at\u00e9 16 de fevereiro de 2024<\/strong>, as inscri\u00e7\u00f5es para exame de sele\u00e7\u00e3o de bolsista (uma vaga) para o projeto <em>C\u00edrculos de cultura: uma proposta dial\u00f3gica para transforma\u00e7\u00e3o das pr\u00e1ticas e do trabalho em sa\u00fade.<\/em><\/p>\n<p>A oportunidade \u00e9 para estudantes de gradua\u00e7\u00e3o em Enfermagem da UFMG que ingressaram por meio do sistema de cotas ou classificados(as) socioeconomicamente (n\u00edvel I,II ou III) pela Fump.<\/p>\n<p><strong>Documenta\u00e7\u00e3o<\/strong><br \/>\n&#8211; Hist\u00f3rico Escolar;<br \/>\n-Curriculum Vitae;<br \/>\n&#8211; Comprovante de ingresso na UFMG por cota ou classifica\u00e7\u00e3o FUMP n\u00edvel I, II ou III.<\/p>\n<p>Os (as) interessados (as) devem enviar a documenta\u00e7\u00e3o para o e-mail: <a href=\"mailto:lilianc@enf.ufmg.br\" target=\"_blank\" rel=\"noopener\">lilianc@enf.ufmg.br<\/a><\/p>\n<p><strong>Sele\u00e7\u00e3o<\/strong><br \/>\n&#8211; An\u00e1lise de Hist\u00f3rico Escolar;<br \/>\n-Curriculum Vitae<br \/>\n&#8211; Entrevista<\/p>\n<p>Outras informa\u00e7\u00f5es est\u00e3o no <a href=\"https:\/\/www.ufmg.br\/proex\/wp-content\/uploads\/2024\/02\/Edital_38-2024_-_Bolsista_Extensao_-_Profa._Lilian.pdf\" target=\"_blank\" rel=\"noopener\">edital de sele\u00e7\u00e3o.<\/a><\/p>\n<p>&nbsp;<\/p>\n<p>&nbsp;<\/p>\n","protected":false},"excerpt":{"rendered":"<p>Est\u00e3o abertas, at\u00e9 16 de fevereiro de 2024, as inscri\u00e7\u00f5es [&hellip;]<\/p>\n","protected":false},"author":2,"featured_media":0,"parent":0,"menu_order":0,"comment_status":"closed","ping_status":"closed","template":"","meta":[],"tags":[191,617,23],"_links":{"self":[{"href":"https:\/\/www.ufmg.br\/proex\/wp-json\/wp\/v2\/pages\/11520"}],"collection":[{"href":"https:\/\/www.ufmg.br\/proex\/wp-json\/wp\/v2\/pages"}],"about":[{"href":"https:\/\/www.ufmg.br\/proex\/wp-json\/wp\/v2\/types\/page"}],"author":[{"embeddable":true,"href":"https:\/\/www.ufmg.br\/proex\/wp-json\/wp\/v2\/users\/2"}],"replies":[{"embeddable":true,"href":"https:\/\/www.ufmg.br\/proex\/wp-json\/wp\/v2\/comments?post=11520"}],"version-history":[{"count":6,"href":"https:\/\/www.ufmg.br\/proex\/wp-json\/wp\/v2\/pages\/11520\/revisions"}],"predecessor-version":[{"id":11527,"href":"https:\/\/www.ufmg.br\/proex\/wp-json\/wp\/v2\/pages\/11520\/revisions\/11527"}],"wp:attachment":[{"href":"https:\/\/www.ufmg.br\/proex\/wp-json\/wp\/v2\/media?parent=11520"}],"wp:term":[{"taxonomy":"post_tag","embeddable":true,"href":"https:\/\/www.ufmg.br\/proex\/wp-json\/wp\/v2\/tags?post=11520"}],"curies":[{"name":"wp","href":"https:\/\/api.w.org\/{rel}","templated":true}]}}