{"id":1154,"date":"2021-08-22T16:54:14","date_gmt":"2021-08-22T19:54:14","guid":{"rendered":"https:\/\/www.ufmg.br\/proex\/?page_id=1154"},"modified":"2021-08-22T16:56:14","modified_gmt":"2021-08-22T19:56:14","slug":"vaga-de-bolsa-para-atuar-no-projeto-trupe-a-torto-e-a-direito","status":"publish","type":"page","link":"https:\/\/www.ufmg.br\/proex\/vaga-de-bolsa-para-atuar-no-projeto-trupe-a-torto-e-a-direito\/","title":{"rendered":"Vaga de bolsa para atuar no projeto Trupe a Torto e a Direito"},"content":{"rendered":"<p>Dos dias 28\/07\/2021 a 08\/08\/2021, estar\u00e3o abertas as inscri\u00e7\u00f5es para uma vaga de bolsa para atuar no projeto de extens\u00e3o\u00a0<a href=\"https:\/\/sistemas.ufmg.br\/siex\/AuditarProjeto.do?id=67524\" target=\"_self\" rel=\"noopener\">Trupe a Torto e a Direito<\/a>, do programa Polos de Cidadania, vinculado \u00e0 Faculdade de Direito da UFMG.<\/p>\n<p>Quem pode concorrer:<br \/>\n&#8211; Estudantes regularmente matriculados no curso de Gradua\u00e7\u00e3o em Teatro da UFMG;<br \/>\n&#8211; Estudantes matriculados no Curso T\u00e9cnico do Teatro Universit\u00e1rio (das turmas do 1\u00ba e do 2\u00ba ano).<\/p>\n<p>A inscri\u00e7\u00e3o ser\u00e1 realizada mediante o envio dos seguintes documentos digitalizados:<\/p>\n<p>&#8211; Carta de inten\u00e7\u00e3o<\/p>\n<p>&#8211; Curr\u00edculo<\/p>\n<p>&#8211; C\u00f3pia de identidade e CPF<\/p>\n<p>&#8211; Comprovante de matr\u00edcula<\/p>\n<p>&#8211; Comprovante de resid\u00eancia<\/p>\n<p>Os interessados devem enviar tais documentos para o e-mail\u00a0<a href=\"https:\/\/www2.ufmg.br\/proex\/secretaria-tu@ebap.ufmg.br\" target=\"_self\" rel=\"noopener\">secretaria-tu@ebap.ufmg.br<\/a><\/p>\n<p>A sele\u00e7\u00e3o contar\u00e1 com duas etapas:<\/p>\n<p>&#8211; An\u00e1lise de curr\u00edculo e carta de inten\u00e7\u00e3o<\/p>\n<p>&#8211; Entrevista on-line<\/p>\n<p>Os crit\u00e9rios de sele\u00e7\u00e3o e todas as informa\u00e7\u00f5es pertinentes ao processo est\u00e3o dispon\u00edveis na\u00a0<a href=\"https:\/\/drive.google.com\/file\/d\/1Gt5hZNtz2u0RfkDij3RoUna-mol1ZecA\/view\" target=\"_blank\" rel=\"noopener\">Chamada de sele\u00e7\u00e3o 05\/2021 &#8211; TU<\/a><\/p>\n<p>A leitura completa da chamada \u00e9 imprescind\u00edvel.<\/p>\n<p>&nbsp;<\/p>\n<p>&nbsp;<\/p>\n<p>&nbsp;<\/p>\n<p>&nbsp;<\/p>\n","protected":false},"excerpt":{"rendered":"<p>Dos dias 28\/07\/2021 a 08\/08\/2021, estar\u00e3o abertas as inscri\u00e7\u00f5es para [&hellip;]<\/p>\n","protected":false},"author":2,"featured_media":0,"parent":0,"menu_order":0,"comment_status":"closed","ping_status":"closed","template":"","meta":[],"tags":[133,23,25,197,243,477,29,479,475],"_links":{"self":[{"href":"https:\/\/www.ufmg.br\/proex\/wp-json\/wp\/v2\/pages\/1154"}],"collection":[{"href":"https:\/\/www.ufmg.br\/proex\/wp-json\/wp\/v2\/pages"}],"about":[{"href":"https:\/\/www.ufmg.br\/proex\/wp-json\/wp\/v2\/types\/page"}],"author":[{"embeddable":true,"href":"https:\/\/www.ufmg.br\/proex\/wp-json\/wp\/v2\/users\/2"}],"replies":[{"embeddable":true,"href":"https:\/\/www.ufmg.br\/proex\/wp-json\/wp\/v2\/comments?post=1154"}],"version-history":[{"count":2,"href":"https:\/\/www.ufmg.br\/proex\/wp-json\/wp\/v2\/pages\/1154\/revisions"}],"predecessor-version":[{"id":1157,"href":"https:\/\/www.ufmg.br\/proex\/wp-json\/wp\/v2\/pages\/1154\/revisions\/1157"}],"wp:attachment":[{"href":"https:\/\/www.ufmg.br\/proex\/wp-json\/wp\/v2\/media?parent=1154"}],"wp:term":[{"taxonomy":"post_tag","embeddable":true,"href":"https:\/\/www.ufmg.br\/proex\/wp-json\/wp\/v2\/tags?post=1154"}],"curies":[{"name":"wp","href":"https:\/\/api.w.org\/{rel}","templated":true}]}}