{"id":11543,"date":"2024-02-08T13:01:24","date_gmt":"2024-02-08T15:01:24","guid":{"rendered":"https:\/\/www.ufmg.br\/proex\/?page_id=11543"},"modified":"2024-02-08T13:03:42","modified_gmt":"2024-02-08T15:03:42","slug":"projeto-tratamento-endodontico-de-dentes-permanentes-jovens","status":"publish","type":"page","link":"https:\/\/www.ufmg.br\/proex\/projeto-tratamento-endodontico-de-dentes-permanentes-jovens\/","title":{"rendered":"Projeto Tratamento Endod\u00f4ntico de Dentes Permanentes Jovens"},"content":{"rendered":"<p>Est\u00e3o abertas as inscri\u00e7\u00f5es para a sele\u00e7\u00e3o de bolsista (uma vaga) para o projeto Tratamento Endod\u00f4ntico de Dentes Permanentes, coordenado pela professora Isabella Faria da Cunha Peixoto.<\/p>\n<p>Per\u00edodo de inscri\u00e7\u00e3o: at\u00e9 10\/02\/2024, no CENEX FAO\/UFMG, por meio do <a href=\"https:\/\/docs.google.com\/forms\/d\/e\/1FAIpQLSc7by62PWHiC_FqjxJk2wUtcr4PCHQZsx4Ek8V0iOv0138nIw\/viewform\" target=\"_blank\" rel=\"noopener\">formul\u00e1rio de inscri\u00e7\u00e3o.<\/a><\/p>\n<p>Oportunidade para alunos e alunas do curso de Odontologia da UFMG &#8211; 8\u00ba, 9\u00ba e 10\u00ba per\u00edodo.<\/p>\n<p>Documenta\u00e7\u00e3o: Hist\u00f3rico escolar, Rendimento semestral global &#8211; RSG<\/p>\n<p>Sele\u00e7\u00e3o: Entrevista escrita (google forms), entrevista oral (online &#8211; se necess\u00e1rio)<\/p>\n<p>Data\/Hora\/Plataforma de Sele\u00e7\u00e3o: 19\/02\/2024, 8:00h, plataforma google forms<\/p>\n<p>Data da divulga\u00e7\u00e3o do resultado: 23\/02\/2024.<\/p>\n<p>Per\u00edodo de atua\u00e7\u00e3o no Projeto: Fevereiro de 2024 \u00e0 fevereiro de 2025<\/p>\n<p>Informa\u00e7\u00f5es complementares est\u00e3o no <a href=\"https:\/\/www.odonto.ufmg.br\/cenex\/wp-content\/uploads\/sites\/2\/2024\/02\/CHAMADA-CENEX-3-24-3.pdf\" target=\"_blank\" rel=\"noopener\">edital de sele\u00e7\u00e3o.<\/a><\/p>\n<p>&nbsp;<\/p>\n<p>&nbsp;<\/p>\n","protected":false},"excerpt":{"rendered":"<p>Est\u00e3o abertas as inscri\u00e7\u00f5es para a sele\u00e7\u00e3o de bolsista (uma [&hellip;]<\/p>\n","protected":false},"author":2,"featured_media":0,"parent":0,"menu_order":0,"comment_status":"closed","ping_status":"closed","template":"","meta":[],"tags":[191,765,23],"_links":{"self":[{"href":"https:\/\/www.ufmg.br\/proex\/wp-json\/wp\/v2\/pages\/11543"}],"collection":[{"href":"https:\/\/www.ufmg.br\/proex\/wp-json\/wp\/v2\/pages"}],"about":[{"href":"https:\/\/www.ufmg.br\/proex\/wp-json\/wp\/v2\/types\/page"}],"author":[{"embeddable":true,"href":"https:\/\/www.ufmg.br\/proex\/wp-json\/wp\/v2\/users\/2"}],"replies":[{"embeddable":true,"href":"https:\/\/www.ufmg.br\/proex\/wp-json\/wp\/v2\/comments?post=11543"}],"version-history":[{"count":5,"href":"https:\/\/www.ufmg.br\/proex\/wp-json\/wp\/v2\/pages\/11543\/revisions"}],"predecessor-version":[{"id":11549,"href":"https:\/\/www.ufmg.br\/proex\/wp-json\/wp\/v2\/pages\/11543\/revisions\/11549"}],"wp:attachment":[{"href":"https:\/\/www.ufmg.br\/proex\/wp-json\/wp\/v2\/media?parent=11543"}],"wp:term":[{"taxonomy":"post_tag","embeddable":true,"href":"https:\/\/www.ufmg.br\/proex\/wp-json\/wp\/v2\/tags?post=11543"}],"curies":[{"name":"wp","href":"https:\/\/api.w.org\/{rel}","templated":true}]}}