{"id":11553,"date":"2024-02-08T15:07:15","date_gmt":"2024-02-08T17:07:15","guid":{"rendered":"https:\/\/www.ufmg.br\/proex\/?page_id=11553"},"modified":"2024-02-15T09:25:34","modified_gmt":"2024-02-15T11:25:34","slug":"menina-ge","status":"publish","type":"page","link":"https:\/\/www.ufmg.br\/proex\/menina-ge\/","title":{"rendered":"Menina G\u00ea"},"content":{"rendered":"<p>Est\u00e3o abertas, <strong>at\u00e9 o dia 16 de fevereiro de 2024<\/strong>, as inscri\u00e7\u00f5es de uma bolsa para atuar no projeto Menina G\u00ea, do Instituto de Ci\u00eancias Biol\u00f3gicas da UFMG.<\/p>\n<p>A vaga \u00e9 destinada a alunos (<strong>sexo masculino<\/strong>) regularmente matriculado em Cursos de Gradua\u00e7\u00e3o da UFMG em <strong>Ci\u00eancias Biol\u00f3gicas (licenciatura), Psicologia, Enfermagem, Pedagogia, Cinema e Anima\u00e7\u00e3o, Teatro, Terapia Ocupacional ou Publicidade e Propaganda<\/strong>.<\/p>\n<p>O bolsista ir\u00e1 atuar nas grava\u00e7\u00f5es de v\u00eddeos para o Tiktok e Instagram trazendo esclarecimentos sobre sexualidade de uma forma respeitosa, natural e acolhedora utilizando-se de uma linguagem l\u00fadica e estrat\u00e9gias para deixar o conte\u00fado mais leve com foco no p\u00fablico adolescente.<\/p>\n<h5>Os crit\u00e9rios para a sele\u00e7\u00e3o:<\/h5>\n<ul>\n<li>Habilidade para grava\u00e7\u00f5es e edi\u00e7\u00e3o de v\u00eddeos curtos;<\/li>\n<li>Personalidade divertida e descontra\u00edda;<\/li>\n<li>Disponibilidade de tempo &#8211; 12h semanais sendo essencial o hor\u00e1rio de ter\u00e7a feira de 13-14h para reuni\u00f5es presenciais.<\/li>\n<\/ul>\n<p>Para se inscrever e obter mais informa\u00e7\u00f5es, entre em contato com o seguinte n\u00famero: <a href=\"http:\/\/31 9 8870-7395\">31 9 8870-7395 <\/a>(J\u00daLIA)<\/p>\n<p>&nbsp;<\/p>\n","protected":false},"excerpt":{"rendered":"<p>Est\u00e3o abertas, at\u00e9 o dia 16 de fevereiro de 2024, [&hellip;]<\/p>\n","protected":false},"author":2,"featured_media":0,"parent":0,"menu_order":0,"comment_status":"closed","ping_status":"closed","template":"","meta":[],"tags":[],"_links":{"self":[{"href":"https:\/\/www.ufmg.br\/proex\/wp-json\/wp\/v2\/pages\/11553"}],"collection":[{"href":"https:\/\/www.ufmg.br\/proex\/wp-json\/wp\/v2\/pages"}],"about":[{"href":"https:\/\/www.ufmg.br\/proex\/wp-json\/wp\/v2\/types\/page"}],"author":[{"embeddable":true,"href":"https:\/\/www.ufmg.br\/proex\/wp-json\/wp\/v2\/users\/2"}],"replies":[{"embeddable":true,"href":"https:\/\/www.ufmg.br\/proex\/wp-json\/wp\/v2\/comments?post=11553"}],"version-history":[{"count":6,"href":"https:\/\/www.ufmg.br\/proex\/wp-json\/wp\/v2\/pages\/11553\/revisions"}],"predecessor-version":[{"id":11577,"href":"https:\/\/www.ufmg.br\/proex\/wp-json\/wp\/v2\/pages\/11553\/revisions\/11577"}],"wp:attachment":[{"href":"https:\/\/www.ufmg.br\/proex\/wp-json\/wp\/v2\/media?parent=11553"}],"wp:term":[{"taxonomy":"post_tag","embeddable":true,"href":"https:\/\/www.ufmg.br\/proex\/wp-json\/wp\/v2\/tags?post=11553"}],"curies":[{"name":"wp","href":"https:\/\/api.w.org\/{rel}","templated":true}]}}