{"id":11592,"date":"2024-02-15T10:13:50","date_gmt":"2024-02-15T12:13:50","guid":{"rendered":"https:\/\/www.ufmg.br\/proex\/?page_id=11592"},"modified":"2024-02-16T14:12:34","modified_gmt":"2024-02-16T16:12:34","slug":"micro","status":"publish","type":"page","link":"https:\/\/www.ufmg.br\/proex\/micro\/","title":{"rendered":"Micro UFMG"},"content":{"rendered":"<p><strong>At\u00e9 20 de fevereiro de 2024,<\/strong> o projeto de extens\u00e3o Micro UFMG\u00a0receber\u00e1 inscri\u00e7\u00f5es para a sele\u00e7\u00e3o de candidatos para 01 (uma) bolsa de extens\u00e3o, na modalidade PBEXT-AF.<\/p>\n<p>Para se candidatar, \u00e9 necess\u00e1rio que o estudante esteja regularmente matriculado em qualquer curso de gradua\u00e7\u00e3o da UFMG e deve ter ingressado pelo sistema de cotas e\/ou classificados(as) socioeconomicamente no n\u00edvel I, II ou III pela FUMP, estudantes m\u00e3es com crian\u00e7a cursando o Ensino Infantil ou Fundamental na rede p\u00fablica de ensino, estudantes travestis e transexuais, estudantes com defici\u00eancia, estudantes ind\u00edgenas e quilombolas, estudantes refugiados(as).<\/p>\n<p>As inscri\u00e7\u00f5es s\u00e3o recebidas por meio do e-mail <a href=\"mailto:microufmgequipe@gmail.com\" target=\"_blank\" rel=\"noopener\">microufmgequipe@gmail.com<\/a>, identificando-se no campo assunto &#8211; Bolsista <a class=\"x1i10hfl xjbqb8w x1ejq31n xd10rxx x1sy0etr x17r0tee x972fbf xcfux6l x1qhh985 xm0m39n x9f619 x1ypdohk xt0psk2 xe8uvvx xdj266r x11i5rnm xat24cr x1mh8g0r xexx8yu x4uap5 x18d9i69 xkhd6sd x16tdsg8 x1hl2dhg xggy1nq x1a2a7pz notranslate _a6hd\" tabindex=\"0\" role=\"link\" href=\"https:\/\/www.instagram.com\/microUFMG\/\" target=\"_blank\" rel=\"noopener\">@microUFMG<\/a>, com o envio de: hist\u00f3rico escolar, carta de interesse, Comprovante para concorrer \u00e0 modalidade de bolsa PBEXT A\u00e7\u00e3o afirmativa e v\u00eddeo.<\/p>\n<p>O estudante realizar\u00e1 atividades de divulga\u00e7\u00e3o cientifica nas redes sociais: cria\u00e7\u00e3o de pe\u00e7as gr\u00e1ficas, roteiros, comunica\u00e7\u00e3o interna e externa, pelo per\u00edodo de 12 meses (doze meses).<\/p>\n<p><a href=\"https:\/\/drive.google.com\/file\/d\/1Nt6yNFTEMS1c006SJXiiPJ96RXqsmKDq\/view\" target=\"_blank\" rel=\"noopener\">Acesse o edital<\/a> e veja mais informa\u00e7\u00f5es sobre o processo seletivo.<\/p>\n<p>&nbsp;<\/p>\n<p>&nbsp;<\/p>\n","protected":false},"excerpt":{"rendered":"<p>At\u00e9 20 de fevereiro de 2024, o projeto de extens\u00e3o [&hellip;]<\/p>\n","protected":false},"author":2,"featured_media":0,"parent":0,"menu_order":0,"comment_status":"closed","ping_status":"closed","template":"","meta":[],"tags":[191,23,803,801],"_links":{"self":[{"href":"https:\/\/www.ufmg.br\/proex\/wp-json\/wp\/v2\/pages\/11592"}],"collection":[{"href":"https:\/\/www.ufmg.br\/proex\/wp-json\/wp\/v2\/pages"}],"about":[{"href":"https:\/\/www.ufmg.br\/proex\/wp-json\/wp\/v2\/types\/page"}],"author":[{"embeddable":true,"href":"https:\/\/www.ufmg.br\/proex\/wp-json\/wp\/v2\/users\/2"}],"replies":[{"embeddable":true,"href":"https:\/\/www.ufmg.br\/proex\/wp-json\/wp\/v2\/comments?post=11592"}],"version-history":[{"count":4,"href":"https:\/\/www.ufmg.br\/proex\/wp-json\/wp\/v2\/pages\/11592\/revisions"}],"predecessor-version":[{"id":11603,"href":"https:\/\/www.ufmg.br\/proex\/wp-json\/wp\/v2\/pages\/11592\/revisions\/11603"}],"wp:attachment":[{"href":"https:\/\/www.ufmg.br\/proex\/wp-json\/wp\/v2\/media?parent=11592"}],"wp:term":[{"taxonomy":"post_tag","embeddable":true,"href":"https:\/\/www.ufmg.br\/proex\/wp-json\/wp\/v2\/tags?post=11592"}],"curies":[{"name":"wp","href":"https:\/\/api.w.org\/{rel}","templated":true}]}}