{"id":11616,"date":"2024-02-19T11:24:24","date_gmt":"2024-02-19T14:24:24","guid":{"rendered":"https:\/\/www.ufmg.br\/proex\/?page_id=11616"},"modified":"2025-03-31T17:51:50","modified_gmt":"2025-03-31T20:51:50","slug":"grupo-mulheres-na-ciencia","status":"publish","type":"page","link":"https:\/\/www.ufmg.br\/proex\/grupo-mulheres-na-ciencia\/","title":{"rendered":"Grupo Mulheres na Ci\u00eancia"},"content":{"rendered":"<p>Fa\u00e7a parte do projeto de extens\u00e3o Grupo de Mulheres na Ci\u00eancia, do Instituto de Ci\u00eancias Biol\u00f3gicas (ICB) da UFMG.<\/p>\n<p>A inciativa recebe inscri\u00e7\u00f5es, <strong>at\u00e9 18 de abril de 2025<\/strong>, para sele\u00e7\u00e3o de candidatas a uma bolsa (uma vaga) na modalidade PBEXT.<\/p>\n<p>Podem participar da sele\u00e7\u00e3o alunas de gradua\u00e7\u00e3o da UFMG, preferencialmente do ICB.<\/p>\n<p><strong>Vig\u00eancia da bolsa<\/strong>: maio de 2025 a fevereiro de 2026 (10 meses).<br \/>\n<strong>Valor<\/strong>: 700\/mensal<\/p>\n<p>As inscri\u00e7\u00f5es devem ser feitas por meio de preenchimento de <a href=\"https:\/\/forms.gle\/wHQb2GNpu3XSujYAA\" target=\"_blank\" rel=\"noopener\">formul\u00e1rio on-line.<\/a><\/p>\n<p>No ato da inscri\u00e7\u00e3o, as candidatas dever\u00e3o anexar os seguintes documentos:<br \/>\na) C\u00f3pia da carteira de identidade e do CPF;<br \/>\nb) Hist\u00f3rico Escolar atualizado, com Nota Semestral Global (NSG) maior ou igual a 60 nos \u00faltimos dois semestres. O hist\u00f3rico escolar poder\u00e1 ser substitu\u00eddo pelo \u201cExtrato de Integraliza\u00e7\u00e3o Curricular\u201d;<br \/>\nc) Carta de inten\u00e7\u00e3o (m\u00e1ximo de 1 p\u00e1gina, objetiva e sucinta) e um post para Instagram.<\/p>\n<p>As informa\u00e7\u00f5es completas est\u00e3o no <a href=\"https:\/\/sites.google.com\/view\/mnc-icb-ufmg\/editais-e-resultados\/edital-sele%C3%A7%C3%A3o-2025?authuser=0\" target=\"_blank\" rel=\"noopener\">edital de sele\u00e7\u00e3o.<\/a><\/p>\n<p>O projeto tem como objetivo principal incentivar a participa\u00e7\u00e3o de mulheres na ci\u00eancia por meio de diversas atividades de divulga\u00e7\u00e3o e promo\u00e7\u00e3o da ci\u00eancia para meninas e mulheres.<\/p>\n<p><a href=\"https:\/\/sites.google.com\/view\/mnc-icb-ufmg\">Saiba mais sobre o projeto.<\/a><\/p>\n<p>&nbsp;<\/p>\n","protected":false},"excerpt":{"rendered":"<p>Fa\u00e7a parte do projeto de extens\u00e3o Grupo de Mulheres na [&hellip;]<\/p>\n","protected":false},"author":2,"featured_media":0,"parent":0,"menu_order":0,"comment_status":"closed","ping_status":"closed","template":"","meta":[],"tags":[191,23,29],"_links":{"self":[{"href":"https:\/\/www.ufmg.br\/proex\/wp-json\/wp\/v2\/pages\/11616"}],"collection":[{"href":"https:\/\/www.ufmg.br\/proex\/wp-json\/wp\/v2\/pages"}],"about":[{"href":"https:\/\/www.ufmg.br\/proex\/wp-json\/wp\/v2\/types\/page"}],"author":[{"embeddable":true,"href":"https:\/\/www.ufmg.br\/proex\/wp-json\/wp\/v2\/users\/2"}],"replies":[{"embeddable":true,"href":"https:\/\/www.ufmg.br\/proex\/wp-json\/wp\/v2\/comments?post=11616"}],"version-history":[{"count":18,"href":"https:\/\/www.ufmg.br\/proex\/wp-json\/wp\/v2\/pages\/11616\/revisions"}],"predecessor-version":[{"id":15001,"href":"https:\/\/www.ufmg.br\/proex\/wp-json\/wp\/v2\/pages\/11616\/revisions\/15001"}],"wp:attachment":[{"href":"https:\/\/www.ufmg.br\/proex\/wp-json\/wp\/v2\/media?parent=11616"}],"wp:term":[{"taxonomy":"post_tag","embeddable":true,"href":"https:\/\/www.ufmg.br\/proex\/wp-json\/wp\/v2\/tags?post=11616"}],"curies":[{"name":"wp","href":"https:\/\/api.w.org\/{rel}","templated":true}]}}