{"id":11814,"date":"2024-02-28T15:25:11","date_gmt":"2024-02-28T18:25:11","guid":{"rendered":"https:\/\/www.ufmg.br\/proex\/?page_id=11814"},"modified":"2024-08-06T15:01:14","modified_gmt":"2024-08-06T18:01:14","slug":"plantaosiex","status":"publish","type":"page","link":"https:\/\/www.ufmg.br\/proex\/plantaosiex\/","title":{"rendered":"Plant\u00e3o SIEX"},"content":{"rendered":"<p>A comunidade da UFMG pode contar com um canal on-line, permanente e direto com a Proex para esclarecer eventuais d\u00favidas sobre o Sistema de Informa\u00e7\u00e3o da Extens\u00e3o, o SIEX.<\/p>\n<p>Os atendimentos ocorrem todas as semanas, sempre <strong>\u00e0s ter\u00e7as-feiras, das 8 \u00e0s 12 horas, e \u00e0s quintas-feiras, das 13 \u00e0s 17 horas.<\/strong><\/p>\n<p>N\u00e3o ser\u00e1 necess\u00e1rio agendamento pr\u00e9vio. Basta que os interessados entrem neste\u00a0<a href=\"https:\/\/teams.microsoft.com\/l\/meetup-join\/19%3ab37ada9a74a84dc89e856a5fed01a14a%40thread.tacv2\/1722883087137?context=%7b%22Tid%22%3a%2264126139-4352-4cd7-b1fb-2a971c6f69a6%22%2c%22Oid%22%3a%2258f47bc4-d559-477f-8ed0-fbc8ef194ca4%22%7d\" target=\"_blank\" rel=\"noopener\">link<\/a>\u00a0(plataforma Teams).<\/p>\n<p>S\u00e3o esclarecidas diferentes quest\u00f5es como funcionalidades, registro, aprova\u00e7\u00e3o e atualiza\u00e7\u00e3o de atividades, preenchimento de informa\u00e7\u00f5es e otimiza\u00e7\u00f5es desenvolvidas no sistema.<\/p>\n<p><strong>Sobre o plant\u00e3o<\/strong><\/p>\n<p>Iniciados em mar\u00e7o de 2024, os atendimentos s\u00e3o realizados pela equipe t\u00e9cnica da Diretoria de Apoio \u00e0 Gest\u00e3o da Extens\u00e3o (DAGE). O objetivo \u00e9 otimizar a experi\u00eancia da comunidade universit\u00e1ria e aprimorar a gest\u00e3o da extens\u00e3o.<\/p>\n<p>A iniciativa atende \u00e0 demanda proveniente do curso\/oficina <em>Extens\u00e3o Acad\u00eamica na Pr\u00e1tica.<\/em><\/p>\n<p><b>Dados p\u00fablicos<\/b><\/p>\n<p>O <a href=\"https:\/\/sistemas.ufmg.br\/siex\/Principal.do\" target=\"_blank\" rel=\"noopener\">Sistema de Informa\u00e7\u00e3o da Extens\u00e3o (SIEX)<\/a> \u00e9 uma plataforma on-line e p\u00fablica, que permite o acesso a dados da extens\u00e3o da Universidade, o registro, visualiza\u00e7\u00e3o, produ\u00e7\u00f5es e resultados das atividades. O sistema desempenha, ainda, um papel relevante para a transpar\u00eancia dessas informa\u00e7\u00f5es, avalia\u00e7\u00e3o institucional, constru\u00e7\u00e3o de indicadores, fomento e mem\u00f3ria da extens\u00e3o.<\/p>\n<p>Demais informa\u00e7\u00f5es sobre o <em>Plant\u00e3o SIEX<\/em> podem ser obtidas pelo e-mail <a href=\"mailto:dage@proex.ufmg.br\" target=\"_blank\" rel=\"noopener\">dage@proex.ufmg.br<\/a> ou telefone (31)3409-4062.<\/p>\n<p>&nbsp;<\/p>\n","protected":false},"excerpt":{"rendered":"<p>A comunidade da UFMG pode contar com um canal on-line, [&hellip;]<\/p>\n","protected":false},"author":2,"featured_media":0,"parent":0,"menu_order":0,"comment_status":"closed","ping_status":"closed","template":"","meta":[],"tags":[23,815,29],"_links":{"self":[{"href":"https:\/\/www.ufmg.br\/proex\/wp-json\/wp\/v2\/pages\/11814"}],"collection":[{"href":"https:\/\/www.ufmg.br\/proex\/wp-json\/wp\/v2\/pages"}],"about":[{"href":"https:\/\/www.ufmg.br\/proex\/wp-json\/wp\/v2\/types\/page"}],"author":[{"embeddable":true,"href":"https:\/\/www.ufmg.br\/proex\/wp-json\/wp\/v2\/users\/2"}],"replies":[{"embeddable":true,"href":"https:\/\/www.ufmg.br\/proex\/wp-json\/wp\/v2\/comments?post=11814"}],"version-history":[{"count":17,"href":"https:\/\/www.ufmg.br\/proex\/wp-json\/wp\/v2\/pages\/11814\/revisions"}],"predecessor-version":[{"id":13394,"href":"https:\/\/www.ufmg.br\/proex\/wp-json\/wp\/v2\/pages\/11814\/revisions\/13394"}],"wp:attachment":[{"href":"https:\/\/www.ufmg.br\/proex\/wp-json\/wp\/v2\/media?parent=11814"}],"wp:term":[{"taxonomy":"post_tag","embeddable":true,"href":"https:\/\/www.ufmg.br\/proex\/wp-json\/wp\/v2\/tags?post=11814"}],"curies":[{"name":"wp","href":"https:\/\/api.w.org\/{rel}","templated":true}]}}