{"id":11822,"date":"2024-02-29T10:37:45","date_gmt":"2024-02-29T13:37:45","guid":{"rendered":"https:\/\/www.ufmg.br\/proex\/?page_id=11822"},"modified":"2024-02-29T10:40:18","modified_gmt":"2024-02-29T13:40:18","slug":"dororofacial","status":"publish","type":"page","link":"https:\/\/www.ufmg.br\/proex\/dororofacial\/","title":{"rendered":"Projeto Dor Orofacial"},"content":{"rendered":"<p>Est\u00e3o abertas as inscri\u00e7\u00f5es para 1 vaga de bolsista na modalidade PBEXT e 2 vagas de volunt\u00e1rios para o <a href=\"https:\/\/sistemas.ufmg.br\/siex\/VerIdentificacao.do?id=92467&amp;tipo=Projeto\" target=\"_blank\" rel=\"noopener\">projeto Dor Orofacial,<\/a> do Instituto de Ci\u00eancias Biol\u00f3gicas (ICB\/UFMG).<\/p>\n<p><strong>At\u00e9 10 de de mar\u00e7o de 2024,<\/strong> poder\u00e3o inscrever-se estudantes regularmente matriculados(as) no curso de gradua\u00e7\u00e3o em Odontologia da UFMG, cursando o 6\u00ba, 7\u00ba e\/ou 8\u00ba per\u00edodos.<\/p>\n<p>\u00c9 necess\u00e1rio disponibilidade para cumprir 20 horas semanais durante os dois semestres de 2024, sendo que o atendimento cl\u00ednico acontecer\u00e1 \u00e0s sextas a tarde (13:30\u201318:30 horas) no Hospital das Cl\u00ednicas \/ UFMG. O restante da carga hor\u00e1ria poder\u00e1 ser cumprido de acordo com a disponibilidade do(a) aluno(a) e\/ou em atividades propostas pela coordena\u00e7\u00e3o do projeto, tais como aulas da Liga de Dor Orofacial (LADOR)\/UFMG (ap\u00f3s \u00e0s 18 horas) e participa\u00e7\u00e3o na presta\u00e7\u00e3o de servi\u00e7o \u201cConsultoria em Dor orofacial e Disfun\u00e7\u00e3o temporomandibular\u201d (1 s\u00e1bado por m\u00eas)<\/p>\n<p>A inscri\u00e7\u00e3o \u00e9 realizada pelo e-mail <a href=\"mailto:projetodororofacial@gmail.com\" target=\"_blank\" rel=\"noopener\">projetodororofacial@gmail.com<\/a>, que dever\u00e1 incluir:<br \/>\n\u2022 Arquivo (formato docx ou pdf) com dados pessoais: nome e endere\u00e7o completos, CI, CPF, telefone de contato e e-mail<br \/>\n\u2022 Hist\u00f3rico escolar da gradua\u00e7\u00e3o com rendimento semestral global (RSG) (ser\u00e1 aceita a vers\u00e3o do<br \/>\nhist\u00f3rico dispon\u00edvel no MinhaUFMG);<br \/>\n\u2022 Comprovante de matr\u00edcula em 2024\/1, confirmando a disponibilidade \u00e0s sextas \u00e0 tarde.<\/p>\n<p>O processo seletivo compreender\u00e1: prova escrita, an\u00e1lise do curr\u00edculo e entrevista.<\/p>\n<p>As informa\u00e7\u00f5es completas est\u00e3o dispon\u00edveis no <a href=\"https:\/\/www.icb.ufmg.br\/images\/CENEX\/2024_Editais\/EDITAL_PBEXT_DOF_2024_assinado.pdf\" target=\"_blank\" rel=\"noopener\">edital de sele\u00e7\u00e3o.<\/a><\/p>\n<p>&nbsp;<\/p>\n","protected":false},"excerpt":{"rendered":"<p>Est\u00e3o abertas as inscri\u00e7\u00f5es para 1 vaga de bolsista na [&hellip;]<\/p>\n","protected":false},"author":2,"featured_media":0,"parent":0,"menu_order":0,"comment_status":"closed","ping_status":"closed","template":"","meta":[],"tags":[191,817,23,29],"_links":{"self":[{"href":"https:\/\/www.ufmg.br\/proex\/wp-json\/wp\/v2\/pages\/11822"}],"collection":[{"href":"https:\/\/www.ufmg.br\/proex\/wp-json\/wp\/v2\/pages"}],"about":[{"href":"https:\/\/www.ufmg.br\/proex\/wp-json\/wp\/v2\/types\/page"}],"author":[{"embeddable":true,"href":"https:\/\/www.ufmg.br\/proex\/wp-json\/wp\/v2\/users\/2"}],"replies":[{"embeddable":true,"href":"https:\/\/www.ufmg.br\/proex\/wp-json\/wp\/v2\/comments?post=11822"}],"version-history":[{"count":8,"href":"https:\/\/www.ufmg.br\/proex\/wp-json\/wp\/v2\/pages\/11822\/revisions"}],"predecessor-version":[{"id":11830,"href":"https:\/\/www.ufmg.br\/proex\/wp-json\/wp\/v2\/pages\/11822\/revisions\/11830"}],"wp:attachment":[{"href":"https:\/\/www.ufmg.br\/proex\/wp-json\/wp\/v2\/media?parent=11822"}],"wp:term":[{"taxonomy":"post_tag","embeddable":true,"href":"https:\/\/www.ufmg.br\/proex\/wp-json\/wp\/v2\/tags?post=11822"}],"curies":[{"name":"wp","href":"https:\/\/api.w.org\/{rel}","templated":true}]}}