{"id":11888,"date":"2024-02-25T11:38:29","date_gmt":"2024-02-25T14:38:29","guid":{"rendered":"https:\/\/www.ufmg.br\/proex\/?page_id=11888"},"modified":"2026-03-06T15:13:30","modified_gmt":"2026-03-06T18:13:30","slug":"interfacesapex","status":"publish","type":"page","link":"https:\/\/www.ufmg.br\/proex\/interfacesapex\/","title":{"rendered":"Revista Interfaces"},"content":{"rendered":"<p><a href=\"https:\/\/www.ufmg.br\/proex\/wp-content\/uploads\/2026\/03\/SEI_5007256_Comunicado_2.pdf\" target=\"_blank\" rel=\"noopener\">Resultado final (06\/03\/2026)<\/a><br \/>\n<a href=\"https:\/\/www.ufmg.br\/proex\/wp-content\/uploads\/2026\/03\/SEI_4993722_Comunicado_1-assinado.pdf\" target=\"_blank\" rel=\"noopener\">Resultado preliminar (03\/03\/2026)<\/a><\/p>\n<p>A\u00a0<a href=\"https:\/\/periodicos.ufmg.br\/index.php\/revistainterfaces\" target=\"_blank\" rel=\"noopener\">Interfaces \u2013 Revista de Extens\u00e3o da UFMG<\/a> seleciona candidatos (as) \u00e0 bolsa de extens\u00e3o na modalidade Apoio \u00e0 Pol\u00edtica de Extens\u00e3o (Bolsa APEX).<\/p>\n<p>S\u00e3o oferecidas quatro vagas, que s\u00e3o abertas \u00e0 participa\u00e7\u00e3o de estudantes de gradua\u00e7\u00e3o da UFMG dos seguintes cursos: <strong>Letras (habilita\u00e7\u00e3o em Edi\u00e7\u00e3o), Design ou Artes Visuais.<\/strong><\/p>\n<p>Os(as) selecionados(as) v\u00e3o atuar na Revista Interfaces conforme plano de trabalho apresentado no item 4 do edital.<\/p>\n<p><strong>Valor da bolsa<\/strong>: R$ 700\/mensal<br \/>\n<strong>Vig\u00eancia<\/strong>: mar\u00e7o de 2026 a fevereiro de 2027 (12 meses)<\/p>\n<p><strong>Inscri\u00e7\u00f5es<br \/>\n<\/strong>Os(as) interessados(as) devem se inscrever <strong>at\u00e9 24 de fevereiro de 2026 (inscri\u00e7\u00f5es encerradas).<br \/>\n<\/strong><br \/>\nAs inscri\u00e7\u00f5es s\u00e3o recebidas pelo e-mail <a href=\"mailto:revistainterfaces@proex.ufmg.br\" target=\"_blank\" rel=\"noopener\">revistainterfaces@proex.ufmg.br<\/a> (indicar em &#8220;assunto&#8221;: Inscri\u00e7\u00e3o para bolsa APEX &#8211; Revista Interfaces).<\/p>\n<p>Os(as) candidatos(as) dever\u00e3o anexar os seguintes documentos digitalizados:<\/p>\n<ul>\n<li>Hist\u00f3rico Escolar<\/li>\n<li>Curr\u00edculo (enumerar atividades exercidas na \u00e1rea de revis\u00e3o, projeto gr\u00e1fico, diagrama\u00e7\u00e3o e\/ou outra tarefa editorial)<\/li>\n<li>Carta contendo uma exposi\u00e7\u00e3o dos motivos que levaram o(a) estudante a pleitear sua participa\u00e7\u00e3o no projeto, em uma lauda, com fonte Arial 12 e espa\u00e7amento entre linhas de 1,5<\/li>\n<\/ul>\n<p>As informa\u00e7\u00f5es completas devem ser consultadas no <a href=\"https:\/\/www.ufmg.br\/proex\/wp-content\/uploads\/2026\/02\/SEI_4923018_Edital_186-Processo-Seletivo-de-Bolsista-Interfaces-Revista-de-Extensao.pdf\" target=\"_blank\" rel=\"noopener\">edital 186\/2026.<\/a><\/p>\n<p><strong>Sobre a revista<br \/>\n<\/strong>Vinculada \u00e0 Pr\u00f3-reitoria de Extens\u00e3o (Proex) da UFMG, a Revista Interfaces re\u00fane an\u00e1lises e reflex\u00f5es sobre os fundamentos, os conceitos, as experi\u00eancias extensionistas e suas repercuss\u00f5es nos contextos nacional e internacional. O objetivo do peri\u00f3dico \u00e9 fortalecer o di\u00e1logo da universidade com a sociedade e os processos de forma\u00e7\u00e3o acad\u00eamica e cidad\u00e3.<\/p>\n<p>A revista tem periodicidade semestral, sendo disponibilizada, gratuitamente, de forma on-line. Siga a Interfaces no <a href=\"https:\/\/www.instagram.com\/revistainterfaces_ufmg\/\" target=\"_blank\" rel=\"noopener\">Instagram.<\/a><\/p>\n<p>&nbsp;<\/p>\n","protected":false},"excerpt":{"rendered":"<p>Resultado final (06\/03\/2026) Resultado preliminar (03\/03\/2026) A\u00a0Interfaces \u2013 Revista de [&hellip;]<\/p>\n","protected":false},"author":2,"featured_media":0,"parent":0,"menu_order":0,"comment_status":"closed","ping_status":"closed","template":"","meta":[],"tags":[191,23,575],"_links":{"self":[{"href":"https:\/\/www.ufmg.br\/proex\/wp-json\/wp\/v2\/pages\/11888"}],"collection":[{"href":"https:\/\/www.ufmg.br\/proex\/wp-json\/wp\/v2\/pages"}],"about":[{"href":"https:\/\/www.ufmg.br\/proex\/wp-json\/wp\/v2\/types\/page"}],"author":[{"embeddable":true,"href":"https:\/\/www.ufmg.br\/proex\/wp-json\/wp\/v2\/users\/2"}],"replies":[{"embeddable":true,"href":"https:\/\/www.ufmg.br\/proex\/wp-json\/wp\/v2\/comments?post=11888"}],"version-history":[{"count":29,"href":"https:\/\/www.ufmg.br\/proex\/wp-json\/wp\/v2\/pages\/11888\/revisions"}],"predecessor-version":[{"id":17270,"href":"https:\/\/www.ufmg.br\/proex\/wp-json\/wp\/v2\/pages\/11888\/revisions\/17270"}],"wp:attachment":[{"href":"https:\/\/www.ufmg.br\/proex\/wp-json\/wp\/v2\/media?parent=11888"}],"wp:term":[{"taxonomy":"post_tag","embeddable":true,"href":"https:\/\/www.ufmg.br\/proex\/wp-json\/wp\/v2\/tags?post=11888"}],"curies":[{"name":"wp","href":"https:\/\/api.w.org\/{rel}","templated":true}]}}