{"id":12134,"date":"2024-03-19T09:12:15","date_gmt":"2024-03-19T12:12:15","guid":{"rendered":"https:\/\/www.ufmg.br\/proex\/?page_id=12134"},"modified":"2024-03-19T09:17:58","modified_gmt":"2024-03-19T12:17:58","slug":"proget","status":"publish","type":"page","link":"https:\/\/www.ufmg.br\/proex\/proget\/","title":{"rendered":"Projeto de Orienta\u00e7\u00e3o \u00e0 Gest\u00e3o de Institui\u00e7\u00f5es do Terceiro Setor"},"content":{"rendered":"<div class=\"texto_page\">\n<p>Encontram-se abertas (<strong>at\u00e9 21\/03\/2024<\/strong>) as inscri\u00e7\u00f5es para a sele\u00e7\u00e3o de um bolsista de extens\u00e3o para o Projeto de Orienta\u00e7\u00e3o \u00e0 Gest\u00e3o de Institui\u00e7\u00f5es do Terceiro Setor \u2013 Campus da UFMG em Montes Claros.<\/p>\n<p>A iniciativa visa acompanhar e orientar os gestores, quanto ao planejamento e controles dos processos operacionais e administrativos, trocando experi\u00eancias e agregando conhecimento de gest\u00e3o aos colaboradores e gestores, em diversas \u00e1reas do conhecimento da administra\u00e7\u00e3o, ressaltando ferramentas para auxiliar no gerenciamento.<\/p>\n<p>O projeto \u00e9 vinculado ao Programa Gest\u00e3o do Terceiro Setor (PROGET).<\/p>\n<p><strong>Inscri\u00e7\u00f5es<br \/>\n<\/strong>Podem se inscrever estudantes regularmente matriculados(as) no curso de Administra\u00e7\u00e3o do ICA\/ UFMG que tenham disponibilidade para dedicar 20 (vinte) horas semanais ao projeto, inclusive no per\u00edodo de f\u00e9rias, sem preju\u00edzo de outras atividades curriculares.<\/p>\n<p>O(a) candidato(a) deve preencher um formul\u00e1rio on-line e enviar a documenta\u00e7\u00e3o prevista no edital para o e-mail\u00a0<a href=\"mailto:llrbahia@ufmg.br\" target=\"_blank\" rel=\"noopener\">llrbahia@ufmg.br.<\/a><\/p>\n<p><strong>Sele\u00e7\u00e3o<br \/>\n<\/strong>O processo de sele\u00e7\u00e3o compreender\u00e1 an\u00e1lise do formul\u00e1rio de inscri\u00e7\u00e3o (20%), do hist\u00f3rico escolar (10%), do curr\u00edculo lattes (30%) e da entrevista (40%). Ser\u00e3o avaliadas as experi\u00eancias<br \/>\npr\u00e9vias em atividades de ensino, pesquisa e, especialmente de extens\u00e3o, al\u00e9m das habilidades e compet\u00eancias dos(as) candidatos(as). Disponibilidade e compatibilidade de hor\u00e1rios tamb\u00e9m ser\u00e3o relevantes na avalia\u00e7\u00e3o.<\/p>\n<p>A entrevista ser\u00e1 realizada em 22\/03\/2024 \u00e0s 17h, na sala da docente coordenadora do projeto, no segundo andar do bloco C.<\/p>\n<p>Acesse o edital completo\u00a0<a href=\"https:\/\/www.ica.ufmg.br\/wp-content\/uploads\/2024\/03\/Edital-selecao-bolsistas-PBEXT-2024-SIEX-401503-orientacao-terceiro-setor-Lucineia-Bahia.pdf\" target=\"_blank\" rel=\"noopener\">aqui<\/a><\/p>\n<p>Acesse o formul\u00e1rio de inscri\u00e7\u00e3o\u00a0<a href=\"https:\/\/forms.gle\/mspqhT2DSwXJ3eV7A\" target=\"_blank\" rel=\"noopener\">aqui<\/a><\/p>\n<\/div>\n<p>&nbsp;<\/p>\n","protected":false},"excerpt":{"rendered":"<p>Encontram-se abertas (at\u00e9 21\/03\/2024) as inscri\u00e7\u00f5es para a sele\u00e7\u00e3o de [&hellip;]<\/p>\n","protected":false},"author":2,"featured_media":0,"parent":0,"menu_order":0,"comment_status":"closed","ping_status":"closed","template":"","meta":[],"tags":[191,23,777,835],"_links":{"self":[{"href":"https:\/\/www.ufmg.br\/proex\/wp-json\/wp\/v2\/pages\/12134"}],"collection":[{"href":"https:\/\/www.ufmg.br\/proex\/wp-json\/wp\/v2\/pages"}],"about":[{"href":"https:\/\/www.ufmg.br\/proex\/wp-json\/wp\/v2\/types\/page"}],"author":[{"embeddable":true,"href":"https:\/\/www.ufmg.br\/proex\/wp-json\/wp\/v2\/users\/2"}],"replies":[{"embeddable":true,"href":"https:\/\/www.ufmg.br\/proex\/wp-json\/wp\/v2\/comments?post=12134"}],"version-history":[{"count":7,"href":"https:\/\/www.ufmg.br\/proex\/wp-json\/wp\/v2\/pages\/12134\/revisions"}],"predecessor-version":[{"id":12142,"href":"https:\/\/www.ufmg.br\/proex\/wp-json\/wp\/v2\/pages\/12134\/revisions\/12142"}],"wp:attachment":[{"href":"https:\/\/www.ufmg.br\/proex\/wp-json\/wp\/v2\/media?parent=12134"}],"wp:term":[{"taxonomy":"post_tag","embeddable":true,"href":"https:\/\/www.ufmg.br\/proex\/wp-json\/wp\/v2\/tags?post=12134"}],"curies":[{"name":"wp","href":"https:\/\/api.w.org\/{rel}","templated":true}]}}