{"id":12188,"date":"2024-03-27T14:12:03","date_gmt":"2024-03-27T17:12:03","guid":{"rendered":"https:\/\/www.ufmg.br\/proex\/?page_id=12188"},"modified":"2024-04-02T17:00:12","modified_gmt":"2024-04-02T20:00:12","slug":"leitura-e-saude","status":"publish","type":"page","link":"https:\/\/www.ufmg.br\/proex\/leitura-e-saude\/","title":{"rendered":"Leitura \u00e9 Sa\u00fade"},"content":{"rendered":"<p>Est\u00e3o abertas, <strong>at\u00e9 9 de abril de 2024,<\/strong> as inscri\u00e7\u00f5es para processo seletivo de volunt\u00e1rio de extens\u00e3o para o projeto Leitura \u00e9 Sa\u00fade, da Escola de Enfermagem da UFMG.<\/p>\n<p>S\u00e3o oferecidas cinco vagas. Podem se inscrever alunos e alunas regularmente matriculados (as) nos cursos de Enfermagem, Gest\u00e3o dos Servi\u00e7os de Sa\u00fade ou Nutri\u00e7\u00e3o.<\/p>\n<p>A inscri\u00e7\u00e3o ser\u00e1 feita mediante <a href=\"https:\/\/forms.gle\/Cn1r7i6SncsriftB9\" target=\"_blank\" rel=\"noopener\">formul\u00e1rio eletr\u00f4nico<\/a>, por meio do qual dever\u00e1 ser enviado curr\u00edculo <em>Lattes<\/em> (\u00e9 necess\u00e1rio que o (a) candidato (a) tenha uma conta gmail pr\u00f3pria para realizar login e ter acesso ao formul\u00e1rio).<\/p>\n<p>O estudante deve tamb\u00e9m atender os seguintes pr\u00e9-requisitos:<br \/>\n&#8211; \u2060Ter disponibilidade de hor\u00e1rios conforme listado no formul\u00e1rio de inscri\u00e7\u00e3o.<br \/>\n&#8211; \u2060Ser compromissado e proativo<\/p>\n<p>Resultado do processo seletivo: 12\/04\/2024, via <a href=\"https:\/\/www.instagram.com\/leituraesaude\/\" target=\"_blank\" rel=\"noopener\">Instagram.<\/a><\/p>\n<p>Confira outras informa\u00e7\u00f5es no <a href=\"https:\/\/drive.google.com\/file\/d\/1pP_VrO3kiV3b5QfFC_GYWrVNMUfy8L8J\/view\" target=\"_blank\" rel=\"noopener\">edital de sele\u00e7\u00e3o.<\/a><\/p>\n<p>&nbsp;<\/p>\n<p>&nbsp;<\/p>\n","protected":false},"excerpt":{"rendered":"<p>Est\u00e3o abertas, at\u00e9 9 de abril de 2024, as inscri\u00e7\u00f5es [&hellip;]<\/p>\n","protected":false},"author":2,"featured_media":0,"parent":0,"menu_order":0,"comment_status":"closed","ping_status":"closed","template":"","meta":[],"tags":[191,617,23,839],"_links":{"self":[{"href":"https:\/\/www.ufmg.br\/proex\/wp-json\/wp\/v2\/pages\/12188"}],"collection":[{"href":"https:\/\/www.ufmg.br\/proex\/wp-json\/wp\/v2\/pages"}],"about":[{"href":"https:\/\/www.ufmg.br\/proex\/wp-json\/wp\/v2\/types\/page"}],"author":[{"embeddable":true,"href":"https:\/\/www.ufmg.br\/proex\/wp-json\/wp\/v2\/users\/2"}],"replies":[{"embeddable":true,"href":"https:\/\/www.ufmg.br\/proex\/wp-json\/wp\/v2\/comments?post=12188"}],"version-history":[{"count":7,"href":"https:\/\/www.ufmg.br\/proex\/wp-json\/wp\/v2\/pages\/12188\/revisions"}],"predecessor-version":[{"id":12252,"href":"https:\/\/www.ufmg.br\/proex\/wp-json\/wp\/v2\/pages\/12188\/revisions\/12252"}],"wp:attachment":[{"href":"https:\/\/www.ufmg.br\/proex\/wp-json\/wp\/v2\/media?parent=12188"}],"wp:term":[{"taxonomy":"post_tag","embeddable":true,"href":"https:\/\/www.ufmg.br\/proex\/wp-json\/wp\/v2\/tags?post=12188"}],"curies":[{"name":"wp","href":"https:\/\/api.w.org\/{rel}","templated":true}]}}