{"id":12197,"date":"2024-04-04T08:43:58","date_gmt":"2024-04-04T11:43:58","guid":{"rendered":"https:\/\/www.ufmg.br\/proex\/?page_id=12197"},"modified":"2024-04-15T10:06:56","modified_gmt":"2024-04-15T13:06:56","slug":"chamada-audiovisual","status":"publish","type":"page","link":"https:\/\/www.ufmg.br\/proex\/chamada-audiovisual\/","title":{"rendered":"Chamada audiovisual \u2013 Diretoria de Divulga\u00e7\u00e3o Cient\u00edfica"},"content":{"rendered":"<p><a href=\"https:\/\/www.ufmg.br\/proex\/wp-content\/uploads\/2024\/04\/RESULTADO-FINAL-DDC.pdf\" target=\"_blank\" rel=\"noopener\">Resultado Final (15\/04\/2024)<\/a><\/p>\n<p><a href=\"https:\/\/www.ufmg.br\/proex\/wp-content\/uploads\/2024\/04\/Resultado-Preliminar.pdf\" target=\"_blank\" rel=\"noopener\">Resultado Preliminar (04\/04\/2024)<\/a><\/p>\n<p>A chamada visa \u00e0 sele\u00e7\u00e3o em bolsa de\u00a0Desenvolvimento em Ci\u00eancia, Tecnologia e\/ou Inova\u00e7\u00e3o (BDCTI).<\/p>\n<p>As inscri\u00e7\u00f5es encerraram no dia 31 de mar\u00e7o de 2024.<\/p>\n<p>O objetivo \u00e9 selecionar profissionais de audiovisual para atender a demandas da Diretoria de Divulga\u00e7\u00e3o Cient\u00edfica (DDC) da Pr\u00f3-reitoria de Extens\u00e3o da UFMG.<\/p>\n<p>Os (as) interessados (as) dever\u00e3o cumprir os seguintes requisitos: possuir mestrado ou possuir no m\u00ednimo 4 anos de experi\u00eancia comprovada atrav\u00e9s de portf\u00f3lio em grava\u00e7\u00e3o, edi\u00e7\u00e3o e finaliza\u00e7\u00e3o audiovisual.<\/p>\n<p>O (a) candidato (a) selecionado (a) receber\u00e1 bolsa no valor de R$3.100,00 mensal.<\/p>\n<p><strong>Inscri\u00e7\u00f5es<\/strong><\/p>\n<p>As inscri\u00e7\u00f5es s\u00e3o recebidas exclusivamente via e-mail <a href=\"ddc-secretaria@proex.ufmg.br\" target=\"_blank\" rel=\"noopener\">ddc-secretaria@proex.ufmg.br<\/a>.<\/p>\n<p>No e-mail, com o t\u00edtulo <em>Inscri\u00e7\u00e3o Bolsa<\/em>, dever\u00e1 ser enviado em anexo:<br \/>\n&#8211; Carta de inten\u00e7\u00e3o<br \/>\n&#8211; Portf\u00f3lio<\/p>\n<p>A sele\u00e7\u00e3o consistir\u00e1 de an\u00e1lise da documenta\u00e7\u00e3o e entrevista.<\/p>\n<p>Veja as informa\u00e7\u00f5es completas na <a href=\"https:\/\/www.ufmg.br\/proex\/wp-content\/uploads\/2024\/03\/Chamada-Audiovisual.pdf\" target=\"_blank\" rel=\"noopener\">chamada<\/a>.<\/p>\n<p>&nbsp;<\/p>\n<p>&nbsp;<\/p>\n","protected":false},"excerpt":{"rendered":"<p>Resultado Final (15\/04\/2024) Resultado Preliminar (04\/04\/2024) A chamada visa \u00e0 [&hellip;]<\/p>\n","protected":false},"author":2,"featured_media":0,"parent":0,"menu_order":0,"comment_status":"closed","ping_status":"closed","template":"","meta":[],"tags":[555,841,651],"_links":{"self":[{"href":"https:\/\/www.ufmg.br\/proex\/wp-json\/wp\/v2\/pages\/12197"}],"collection":[{"href":"https:\/\/www.ufmg.br\/proex\/wp-json\/wp\/v2\/pages"}],"about":[{"href":"https:\/\/www.ufmg.br\/proex\/wp-json\/wp\/v2\/types\/page"}],"author":[{"embeddable":true,"href":"https:\/\/www.ufmg.br\/proex\/wp-json\/wp\/v2\/users\/2"}],"replies":[{"embeddable":true,"href":"https:\/\/www.ufmg.br\/proex\/wp-json\/wp\/v2\/comments?post=12197"}],"version-history":[{"count":14,"href":"https:\/\/www.ufmg.br\/proex\/wp-json\/wp\/v2\/pages\/12197\/revisions"}],"predecessor-version":[{"id":12278,"href":"https:\/\/www.ufmg.br\/proex\/wp-json\/wp\/v2\/pages\/12197\/revisions\/12278"}],"wp:attachment":[{"href":"https:\/\/www.ufmg.br\/proex\/wp-json\/wp\/v2\/media?parent=12197"}],"wp:term":[{"taxonomy":"post_tag","embeddable":true,"href":"https:\/\/www.ufmg.br\/proex\/wp-json\/wp\/v2\/tags?post=12197"}],"curies":[{"name":"wp","href":"https:\/\/api.w.org\/{rel}","templated":true}]}}