{"id":12220,"date":"2024-03-28T15:48:30","date_gmt":"2024-03-28T18:48:30","guid":{"rendered":"https:\/\/www.ufmg.br\/proex\/?page_id=12220"},"modified":"2026-04-16T11:51:34","modified_gmt":"2026-04-16T14:51:34","slug":"servico-de-convenios-e-cooperacoes","status":"publish","type":"page","link":"https:\/\/www.ufmg.br\/proex\/servico-de-convenios-e-cooperacoes\/","title":{"rendered":"Servi\u00e7o de Conv\u00eanios da PROEX"},"content":{"rendered":"<p>A Pr\u00f3-reitoria de Extens\u00e3o (Proex) da UFMG seleciona estagi\u00e1rio(a) (1 vaga e forma\u00e7\u00e3o de cadastro de reserva) para o Servi\u00e7o de Conv\u00eanios e Coopera\u00e7\u00f5es.<\/p>\n<p>Podem se candidatar estudantes da UFMG, a partir do 2\u00ba per\u00edodo, dos cursos de <strong>Administra\u00e7\u00e3o, Ci\u00eancias Cont\u00e1beis ou Gest\u00e3o P\u00fablica<\/strong>.<\/p>\n<p><strong>Per\u00edodo de inscri\u00e7\u00f5es: <\/strong>16\/04\/2026 a 29\/04\/2026<\/p>\n<p>O (a) discente selecionado(a) desempenhar\u00e1 atividades administrativas auxiliares ao Plano de Desenvolvimento institucional da Extens\u00e3o da UFMG e a projetos de extens\u00e3o da UFMG, junto ao Servi\u00e7o de Conv\u00eanios.<\/p>\n<p><strong>Valor<\/strong>: R$1.000\/mensal<br \/>\n<strong>Vig\u00eancia<\/strong>: 6 (seis) meses, podendo o est\u00e1gio ser renovado por at\u00e9 tr\u00eas vezes pelo mesmo per\u00edodo<\/p>\n<p>O(a) estagi\u00e1rio(a) dever\u00e1 dedicar 30 horas semanais \u00e0s atividades. Haver\u00e1 aux\u00edlio transporte no valor de R$250,00\/mensal.<\/p>\n<p><strong>Como se inscrever<br \/>\n<\/strong>Os (as) interessados (as) devem preencher <a href=\"https:\/\/docs.google.com\/forms\/d\/e\/1FAIpQLScn6Exj2IYt0_pKpXKNiyfJ9ey0a-zhd517pURvp4K4DfvarQ\/viewform\" target=\"_blank\" rel=\"noopener\">formul\u00e1rio eletr\u00f4nico<\/a> e anexar os seguintes documentos:<\/p>\n<ul>\n<li>Curr\u00edculo<\/li>\n<li>Hist\u00f3rico Escolar de Gradua\u00e7\u00e3o atualizado<\/li>\n<li>Comprovante ou declara\u00e7\u00e3o de matr\u00edcula atualizada<\/li>\n<li>Texto (em uma lauda, com fonte Arial 12 e espa\u00e7amento entre linhas de 1,5) contendo exposi\u00e7\u00e3o de motivos para pleitear a vaga.<\/li>\n<\/ul>\n<p>Os documentos devem ser enviados em <strong>um \u00fanico documento<\/strong> em <strong>formato PDF.<\/strong><\/p>\n<p>O resultado final do processo seletivo ser\u00e1 divulgado nesta p\u00e1gina, a partir do dia 30 de abril.<\/p>\n<p>Confira as informa\u00e7\u00f5es completas no <a href=\"https:\/\/www.ufmg.br\/proex\/wp-content\/uploads\/2026\/04\/SEI_5110179_Edital_930.pdf\" target=\"_blank\" rel=\"noopener\">Edital 930\/2026.<\/a><\/p>\n<p>&nbsp;<\/p>\n","protected":false},"excerpt":{"rendered":"<p>A Pr\u00f3-reitoria de Extens\u00e3o (Proex) da UFMG seleciona estagi\u00e1rio(a) (1 [&hellip;]<\/p>\n","protected":false},"author":2,"featured_media":0,"parent":0,"menu_order":0,"comment_status":"closed","ping_status":"closed","template":"","meta":[],"tags":[843,685,23,29],"_links":{"self":[{"href":"https:\/\/www.ufmg.br\/proex\/wp-json\/wp\/v2\/pages\/12220"}],"collection":[{"href":"https:\/\/www.ufmg.br\/proex\/wp-json\/wp\/v2\/pages"}],"about":[{"href":"https:\/\/www.ufmg.br\/proex\/wp-json\/wp\/v2\/types\/page"}],"author":[{"embeddable":true,"href":"https:\/\/www.ufmg.br\/proex\/wp-json\/wp\/v2\/users\/2"}],"replies":[{"embeddable":true,"href":"https:\/\/www.ufmg.br\/proex\/wp-json\/wp\/v2\/comments?post=12220"}],"version-history":[{"count":53,"href":"https:\/\/www.ufmg.br\/proex\/wp-json\/wp\/v2\/pages\/12220\/revisions"}],"predecessor-version":[{"id":17686,"href":"https:\/\/www.ufmg.br\/proex\/wp-json\/wp\/v2\/pages\/12220\/revisions\/17686"}],"wp:attachment":[{"href":"https:\/\/www.ufmg.br\/proex\/wp-json\/wp\/v2\/media?parent=12220"}],"wp:term":[{"taxonomy":"post_tag","embeddable":true,"href":"https:\/\/www.ufmg.br\/proex\/wp-json\/wp\/v2\/tags?post=12220"}],"curies":[{"name":"wp","href":"https:\/\/api.w.org\/{rel}","templated":true}]}}