{"id":12310,"date":"2024-04-18T14:19:13","date_gmt":"2024-04-18T17:19:13","guid":{"rendered":"https:\/\/www.ufmg.br\/proex\/?page_id=12310"},"modified":"2024-04-18T14:27:41","modified_gmt":"2024-04-18T17:27:41","slug":"estudocirco","status":"publish","type":"page","link":"https:\/\/www.ufmg.br\/proex\/estudocirco\/","title":{"rendered":"Projeto \u00c9s TUdo circo"},"content":{"rendered":"<p>Est\u00e3o abertas, <strong>at\u00e9 26 de abril,<\/strong> as inscri\u00e7\u00f5es para 2 (duas) vagas de bolsa no projeto de extens\u00e3o <em>\u00e9s TUdo circo<\/em>, do Teatro Universit\u00e1rio (TU\/UFMG).<\/p>\n<p>Podem concorrer estudantes regularmente matriculadas(os) nos cursos de gradua\u00e7\u00e3o em Jornalismo, Rela\u00e7\u00f5es P\u00fablicas e Publicidade e Propaganda e do curso t\u00e9cnico em<br \/>\nTeatro do TU\/UFMG.<\/p>\n<p>O\/a estudante desenvolver\u00e1 diversas atividades relacionadas ao projeto tais como pesquisa, produ\u00e7\u00e3o e gest\u00e3o de conte\u00fados para redes sociais, entrevistas, transcri\u00e7\u00f5es e participa\u00e7\u00e3o em eventos da extens\u00e3o.<\/p>\n<p>As atividades estabelecidas no plano de trabalho dever\u00e3o ser cumpridas com jornada de 12 horas semanais, todas \u00e0s segundas-feiras, de 14h as 18h e de 3\u00aa a 6\u00aa feira, em hor\u00e1rio a combinar posteriormente.<\/p>\n<p>A inscri\u00e7\u00e3o \u00e9 realizada mediante o envio da carta de inten\u00e7\u00e3o com breve biografia, curr\u00edculo, c\u00f3pia de identidade, c\u00f3pia do CPF, comprovante de matr\u00edcula e comprovante de resid\u00eancia para o e-mail <a href=\"mailto:sensino-tu@ebap.ufmg.br\" target=\"_blank\" rel=\"noopener\">sensino-tu@ebap.ufmg.br<\/a> e <a href=\"mailto:mariaclara.tu@gmail.com\" target=\"_blank\" rel=\"noopener\">mariaclara.tu@gmail.com <\/a>(assunto 04\/2024_BOLSATU e nome do\/a candidato\/a).<\/p>\n<p>No corpo do e-mail, dever\u00e1 ser informado nome completo, telefones de contato, e-mail e disponibilidade para cumprir carga hor\u00e1ria.<\/p>\n<p>As demais informa\u00e7\u00f5es devem ser consultadas no <a href=\"https:\/\/drive.google.com\/file\/d\/15xs7m02vnGd-8KRNm-T9Yk0CCIYNSt1K\/view\" target=\"_blank\" rel=\"noopener\">edital de sele\u00e7\u00e3o.<\/a><\/p>\n<p>&nbsp;<\/p>\n","protected":false},"excerpt":{"rendered":"<p>Est\u00e3o abertas, at\u00e9 26 de abril, as inscri\u00e7\u00f5es para 2 [&hellip;]<\/p>\n","protected":false},"author":2,"featured_media":0,"parent":0,"menu_order":0,"comment_status":"closed","ping_status":"closed","template":"","meta":[],"tags":[191,845,23,847],"_links":{"self":[{"href":"https:\/\/www.ufmg.br\/proex\/wp-json\/wp\/v2\/pages\/12310"}],"collection":[{"href":"https:\/\/www.ufmg.br\/proex\/wp-json\/wp\/v2\/pages"}],"about":[{"href":"https:\/\/www.ufmg.br\/proex\/wp-json\/wp\/v2\/types\/page"}],"author":[{"embeddable":true,"href":"https:\/\/www.ufmg.br\/proex\/wp-json\/wp\/v2\/users\/2"}],"replies":[{"embeddable":true,"href":"https:\/\/www.ufmg.br\/proex\/wp-json\/wp\/v2\/comments?post=12310"}],"version-history":[{"count":11,"href":"https:\/\/www.ufmg.br\/proex\/wp-json\/wp\/v2\/pages\/12310\/revisions"}],"predecessor-version":[{"id":12322,"href":"https:\/\/www.ufmg.br\/proex\/wp-json\/wp\/v2\/pages\/12310\/revisions\/12322"}],"wp:attachment":[{"href":"https:\/\/www.ufmg.br\/proex\/wp-json\/wp\/v2\/media?parent=12310"}],"wp:term":[{"taxonomy":"post_tag","embeddable":true,"href":"https:\/\/www.ufmg.br\/proex\/wp-json\/wp\/v2\/tags?post=12310"}],"curies":[{"name":"wp","href":"https:\/\/api.w.org\/{rel}","templated":true}]}}