{"id":128,"date":"2021-04-28T15:39:23","date_gmt":"2021-04-28T18:39:23","guid":{"rendered":"https:\/\/www.ufmg.br\/proex\/?page_id=128"},"modified":"2022-12-21T21:42:12","modified_gmt":"2022-12-22T00:42:12","slug":"duvidas-frequentes","status":"publish","type":"page","link":"https:\/\/www.ufmg.br\/proex\/duvidas-frequentes\/","title":{"rendered":"D\u00favidas frequentes"},"content":{"rendered":"<div id=\"sp-ea-3444\" class=\"sp-ea-one sp-easy-accordion\" data-ex-icon=\"fa-minus\" data-col-icon=\"fa-plus\"  data-ea-active=\"ea-click\"  data-ea-mode=\"vertical\" data-preloader=\"\"><div class=\"ea-card  sp-ea-single\"><h3 class=\"ea-header\"><a class=\"collapsed\" data-sptoggle=\"spcollapse\" data-sptarget=#collapse34440 href=\"javascript:void(0)\" aria-expanded=\"false\"><i class=\"ea-expand-icon fa fa-plus\"><\/i> Participa\u00e7\u00e3o na extens\u00e3o da UFMG<\/a><\/h3><div class=\"sp-collapse spcollapse spcollapse\" id=\"collapse34440\" data-parent=#sp-ea-3444><div class=\"ea-body\"><p>O estudante dever\u00e1 entrar em contato com o Centro de Extens\u00e3o (Cenex) de sua unidade para se informar sobre os processos seletivos e as atividades desenvolvidas.<\/p>\n<p>Os discentes da UFMG, tanto da gradua\u00e7\u00e3o quanto da p\u00f3s-gradua\u00e7\u00e3o, podem atuar como bolsista em atividades extensionistas da Universidade vinculadas a editais p\u00fablicos e programas da Pr\u00f3-reitoria de Extens\u00e3o da UFMG, iniciativas com financiamento externo ou como volunt\u00e1rio.<\/p>\n<p>Os interessados podem consultar atividades de interesse no SIEX.<\/p>\n<p>Outra dica \u00e9 ficar atento ao nosso site\u00a0e redes sociais.<\/p>\n<\/div><\/div><\/div><div class=\"ea-card  sp-ea-single\"><h3 class=\"ea-header\"><a class=\"collapsed\" data-sptoggle=\"spcollapse\" data-sptarget=#collapse34441 href=\"javascript:void(0)\" aria-expanded=\"false\"><i class=\"ea-expand-icon fa fa-plus\"><\/i> Participa\u00e7\u00e3o de alunos (as) de outras institui\u00e7\u00f5es <\/a><\/h3><div class=\"sp-collapse spcollapse spcollapse\" id=\"collapse34441\" data-parent=#sp-ea-3444><div class=\"ea-body\"><p>N\u00e3o h\u00e1 uma regra geral aplic\u00e1vel a todas as atividades de extens\u00e3o. Cada atividade pode ou n\u00e3o abrir para participa\u00e7\u00e3o de alunos (a) externos \u00e0 Universidade, de acordo com o plano de trabalho proposto e tr\u00e2mites pertinentes.<\/p>\n<p>Os (as) interessados (as) de outras institui\u00e7\u00f5es podem se informar sobre vagas verificando as \u00e1reas\/atividades de interesse no SIEX, CENEX das unidades e editais publicados.<\/p>\n<\/div><\/div><\/div><div class=\"ea-card  sp-ea-single\"><h3 class=\"ea-header\"><a class=\"collapsed\" data-sptoggle=\"spcollapse\" data-sptarget=#collapse34442 href=\"javascript:void(0)\" aria-expanded=\"false\"><i class=\"ea-expand-icon fa fa-plus\"><\/i> Apoio \u00e0s atividades via editais p\u00fablicos da PROEX   <\/a><\/h3><div class=\"sp-collapse spcollapse spcollapse\" id=\"collapse34442\" data-parent=#sp-ea-3444><div class=\"ea-body\"><p>As atividades podem ser propostas por servidores docentes e t\u00e9cnico-administrativos da UFMG (s\u00e3o os coordenadores). \u00c9 necess\u00e1rio que o proponente registre e\/ou atualize a atividade no Sistema de Informa\u00e7\u00e3o da Extens\u00e3o (SIEX). As submiss\u00f5es s\u00e3o feitas exclusivamente via Sistema de Fomento da PROEX (consulte os editais abertos na <em>se\u00e7\u00e3o<\/em> Editais de Fomento, deste site).<\/p>\n<\/div><\/div><\/div><div class=\"ea-card  sp-ea-single\"><h3 class=\"ea-header\"><a class=\"collapsed\" data-sptoggle=\"spcollapse\" data-sptarget=#collapse34443 href=\"javascript:void(0)\" aria-expanded=\"false\"><i class=\"ea-expand-icon fa fa-plus\"><\/i> Indica\u00e7\u00e3o de bolsistas no Sistema de Fomento<\/a><\/h3><div class=\"sp-collapse spcollapse spcollapse\" id=\"collapse34443\" data-parent=#sp-ea-3444><div class=\"ea-body\"><p>Apenas o\/a orientador\/a, que deve ser docente em efetivo exerc\u00edcio na UFMG.<\/p>\n<\/div><\/div><\/div><div class=\"ea-card  sp-ea-single\"><h3 class=\"ea-header\"><a class=\"collapsed\" data-sptoggle=\"spcollapse\" data-sptarget=#collapse34444 href=\"javascript:void(0)\" aria-expanded=\"false\"><i class=\"ea-expand-icon fa fa-plus\"><\/i> Prazo de lan\u00e7amento de bolsa no Sistema <\/a><\/h3><div class=\"sp-collapse spcollapse spcollapse\" id=\"collapse34444\" data-parent=#sp-ea-3444><div class=\"ea-body\"><p>A indica\u00e7\u00e3o e a substitui\u00e7\u00e3o de estudantes bolsistas poder\u00e1 ser realizada pelos orientadores sempre no per\u00edodo de 01 a 15 de cada m\u00eas.<\/p>\n<\/div><\/div><\/div><div class=\"ea-card  sp-ea-single\"><h3 class=\"ea-header\"><a class=\"collapsed\" data-sptoggle=\"spcollapse\" data-sptarget=#collapse34445 href=\"javascript:void(0)\" aria-expanded=\"false\"><i class=\"ea-expand-icon fa fa-plus\"><\/i> Formaliza\u00e7\u00e3o de v\u00ednculo como bolsista<\/a><\/h3><div class=\"sp-collapse spcollapse spcollapse\" id=\"collapse34445\" data-parent=#sp-ea-3444><div class=\"ea-body\"><p>O estudante (selecionado previamente pelas respectivas atividades) dever\u00e1 preencher corretamente o seu cadastro no Sistema de Fomento da PROEX e aguardar a sua vincula\u00e7\u00e3o no Sistema pelo orientador.<\/p>\n<p>O bolsista dever\u00e1 retornar ao Sistema de Fomento ap\u00f3s o orientador vincul\u00e1-lo \u00e0 bolsa. Nesse momento, dever\u00e1\u00a0 informar o n\u00famero do RG, o endere\u00e7o eletr\u00f4nico de seu curr\u00edculo lattes e seus dados banc\u00e1rios (conta corrente no Banco do Brasil) para recebimento da bolsa.<\/p>\n<p>N\u00e3o ser\u00e1 efetuado pagamento em conta poupan\u00e7a, conjunta ou de titularidade de terceiros.<\/p>\n<\/div><\/div><\/div><div class=\"ea-card  sp-ea-single\"><h3 class=\"ea-header\"><a class=\"collapsed\" data-sptoggle=\"spcollapse\" data-sptarget=#collapse34446 href=\"javascript:void(0)\" aria-expanded=\"false\"><i class=\"ea-expand-icon fa fa-plus\"><\/i> Desligamento da bolsa<\/a><\/h3><div class=\"sp-collapse spcollapse spcollapse\" id=\"collapse34446\" data-parent=#sp-ea-3444><div class=\"ea-body\"><p>O desligamento poder\u00e1 ser solicitado a qualquer momento, por meio do endere\u00e7o eletr\u00f4nico <strong>fomento@proex.ufmg.br<\/strong><\/p>\n<\/div><\/div><\/div><div class=\"ea-card  sp-ea-single\"><h3 class=\"ea-header\"><a class=\"collapsed\" data-sptoggle=\"spcollapse\" data-sptarget=#collapse34447 href=\"javascript:void(0)\" aria-expanded=\"false\"><i class=\"ea-expand-icon fa fa-plus\"><\/i> Sele\u00e7\u00e3o de bolsista <\/a><\/h3><div class=\"sp-collapse spcollapse spcollapse\" id=\"collapse34447\" data-parent=#sp-ea-3444><div class=\"ea-body\"><p>A participa\u00e7\u00e3o dos estudantes nas atividades de extens\u00e3o ser\u00e1 sempre precedida de edital de sele\u00e7\u00e3o. O processo seletivo dever\u00e1 ser realizado por meio de atividade escrita e outros instrumentos pertinentes definidos no edital. \u00c9 necess\u00e1rio prazo de inscri\u00e7\u00e3o de pelo menos oito dias subsequentes. Recomendamos ainda a ampla divulga\u00e7\u00e3o.<\/p>\n<\/div><\/div><\/div><div class=\"ea-card  sp-ea-single\"><h3 class=\"ea-header\"><a class=\"collapsed\" data-sptoggle=\"spcollapse\" data-sptarget=#collapse34448 href=\"javascript:void(0)\" aria-expanded=\"false\"><i class=\"ea-expand-icon fa fa-plus\"><\/i>  Participa\u00e7\u00e3o volunt\u00e1ria na extens\u00e3o<\/a><\/h3><div class=\"sp-collapse spcollapse spcollapse\" id=\"collapse34448\" data-parent=#sp-ea-3444><div class=\"ea-body\"><p>Ela se refere \u00e0 atua\u00e7\u00e3o em quaisquer tipos de atividade de extens\u00e3o (programa, projeto, curso, evento e presta\u00e7\u00e3o de servi\u00e7o) sem recebimento de<br \/>\nremunera\u00e7\u00e3o.<\/p>\n<p>\u00c9 importante ressaltar que a atua\u00e7\u00e3o volunt\u00e1ria n\u00e3o dispensa o cumprimento do Plano de Trabalho e a carga hor\u00e1ria pactuada entre discente, coordenador\/a e orientador\/a da atividade.<\/p>\n<\/div><\/div><\/div><div class=\"ea-card  sp-ea-single\"><h3 class=\"ea-header\"><a class=\"collapsed\" data-sptoggle=\"spcollapse\" data-sptarget=#collapse34449 href=\"javascript:void(0)\" aria-expanded=\"false\"><i class=\"ea-expand-icon fa fa-plus\"><\/i> Pagamento\/recebimento de mais de uma bolsa<\/a><\/h3><div class=\"sp-collapse spcollapse spcollapse\" id=\"collapse34449\" data-parent=#sp-ea-3444><div class=\"ea-body\"><p>Se o estudante recebe como bolsista referente \u00e0 v\u00ednculo em uma atividade, ele n\u00e3o poder\u00e1 ser benefici\u00e1rio de outra bolsa paga por programas oficiais.<\/p>\n<p>A exce\u00e7\u00e3o \u00e0 regra diz respeito aos extensionistas volunt\u00e1rios, desde que estes cumpram carga hor\u00e1rio e plano de trabalho estabelecidos com a coordena\u00e7\u00e3o.<\/p>\n<\/div><\/div><\/div><div class=\"ea-card  sp-ea-single\"><h3 class=\"ea-header\"><a class=\"collapsed\" data-sptoggle=\"spcollapse\" data-sptarget=#collapse344410 href=\"javascript:void(0)\" aria-expanded=\"false\"><i class=\"ea-expand-icon fa fa-plus\"><\/i> Registro de atividade no Sistema de Informa\u00e7\u00e3o da Extens\u00e3o (SIEX)<\/a><\/h3><div class=\"sp-collapse spcollapse spcollapse\" id=\"collapse344410\" data-parent=#sp-ea-3444><div class=\"ea-body\"><p>O registro \u00e9 imprescind\u00edvel para a oficializa\u00e7\u00e3o da atividade pela UFMG, obten\u00e7\u00e3o de apoio da Pr\u00f3-reitoria de Extens\u00e3o e a forma\u00e7\u00e3o de dados p\u00fablicos atualizados sobre a extens\u00e3o.<\/p>\n<p>Para conhecer os procedimentos necess\u00e1rios para o registro da sua atividade <a href=\"https:\/\/www.ufmg.br\/proex\/siexufmg\/\" target=\"_blank\" rel=\"noopener\">clique aqui<\/a><\/p>\n<\/div><\/div><\/div><div class=\"ea-card  sp-ea-single\"><h3 class=\"ea-header\"><a class=\"collapsed\" data-sptoggle=\"spcollapse\" data-sptarget=#collapse344411 href=\"javascript:void(0)\" aria-expanded=\"false\"><i class=\"ea-expand-icon fa fa-plus\"><\/i> Divulga\u00e7\u00e3o de minha atividade pela PROEX<\/a><\/h3><div class=\"sp-collapse spcollapse spcollapse\" id=\"collapse344411\" data-parent=#sp-ea-3444><div class=\"ea-body\"><p>A solicita\u00e7\u00e3o de divulga\u00e7\u00e3o pode ser encaminhada por e-mail \u00e0 Assessoria de Comunica\u00e7\u00e3o da PROEX, que \u00e9 o setor respons\u00e1vel por gerenciar nossos canais de comunica\u00e7\u00e3o: <strong>comunica@proex.ufmg.br<\/strong><\/p>\n<p>Os interessados podem tamb\u00e9m entrar em contato conosco pelas redes sociais ou procurar o CENEX da unidade.<\/p>\n<\/div><\/div><\/div><\/div>\n","protected":false},"excerpt":{"rendered":"","protected":false},"author":1,"featured_media":0,"parent":0,"menu_order":0,"comment_status":"closed","ping_status":"closed","template":"","meta":[],"tags":[],"_links":{"self":[{"href":"https:\/\/www.ufmg.br\/proex\/wp-json\/wp\/v2\/pages\/128"}],"collection":[{"href":"https:\/\/www.ufmg.br\/proex\/wp-json\/wp\/v2\/pages"}],"about":[{"href":"https:\/\/www.ufmg.br\/proex\/wp-json\/wp\/v2\/types\/page"}],"author":[{"embeddable":true,"href":"https:\/\/www.ufmg.br\/proex\/wp-json\/wp\/v2\/users\/1"}],"replies":[{"embeddable":true,"href":"https:\/\/www.ufmg.br\/proex\/wp-json\/wp\/v2\/comments?post=128"}],"version-history":[{"count":3,"href":"https:\/\/www.ufmg.br\/proex\/wp-json\/wp\/v2\/pages\/128\/revisions"}],"predecessor-version":[{"id":6938,"href":"https:\/\/www.ufmg.br\/proex\/wp-json\/wp\/v2\/pages\/128\/revisions\/6938"}],"wp:attachment":[{"href":"https:\/\/www.ufmg.br\/proex\/wp-json\/wp\/v2\/media?parent=128"}],"wp:term":[{"taxonomy":"post_tag","embeddable":true,"href":"https:\/\/www.ufmg.br\/proex\/wp-json\/wp\/v2\/tags?post=128"}],"curies":[{"name":"wp","href":"https:\/\/api.w.org\/{rel}","templated":true}]}}