{"id":12881,"date":"2024-06-28T14:25:52","date_gmt":"2024-06-28T17:25:52","guid":{"rendered":"https:\/\/www.ufmg.br\/proex\/?page_id=12881"},"modified":"2025-11-18T10:44:16","modified_gmt":"2025-11-18T13:44:16","slug":"cenex","status":"publish","type":"page","link":"https:\/\/www.ufmg.br\/proex\/cenex\/","title":{"rendered":"CENEX &#8211; Edital 04\/2023"},"content":{"rendered":"<p>A PROEX comunica a altera\u00e7\u00e3o do prazo de vig\u00eancia das bolsas do edital 04\/2023, conforme <a href=\"https:\/\/www.ufmg.br\/proex\/wp-content\/uploads\/2024\/06\/SEI_3332232_Aviso_de_Retificacao_Edital-CENEX.pdf\" target=\"_blank\" rel=\"noopener\">retifica\u00e7\u00e3o<\/a> publicada em 28 de junho de 2024.<\/p>\n<p>O <a href=\"https:\/\/www.ufmg.br\/proex\/wp-content\/uploads\/2023\/06\/Edital-PROEX-n%C2%B0_04_2023_CENEX_Retificado.pdf\" target=\"_blank\" rel=\"noopener\">edital <\/a>de Apoio ao Aprimoramento da Gest\u00e3o, Divulga\u00e7\u00e3o Cient\u00edfica e da Avalia\u00e7\u00e3o da Extens\u00e3o Universit\u00e1ria concede bolsas aos Centros de Extens\u00e3o (CENEX\/UFMG).<\/p>\n<p>Ele foi lan\u00e7ado no dia 12 de maio de 2023.<\/p>\n<p>De acordo com o <a href=\"https:\/\/www.ufmg.br\/proex\/wp-content\/uploads\/2023\/06\/RESULTADO-FINAL_Edital-n.042023_CENEX.pdf\" target=\"_blank\" rel=\"noopener\">resultado final<\/a> (divulgado em 30\/06\/2023), foram contempladas 12 propostas. As bolsas se destinam a alunos (as) de gradua\u00e7\u00e3o da UFMG.<\/p>\n<p>Confira tamb\u00e9m: <a href=\"https:\/\/www.ufmg.br\/proex\/wp-content\/uploads\/2023\/06\/RETIFICACAO-EDITAL-CENEX-n\u00b0-04_2023.pdf\" target=\"_blank\" rel=\"noopener\">Retifica\u00e7\u00e3o 01<\/a><\/p>\n<p>S\u00e3o proponentes do edital docentes em efetivo exerc\u00edcio na UFMG e docentes coordenadores dos CENEX. \u00c9 permitido uma bolsa por unidade.<\/p>\n<p>Esse programa \u00e9 fundamental para o escopo de atua\u00e7\u00e3o dos 22 CENEX existentes na UFMG, que s\u00e3o \u00f3rg\u00e3os colegiados da extens\u00e3o vinculados a cada unidade acad\u00eamica e especial com papel fundamental para a gest\u00e3o e o fortalecimento da extens\u00e3o na Universidade.<\/p>\n<p><strong>Edi\u00e7\u00e3o de 2022<br \/>\n<\/strong><a href=\"https:\/\/www.ufmg.br\/proex\/wp-content\/uploads\/2022\/04\/Edital-PROEX-no-04-2022-GESTAO-DA-EXTENSAO.pdf\" target=\"_blank\" rel=\"noopener\">Edital na \u00edntegra<\/a><br \/>\n<a href=\"https:\/\/www.ufmg.br\/proex\/wp-content\/uploads\/2022\/05\/Resultado-Final-do-Edital-no-04-2022-APOIO-AO-APRIMORAMENTO-DA-GESTAO-E-AVALIACAO-DA-EXTENSAO-UNIVERSITARIA.pdf\" target=\"_blank\" rel=\"noopener\">Resultado final<\/a><\/p>\n<p>Para esclarecimentos e informa\u00e7\u00f5es adicionais, fale conosco pelo e-mail <a href=\"mailto:fomento@proex.ufmg.br\">fomento@proex.ufmg.br <\/a>ou telefone (31) 3409-3928.<\/p>\n<p>&nbsp;<\/p>\n<p>&nbsp;<\/p>\n","protected":false},"excerpt":{"rendered":"<p>A PROEX comunica a altera\u00e7\u00e3o do prazo de vig\u00eancia das [&hellip;]<\/p>\n","protected":false},"author":2,"featured_media":0,"parent":0,"menu_order":0,"comment_status":"closed","ping_status":"closed","template":"","meta":[],"tags":[149,23,29],"_links":{"self":[{"href":"https:\/\/www.ufmg.br\/proex\/wp-json\/wp\/v2\/pages\/12881"}],"collection":[{"href":"https:\/\/www.ufmg.br\/proex\/wp-json\/wp\/v2\/pages"}],"about":[{"href":"https:\/\/www.ufmg.br\/proex\/wp-json\/wp\/v2\/types\/page"}],"author":[{"embeddable":true,"href":"https:\/\/www.ufmg.br\/proex\/wp-json\/wp\/v2\/users\/2"}],"replies":[{"embeddable":true,"href":"https:\/\/www.ufmg.br\/proex\/wp-json\/wp\/v2\/comments?post=12881"}],"version-history":[{"count":7,"href":"https:\/\/www.ufmg.br\/proex\/wp-json\/wp\/v2\/pages\/12881\/revisions"}],"predecessor-version":[{"id":16799,"href":"https:\/\/www.ufmg.br\/proex\/wp-json\/wp\/v2\/pages\/12881\/revisions\/16799"}],"wp:attachment":[{"href":"https:\/\/www.ufmg.br\/proex\/wp-json\/wp\/v2\/media?parent=12881"}],"wp:term":[{"taxonomy":"post_tag","embeddable":true,"href":"https:\/\/www.ufmg.br\/proex\/wp-json\/wp\/v2\/tags?post=12881"}],"curies":[{"name":"wp","href":"https:\/\/api.w.org\/{rel}","templated":true}]}}