{"id":12936,"date":"2024-07-09T16:16:18","date_gmt":"2024-07-09T19:16:18","guid":{"rendered":"https:\/\/www.ufmg.br\/proex\/?page_id=12936"},"modified":"2025-11-18T10:43:39","modified_gmt":"2025-11-18T13:43:39","slug":"participaminas","status":"publish","type":"page","link":"https:\/\/www.ufmg.br\/proex\/participaminas\/","title":{"rendered":"Participa Minas"},"content":{"rendered":"<p>As Universidades Federais do Estado de Minas Gerais, integrantes do Foripes MG, tornaram p\u00fablico o <a href=\"https:\/\/www.ufmg.br\/proex\/wp-content\/uploads\/2024\/11\/Resultado_Final_Edital_01-2024_Participa_Minas.pdf\" target=\"_blank\" rel=\"noopener\">RESULTADO FINAL<\/a> do edital para fomento a projetos interinstitucionais de extens\u00e3o em interface com a pesquisa, voltados ao desenvolvimento sustent\u00e1vel e \u00e0 preven\u00e7\u00e3o, mitiga\u00e7\u00e3o e corre\u00e7\u00e3o dos impactos da minera\u00e7\u00e3o em Minas Gerais.<\/p>\n<p>Confira tamb\u00e9m:<br \/>\n<a href=\"https:\/\/www.ufmg.br\/proex\/wp-content\/uploads\/2024\/11\/Resultado_preliminar_edital_01-2024_Participa_Minas.pdf\" target=\"_blank\" rel=\"noopener\">Resultado preliminar<\/a><br \/>\n<a href=\"https:\/\/www.ufmg.br\/proex\/wp-content\/uploads\/2024\/09\/Resultado_homologacao_assinado_assinado.pdf\" target=\"_blank\" rel=\"noopener\">Lista de propostas submetidas<\/a><\/p>\n<p>O <a href=\"https:\/\/www.mpf.mp.br\/mg\/sala-de-imprensa\/docs\/2024\/PPMEdital012024.pdf\" target=\"_blank\" rel=\"noopener\">edital<\/a> visa apoiar projetos interinstitucionais de extens\u00e3o em interface com a pesquisa, que contribuam para o desenvolvimento sustent\u00e1vel e a preven\u00e7\u00e3o ou mitiga\u00e7\u00e3o dos impactos causados pela minera\u00e7\u00e3o.<\/p>\n<p>O prazo de submiss\u00f5es se encerrou em 26 de agosto de 2024.<\/p>\n<p>A iniciativa \u00e9 fruto de parceria entre rede de universidades federais mineiras e o Minist\u00e9rio P\u00fablico Federal (MPF).<\/p>\n<p>S\u00e3o proponentes docentes e t\u00e9cnicos administrativos das institui\u00e7\u00f5es parceiras.<\/p>\n<p>Cada proponente receber\u00e1 at\u00e9 R$ 100 mil, que ser\u00e3o destinados ao pagamento de bolsas para estudantes, servi\u00e7os, transporte e di\u00e1rias.<\/p>\n<p>O edital se originou de Termo de Compromisso firmado para a destina\u00e7\u00e3o de R$ 1,4 milh\u00e3o ao financiamento de projetos de extens\u00e3o universit\u00e1ria. Confira <a href=\"https:\/\/www.ufmg.br\/proex\/noticia\/ufmg-integra-rede-que-desenvolvera-projetos-de-extensao-em-apoio-a-comunidades-atingidas-por-mineracao\/\" target=\"_blank\" rel=\"noopener\">not\u00edcia do lan\u00e7amento<\/a>.<\/p>\n<p>D\u00favidas podem tamb\u00e9m ser esclarecidas pelo e-mail <a href=\"mailto:fomento@proex.ufmg.br\" target=\"_blank\" rel=\"noopener\">fomento@proex.ufmg.br<\/a>\u00a0ou telefone (31) 3409-3928.<\/p>\n","protected":false},"excerpt":{"rendered":"<p>As Universidades Federais do Estado de Minas Gerais, integrantes do [&hellip;]<\/p>\n","protected":false},"author":2,"featured_media":0,"parent":0,"menu_order":0,"comment_status":"closed","ping_status":"closed","template":"","meta":[],"tags":[23,337,857,29],"_links":{"self":[{"href":"https:\/\/www.ufmg.br\/proex\/wp-json\/wp\/v2\/pages\/12936"}],"collection":[{"href":"https:\/\/www.ufmg.br\/proex\/wp-json\/wp\/v2\/pages"}],"about":[{"href":"https:\/\/www.ufmg.br\/proex\/wp-json\/wp\/v2\/types\/page"}],"author":[{"embeddable":true,"href":"https:\/\/www.ufmg.br\/proex\/wp-json\/wp\/v2\/users\/2"}],"replies":[{"embeddable":true,"href":"https:\/\/www.ufmg.br\/proex\/wp-json\/wp\/v2\/comments?post=12936"}],"version-history":[{"count":28,"href":"https:\/\/www.ufmg.br\/proex\/wp-json\/wp\/v2\/pages\/12936\/revisions"}],"predecessor-version":[{"id":16798,"href":"https:\/\/www.ufmg.br\/proex\/wp-json\/wp\/v2\/pages\/12936\/revisions\/16798"}],"wp:attachment":[{"href":"https:\/\/www.ufmg.br\/proex\/wp-json\/wp\/v2\/media?parent=12936"}],"wp:term":[{"taxonomy":"post_tag","embeddable":true,"href":"https:\/\/www.ufmg.br\/proex\/wp-json\/wp\/v2\/tags?post=12936"}],"curies":[{"name":"wp","href":"https:\/\/api.w.org\/{rel}","templated":true}]}}