{"id":13112,"date":"2024-07-16T15:26:49","date_gmt":"2024-07-16T18:26:49","guid":{"rendered":"https:\/\/www.ufmg.br\/proex\/?page_id=13112"},"modified":"2026-02-10T12:41:35","modified_gmt":"2026-02-10T15:41:35","slug":"plantar-no-museu-meliponario-do-museu","status":"publish","type":"page","link":"https:\/\/www.ufmg.br\/proex\/plantar-no-museu-meliponario-do-museu\/","title":{"rendered":"Projetos Plantar no Museu e Melipon\u00e1rio do Museu"},"content":{"rendered":"<p>O Museu de Hist\u00f3ria Natural e Jardim Bot\u00e2nico da UFMG est\u00e1 com inscri\u00e7\u00f5es abertas para bolsistas de extens\u00e3o na modalidade <strong>PBEXT A\u00e7\u00e3o Afirmativa<\/strong> para atuar nos projetos Plantar no Museu e Melipon\u00e1rios p\u00fablicos e abelhas sem ferr\u00e3o: educa\u00e7\u00e3o ambiental, ci\u00eancia e servi\u00e7os ecossist\u00eamicos.<\/p>\n<p>Ser\u00e3o oferecidas duas vagas, uma para cada projeto, al\u00e9m da forma\u00e7\u00e3o de cadastro de reserva para suprir vagas abertas posteriormente.<\/p>\n<p>Podem se inscrever estudantes de qualquer curso de gradua\u00e7\u00e3o da UFMG.<\/p>\n<p>As inscri\u00e7\u00f5es v\u00e3o <strong>at\u00e9 19 de fevereiro de 2026<\/strong>, por meio de <a href=\"https:\/\/forms.gle\/u4qVRMb5wTyz7r8X9\" target=\"_blank\" rel=\"noopener\">formul\u00e1rio eletr\u00f4nico.<\/a><\/p>\n<p>A bolsa PBEXT A\u00e7\u00e3o Afirmativa \u00e9 destinada, exclusivamente, a estudantes que:<br \/>\n\u25cf ingressaram na UFMG pelo sistema de cotas;<br \/>\n\u25cf classificados(as) socioeconomicamente no n\u00edvel I, II ou III pela Funda\u00e7\u00e3o Universit\u00e1ria Mendes Pimentel (FUMP);<br \/>\n\u25cf estudantes m\u00e3es com crian\u00e7a cursando a Educa\u00e7\u00e3o Infantil ou o Ensino Fundamental na rede p\u00fablica de ensino;<br \/>\n\u25cf estudantes travestis e transexuais;<br \/>\n\u25cf estudantes com defici\u00eancia;<br \/>\n\u25cf estudantes ind\u00edgenas e quilombolas;<br \/>\n\u25cf estudantes refugiados(as).<\/p>\n<p><strong>Valor da bolsa<\/strong>: R$700\/mensal<br \/>\n<strong>Vig\u00eancia<\/strong>: mar\u00e7o de 2026 a fevereiro de 2027 (12 meses)<\/p>\n<p>As informa\u00e7\u00f5es completas est\u00e3o no <a href=\"https:\/\/www.ufmg.br\/proex\/wp-content\/uploads\/2026\/02\/edital-MHNJB-02-2026-acoesafirmativas.pdf\" target=\"_blank\" rel=\"noopener\">edital 02\/2026.<\/a><\/p>\n<p>&nbsp;<\/p>\n<p>&nbsp;<\/p>\n","protected":false},"excerpt":{"rendered":"<p>O Museu de Hist\u00f3ria Natural e Jardim Bot\u00e2nico da UFMG [&hellip;]<\/p>\n","protected":false},"author":2,"featured_media":0,"parent":0,"menu_order":0,"comment_status":"closed","ping_status":"closed","template":"","meta":[],"tags":[191,23,25,29],"_links":{"self":[{"href":"https:\/\/www.ufmg.br\/proex\/wp-json\/wp\/v2\/pages\/13112"}],"collection":[{"href":"https:\/\/www.ufmg.br\/proex\/wp-json\/wp\/v2\/pages"}],"about":[{"href":"https:\/\/www.ufmg.br\/proex\/wp-json\/wp\/v2\/types\/page"}],"author":[{"embeddable":true,"href":"https:\/\/www.ufmg.br\/proex\/wp-json\/wp\/v2\/users\/2"}],"replies":[{"embeddable":true,"href":"https:\/\/www.ufmg.br\/proex\/wp-json\/wp\/v2\/comments?post=13112"}],"version-history":[{"count":25,"href":"https:\/\/www.ufmg.br\/proex\/wp-json\/wp\/v2\/pages\/13112\/revisions"}],"predecessor-version":[{"id":17007,"href":"https:\/\/www.ufmg.br\/proex\/wp-json\/wp\/v2\/pages\/13112\/revisions\/17007"}],"wp:attachment":[{"href":"https:\/\/www.ufmg.br\/proex\/wp-json\/wp\/v2\/media?parent=13112"}],"wp:term":[{"taxonomy":"post_tag","embeddable":true,"href":"https:\/\/www.ufmg.br\/proex\/wp-json\/wp\/v2\/tags?post=13112"}],"curies":[{"name":"wp","href":"https:\/\/api.w.org\/{rel}","templated":true}]}}