{"id":13129,"date":"2024-07-17T09:09:49","date_gmt":"2024-07-17T12:09:49","guid":{"rendered":"https:\/\/www.ufmg.br\/proex\/?page_id=13129"},"modified":"2024-07-17T09:25:10","modified_gmt":"2024-07-17T12:25:10","slug":"hortasescolares","status":"publish","type":"page","link":"https:\/\/www.ufmg.br\/proex\/hortasescolares\/","title":{"rendered":"Projeto Hortas Escolares"},"content":{"rendered":"<p>At\u00e9 <strong>22 de julho de 2024<\/strong>, est\u00e3o abertas as inscri\u00e7\u00f5es para duas bolsas no projeto <a href=\"https:\/\/sistemas.ufmg.br\/siex\/VerIdentificacao.do?id=95266&amp;tipo=Projeto\" target=\"_blank\" rel=\"noopener\">A promo\u00e7\u00e3o da educa\u00e7\u00e3o a partir das Hortas Escolares: articulando sa\u00fade, educa\u00e7\u00e3o inclusiva, arte e agroecologia<\/a>, da Faculdade de Educa\u00e7\u00e3o (FaE\/UFMG).<\/p>\n<p>Oportunidade para estudantes de qualquer curso de gradua\u00e7\u00e3o da UFMG. <a href=\"https:\/\/forms.gle\/Vv2hdTKjoay937cw9\" target=\"_blank\" rel=\"noopener\">Formul\u00e1rio de inscri\u00e7\u00e3o.<\/a><\/p>\n<p>O projeto desenvolve atividades de ensino, pesquisa e extens\u00e3o na horta da Escola Municipal Professora Alice Nacif (Rua Expedicion\u00e1rio Paulo de Souza, 721, Itatiaia, Belo Horizonte).<\/p>\n<p>Pr\u00e9-requisitos:<br \/>\n<strong>Exclusivamente<\/strong> para estudantes m\u00e3es com crian\u00e7a em idade escolar, estudantes travestis e transexuais, estudantes com defici\u00eancia, estudantes ind\u00edgenas e quilombolas, estudantes que ingressaram na UFMG pelo sistema de cotas e\/ou assistidos pela UFMG.<br \/>\nTer disponibilidade para cumprir atividades presencialmente na escola.<br \/>\nSe interessar pelo trabalho com hortas escolares.<\/p>\n<p>Vig\u00eancia da bolsa: agosto de 2024 a julho de 2025<br \/>\nValor: R$700,00<\/p>\n<p>Outras informa\u00e7\u00f5es est\u00e3o no <a href=\"https:\/\/www.instagram.com\/pedagogia_na_horta?igsh=MXRvZDA5d2J4dGM5aQ==\" target=\"_blank\" rel=\"noopener\">Instagram<\/a>. D\u00favidas s\u00e3o esclarecidas pelo e-mail <a href=\"mailto:felipe.bioliveira@gmail.com\" target=\"_blank\" rel=\"noopener\">felipe.bioliveira@gmail.com<\/a><\/p>\n<p>&nbsp;<\/p>\n<p>&nbsp;<\/p>\n","protected":false},"excerpt":{"rendered":"<p>At\u00e9 22 de julho de 2024, est\u00e3o abertas as inscri\u00e7\u00f5es [&hellip;]<\/p>\n","protected":false},"author":2,"featured_media":0,"parent":0,"menu_order":0,"comment_status":"closed","ping_status":"closed","template":"","meta":[],"tags":[191,23,25,29],"_links":{"self":[{"href":"https:\/\/www.ufmg.br\/proex\/wp-json\/wp\/v2\/pages\/13129"}],"collection":[{"href":"https:\/\/www.ufmg.br\/proex\/wp-json\/wp\/v2\/pages"}],"about":[{"href":"https:\/\/www.ufmg.br\/proex\/wp-json\/wp\/v2\/types\/page"}],"author":[{"embeddable":true,"href":"https:\/\/www.ufmg.br\/proex\/wp-json\/wp\/v2\/users\/2"}],"replies":[{"embeddable":true,"href":"https:\/\/www.ufmg.br\/proex\/wp-json\/wp\/v2\/comments?post=13129"}],"version-history":[{"count":14,"href":"https:\/\/www.ufmg.br\/proex\/wp-json\/wp\/v2\/pages\/13129\/revisions"}],"predecessor-version":[{"id":13145,"href":"https:\/\/www.ufmg.br\/proex\/wp-json\/wp\/v2\/pages\/13129\/revisions\/13145"}],"wp:attachment":[{"href":"https:\/\/www.ufmg.br\/proex\/wp-json\/wp\/v2\/media?parent=13129"}],"wp:term":[{"taxonomy":"post_tag","embeddable":true,"href":"https:\/\/www.ufmg.br\/proex\/wp-json\/wp\/v2\/tags?post=13129"}],"curies":[{"name":"wp","href":"https:\/\/api.w.org\/{rel}","templated":true}]}}