{"id":13179,"date":"2024-07-18T14:11:31","date_gmt":"2024-07-18T17:11:31","guid":{"rendered":"https:\/\/www.ufmg.br\/proex\/?page_id=13179"},"modified":"2024-07-18T14:47:59","modified_gmt":"2024-07-18T17:47:59","slug":"jaboticatubas","status":"publish","type":"page","link":"https:\/\/www.ufmg.br\/proex\/jaboticatubas\/","title":{"rendered":"Valoriza\u00e7\u00e3o dos saberes e sabores de Jaboticatubas"},"content":{"rendered":"<p>Inscri\u00e7\u00f5es abertas, <strong>at\u00e9 24 de julho de 2024<\/strong>, para bolsa (PBEXT A\u00e7\u00e3o Afirmativa) no projeto \u201cValoriza\u00e7\u00e3o dos saberes e sabores de Jaboticatubas: produ\u00e7\u00e3o compartilhada de cat\u00e1logo de receitas de alimentos tradicionais com alunos da Escola Estadual Arco Verde e agricultores familiares agroecol\u00f3gicos&#8221;.<\/p>\n<p>Poder\u00e3o inscrever-se estudantes do curso de Geografia, Ci\u00eancias Socioambientais e Turismo da UFMG.<\/p>\n<p><strong>Pr\u00e9-requisitos<\/strong><\/p>\n<p>-Estudantes de gradua\u00e7\u00e3o que s\u00e3o m\u00e3es com crian\u00e7a em idade escolar, estudantes travestis e transexuais, estudantes com defici\u00eancia, estudantes ind\u00edgenas e quilombolas, estudantes que ingressaram na UFMG pelo sistema de cotas e\/ou assistidos (n\u00edvel I, II ou III) pela Fump;<br \/>\n-Quarto ao pen\u00faltimo per\u00edodo;<br \/>\n-Disponibilidade para trabalhar 20hs\/semanais;<br \/>\n-Interesse em trabalhar diretamente com agroecologia.<\/p>\n<p><strong>Inscri\u00e7\u00f5es<\/strong><\/p>\n<p>As inscri\u00e7\u00f5es s\u00e3o recebidas pelo e-mail <a href=\"mailto:cenex@igc.ufmg.br\" target=\"_blank\" rel=\"noopener\">cenex@igc.ufmg.br (<\/a>identificar no campo assunto o t\u00edtulo do Projeto e o n\u00famero do edital).<\/p>\n<p>No ato da inscri\u00e7\u00e3o, os candidatos dever\u00e3o apresentar os seguintes documentos digitalizados em pdf:<br \/>\n&#8211; Hist\u00f3rico Escolar da gradua\u00e7\u00e3o;<br \/>\n&#8211; Texto contendo uma exposi\u00e7\u00e3o dos motivos que levaram o(a) estudante a pleitear sua participa\u00e7\u00e3o no projeto (m\u00e1ximo uma lauda);<br \/>\n&#8211; Documenta\u00e7\u00e3o comprobat\u00f3ria.<\/p>\n<p>Confira as informa\u00e7\u00f5es completas no <a href=\"https:\/\/www.ufmg.br\/proex\/wp-content\/uploads\/2024\/07\/Edital-selecao-bolsista-no-1442-2024.pdf\" target=\"_blank\" rel=\"noopener\">edital de sele\u00e7\u00e3o.<\/a><\/p>\n<p><strong>O projeto<\/strong><\/p>\n<p>A iniciativa busca valorizar alimentos tradicionais e a cultura de Jaboticatubas (MG), munic\u00edpio da regi\u00e3o metropolitana de Belo Horizonte. Em parceria com estudantes da Escola Estadual Cardeal Arcoverde, agricultores e consumidores da feira Ra\u00edzes do Campo, visa-se elaborar, publicar e distribuir cat\u00e1logo de receitas com alimentos locais que est\u00e3o sendo resgatados dentro da perspectiva agroecol\u00f3gica. O projeto \u00e9 vinculado ao Departamento de Geografia do Instituto de Geoci\u00eancias (IGC\/UFMG).<\/p>\n<p>&nbsp;<\/p>\n<p>&nbsp;<\/p>\n","protected":false},"excerpt":{"rendered":"<p>Inscri\u00e7\u00f5es abertas, at\u00e9 24 de julho de 2024, para bolsa [&hellip;]<\/p>\n","protected":false},"author":2,"featured_media":0,"parent":0,"menu_order":0,"comment_status":"closed","ping_status":"closed","template":"","meta":[],"tags":[23,25,29],"_links":{"self":[{"href":"https:\/\/www.ufmg.br\/proex\/wp-json\/wp\/v2\/pages\/13179"}],"collection":[{"href":"https:\/\/www.ufmg.br\/proex\/wp-json\/wp\/v2\/pages"}],"about":[{"href":"https:\/\/www.ufmg.br\/proex\/wp-json\/wp\/v2\/types\/page"}],"author":[{"embeddable":true,"href":"https:\/\/www.ufmg.br\/proex\/wp-json\/wp\/v2\/users\/2"}],"replies":[{"embeddable":true,"href":"https:\/\/www.ufmg.br\/proex\/wp-json\/wp\/v2\/comments?post=13179"}],"version-history":[{"count":17,"href":"https:\/\/www.ufmg.br\/proex\/wp-json\/wp\/v2\/pages\/13179\/revisions"}],"predecessor-version":[{"id":13197,"href":"https:\/\/www.ufmg.br\/proex\/wp-json\/wp\/v2\/pages\/13179\/revisions\/13197"}],"wp:attachment":[{"href":"https:\/\/www.ufmg.br\/proex\/wp-json\/wp\/v2\/media?parent=13179"}],"wp:term":[{"taxonomy":"post_tag","embeddable":true,"href":"https:\/\/www.ufmg.br\/proex\/wp-json\/wp\/v2\/tags?post=13179"}],"curies":[{"name":"wp","href":"https:\/\/api.w.org\/{rel}","templated":true}]}}