{"id":13236,"date":"2024-07-22T09:52:35","date_gmt":"2024-07-22T12:52:35","guid":{"rendered":"https:\/\/www.ufmg.br\/proex\/?page_id=13236"},"modified":"2024-07-22T09:54:43","modified_gmt":"2024-07-22T12:54:43","slug":"bolsista-cenexfao","status":"publish","type":"page","link":"https:\/\/www.ufmg.br\/proex\/bolsista-cenexfao\/","title":{"rendered":"CENEX\/FAO"},"content":{"rendered":"<p>Est\u00e3o abertas as inscri\u00e7\u00f5es para bolsista de extens\u00e3o do projeto <em>Desenvolvimento da gest\u00e3o da extens\u00e3o na Faculdade de Odontologia da UFMG.<\/em><\/p>\n<p>Poder\u00e3o se inscrever estudantes, a partir do 4\u00ba per\u00edodo, dos cursos de gradua\u00e7\u00e3o em Comunica\u00e7\u00e3o social, Gest\u00e3o em Servi\u00e7os de Sa\u00fade, Publicidade e Propaganda, Rela\u00e7\u00f5es\u00a0 P\u00fablicas e Odontologia.<\/p>\n<p>As inscri\u00e7\u00f5es s\u00e3o realizadas <strong>at\u00e9 a 01\/08\/2024<\/strong>, por meio de <a href=\"https:\/\/forms.gle\/K7bR9J9UjSBKFjnUA\" target=\"_blank\" rel=\"noopener\">formul\u00e1rio eletr\u00f4nico.<\/a><\/p>\n<p>Os (as) candidatos(as) devem enviar os seguintes documentos:<br \/>\n&#8211; Hist\u00f3rico Escolar da gradua\u00e7\u00e3o (dispon\u00edvel no MinhaUFMG);<br \/>\n&#8211; Reda\u00e7\u00e3o de at\u00e9 20 linhas com o tema: &#8220;Por que voc\u00ea poder\u00e1 ser um bom bolsista no projeto de gest\u00e3o do CENEX?&#8221; (escrever no cabe\u00e7alho o nome completo, curso, disponibilidade). A reda\u00e7\u00e3o deve ser enviada para o e-mail\u00a0<a href=\"mailto:odontocenex@gmail.com\" target=\"_blank\" rel=\"noopener\">odontocenex@gmail.com<\/a>.<\/p>\n<p>Vig\u00eancia da bolsa: 07\/08\/2024 a 07\/08\/2025<br \/>\nValor: 700,00\/mensal<\/p>\n<p>As fun\u00e7\u00f5es do(a) bolsista no projeto s\u00e3o concernentes ao apoio ao funcionamento do Centro de Extens\u00e3o (Cenex) da FAO, especialmente nas seguintes atividades:<br \/>\n-Emitir certificados de eventos e programas\/projetos;<br \/>\n-Prestar suporte aos coordenadores e bolsistas durante o semestre;<br \/>\n-Liberar editais e resultados bem como encaminhar as planilhas com os inscritos aos coordenadores;<br \/>\n-Atualizar as redes sociais do CENEX;<br \/>\n-Prestar suporte \u00e0s atividades de secretaria.<\/p>\n<p>As informa\u00e7\u00f5es completas est\u00e3o no <a href=\"https:\/\/www.ufmg.br\/proex\/wp-content\/uploads\/2024\/07\/Edital-Bolsistas-CENEX-20242.docx.pdf\" target=\"_blank\" rel=\"noopener\">edital de sele\u00e7\u00e3o.<\/a><\/p>\n<p>&nbsp;<\/p>\n<p>&nbsp;<\/p>\n","protected":false},"excerpt":{"rendered":"<p>Est\u00e3o abertas as inscri\u00e7\u00f5es para bolsista de extens\u00e3o do projeto [&hellip;]<\/p>\n","protected":false},"author":2,"featured_media":0,"parent":0,"menu_order":0,"comment_status":"closed","ping_status":"closed","template":"","meta":[],"tags":[23,25,29],"_links":{"self":[{"href":"https:\/\/www.ufmg.br\/proex\/wp-json\/wp\/v2\/pages\/13236"}],"collection":[{"href":"https:\/\/www.ufmg.br\/proex\/wp-json\/wp\/v2\/pages"}],"about":[{"href":"https:\/\/www.ufmg.br\/proex\/wp-json\/wp\/v2\/types\/page"}],"author":[{"embeddable":true,"href":"https:\/\/www.ufmg.br\/proex\/wp-json\/wp\/v2\/users\/2"}],"replies":[{"embeddable":true,"href":"https:\/\/www.ufmg.br\/proex\/wp-json\/wp\/v2\/comments?post=13236"}],"version-history":[{"count":11,"href":"https:\/\/www.ufmg.br\/proex\/wp-json\/wp\/v2\/pages\/13236\/revisions"}],"predecessor-version":[{"id":13248,"href":"https:\/\/www.ufmg.br\/proex\/wp-json\/wp\/v2\/pages\/13236\/revisions\/13248"}],"wp:attachment":[{"href":"https:\/\/www.ufmg.br\/proex\/wp-json\/wp\/v2\/media?parent=13236"}],"wp:term":[{"taxonomy":"post_tag","embeddable":true,"href":"https:\/\/www.ufmg.br\/proex\/wp-json\/wp\/v2\/tags?post=13236"}],"curies":[{"name":"wp","href":"https:\/\/api.w.org\/{rel}","templated":true}]}}