{"id":1324,"date":"2022-08-01T00:00:02","date_gmt":"2022-08-01T03:00:02","guid":{"rendered":"https:\/\/www.ufmg.br\/proex\/?page_id=1324"},"modified":"2023-10-18T15:18:00","modified_gmt":"2023-10-18T18:18:00","slug":"fomento-de-acoes-museologicas","status":"publish","type":"page","link":"https:\/\/www.ufmg.br\/proex\/fomento-de-acoes-museologicas\/","title":{"rendered":"Fomento de A\u00e7\u00f5es Museol\u00f3gicas"},"content":{"rendered":"<p>A Rede de Museus da UFMG comunica a seus espa\u00e7os integrantes o lan\u00e7amento da\u00a0<a href=\"https:\/\/www.ufmg.br\/proex\/wp-content\/uploads\/2023\/10\/Chamada-Interna-no-01-2023.pdf\" target=\"_blank\" rel=\"noopener\">Chamada Interna 01\/2023<\/a>\u00a0para o fomento de a\u00e7\u00f5es museol\u00f3gicas.<\/p>\n<p>As inscri\u00e7\u00f5es de propostas v\u00e3o\u00a0<strong>at\u00e9 30 de outubro de 2023.<\/strong><\/p>\n<p>As atividades contempladas receber\u00e3o apoio financeiro de at\u00e9 R$ 6 mil.<\/p>\n<p>As propostas devem se destinar a implanta\u00e7\u00e3o ou fortalecimento de a\u00e7\u00f5es nas seguintes \u00e1reas tem\u00e1ticas: salvaguarda de patrim\u00f4nio cient\u00edfico e cultural; pesquisa tem\u00e1tica; extrovers\u00e3o museol\u00f3gica; pesquisa de p\u00fablico, acessibilidade e inclus\u00e3o; e gest\u00e3o museol\u00f3gica.<\/p>\n<p>Podem ser apoiadas propostas individualizadas dos espa\u00e7os integrantes ou, preferencialmente, propostas que re\u00fanam mais de um espa\u00e7o (propostas em rede).<\/p>\n<p>A a\u00e7\u00e3o\u00a0dever\u00e1 atender \u00e0s diretrizes de extens\u00e3o universit\u00e1ria, ao conceito de programa ou de projeto e estar vinculada a projeto\u00a0inscrito no\u00a0<a href=\"https:\/\/sistemas.ufmg.br\/siex\/Principal.do\" target=\"_blank\" rel=\"noopener\">Sistema de Informa\u00e7\u00e3o da Extens\u00e3o (Siex)<\/a>\u00a0da UFMG.<\/p>\n<p>As inscri\u00e7\u00f5es s\u00e3o realizadas por meio do envio de documenta\u00e7\u00e3o para o e-mail\u00a0<a href=\"mailto:ededemuseus@ufmg.br\" target=\"_blank\" rel=\"noopener\">rededemuseus@ufmg.br<\/a>. No ato da inscri\u00e7\u00e3o, dever\u00e3o ser preenchidos e anexados os documentos que est\u00e3o listados no site da\u00a0<a href=\"https:\/\/www.ufmg.br\/rededemuseus\/index.php\/chamada-interna\/chamada-interna-01-2023-fomento-de-acoes-museologicas\/\" target=\"_blank\" rel=\"noopener\">Rede<\/a>.<\/p>\n<p>&nbsp;<\/p>\n<p>&nbsp;<\/p>\n<p>&nbsp;<\/p>\n","protected":false},"excerpt":{"rendered":"<p>A Rede de Museus da UFMG comunica a seus espa\u00e7os [&hellip;]<\/p>\n","protected":false},"author":2,"featured_media":0,"parent":0,"menu_order":0,"comment_status":"closed","ping_status":"closed","template":"","meta":[],"tags":[23,299],"_links":{"self":[{"href":"https:\/\/www.ufmg.br\/proex\/wp-json\/wp\/v2\/pages\/1324"}],"collection":[{"href":"https:\/\/www.ufmg.br\/proex\/wp-json\/wp\/v2\/pages"}],"about":[{"href":"https:\/\/www.ufmg.br\/proex\/wp-json\/wp\/v2\/types\/page"}],"author":[{"embeddable":true,"href":"https:\/\/www.ufmg.br\/proex\/wp-json\/wp\/v2\/users\/2"}],"replies":[{"embeddable":true,"href":"https:\/\/www.ufmg.br\/proex\/wp-json\/wp\/v2\/comments?post=1324"}],"version-history":[{"count":41,"href":"https:\/\/www.ufmg.br\/proex\/wp-json\/wp\/v2\/pages\/1324\/revisions"}],"predecessor-version":[{"id":10692,"href":"https:\/\/www.ufmg.br\/proex\/wp-json\/wp\/v2\/pages\/1324\/revisions\/10692"}],"wp:attachment":[{"href":"https:\/\/www.ufmg.br\/proex\/wp-json\/wp\/v2\/media?parent=1324"}],"wp:term":[{"taxonomy":"post_tag","embeddable":true,"href":"https:\/\/www.ufmg.br\/proex\/wp-json\/wp\/v2\/tags?post=1324"}],"curies":[{"name":"wp","href":"https:\/\/api.w.org\/{rel}","templated":true}]}}