{"id":13263,"date":"2024-07-23T10:50:44","date_gmt":"2024-07-23T13:50:44","guid":{"rendered":"https:\/\/www.ufmg.br\/proex\/?page_id=13263"},"modified":"2024-07-23T11:07:15","modified_gmt":"2024-07-23T14:07:15","slug":"saude-na-rua","status":"publish","type":"page","link":"https:\/\/www.ufmg.br\/proex\/saude-na-rua\/","title":{"rendered":"Projeto Sa\u00fade na Rua"},"content":{"rendered":"<p>Est\u00e3o abertas, <strong>at\u00e9 26 de julho de 2024<\/strong>, as inscri\u00e7\u00f5es para para bolsa no projeto &#8220;Sa\u00fade na Rua&#8221;, da Escola de Enfermagem da UFMG.<\/p>\n<p>S\u00e3o oferecidas duas vagas na modalidade Bolsa PBEXT \u2013 a\u00e7\u00f5es afirmativas.<\/p>\n<p>\u00c9 necess\u00e1rio que os (as) candidatos (as) estejam matriculados (as), a partir do 4\u00ba per\u00edodo, nos cursos de gradua\u00e7\u00e3o em Enfermagem e Nutri\u00e7\u00e3o da UFMG e fa\u00e7am parte de um dos grupos abaixo:<br \/>\n&#8211; Ser m\u00e3e com filho em idade escolar;<br \/>\n&#8211; Ser uma pessoa trans ou travesti;<br \/>\n&#8211; Ser uma pessoa com defici\u00eancia;<br \/>\n&#8211; Ser uma pessoa ind\u00edgena ou quilombola;<br \/>\n&#8211; Ter ingressado na UFMG pelo sistema de cotas;<br \/>\n&#8211; Ser assistido pela FUMP.<\/p>\n<p>As inscri\u00e7\u00f5es s\u00e3o recebidas pelo e-mail <a href=\"mailto:cenex@enf.ufmg.br\" target=\"_blank\" rel=\"noopener\">cenex@enf.ufmg.br<\/a>, para o qual os (as) candidatos (as) devem enviar:<br \/>\n&#8211; Hist\u00f3rico Escolar<br \/>\n&#8211; <em>Curriculum<\/em> (modelo lattes)<\/p>\n<p>O assunto do e-mail deve conter o n\u00famero do edital e o nome do projeto.<\/p>\n<p>As informa\u00e7\u00f5es completas est\u00e3o no <a href=\"https:\/\/www.ufmg.br\/proex\/wp-content\/uploads\/2024\/07\/Edital-1458-2024-Bolsista-Extensao-Profa.-Giselle.pdf\" target=\"_blank\" rel=\"noopener\">edital de sele\u00e7\u00e3o.<\/a><\/p>\n<p><strong>O projeto<\/strong><\/p>\n<p>Formado por uma equipe interdisciplinar, o projeto de extens\u00e3o \u201cAperfei\u00e7oamento da assist\u00eancia e da educa\u00e7\u00e3o em sa\u00fade para a popula\u00e7\u00e3o em situa\u00e7\u00e3o de rua\u201d, chamado <a href=\"https:\/\/www.instagram.com\/saudenarua.ufmg\/\" target=\"_blank\" rel=\"noopener\">Sa\u00fade na Rua<\/a>, desenvolve atividades de assist\u00eancia, acolhimento e educa\u00e7\u00e3o em sa\u00fade voltadas \u00e0 popula\u00e7\u00e3o em situa\u00e7\u00e3o de rua de de Belo Horizonte.<\/p>\n<p>As a\u00e7\u00f5es s\u00e3o realizadas a partir das demandas dos usu\u00e1rios dos Centros de Refer\u00eancia para a Popula\u00e7\u00e3o em Situa\u00e7\u00e3o de Rua (Centros POP). A iniciativa \u00e9 coordenada pela professora Giselle Lima de Freitas.<\/p>\n<p>&nbsp;<\/p>\n","protected":false},"excerpt":{"rendered":"<p>Est\u00e3o abertas, at\u00e9 26 de julho de 2024, as inscri\u00e7\u00f5es [&hellip;]<\/p>\n","protected":false},"author":2,"featured_media":0,"parent":0,"menu_order":0,"comment_status":"closed","ping_status":"closed","template":"","meta":[],"tags":[23,25,29],"_links":{"self":[{"href":"https:\/\/www.ufmg.br\/proex\/wp-json\/wp\/v2\/pages\/13263"}],"collection":[{"href":"https:\/\/www.ufmg.br\/proex\/wp-json\/wp\/v2\/pages"}],"about":[{"href":"https:\/\/www.ufmg.br\/proex\/wp-json\/wp\/v2\/types\/page"}],"author":[{"embeddable":true,"href":"https:\/\/www.ufmg.br\/proex\/wp-json\/wp\/v2\/users\/2"}],"replies":[{"embeddable":true,"href":"https:\/\/www.ufmg.br\/proex\/wp-json\/wp\/v2\/comments?post=13263"}],"version-history":[{"count":19,"href":"https:\/\/www.ufmg.br\/proex\/wp-json\/wp\/v2\/pages\/13263\/revisions"}],"predecessor-version":[{"id":13283,"href":"https:\/\/www.ufmg.br\/proex\/wp-json\/wp\/v2\/pages\/13263\/revisions\/13283"}],"wp:attachment":[{"href":"https:\/\/www.ufmg.br\/proex\/wp-json\/wp\/v2\/media?parent=13263"}],"wp:term":[{"taxonomy":"post_tag","embeddable":true,"href":"https:\/\/www.ufmg.br\/proex\/wp-json\/wp\/v2\/tags?post=13263"}],"curies":[{"name":"wp","href":"https:\/\/api.w.org\/{rel}","templated":true}]}}