{"id":13296,"date":"2024-07-25T11:48:02","date_gmt":"2024-07-25T14:48:02","guid":{"rendered":"https:\/\/www.ufmg.br\/proex\/?page_id=13296"},"modified":"2024-09-25T14:20:51","modified_gmt":"2024-09-25T17:20:51","slug":"museu-da-matematica","status":"publish","type":"page","link":"https:\/\/www.ufmg.br\/proex\/museu-da-matematica\/","title":{"rendered":"Museu da Matem\u00e1tica"},"content":{"rendered":"<p>O Museu da Matem\u00e1tica UFMG seleciona estudantes para participar do projeto a partir de outubro de 2024.<\/p>\n<p>Podem se inscrever na sela\u00e7\u00e3o graduandos a partir do 4\u00ba per\u00edodo dos cursos de Matem\u00e1tica, Matem\u00e1tica Computacional, F\u00edsica, Ci\u00eancias da Computa\u00e7\u00e3o, Engenharia de Sistemas e Engenharia El\u00e9trica (bolsa PBEXT A\u00e7\u00e3o Afirmativa). H\u00e1 vaga tamb\u00e9m para estudantes da p\u00f3s-gradua\u00e7\u00e3o matriculados no mestrado ou doutorado do Programa de P\u00f4s-gradua\u00e7\u00e3o em Matem\u00e1tica.<\/p>\n<p>As inscri\u00e7\u00f5es v\u00e3o <strong>at\u00e9 26 de setembro.<\/strong><\/p>\n<p>Em rela\u00e7\u00e3o aos graduandos (as), \u00e9 necess\u00e1rio que os (as) interessados (as) fa\u00e7am parte de uma das seguintes categorias:<br \/>\n\u2013 Ser m\u00e3e com filho em idade escolar;<br \/>\n\u2013 Ser pessoa travesti ou transexual;<br \/>\n\u2013 Ser uma pessoa com defici\u00eancia;<br \/>\n\u2013 Ser uma pessoa ind\u00edgena ou quilombola;<br \/>\n\u2013 Ter ingressado na UFMG pelo sistema de cotas;<br \/>\n\u2013 Ser assistido pela FUMP.<\/p>\n<p>As inscri\u00e7\u00f5es s\u00e3o realizadas por meio de <a href=\"https:\/\/forms.gle\/mfJdUAPMSdRxd89C6\" target=\"_blank\" rel=\"noopener\">formul\u00e1rio eletr\u00f4nico<\/a>. O (a) candidato (a) deve enviar os seguintes documentos:<br \/>\n&#8211; C\u00f3pia da carteira de identidade e do CPF;<br \/>\n&#8211; Hist\u00f3rico escolar atualizado;<br \/>\n&#8211; Comprovante de matr\u00edcula 2024\/2;<br \/>\n&#8211; Curr\u00edculo vitae, preferencialmente o link do curr\u00edculo <em>lattes<\/em> atualizado.<\/p>\n<p>As demais informa\u00e7\u00f5es devem ser consultadas no <a href=\"https:\/\/www.ufmg.br\/proex\/wp-content\/uploads\/2024\/09\/EDITAL-No-19032024-Museu-da-Matematica.pdf\" target=\"_blank\" rel=\"noopener\">edital de sele\u00e7\u00e3o<\/a>.<\/p>\n<p><strong>O museu<\/strong><\/p>\n<p>O Museu da Matem\u00e1tica faz parte da Rede de Museus da UFMG e localiza-se no Instituto de Ci\u00eancias Exatas (ICEx).<\/p>\n<p>Criado em 2018, o museu re\u00fane elementos de Matem\u00e1tica Recreativa que oferecem aos visitantes a oportunidade de interagir com quebra-cabe\u00e7as geom\u00e9tricos, jogos de tabuleiro, m\u00e1gicas, enigmas aritm\u00e9ticos, dobradura de papel, paradoxos, desafios ou simplesmente, matem\u00e1tica com um toque de curiosidade ou divers\u00e3o. <a href=\"https:\/\/www.mat.ufmg.br\/museu\/\" target=\"_blank\" rel=\"noopener\">Visite site do projeto<\/a>.<\/p>\n<p>&nbsp;<\/p>\n","protected":false},"excerpt":{"rendered":"<p>O Museu da Matem\u00e1tica UFMG seleciona estudantes para participar do [&hellip;]<\/p>\n","protected":false},"author":2,"featured_media":0,"parent":0,"menu_order":0,"comment_status":"closed","ping_status":"closed","template":"","meta":[],"tags":[23,25,29],"_links":{"self":[{"href":"https:\/\/www.ufmg.br\/proex\/wp-json\/wp\/v2\/pages\/13296"}],"collection":[{"href":"https:\/\/www.ufmg.br\/proex\/wp-json\/wp\/v2\/pages"}],"about":[{"href":"https:\/\/www.ufmg.br\/proex\/wp-json\/wp\/v2\/types\/page"}],"author":[{"embeddable":true,"href":"https:\/\/www.ufmg.br\/proex\/wp-json\/wp\/v2\/users\/2"}],"replies":[{"embeddable":true,"href":"https:\/\/www.ufmg.br\/proex\/wp-json\/wp\/v2\/comments?post=13296"}],"version-history":[{"count":23,"href":"https:\/\/www.ufmg.br\/proex\/wp-json\/wp\/v2\/pages\/13296\/revisions"}],"predecessor-version":[{"id":13781,"href":"https:\/\/www.ufmg.br\/proex\/wp-json\/wp\/v2\/pages\/13296\/revisions\/13781"}],"wp:attachment":[{"href":"https:\/\/www.ufmg.br\/proex\/wp-json\/wp\/v2\/media?parent=13296"}],"wp:term":[{"taxonomy":"post_tag","embeddable":true,"href":"https:\/\/www.ufmg.br\/proex\/wp-json\/wp\/v2\/tags?post=13296"}],"curies":[{"name":"wp","href":"https:\/\/api.w.org\/{rel}","templated":true}]}}