{"id":1340,"date":"2026-03-31T08:20:30","date_gmt":"2026-03-31T11:20:30","guid":{"rendered":"https:\/\/www.ufmg.br\/proex\/?page_id=1340"},"modified":"2026-04-06T16:40:25","modified_gmt":"2026-04-06T19:40:25","slug":"produtos","status":"publish","type":"page","link":"https:\/\/www.ufmg.br\/proex\/produtos\/","title":{"rendered":"Produtos &#8211; Edital 05\/2026"},"content":{"rendered":"<p>Confira o <a href=\"https:\/\/www.ufmg.br\/proex\/wp-content\/uploads\/2026\/03\/EDITAL_PROEX_05_2026_PRODUTOS.pdf\" target=\"_blank\" rel=\"noopener\">Edital 05\/2026<\/a> para apoio financeiro a produtos destinados \u00e0 <strong>educa\u00e7\u00e3o b\u00e1sica e profissional p\u00fablica<\/strong> e \u00e0s \u00e1reas de <strong>direitos humanos e meio ambiente.<\/strong><\/p>\n<p>As propostas podem ser apresentadas por <strong>docentes ou t\u00e9cnicos administrativos<\/strong> em efetivo exerc\u00edcio na UFMG.<\/p>\n<p data-start=\"76\" data-end=\"263\">A avalia\u00e7\u00e3o das propostas priorizar\u00e1 produtos vinculados a programas ou projetos de extens\u00e3o destinados a munic\u00edpios da Regi\u00e3o Metropolitana de Belo Horizonte ou do interior de Minas Gerais.<\/p>\n<p data-start=\"76\" data-end=\"263\">A submiss\u00e3o deve ser feita por meio do\u00a0<a href=\"https:\/\/sistemas.ufmg.br\/idp\/profile\/SAML2\/Redirect\/SSO\" target=\"_blank\" rel=\"noopener\">Sistema de Fomento<\/a>.<\/p>\n\n<table id=\"tablepress-40\" class=\"tablepress tablepress-id-40\">\n<thead>\n<tr class=\"row-1 odd\">\n\t<th class=\"column-1\">Cronograma do edital<\/th><th class=\"column-2\">&nbsp;<\/th>\n<\/tr>\n<\/thead>\n<tbody class=\"row-hover\">\n<tr class=\"row-2 even\">\n\t<td class=\"column-1\">Lan\u00e7amento <\/td><td class=\"column-2\">06 de abril de 2026<br \/>\n<\/td>\n<\/tr>\n<tr class=\"row-3 odd\">\n\t<td class=\"column-1\">Inscri\u00e7\u00e3o de propostas<\/td><td class=\"column-2\">06 a 30 de abril de 2026, at\u00e9 \u00e0s 17h<\/td>\n<\/tr>\n<tr class=\"row-4 even\">\n\t<td class=\"column-1\">Avalia\u00e7\u00e3o das propostas<\/td><td class=\"column-2\">06 a 29 de maio de 2026<br \/>\n<\/td>\n<\/tr>\n<tr class=\"row-5 odd\">\n\t<td class=\"column-1\">Divulga\u00e7\u00e3o do Resultado Preliminar<\/td><td class=\"column-2\">17 de junho de 2026<\/td>\n<\/tr>\n<tr class=\"row-6 even\">\n\t<td class=\"column-1\">Interposi\u00e7\u00e3o de recursos<\/td><td class=\"column-2\">17 a 26 de junho de 2026<\/td>\n<\/tr>\n<tr class=\"row-7 odd\">\n\t<td class=\"column-1\">Divulga\u00e7\u00e3o do resultado final<\/td><td class=\"column-2\">03 de agosto de 2026<\/td>\n<\/tr>\n<tr class=\"row-8 even\">\n\t<td class=\"column-1\">Cadastro dos pedidos de compras pelo(a) coordenador(a)<br \/>\n<br \/>\n<\/td><td class=\"column-2\">10 de agosto a 30 de setembro <\/td>\n<\/tr>\n<tr class=\"row-9 odd\">\n\t<td class=\"column-1\">Data limite para entrega dos materiais de consumo, servi\u00e7os e pagamento de fornecedores <\/td><td class=\"column-2\">31 de dezembro<br \/>\n<br \/>\n<\/td>\n<\/tr>\n<tr class=\"row-10 even\">\n\t<td class=\"column-1\">Data limite de relat\u00f3rio final de execu\u00e7\u00e3o do objeto<\/td><td class=\"column-2\">26 de fevereiro de 2027<\/td>\n<\/tr>\n<\/tbody>\n<\/table>\n<!-- #tablepress-40 from cache -->\n<p>Os produtos eleg\u00edveis est\u00e3o enquadrados nestas <strong>categorias<\/strong>:<\/p>\n<ul>\n<li>Cartilha, manual, livro ou e-book;<\/li>\n<li>Informativo;<\/li>\n<li>Jogo ou objeto educativo;<\/li>\n<li>Produto audiovisual;<\/li>\n<li>Aplicativo para computador ou dispositivos m\u00f3veis;<\/li>\n<li>S\u00edtio eletr\u00f4nico;<\/li>\n<li>Tecnologia social.<\/li>\n<\/ul>\n<p>As propostas contempladas receber\u00e3o recursos financeiros para custeio de <strong>material de consumo e contrata\u00e7\u00e3o de servi\u00e7os de terceiros<\/strong> <strong>(pessoa jur\u00eddica).<\/strong><\/p>\n<p>A proposta apresentada deve atender aos conceitos e \u00e0s diretrizes de extens\u00e3o universit\u00e1ria, deve caracterizar-se como programa ou projeto de extens\u00e3o e estar cadastrada e atualizada no <a href=\"https:\/\/sistemas.ufmg.br\/siex\" target=\"_blank\" rel=\"noopener\">Siex<\/a><\/p>\n<p><strong>Ultima edi\u00e7\u00e3o (2025)<br \/>\n<\/strong><a href=\"https:\/\/www.ufmg.br\/proex\/wp-content\/uploads\/2023\/04\/EDITAL-PRODUTOS_05.2025_final.pdf\" target=\"_blank\" rel=\"noopener\">Edital 05\/2025<\/a><br \/>\n<a href=\"https:\/\/www.ufmg.br\/proex\/wp-content\/uploads\/2025\/02\/Aviso_de_Retificacao_Edital-de-Produtos_05_2025.pdf\" target=\"_blank\" rel=\"noopener\">Aviso de retifica\u00e7\u00e3o<\/a><br \/>\n<a href=\"https:\/\/www.ufmg.br\/proex\/wp-content\/uploads\/2025\/12\/PROEX_Retificacao-Cronograma-do-Edital-de-Produtos-05_2025.pdf\" target=\"_blank\" rel=\"noopener\">Aviso de retifica\u00e7\u00e3o<\/a><br \/>\n<a href=\"https:\/\/www.ufmg.br\/proex\/wp-content\/uploads\/2025\/04\/Resultado-Preliminar_Edital-05.2025.pdf\" target=\"_blank\" rel=\"noopener\">Resultado preliminar<\/a><br \/>\n<a href=\"https:\/\/www.ufmg.br\/proex\/wp-content\/uploads\/2025\/05\/Resultado-Final_Edital-05.2025-1.pdf\" target=\"_blank\" rel=\"noopener\">Resultado final<\/a><\/p>\n<p>D\u00favidas podem ser esclarecidas pelo e-mail <a href=\"mailto:fomento@proex.ufmg.br\">fomento@proex.ufmg.br<\/a> ou telefone (31) 3409-3928<\/p>\n","protected":false},"excerpt":{"rendered":"<p>Confira o Edital 05\/2026 para apoio financeiro a produtos destinados [&hellip;]<\/p>\n","protected":false},"author":2,"featured_media":0,"parent":0,"menu_order":0,"comment_status":"closed","ping_status":"closed","template":"","meta":[],"tags":[23,337,743],"_links":{"self":[{"href":"https:\/\/www.ufmg.br\/proex\/wp-json\/wp\/v2\/pages\/1340"}],"collection":[{"href":"https:\/\/www.ufmg.br\/proex\/wp-json\/wp\/v2\/pages"}],"about":[{"href":"https:\/\/www.ufmg.br\/proex\/wp-json\/wp\/v2\/types\/page"}],"author":[{"embeddable":true,"href":"https:\/\/www.ufmg.br\/proex\/wp-json\/wp\/v2\/users\/2"}],"replies":[{"embeddable":true,"href":"https:\/\/www.ufmg.br\/proex\/wp-json\/wp\/v2\/comments?post=1340"}],"version-history":[{"count":109,"href":"https:\/\/www.ufmg.br\/proex\/wp-json\/wp\/v2\/pages\/1340\/revisions"}],"predecessor-version":[{"id":17571,"href":"https:\/\/www.ufmg.br\/proex\/wp-json\/wp\/v2\/pages\/1340\/revisions\/17571"}],"wp:attachment":[{"href":"https:\/\/www.ufmg.br\/proex\/wp-json\/wp\/v2\/media?parent=1340"}],"wp:term":[{"taxonomy":"post_tag","embeddable":true,"href":"https:\/\/www.ufmg.br\/proex\/wp-json\/wp\/v2\/tags?post=1340"}],"curies":[{"name":"wp","href":"https:\/\/api.w.org\/{rel}","templated":true}]}}