{"id":1362,"date":"2023-04-17T15:00:11","date_gmt":"2023-04-17T18:00:11","guid":{"rendered":"https:\/\/www.ufmg.br\/proex\/?page_id=1362"},"modified":"2025-11-18T10:39:28","modified_gmt":"2025-11-18T13:39:28","slug":"democratizar","status":"publish","type":"page","link":"https:\/\/www.ufmg.br\/proex\/democratizar\/","title":{"rendered":"Democratizar &#8211; Edital 03\/2025"},"content":{"rendered":"<div>\n<div class=\"\" data-block=\"true\" data-editor=\"3mgu3\" data-offset-key=\"a1bkn-0-0\">\n<p>O <a href=\"https:\/\/www.ufmg.br\/proex\/wp-content\/uploads\/2025\/07\/Edital-PROEX-03.2025-Retificacoes.pdf\" target=\"_blank\" rel=\"noopener\">edital 03\/2025<\/a> do Democratizar foi lan\u00e7ado em 9 de maio pela Pr\u00f3-reitoria de Extens\u00e3o.<\/p>\n<p><a href=\"https:\/\/www.ufmg.br\/proex\/wp-content\/uploads\/2025\/07\/Resultado-Final_Edital-03.2025.pdf\" target=\"_blank\" rel=\"noopener\">Resultado final<\/a> (em 11\/07\/25)<br \/>\n<a href=\"https:\/\/www.ufmg.br\/proex\/wp-content\/uploads\/2025\/06\/Resultado-Preliminar_Edital-03.2025.pdf\" target=\"_blank\" rel=\"noopener\">Resultado preliminar<\/a> (25\/06\/25)<br \/>\n<a href=\"https:\/\/www.ufmg.br\/proex\/wp-content\/uploads\/2025\/06\/SEI_4311207_Aviso_de_Retificacao_Cronograma_Edital-Democratizar-03_2025.pdf\" target=\"_blank\" rel=\"noopener\">Retifica\u00e7\u00e3o 1<\/a> (18\/06\/2025)<br \/>\n<a href=\"https:\/\/www.ufmg.br\/proex\/wp-content\/uploads\/2025\/07\/SEI_4377816_Aviso_de_Retificacao.pdf\" target=\"_blank\" rel=\"noopener\">Retifica\u00e7\u00e3o 2<\/a> (11\/07\/2025)<br \/>\n<a href=\"https:\/\/www.ufmg.br\/proex\/wp-content\/uploads\/2025\/08\/Aviso_de_Retificacao-n-3-Edital-no-03.2025-DEMOCRATIZAR.pdf\" target=\"_blank\" rel=\"noopener\">Retifica\u00e7\u00e3o 3<\/a>\u00a0(27\/08\/2025)<\/p>\n<p>Conforme a retifica\u00e7\u00e3o 3, o prazo de indica\u00e7\u00e3o de bolsistas passou para: <strong>1\u00ba de agosto a 25 de setembro de 2025.<\/strong><\/p>\n<p>O objetivo do Democratizar \u00e9 apoiar programas, projetos e cursos de extens\u00e3o nas \u00e1reas de direitos humanos e meio ambiente. As atividades contempladas v\u00e3o receber bolsas na modalidade PBEXT A\u00e7\u00e3o Afirmativa.<\/p>\n<p>As bolsas concedidas visam beneficiar estudantes de gradua\u00e7\u00e3o da UFMG que s\u00e3o m\u00e3es com filho em idade escolar, travestis e transexuais, pessoas com defici\u00eancia, ind\u00edgenas e quilombolas ou estudantes que ingressaram pelo sistema de cotas e\/ou assistidos pela Funda\u00e7\u00e3o Universit\u00e1ria Mendes Pimentel (Fump).<\/p>\n<p>S\u00e3o proponentes servidores docentes ou t\u00e9cnico-administrativos da UFMG. Cada proponente p\u00f4de solicitar at\u00e9 duas bolsas, que ser\u00e3o pagas de agosto de 2025 a julho de 2026.<\/p>\n<p><strong>Edi\u00e7\u00e3o de 2024<\/strong><\/p>\n<p><a href=\"https:\/\/www.ufmg.br\/proex\/wp-content\/uploads\/2024\/05\/Edital-PROEX-03.2024.pdf\" target=\"_blank\" rel=\"noopener\">Edital 03\/2024<\/a> (06\/05\/2025)<br \/>\n<a href=\"https:\/\/www.ufmg.br\/proex\/wp-content\/uploads\/2024\/07\/Resultado-Final-Edital-n.03_2024-Democratizar.pdf\" target=\"_blank\" rel=\"noopener\">Resultado final<\/a> (12\/07\/2024)<br \/>\n<a href=\"https:\/\/www.ufmg.br\/proex\/wp-content\/uploads\/2024\/06\/Resultado-Preliminar-Edital-n.03_2024-Democratizar.pdf\" target=\"_blank\" rel=\"noopener\">Resultado Preliminar<\/a> (18\/06\/2024)<\/p>\n<p>D\u00favidas podem ser esclarecidas pelo e-mail <a href=\"mailto:fomento@proex.ufmg.br\" target=\"_blank\" rel=\"noopener\">fomento@proex.ufmg.br<\/a> ou telefone (31) 3409-3928.<\/p>\n<\/div>\n<\/div>\n","protected":false},"excerpt":{"rendered":"<p>O edital 03\/2025 do Democratizar foi lan\u00e7ado em 9 de [&hellip;]<\/p>\n","protected":false},"author":2,"featured_media":0,"parent":0,"menu_order":0,"comment_status":"closed","ping_status":"closed","template":"","meta":[],"tags":[531,23,337,29],"_links":{"self":[{"href":"https:\/\/www.ufmg.br\/proex\/wp-json\/wp\/v2\/pages\/1362"}],"collection":[{"href":"https:\/\/www.ufmg.br\/proex\/wp-json\/wp\/v2\/pages"}],"about":[{"href":"https:\/\/www.ufmg.br\/proex\/wp-json\/wp\/v2\/types\/page"}],"author":[{"embeddable":true,"href":"https:\/\/www.ufmg.br\/proex\/wp-json\/wp\/v2\/users\/2"}],"replies":[{"embeddable":true,"href":"https:\/\/www.ufmg.br\/proex\/wp-json\/wp\/v2\/comments?post=1362"}],"version-history":[{"count":172,"href":"https:\/\/www.ufmg.br\/proex\/wp-json\/wp\/v2\/pages\/1362\/revisions"}],"predecessor-version":[{"id":16790,"href":"https:\/\/www.ufmg.br\/proex\/wp-json\/wp\/v2\/pages\/1362\/revisions\/16790"}],"wp:attachment":[{"href":"https:\/\/www.ufmg.br\/proex\/wp-json\/wp\/v2\/media?parent=1362"}],"wp:term":[{"taxonomy":"post_tag","embeddable":true,"href":"https:\/\/www.ufmg.br\/proex\/wp-json\/wp\/v2\/tags?post=1362"}],"curies":[{"name":"wp","href":"https:\/\/api.w.org\/{rel}","templated":true}]}}