{"id":1373,"date":"2021-12-09T11:48:43","date_gmt":"2021-12-09T13:48:43","guid":{"rendered":"https:\/\/www.ufmg.br\/proex\/?page_id=1373"},"modified":"2021-12-29T17:44:02","modified_gmt":"2021-12-29T19:44:02","slug":"iniciacao-cientifica-em-museus","status":"publish","type":"page","link":"https:\/\/www.ufmg.br\/proex\/iniciacao-cientifica-em-museus\/","title":{"rendered":"Inicia\u00e7\u00e3o cient\u00edfica em museus"},"content":{"rendered":"<p>O <a href=\"https:\/\/www.ufmg.br\/proex\/wp-content\/uploads\/2021\/12\/Edital-10_2021_-Rede-de-Museus-ufmg.pdf\" target=\"_blank\" rel=\"noopener\">Edital 10\/2021<\/a> foi lan\u00e7ado pela Proex e PRPq no dia 9 de dezembro de 2021 no \u00e2mbito do Programa Institucional de Bolsas de Inicia\u00e7\u00e3o Cient\u00edfica em Interface com a Extens\u00e3o para a Rede de Museus.<\/p>\n<p>O prazo de submiss\u00f5es de propostas vai de 9 de dezembro de 2021 at\u00e9 19 de janeiro de 2022.<\/p>\n<p>O objetivo \u00e9 selecionar orientadores e projetos de pesquisa que t\u00eam como foco os museus e espa\u00e7os de ci\u00eancia e cultura que fazem parte da Rede de Museus da UFMG.<\/p>\n<p>O programa foi criado para propiciar a estudantes da gradua\u00e7\u00e3o a oportunidade de integrar as atividades da Rede de Museus por meio da concess\u00e3o de bolsas de inicia\u00e7\u00e3o cient\u00edfica com vig\u00eancia de 12 meses.<\/p>\n<p>Podem submeter propostas os servidores docentes da Universidade com v\u00ednculo formal, ativos e em efetivo exerc\u00edcio. As inscri\u00e7\u00f5es s\u00e3o feitas exclusivamente por meio de preenchimento de formul\u00e1rio on-line disponibilizado no <a href=\"https:\/\/aplicativos.ufmg.br\/prpq\/fomento\/usuarios\/login\" target=\"_blank\" rel=\"noopener\">Sistema de Fomento da PRPq.<\/a><\/p>\n<p>As propostas devem estar obrigatoriamente vinculadas a programas ou projetos de extens\u00e3o registrados no <a href=\"https:\/\/sistemas.ufmg.br\/siex\/PrincipalCoordenador.do\" target=\"_blank\" rel=\"noopener\">Siex <\/a>com status &#8216;ativo&#8217; e abordar as seguintes \u00e1reas tem\u00e1ticas:<\/p>\n<ul>\n<li>Salvaguarda de patrim\u00f4nio cient\u00edfico e cultural (documenta\u00e7\u00e3o museol\u00f3gica, conserva\u00e7\u00e3o, restaura\u00e7\u00e3o e preserva\u00e7\u00e3o de acervos cient\u00edficos e culturais e forma\u00e7\u00e3o do acervo);<\/li>\n<li>Pesquisa tem\u00e1tica (acervo, reserva t\u00e9cnica, exposi\u00e7\u00e3o, arquivo, biblioteca, hist\u00f3ria);<\/li>\n<li>Pesquisa de p\u00fablico;<\/li>\n<li>Produ\u00e7\u00e3o de diagn\u00f3sticos e indicadores museol\u00f3gicos;<\/li>\n<li>Acessibilidade e inclus\u00e3o;<\/li>\n<li>Gest\u00e3o museol\u00f3gica (elabora\u00e7\u00e3o de plano museol\u00f3gico, pol\u00edtica de acervo, planejamento e execu\u00e7\u00e3o de exposi\u00e7\u00f5es);<\/li>\n<li>Divulga\u00e7\u00e3o cient\u00edfica e comunica\u00e7\u00e3o museol\u00f3gica.<\/li>\n<\/ul>\n<p>Os projetos submetidos ser\u00e3o analisados e julgados por comit\u00ea das C\u00e2maras de Extens\u00e3o e de Pesquisa da UFMG.<\/p>\n<p><strong>\u00daltimo edital<\/strong><br \/>\n<a href=\"https:\/\/www.ufmg.br\/proex\/wp-content\/uploads\/2021\/12\/Edital-08_2020.pdf\" target=\"_blank\" rel=\"noopener\">Edital 08\/2020<\/a><\/p>\n<p>&nbsp;<\/p>\n<p>&nbsp;<\/p>\n<p>&nbsp;<\/p>\n","protected":false},"excerpt":{"rendered":"<p>O Edital 10\/2021 foi lan\u00e7ado pela Proex e PRPq no [&hellip;]<\/p>\n","protected":false},"author":2,"featured_media":0,"parent":0,"menu_order":0,"comment_status":"closed","ping_status":"closed","template":"","meta":[],"tags":[49,51,145,417,509,23,25,537,535,29,299,4],"_links":{"self":[{"href":"https:\/\/www.ufmg.br\/proex\/wp-json\/wp\/v2\/pages\/1373"}],"collection":[{"href":"https:\/\/www.ufmg.br\/proex\/wp-json\/wp\/v2\/pages"}],"about":[{"href":"https:\/\/www.ufmg.br\/proex\/wp-json\/wp\/v2\/types\/page"}],"author":[{"embeddable":true,"href":"https:\/\/www.ufmg.br\/proex\/wp-json\/wp\/v2\/users\/2"}],"replies":[{"embeddable":true,"href":"https:\/\/www.ufmg.br\/proex\/wp-json\/wp\/v2\/comments?post=1373"}],"version-history":[{"count":16,"href":"https:\/\/www.ufmg.br\/proex\/wp-json\/wp\/v2\/pages\/1373\/revisions"}],"predecessor-version":[{"id":4029,"href":"https:\/\/www.ufmg.br\/proex\/wp-json\/wp\/v2\/pages\/1373\/revisions\/4029"}],"wp:attachment":[{"href":"https:\/\/www.ufmg.br\/proex\/wp-json\/wp\/v2\/media?parent=1373"}],"wp:term":[{"taxonomy":"post_tag","embeddable":true,"href":"https:\/\/www.ufmg.br\/proex\/wp-json\/wp\/v2\/tags?post=1373"}],"curies":[{"name":"wp","href":"https:\/\/api.w.org\/{rel}","templated":true}]}}