{"id":1381,"date":"2019-11-18T23:23:48","date_gmt":"2019-11-19T02:23:48","guid":{"rendered":"https:\/\/www.ufmg.br\/proex\/?page_id=1381"},"modified":"2021-12-02T09:21:35","modified_gmt":"2021-12-02T12:21:35","slug":"brumadinho-ufmg","status":"publish","type":"page","link":"https:\/\/www.ufmg.br\/proex\/brumadinho-ufmg\/","title":{"rendered":"Brumadinho UFMG"},"content":{"rendered":"<p>Em 18 de novembro de 2019 foram lan\u00e7adas as primeiras chamadas do projeto de extens\u00e3o <a href=\"http:\/\/projetobrumadinho.ufmg.br\/\" target=\"_blank\" rel=\"noopener\">Brumadinho UFMG<\/a>.<\/p>\n<p>Foram selecionadas propostas com vistas \u00e0 avalia\u00e7\u00e3o e repara\u00e7\u00e3o dos danos provocados pelo rompimento da barragem da Mina C\u00f3rrego do Feij\u00e3o em Brumadinho (MG).<\/p>\n<p>Os projetos contemplados v\u00e3o determinar e analisar os impactos no meio ambiente, nos servi\u00e7os de sa\u00fade, nos servi\u00e7os de prote\u00e7\u00e3o social, na educa\u00e7\u00e3o, no turismo da regi\u00e3o atingida, entre outros objetivos.<\/p>\n<p><b>Confira os resultados\u00a0<\/b><\/p>\n<p><u><a href=\"https:\/\/www.ufmg.br\/proex\/wp-content\/uploads\/2021\/12\/CHAMADA-01-PROJETO-BRUMADINHO.pdf\" target=\"_blank\" rel=\"noopener\">Chamada 01:\u00a0<\/a><\/u>\u00a0Constru\u00e7\u00e3o, manuten\u00e7\u00e3o e alimenta\u00e7\u00e3o de plataforma interativa.\u00a0<u><a href=\"https:\/\/www.ufmg.br\/proex\/wp-content\/uploads\/2021\/12\/resultado-final-chamada-01.pdf\" target=\"_blank\" rel=\"noopener\">Resultado final 01<\/a><\/u><\/p>\n<p><u><a href=\"https:\/\/www.ufmg.br\/proex\/wp-content\/uploads\/2021\/12\/CHAMADA02_2019.pdf\" target=\"_blank\" rel=\"noopener\">\u00a0Chamada 02<\/a><\/u>: Mapeamento de uso e cobertura do solo na sub-bacia do Ribeir\u00e3o Ferro-Carv\u00e3o, Brumadinho (Prazo: 18\/11\/19 a 28\/11\/19).\u00a0<u><a href=\"https:\/\/www.ufmg.br\/proex\/wp-content\/uploads\/2021\/12\/Resultado-final-CHAMADA-No-02.pdf\" target=\"_blank\" rel=\"noopener\">Resultado final da Chamada 02\u00a0<\/a><\/u><\/p>\n<p><u><a href=\"https:\/\/www.ufmg.br\/proex\/wp-content\/uploads\/2021\/12\/CHAMADA03_2019.pdf\" target=\"_blank\" rel=\"noopener\">Chamada 03:<\/a><\/u>\u00a0Identifica\u00e7\u00e3o e caracteriza\u00e7\u00e3o da popula\u00e7\u00e3o atingida (Prazo: 18\/11\/19 a 09\/12\/19)\u00a0<u><a href=\"https:\/\/www.ufmg.br\/proex\/wp-content\/uploads\/2021\/12\/CHAMADA_03-Retificacao-da-Chamada-03.pdf\" target=\"_blank\" rel=\"noopener\">Retifica\u00e7\u00e3o da Chamada 03 em 21.11.2019<\/a>\u00a0<\/u><\/p>\n<p><u><a href=\"https:\/\/www.ufmg.br\/proex\/wp-content\/uploads\/2021\/12\/Resultado-final-CHAMADA-No-03.pdf\" target=\"_blank\" rel=\"noopener\">Resultado da Chamada 03<\/a><\/u><\/p>\n<p><u><a href=\"https:\/\/www.ufmg.br\/proex\/wp-content\/uploads\/2021\/12\/CHAMADA04_2019.pdf\" target=\"_blank\" rel=\"noopener\">Chamada 04<\/a><\/u>:\u00a0Coleta de amostras da ictiofauna da bacia do Rio Paraopeba para an\u00e1lise patol\u00f3gica e toxicol\u00f3gica (Prazo: 18\/11\/2019 a 15\/01\/20).\u00a0<u><a href=\"https:\/\/www.ufmg.br\/proex\/wp-content\/uploads\/2021\/12\/Resultado-final-CHAMADA-No-04.pdf\" target=\"_blank\" rel=\"noopener\">Resultado final da Chamada 04\u00a0\u00a0<\/a><\/u><\/p>\n<p><u><a href=\"https:\/\/www.ufmg.br\/proex\/wp-content\/uploads\/2021\/12\/CHAMADA05_2019.pdf\" target=\"_blank\" rel=\"noopener\">Chamada 05<\/a><\/u>:\u00a0Coleta de amostras de animais da fauna em \u00e1reas de mata na Bacia do Rio Paraopeba para an\u00e1lise toxicol\u00f3gica (Prazo: 18\/11\/19 a 15\/01\/20).\u00a0<u><a href=\"https:\/\/www.ufmg.br\/proex\/wp-content\/uploads\/2021\/12\/Resultado-final-CHAMADA-No-05.pdf\" target=\"_blank\" rel=\"noopener\">Resultado final da Chamada 05\u00a0<\/a><\/u><\/p>\n<p><u><a href=\"https:\/\/www.ufmg.br\/proex\/wp-content\/uploads\/2021\/12\/CHAMADA06_2019.pdf\" target=\"_blank\" rel=\"noopener\">Chamada 06:<\/a><\/u>\u00a0Coleta de amostras de animais dom\u00e9sticos e da fauna mortos para an\u00e1lises patol\u00f3gica e toxicol\u00f3gica (Prazo: 18\/11\/19 a 15\/12\/19).\u00a0<u><a href=\"https:\/\/www.ufmg.br\/proex\/wp-content\/uploads\/2021\/12\/Resultado-final-CHAMADA-No-06.pdf\" target=\"_blank\" rel=\"noopener\">Resultado final da chamada 06<\/a><\/u><\/p>\n<p><u><a href=\"https:\/\/www.ufmg.br\/proex\/wp-content\/uploads\/2021\/12\/CHAMADA07_2019.pdf\" target=\"_blank\" rel=\"noopener\">Chamada 07<\/a>:<\/u>\u00a0Coleta de amostras biol\u00f3gicas em animais dom\u00e9sticos para an\u00e1lise toxicol\u00f3gica (Prazo: 18\/11\/19 a 15\/01\/20).\u00a0<u><a href=\"https:\/\/www.ufmg.br\/proex\/wp-content\/uploads\/2021\/12\/Resultado-final-CHAMADA-No-07.pdf\" target=\"_blank\" rel=\"noopener\">Resultado final da chamada 07<\/a><\/u><\/p>\n<p><u><a href=\"https:\/\/www.ufmg.br\/proex\/wp-content\/uploads\/2021\/12\/CHAMADA08_2019.pdf\" target=\"_blank\" rel=\"noopener\">Chamada 08:<\/a><\/u>\u00a0Coleta amostras de rejeito (Prazo: 18\/11\/2019 a 09\/12\/2019)\u00a0<u><a href=\"https:\/\/www.ufmg.br\/proex\/wp-content\/uploads\/2021\/12\/CHAMADA08_2019-RETIFICACAO-18.12.2019.pdf\" target=\"_blank\" rel=\"noopener\">Retifica\u00e7\u00e3o da Chamada 08 em 18.12.19<\/a>.<\/u><\/p>\n<p><u>\u00a0<a href=\"https:\/\/www.ufmg.br\/proex\/wp-content\/uploads\/2021\/12\/RESULTADO-FINAL-Chamada-8.pdf\" target=\"_blank\" rel=\"noopener\">Resultado final da chamada 08<\/a><\/u><\/p>\n<p><u>\u00a0<a href=\"https:\/\/www.ufmg.br\/proex\/wp-content\/uploads\/2021\/12\/CHAMADA09_2019.pdf\" target=\"_blank\" rel=\"noopener\">Chamada 09:<\/a><\/u>\u00a0Coleta de sedimento (Prazo: 18\/11\/2019 a 20\/03\/20)\u00a0<a href=\"https:\/\/www.ufmg.br\/proex\/wp-content\/uploads\/2021\/12\/Retificac\u0327a\u0303o-09.pdf\" target=\"_blank\" rel=\"noopener\">Retifica\u00e7\u00e3o da Chamada 09 em\u00a021.11.19<\/a>\u00a0e\u00a0<a href=\"https:\/\/www.ufmg.br\/proex\/wp-content\/uploads\/2021\/12\/ANEXO-III_chamada-9_retificado_211119.pdf\" target=\"_blank\" rel=\"noopener\">Anexo III da Retifica\u00e7\u00e3o de 21.11\/19<\/a>.<\/p>\n<p><a href=\"https:\/\/www.ufmg.br\/proex\/wp-content\/uploads\/2021\/12\/CHAMADA09_2019-RETIFICACAO-09.03.2020.pdf\" target=\"_blank\" rel=\"noopener\">Retifica\u00e7\u00e3o da Chamada 09 em 09.03.20<\/a>.\u00a0\u00a0e<\/p>\n<p><a href=\"https:\/\/www.ufmg.br\/proex\/wp-content\/uploads\/2021\/12\/RESULTADO-FINAL-CHAMADA-09_2019-Projeto-Brumadinho-UFMG.pdf\" target=\"_blank\" rel=\"noopener\">Resultado final da chamada 09\u00a0<\/a><\/p>\n<p><u><a href=\"https:\/\/www.ufmg.br\/proex\/wp-content\/uploads\/2021\/12\/CHAMADA10_2019.pdf\" target=\"_blank\" rel=\"noopener\">Chamada 10:\u00a0<\/a><\/u>Coleta de \u00e1gua subterr\u00e2nea (Prazo: 18\/11\/19 a 21\/01\/20)\u00a0<u><a href=\"https:\/\/www.ufmg.br\/proex\/wp-content\/uploads\/2021\/12\/Retificac\u0327a\u0303o-10-1.doc.pdf\" target=\"_blank\" rel=\"noopener\">Retifica\u00e7\u00e3o da Chamada 10 em 21.11.19\u00a0<\/a>,<\/u><\/p>\n<p><u><a href=\"https:\/\/www.ufmg.br\/proex\/wp-content\/uploads\/2021\/12\/ANEXO-III_chamada-10_retificado_211119.pdf\" target=\"_blank\" rel=\"noopener\">Anexo III da Retifica\u00e7\u00e3o da Chamada 10 21\/11\/19<\/a>,<\/u><\/p>\n<p><u><a href=\"https:\/\/www.ufmg.br\/proex\/wp-content\/uploads\/2021\/12\/Chamada-10-Coleta-de-agua-subterranea-Projeto-Brumadinho-RETIFICADO.pdf\" target=\"_blank\" rel=\"noopener\">Retifica\u00e7\u00e3o da Chamada 10 de 17.01.2020<\/a>\u00a0<\/u>e<\/p>\n<p><u><a href=\"https:\/\/www.ufmg.br\/proex\/wp-content\/uploads\/2021\/12\/RESULTADO-FINAL-CHAMADA-10_2019-Projeto-Brumadinho-UFMG.pdf\" target=\"_blank\" rel=\"noopener\">Resultado final da chamada 10<\/a>.<\/u><\/p>\n<p><u><a href=\"https:\/\/www.ufmg.br\/proex\/wp-content\/uploads\/2021\/12\/CHAMADA11_2019.pdf\" target=\"_blank\" rel=\"noopener\">Chamada 11<\/a><\/u>:\u00a0Coleta de \u00e1gua superficial (Prazo: 18\/11\/2019 a 24\/03\/20)\u00a0<a href=\"https:\/\/www.ufmg.br\/proex\/wp-content\/uploads\/2021\/12\/Retificac\u0327a\u0303o-11.pdf\" target=\"_blank\" rel=\"noopener\">Retifica\u00e7\u00e3o de 21.11.19 da Chamada 11<\/a>\u00a0e\u00a0<u><a href=\"https:\/\/www.ufmg.br\/proex\/wp-content\/uploads\/2021\/12\/ANEXO-III_chamada-11_retificada_211119.pdf\" target=\"_blank\" rel=\"noopener\">Anexo III da Retifica\u00e7\u00e3o da Chamada 11 de 21\/11\/19<\/a>.\u00a0<\/u><\/p>\n<p><u><a href=\"https:\/\/www.ufmg.br\/proex\/wp-content\/uploads\/2021\/12\/CHAMADA11_2019-RETIFICACAO-09.03.2020.pdf\" target=\"_blank\" rel=\"noopener\">Retifica\u00e7\u00e3o da Chamada 11 em 09.03.20<\/a>.\u00a0<\/u>e<u>\u00a0<\/u><\/p>\n<p><u><a href=\"https:\/\/www.ufmg.br\/proex\/wp-content\/uploads\/2021\/12\/RESULTADO-FINAL-CHAMADA-11_2019-Projeto-Brumadinho-UFMG.pdf\" target=\"_blank\" rel=\"noopener\">Resultado final da chamada 11\u00a0<\/a><\/u><\/p>\n<p><u><a href=\"https:\/\/www.ufmg.br\/proex\/wp-content\/uploads\/2021\/12\/CHAMADA13_2019.pdf\" target=\"_blank\" rel=\"noopener\">Chamada 13:<\/a><\/u>\u00a0An\u00e1lise de micro-organismos termotolerantes e escherichia coli em \u00e1gua subterr\u00e2nea (Prazo: 18\/11\/2019 a 21\/01\/20)<\/p>\n<p><u><a href=\"https:\/\/www.ufmg.br\/proex\/wp-content\/uploads\/2021\/12\/CHAMADA14_2019.pdf\" target=\"_blank\" rel=\"noopener\">Chamada 14:\u00a0<\/a><\/u>An\u00e1lise de compostos org\u00e2nicos em \u00e1gua subterr\u00e2nea (Prazo:\u00a0 18\/11\/19 a 25\/05\/20)\u00a0<a href=\"https:\/\/www.ufmg.br\/proex\/wp-content\/uploads\/2021\/12\/Chamada-14-Coleta-e-Analise-compostos-organicos-em-agua-subterranea-Projeto-Brumadinho-RETIFICADO.pdf\" target=\"_blank\" rel=\"noopener\">Retifica\u00e7\u00e3o da Chamada 14 de 17.01.2019<\/a><\/p>\n<p><u><a href=\"https:\/\/www.ufmg.br\/proex\/wp-content\/uploads\/2021\/12\/RESULTADO-FINAL-Chamada-14.pdf\" target=\"_blank\" rel=\"noopener\">Resultado Final Chamada 14<\/a><\/u><\/p>\n<p><a href=\"https:\/\/www.ufmg.br\/proex\/wp-content\/uploads\/2021\/12\/CHAMADA15_2019.pdf\" target=\"_blank\" rel=\"noopener\">Chamada 15:<\/a>\u00a0An\u00e1lise ecotoxicol\u00f3gico em \u00e1gua superficial (Prazo: 18\/11\/2019 a 25\/05\/20)<\/p>\n<p><u><a href=\"https:\/\/www.ufmg.br\/proex\/wp-content\/uploads\/2021\/12\/RESULTADO-FINAL-Chamada-15.pdf\" target=\"_blank\" rel=\"noopener\">Resultado Final Chamada 15<\/a><\/u><\/p>\n<p><a href=\"https:\/\/www.ufmg.br\/proex\/wp-content\/uploads\/2021\/12\/CHAMADA16_2019.pdf\" target=\"_blank\" rel=\"noopener\">Chamada 16:\u00a0<\/a>An\u00e1lise de metais e metaloides em \u00e1gua subterr\u00e2nea (Prazo: 18\/11\/2019 a 28\/01\/20).\u00a0<u><a href=\"https:\/\/www.ufmg.br\/proex\/wp-content\/uploads\/2021\/12\/RESULTADO-FINAL-CHAMADA-16_2019-Projeto-Brumadinho-UFMG.pdf\" target=\"_blank\" rel=\"noopener\">Resultado final da chamada 16<\/a><\/u>.<\/p>\n<p>Para consulta \u00e0s demais chamadas e resultados, acesse o<a href=\"http:\/\/projetobrumadinho.ufmg.br\/chamadasencerradas\" target=\"_blank\" rel=\"noopener\">\u00a0site do projeto.<\/a><\/p>\n<p>&nbsp;<\/p>\n<p>&nbsp;<\/p>\n<p>&nbsp;<\/p>\n<p>&nbsp;<\/p>\n<p>&nbsp;<\/p>\n<p>&nbsp;<\/p>\n<p>&nbsp;<\/p>\n","protected":false},"excerpt":{"rendered":"<p>Em 18 de novembro de 2019 foram lan\u00e7adas as primeiras [&hellip;]<\/p>\n","protected":false},"author":2,"featured_media":0,"parent":0,"menu_order":0,"comment_status":"closed","ping_status":"closed","template":"","meta":[],"tags":[49,51,539,541,547,23,25,337,545,29,457,543],"_links":{"self":[{"href":"https:\/\/www.ufmg.br\/proex\/wp-json\/wp\/v2\/pages\/1381"}],"collection":[{"href":"https:\/\/www.ufmg.br\/proex\/wp-json\/wp\/v2\/pages"}],"about":[{"href":"https:\/\/www.ufmg.br\/proex\/wp-json\/wp\/v2\/types\/page"}],"author":[{"embeddable":true,"href":"https:\/\/www.ufmg.br\/proex\/wp-json\/wp\/v2\/users\/2"}],"replies":[{"embeddable":true,"href":"https:\/\/www.ufmg.br\/proex\/wp-json\/wp\/v2\/comments?post=1381"}],"version-history":[{"count":12,"href":"https:\/\/www.ufmg.br\/proex\/wp-json\/wp\/v2\/pages\/1381\/revisions"}],"predecessor-version":[{"id":3787,"href":"https:\/\/www.ufmg.br\/proex\/wp-json\/wp\/v2\/pages\/1381\/revisions\/3787"}],"wp:attachment":[{"href":"https:\/\/www.ufmg.br\/proex\/wp-json\/wp\/v2\/media?parent=1381"}],"wp:term":[{"taxonomy":"post_tag","embeddable":true,"href":"https:\/\/www.ufmg.br\/proex\/wp-json\/wp\/v2\/tags?post=1381"}],"curies":[{"name":"wp","href":"https:\/\/api.w.org\/{rel}","templated":true}]}}