{"id":1399,"date":"2026-03-31T13:03:48","date_gmt":"2026-03-31T16:03:48","guid":{"rendered":"https:\/\/www.ufmg.br\/proex\/?page_id=1399"},"modified":"2026-04-06T16:34:47","modified_gmt":"2026-04-06T19:34:47","slug":"paie","status":"publish","type":"page","link":"https:\/\/www.ufmg.br\/proex\/paie\/","title":{"rendered":"PAIE &#8211; Edital 08\/2026"},"content":{"rendered":"<p>Inscreva sua proposta para o <a href=\"https:\/\/www.ufmg.br\/proex\/wp-content\/uploads\/2026\/03\/EDITAL_PROEX_08_2026_PAIE.pdf\" target=\"_blank\" rel=\"noopener\">Edital 08\/2026<\/a> do Programa de Apoio Integrado a Eventos (PAIE)<\/p>\n<p>Podem propor eventos <strong>servidores docentes e t\u00e9cnico-administrativos<\/strong> da UFMG.<\/p>\n<p>O PAIE apoiar\u00e1 financeiramente eventos de natureza cultural, art\u00edstica, esportiva, cient\u00edfica, acad\u00eamica e tecnol\u00f3gica, a serem realizados de <strong>agosto a dezembro de 2026<\/strong>.<\/p>\n<p>As iniciativas devem promover o di\u00e1logo entre a UFMG e outros setores da sociedade, incentivar a interdisciplinaridade e articular ensino, pesquisa e extens\u00e3o.<\/p>\n<p>A submiss\u00e3o deve ser feita por meio do\u00a0<a href=\"https:\/\/sistemas.ufmg.br\/idp\/profile\/SAML2\/Redirect\/SSO\" target=\"_blank\" rel=\"noopener\">Sistema de Fomento<\/a>.<\/p>\n\n<table id=\"tablepress-41\" class=\"tablepress tablepress-id-41\">\n<thead>\n<tr class=\"row-1\">\n\t<th class=\"column-1\">Cronograma do edital<\/th><th class=\"column-2\">&nbsp;<\/th>\n<\/tr>\n<\/thead>\n<tbody>\n<tr class=\"row-2\">\n\t<td class=\"column-1\">Lan\u00e7amento <\/td><td class=\"column-2\">06 de abril de 2026<\/td>\n<\/tr>\n<tr class=\"row-3\">\n\t<td class=\"column-1\">Inscri\u00e7\u00e3o de propostas<br \/>\n<br \/>\n<\/td><td class=\"column-2\">06 a 30 de abril de 2026<\/td>\n<\/tr>\n<tr class=\"row-4\">\n\t<td class=\"column-1\">Avalia\u00e7\u00e3o das propostas<\/td><td class=\"column-2\">06 a 29 de maio de 2026<\/td>\n<\/tr>\n<tr class=\"row-5\">\n\t<td class=\"column-1\">Divulga\u00e7\u00e3o do Resultado Preliminar<br \/>\n<\/td><td class=\"column-2\">10 de junho de 2026<br \/>\n<\/td>\n<\/tr>\n<tr class=\"row-6\">\n\t<td class=\"column-1\">Interposi\u00e7\u00e3o de recursos<\/td><td class=\"column-2\">10 de junho a 19 de junho<\/td>\n<\/tr>\n<tr class=\"row-7\">\n\t<td class=\"column-1\">Divulga\u00e7\u00e3o do resultado final<\/td><td class=\"column-2\">26 de junho de 2026<\/td>\n<\/tr>\n<tr class=\"row-8\">\n\t<td class=\"column-1\">Cadastro dos pedidos de compras pelo(a) coordenador(a)<br \/>\n<\/td><td class=\"column-2\">De 06\/07 a 15\/07\/26<br \/>\n(Realiza\u00e7\u00e3o de pedidos para eventos a partir de 17 AGO\/26 conforme item 9.2.)<br \/>\n<br \/>\nDe 06\/07 a 31\/07\/26<br \/>\n(Realiza\u00e7\u00e3o de pedidos para eventos em SET\/26 e OUT\/26)<br \/>\n<br \/>\nDe 06\/07 a 31\/08\/26<br \/>\n(Realiza\u00e7\u00e3o de pedidos para eventos em NOV\/26 e DEZ\/26)<\/td>\n<\/tr>\n<tr class=\"row-9\">\n\t<td class=\"column-1\">Prazo para envio do Relat\u00f3rio Final<\/td><td class=\"column-2\">26\/02\/2027<\/td>\n<\/tr>\n<\/tbody>\n<\/table>\n<!-- #tablepress-41 from cache -->\n<p><strong>\u00daltima edi\u00e7\u00e3o (2025)<br \/>\n<\/strong><a href=\"https:\/\/www.ufmg.br\/proex\/wp-content\/uploads\/2025\/08\/Edital-PROEX-08.2025_PAIE.pdf\" target=\"_blank\" rel=\"noopener\">Edital 08\/2025<\/a><br \/>\n<a href=\"https:\/\/www.ufmg.br\/proex\/wp-content\/uploads\/2025\/09\/Resultado-Final-PAIE-Edital-no-08_2025.pdf\" target=\"_blank\" rel=\"noopener\">Resultado final<\/a><br \/>\n<a href=\"https:\/\/www.ufmg.br\/proex\/wp-content\/uploads\/2025\/09\/Resultado-Preliminar-PAIE-08_2025.pdf\" target=\"_blank\" rel=\"noopener\">Resultado preliminar<\/a><br \/>\n<a href=\"https:\/\/www.ufmg.br\/proex\/wp-content\/uploads\/2025\/10\/Aviso_de_Retificacao_06.10.2025.pdf\" target=\"_blank\" rel=\"noopener\">Retifica\u00e7\u00e3o 1 do cronograma<\/a><br \/>\n<a href=\"https:\/\/www.ufmg.br\/proex\/wp-content\/uploads\/2025\/10\/SEI_4624987_Aviso_de_Retificacao2.pdf\" target=\"_blank\" rel=\"noopener\">Retifica\u00e7\u00e3o 2 do cronograma<\/a><\/p>\n<p data-start=\"1606\" data-end=\"1786\">D\u00favidas podem ser esclarecidas pelo telefone (31) 3409-3928 ou pelo e-mail <a href=\"http:\/\/dafe@proex.ufmg.br.\">dafe@proex.ufmg.br<\/a>.<\/p>\n","protected":false},"excerpt":{"rendered":"<p>Inscreva sua proposta para o Edital 08\/2026 do Programa de [&hellip;]<\/p>\n","protected":false},"author":2,"featured_media":0,"parent":0,"menu_order":0,"comment_status":"closed","ping_status":"closed","template":"","meta":[],"tags":[213,23,551,29],"_links":{"self":[{"href":"https:\/\/www.ufmg.br\/proex\/wp-json\/wp\/v2\/pages\/1399"}],"collection":[{"href":"https:\/\/www.ufmg.br\/proex\/wp-json\/wp\/v2\/pages"}],"about":[{"href":"https:\/\/www.ufmg.br\/proex\/wp-json\/wp\/v2\/types\/page"}],"author":[{"embeddable":true,"href":"https:\/\/www.ufmg.br\/proex\/wp-json\/wp\/v2\/users\/2"}],"replies":[{"embeddable":true,"href":"https:\/\/www.ufmg.br\/proex\/wp-json\/wp\/v2\/comments?post=1399"}],"version-history":[{"count":68,"href":"https:\/\/www.ufmg.br\/proex\/wp-json\/wp\/v2\/pages\/1399\/revisions"}],"predecessor-version":[{"id":17569,"href":"https:\/\/www.ufmg.br\/proex\/wp-json\/wp\/v2\/pages\/1399\/revisions\/17569"}],"wp:attachment":[{"href":"https:\/\/www.ufmg.br\/proex\/wp-json\/wp\/v2\/media?parent=1399"}],"wp:term":[{"taxonomy":"post_tag","embeddable":true,"href":"https:\/\/www.ufmg.br\/proex\/wp-json\/wp\/v2\/tags?post=1399"}],"curies":[{"name":"wp","href":"https:\/\/api.w.org\/{rel}","templated":true}]}}